{"id":30586,"date":"2026-03-18T13:50:54","date_gmt":"2026-03-18T13:50:54","guid":{"rendered":"https:\/\/soydeaqui.ddns.net\/pachuca\/index.php\/producto\/mecanismo-para-barrera-vehicular-liftpro\/"},"modified":"2026-03-18T13:50:55","modified_gmt":"2026-03-18T13:50:55","slug":"mecanismo-para-barrera-vehicular-liftpro","status":"publish","type":"product","link":"https:\/\/soydeaqui.ddns.net\/pachuca\/index.php\/producto\/mecanismo-para-barrera-vehicular-liftpro\/","title":{"rendered":"Mecanismo para barrera vehicular LiftPRO"},"content":{"rendered":"<div style='width: 100%; max-width: 1200px; margin: 0 auto; font-family: sans-serif; line-height: 1.6; color: inherit; background-color: transparent;'> <!-- Secci\u00f3n de caracter\u00edsticas principales --> <\/p>\n<div style='display: flex; flex-wrap: wrap; gap: 30px; margin-bottom: 30px;'>\n<div style='flex: 1 1 300px; min-width: 280px;'>\n<h3 style='font-size: 22px; border-bottom: 2px solid currentColor; padding-bottom: 5px; margin-top: 0; color: inherit; opacity: 0.8;'>Caracter\u00edsticas Generales<\/h3>\n<ul style='padding-left: 20px; font-size: 15px; color: inherit;'>\n<li style='margin-bottom: 5px;'><strong>Material:<\/strong> Acero galvanizado<\/li>\n<li style='margin-bottom: 5px;'><strong>Brazo:<\/strong> Aluminio<\/li>\n<li style='margin-bottom: 5px;'><strong>Grado de Protecci\u00f3n:<\/strong> IP54<\/li>\n<li style='margin-bottom: 5px;'><strong>Color:<\/strong> Naranja \/ Gris<\/li>\n<li style='margin-bottom: 5px;'><strong>Uso:<\/strong> Interior \/ Exterior<\/li>\n<\/ul><\/div>\n<div style='flex: 1 1 300px; min-width: 280px;'>\n<h3 style='font-size: 22px; border-bottom: 2px solid currentColor; padding-bottom: 5px; margin-top: 0; color: inherit; opacity: 0.8;'>Especificaciones T\u00e9cnicas<\/h3>\n<ul style='padding-left: 20px; font-size: 15px; color: inherit;'>\n<li style='margin-bottom: 5px;'><strong>Alimentaci\u00f3n:<\/strong> 110 Vca<\/li>\n<li style='margin-bottom: 5px;'><strong>Consumo:<\/strong> 250 W<\/li>\n<li style='margin-bottom: 5px;'><strong>Velocidad:<\/strong> 2.8\/4 segundos (var\u00eda seg\u00fan largo del brazo)<\/li>\n<li style='margin-bottom: 5px;'><strong>Velocidad de Motor:<\/strong> 30 RPM<\/li>\n<li style='margin-bottom: 5px;'><strong>Ciclos de Vida del Motor:<\/strong> 5&comma;000&comma;000<\/li>\n<\/ul><\/div>\n<div style='flex: 1 1 300px; min-width: 280px;'>\n<h3 style='font-size: 22px; border-bottom: 2px solid currentColor; padding-bottom: 5px; margin-top: 0; color: inherit; opacity: 0.8;'>Dimensiones y Condiciones<\/h3>\n<ul style='padding-left: 20px; font-size: 15px; color: inherit;'>\n<li style='margin-bottom: 5px;'><strong>Dimensiones:<\/strong> 344 x 290 x 1090 mm<\/li>\n<li style='margin-bottom: 5px;'><strong>Largo de Brazo:<\/strong> 5 m (recortable hasta 1 m)<\/li>\n<li style='margin-bottom: 5px;'><strong>Temperatura de Operaci\u00f3n:<\/strong> -30 a 55 \u00baC<\/li>\n<li style='margin-bottom: 5px;'><strong>Humedad:<\/strong> Menor al 90%<\/li>\n<li style='margin-bottom: 5px;'><strong>Garant\u00eda:<\/strong> 2 a\u00f1os<\/li>\n<\/ul><\/div>\n<\/p><\/div>\n<p> <!-- Secci\u00f3n de funcionalidades --> <\/p>\n<div style='margin-bottom: 30px;'>\n<h3 style='font-size: 22px; border-bottom: 2px solid currentColor; padding-bottom: 5px; margin-top: 0; color: inherit; opacity: 0.8;'>Funcionalidades<\/h3>\n<ul style='padding-left: 20px; font-size: 15px; color: inherit;'>\n<li style='margin-bottom: 5px;'>Sistema de protecci\u00f3n antiaplastamiento que levantar\u00e1 el brazo en caso de tocar una persona o veh\u00edculo<\/li>\n<li style='margin-bottom: 5px;'>Motor con tratamiento especial para condiciones de baja temperatura<\/li>\n<li style='margin-bottom: 5px;'>Soporta receptor RF modelo FJCWLESS<\/li>\n<li style='margin-bottom: 5px;'>Puede ser activada por medio de botonera cableada (FJCTB)&comma; receptor RF (FJCWLESS) y controles remotos (FJCREMOTE)<\/li>\n<li style='margin-bottom: 5px;'>Para cierre autom\u00e1tico se puede adicionar el detector magn\u00e9tico FJCD621 y lazo magn\u00e9tico SYSLM4 o SYSLM6<\/li>\n<li style='margin-bottom: 5px;'>Incluye taquetes met\u00e1licos para la instalaci\u00f3n<\/li>\n<li style='margin-bottom: 5px;'>Dise\u00f1o innovador con tecnolog\u00eda avanzada<\/li>\n<li style='margin-bottom: 5px;'>Maquinaria robusta y precisa para durabilidad<\/li>\n<\/ul><\/div>\n<p> <!-- Secci\u00f3n de aplicaciones --> <\/p>\n<div style='margin-bottom: 30px;'>\n<h3 style='font-size: 22px; border-bottom: 2px solid currentColor; padding-bottom: 5px; margin-top: 0; color: inherit; opacity: 0.8;'>Aplicaciones<\/h3>\n<ul style='padding-left: 20px; font-size: 15px; color: inherit;'>\n<li style='margin-bottom: 5px;'>Centros Comerciales<\/li>\n<li style='margin-bottom: 5px;'>Universidades<\/li>\n<li style='margin-bottom: 5px;'>Hoteles<\/li>\n<li style='margin-bottom: 5px;'>Residencial<\/li>\n<\/ul><\/div>\n<p> <!-- Secci\u00f3n de compatibilidad --> <\/p>\n<div style='margin-bottom: 30px;'>\n<h3 style='font-size: 22px; border-bottom: 2px solid currentColor; padding-bottom: 5px; margin-top: 0; color: inherit; opacity: 0.8;'>Compatibilidad<\/h3>\n<ul style='padding-left: 20px; font-size: 15px; color: inherit;'>\n<li style='margin-bottom: 5px;'>Control presurizado utilizando FJCSWITCH (opcional)<\/li>\n<li style='margin-bottom: 5px;'>Control inal\u00e1mbrico con alcance hasta 80 m (opcional)<\/li>\n<\/ul><\/div>\n<p> <!-- Separador --> <\/p>\n<hr style='border: 0; border-top: 1px solid rgba(150&comma; 150&comma; 150&comma; 0.3); margin: 30px 0;'> <\/div>\n","protected":false},"excerpt":{"rendered":"<p>Mecanismo para barrera vehicular LiftPRO<\/p>\n","protected":false},"featured_media":32,"comment_status":"open","ping_status":"closed","template":"","meta":[],"product_brand":[],"product_cat":[750],"product_tag":[401,956,751],"class_list":{"0":"post-30586","1":"product","2":"type-product","3":"status-publish","4":"has-post-thumbnail","6":"product_cat-refacciones","7":"product_tag-acceso-vehicular","8":"product_tag-liftpro","9":"product_tag-refacciones","11":"first","12":"outofstock","13":"sale","14":"shipping-taxable","15":"purchasable","16":"product-type-simple"},"_links":{"self":[{"href":"https:\/\/soydeaqui.ddns.net\/pachuca\/index.php\/wp-json\/wp\/v2\/product\/30586","targetHints":{"allow":["GET"]}}],"collection":[{"href":"https:\/\/soydeaqui.ddns.net\/pachuca\/index.php\/wp-json\/wp\/v2\/product"}],"about":[{"href":"https:\/\/soydeaqui.ddns.net\/pachuca\/index.php\/wp-json\/wp\/v2\/types\/product"}],"replies":[{"embeddable":true,"href":"https:\/\/soydeaqui.ddns.net\/pachuca\/index.php\/wp-json\/wp\/v2\/comments?post=30586"}],"wp:featuredmedia":[{"embeddable":true,"href":"https:\/\/soydeaqui.ddns.net\/pachuca\/index.php\/wp-json\/wp\/v2\/media\/32"}],"wp:attachment":[{"href":"https:\/\/soydeaqui.ddns.net\/pachuca\/index.php\/wp-json\/wp\/v2\/media?parent=30586"}],"wp:term":[{"taxonomy":"product_brand","embeddable":true,"href":"https:\/\/soydeaqui.ddns.net\/pachuca\/index.php\/wp-json\/wp\/v2\/product_brand?post=30586"},{"taxonomy":"product_cat","embeddable":true,"href":"https:\/\/soydeaqui.ddns.net\/pachuca\/index.php\/wp-json\/wp\/v2\/product_cat?post=30586"},{"taxonomy":"product_tag","embeddable":true,"href":"https:\/\/soydeaqui.ddns.net\/pachuca\/index.php\/wp-json\/wp\/v2\/product_tag?post=30586"}],"curies":[{"name":"wp","href":"https:\/\/api.w.org\/{rel}","templated":true}]}}