{"id":30561,"date":"2026-03-18T13:50:21","date_gmt":"2026-03-18T13:50:21","guid":{"rendered":"https:\/\/soydeaqui.ddns.net\/pachuca\/index.php\/producto\/boton-de-salida-multiples-placas-luz-led-2-anos-garantia\/"},"modified":"2026-03-18T13:50:24","modified_gmt":"2026-03-18T13:50:24","slug":"boton-de-salida-multiples-placas-luz-led-2-anos-garantia","status":"publish","type":"product","link":"https:\/\/soydeaqui.ddns.net\/pachuca\/index.php\/producto\/boton-de-salida-multiples-placas-luz-led-2-anos-garantia\/","title":{"rendered":"Bot\u00f3n de Salida \/ M\u00daLTIPLES Placas\/ Luz LED \/2 A\u00f1os Garantia"},"content":{"rendered":"<div style='width: 100%; max-width: 1200px; margin: 0 auto; font-family: sans-serif; line-height: 1.6; color: inherit; background-color: transparent;'> <!-- Contenedor principal --> <\/p>\n<div style='display: flex; flex-direction: column; gap: 20px;'> <!-- Logo --> <\/p>\n<div style='align-self: flex-start;'> <img style='width: 200px; height: auto; border: 1px solid rgba(150&comma;150&comma;150&comma;0.3); border-radius: 8px;' src='http:\/\/ftp3.syscom.mx\/usuarios\/ftp\/2017\/03\/02\/f97ed\/RCI_logo-plus-DOKAEndorsement_4C.jpg' alt='Logo RCI'> <\/div>\n<p> <!-- Secci\u00f3n de caracter\u00edsticas --> <\/p>\n<div style='display: flex; flex-wrap: wrap; gap: 30px;'>\n<div style='flex: 1 1 300px; min-width: 280px;'>\n<h3 style='font-size: 22px; border-bottom: 2px solid currentColor; padding-bottom: 5px; margin-top: 0; color: inherit; opacity: 0.8;'>Caracter\u00edsticas<\/h3>\n<ul style='padding-left: 20px; font-size: 15px; color: inherit; list-style-type: disc;'>\n<li style='margin-bottom: 5px;'>Bot\u00f3n de salida vers\u00e1til<\/li>\n<li style='margin-bottom: 5px;'>Placas seleccionables con mensaje y una con s\u00edmbolo para discapacitados: <em>Presione para salir&comma; Salir&comma; en espa\u00f1ol e ingl\u00e9s y s\u00edmbolo para Discapacitados<\/em><\/li>\n<li style='margin-bottom: 5px;'>Placa de acero inoxidable<\/li>\n<li style='margin-bottom: 5px;'><strong>Foco l\u00e1mpara LED (12 Vcc)<\/strong><\/li>\n<li style='margin-bottom: 5px;'>Operaci\u00f3n moment\u00e1nea del interruptor<\/li>\n<li style='margin-bottom: 5px;'>Switch NO\/NC&comma; tensi\u00f3n que soporta menor o igual a 24Vcc<\/li>\n<li style='margin-bottom: 5px;'>Apta para instalarse en caja el\u00e9ctrica est\u00e1ndar<\/li>\n<li style='margin-bottom: 5px;'>Cumple con normas ADA (para discapacitados)<\/li>\n<li style='margin-bottom: 5px;'>2 A\u00f1os de garant\u00eda<\/li>\n<\/ul><\/div>\n<\/p><\/div>\n<\/p><\/div>\n<p> <!-- Separador --> <\/p>\n<hr style='border: 0; border-top: 1px solid rgba(150&comma; 150&comma; 150&comma; 0.3); margin: 30px 0;'> <\/div>\n","protected":false},"excerpt":{"rendered":"<p>Bot\u00f3n de Salida \/ M\u00daLTIPLES Placas\/ Luz LED \/2 A\u00f1os Garantia<\/p>\n","protected":false},"featured_media":30560,"comment_status":"open","ping_status":"closed","template":"","meta":[],"product_brand":[],"product_cat":[190],"product_tag":[93,191,453],"class_list":{"0":"post-30561","1":"product","2":"type-product","3":"status-publish","4":"has-post-thumbnail","6":"product_cat-botones-de-salida","7":"product_tag-accesorios","8":"product_tag-botones-de-salida","9":"product_tag-rci-dormakaba","11":"first","12":"instock","13":"sale","14":"shipping-taxable","15":"purchasable","16":"product-type-simple"},"_links":{"self":[{"href":"https:\/\/soydeaqui.ddns.net\/pachuca\/index.php\/wp-json\/wp\/v2\/product\/30561","targetHints":{"allow":["GET"]}}],"collection":[{"href":"https:\/\/soydeaqui.ddns.net\/pachuca\/index.php\/wp-json\/wp\/v2\/product"}],"about":[{"href":"https:\/\/soydeaqui.ddns.net\/pachuca\/index.php\/wp-json\/wp\/v2\/types\/product"}],"replies":[{"embeddable":true,"href":"https:\/\/soydeaqui.ddns.net\/pachuca\/index.php\/wp-json\/wp\/v2\/comments?post=30561"}],"wp:featuredmedia":[{"embeddable":true,"href":"https:\/\/soydeaqui.ddns.net\/pachuca\/index.php\/wp-json\/wp\/v2\/media\/30560"}],"wp:attachment":[{"href":"https:\/\/soydeaqui.ddns.net\/pachuca\/index.php\/wp-json\/wp\/v2\/media?parent=30561"}],"wp:term":[{"taxonomy":"product_brand","embeddable":true,"href":"https:\/\/soydeaqui.ddns.net\/pachuca\/index.php\/wp-json\/wp\/v2\/product_brand?post=30561"},{"taxonomy":"product_cat","embeddable":true,"href":"https:\/\/soydeaqui.ddns.net\/pachuca\/index.php\/wp-json\/wp\/v2\/product_cat?post=30561"},{"taxonomy":"product_tag","embeddable":true,"href":"https:\/\/soydeaqui.ddns.net\/pachuca\/index.php\/wp-json\/wp\/v2\/product_tag?post=30561"}],"curies":[{"name":"wp","href":"https:\/\/api.w.org\/{rel}","templated":true}]}}