{"id":30547,"date":"2026-03-18T13:49:57","date_gmt":"2026-03-18T13:49:57","guid":{"rendered":"https:\/\/soydeaqui.ddns.net\/pachuca\/index.php\/producto\/carrete-de-305-metros-1000-pies-cable-multiple-armado-4-x-18-awg-sh-6-x-22-awg-sh-2-x-22-awg-sh-4-x-22-awg-sh-cmr\/"},"modified":"2026-03-18T13:50:05","modified_gmt":"2026-03-18T13:50:05","slug":"carrete-de-305-metros-1000-pies-cable-multiple-armado-4-x-18-awg-sh-6-x-22-awg-sh-2-x-22-awg-sh-4-x-22-awg-sh-cmr","status":"publish","type":"product","link":"https:\/\/soydeaqui.ddns.net\/pachuca\/index.php\/producto\/carrete-de-305-metros-1000-pies-cable-multiple-armado-4-x-18-awg-sh-6-x-22-awg-sh-2-x-22-awg-sh-4-x-22-awg-sh-cmr\/","title":{"rendered":"Carrete de 305 Metros (1000 Pies) Cable M\u00faltiple Armado \/ 4 x 18 AWG SH + 6 x 22 AWG SH + 2 x 22 AWG SH + 4 x 22 AWG SH CMR"},"content":{"rendered":"<div style='width: 100%; max-width: 1200px; margin: 0 auto; font-family: sans-serif; line-height: 1.6; color: inherit; background-color: transparent;'>\n<div style='display: flex; flex-wrap: wrap; gap: 30px; margin-bottom: 30px;'>\n<div style='flex: 1 1 300px; min-width: 280px;'>\n<h3 style='font-size: 22px; border-bottom: 2px solid currentColor; padding-bottom: 5px; margin-top: 0; color: inherit; opacity: 0.8;'>Menos problemas&comma; m\u00e1s ganancias<\/h3>\n<p style='font-size: 15px; color: inherit; margin-top: 15px;'>Reducir costes y tiempos de instalaci\u00f3n con la innovaci\u00f3n de la Profusi\u00f3n.<\/p>\n<\/p><\/div>\n<\/p><\/div>\n<div style='display: flex; flex-wrap: wrap; gap: 30px; margin-bottom: 30px;'>\n<div style='flex: 1 1 300px; min-width: 280px;'>\n<h3 style='font-size: 22px; border-bottom: 2px solid currentColor; padding-bottom: 5px; margin-top: 0; color: inherit; opacity: 0.8;'>Paquete de cable para cableado de<\/h3>\n<ul style='padding-left: 20px; font-size: 15px; color: inherit;'>\n<li style='margin-bottom: 5px;'>Cerradura de puerta<\/li>\n<li style='margin-bottom: 5px;'>Contacto de supervisi\u00f3n de puerta<\/li>\n<li style='margin-bottom: 5px;'>Bot\u00f3n de egreso<\/li>\n<li style='margin-bottom: 5px;'>Lector de tarjetas<\/li>\n<\/ul><\/div>\n<\/p><\/div>\n<div style='display: flex; flex-wrap: wrap; gap: 30px; margin-bottom: 30px;'>\n<div style='flex: 1 1 300px; min-width: 280px;'>\n<h3 style='font-size: 22px; border-bottom: 2px solid currentColor; padding-bottom: 5px; margin-top: 0; color: inherit; opacity: 0.8;'>Todo en una sola cableado sin cubierta<\/h3>\n<ul style='padding-left: 20px; font-size: 15px; color: inherit;'>\n<li style='margin-bottom: 5px;'>Reduciendo el tiempo de cableado y costo de los materiales<\/li>\n<li style='margin-bottom: 5px;'>La Tecnolog\u00eda de cable de Honeywell Genesis\u00ae Profusion<\/li>\n<li style='margin-bottom: 5px;'>Ofrece el equilibrio ideal de fiabilidad y facilidad<\/li>\n<\/ul><\/div>\n<\/p><\/div>\n<div style='display: flex; flex-wrap: wrap; gap: 30px; margin-bottom: 30px;'>\n<div style='flex: 1 1 300px; min-width: 280px;'>\n<h3 style='font-size: 22px; border-bottom: 2px solid currentColor; padding-bottom: 5px; margin-top: 0; color: inherit; opacity: 0.8;'>Caracter\u00edsticas t\u00e9cnicas<\/h3>\n<ul style='padding-left: 20px; font-size: 15px; color: inherit;'>\n<li style='margin-bottom: 5px;'>Permanece unificado en largas distancias<\/li>\n<li style='margin-bottom: 5px;'>Trocidos juntos como una cuerda&comma; Honeywell Genesis\u00ae Profusion<\/li>\n<li style='margin-bottom: 5px;'>Los cables permanecen unidos alrededor de las curvas&comma; tirones y obstrucciones&comma; sin enredos<\/li>\n<li style='margin-bottom: 5px;'>F\u00e1cil de separar en el punto de terminaci\u00f3n<\/li>\n<li style='margin-bottom: 5px;'>Colores codificados<\/li>\n<li style='margin-bottom: 5px;'>Adhesivos&comma; o chaquetas generales gruesas<\/li>\n<li style='margin-bottom: 5px;'>Cables f\u00e1cilmente separables<\/li>\n<li style='margin-bottom: 5px;'>Permiten instalaciones r\u00e1pidas y sencillas<\/li>\n<\/ul><\/div>\n<\/p><\/div>\n<div style='display: flex; flex-wrap: wrap; gap: 30px; margin-bottom: 30px;'>\n<div style='flex: 1 1 300px; min-width: 280px;'>\n<h3 style='font-size: 22px; border-bottom: 2px solid currentColor; padding-bottom: 5px; margin-top: 0; color: inherit; opacity: 0.8;'>Especificaciones t\u00e9cnicas<\/h3>\n<ul style='padding-left: 20px; font-size: 15px; color: inherit;'>\n<li style='margin-bottom: 5px;'>6 cables calibre 22 trenzados blindados (Colores: Negro&comma; rojo&comma; blanco&comma; verde&comma; caf\u00e9&comma; azul)<\/li>\n<li style='margin-bottom: 5px;'>4 cables calibre 22 trenzados blindados (Colores: Negro&comma; rojo&comma; blanco&comma; verde)<\/li>\n<li style='margin-bottom: 5px;'>2 cables calibre 22 trenzados blindados (Colores: Negro&comma; rojo)<\/li>\n<li style='margin-bottom: 5px;'>4 cables calibre 18 trenzados blindados (Colores: Negro&comma; rojo&comma; blanco&comma; verde)<\/li>\n<\/ul><\/div>\n<\/p><\/div>\n<div style='display: flex; flex-wrap: wrap; gap: 30px; margin-bottom: 30px;'>\n<div style='flex: 1 1 300px; min-width: 280px;'>\n<h3 style='font-size: 22px; border-bottom: 2px solid currentColor; padding-bottom: 5px; margin-top: 0; color: inherit; opacity: 0.8;'>Certificaciones y aprobaciones<\/h3>\n<ul style='padding-left: 20px; font-size: 15px; color: inherit;'>\n<li style='margin-bottom: 5px;'>CMR<\/li>\n<li style='margin-bottom: 5px;'>CL3R<\/li>\n<li style='margin-bottom: 5px;'>FT4<\/li>\n<li style='margin-bottom: 5px;'>Resistente a la luz solar<\/li>\n<li style='margin-bottom: 5px;'>ETL<\/li>\n<\/ul><\/div>\n<\/p><\/div>\n<hr style='border: 0; border-top: 1px solid rgba(150&comma; 150&comma; 150&comma; 0.3); margin: 30px 0;'> <\/div>\n","protected":false},"excerpt":{"rendered":"<p>Carrete de 305 Metros (1000 Pies) Cable M\u00faltiple Armado \/ 4 x 18 AWG SH + 6 x 22 AWG SH + 2 x 22 AWG SH + 4 x 22 AWG SH CMR<\/p>\n","protected":false},"featured_media":30546,"comment_status":"open","ping_status":"closed","template":"","meta":[],"product_brand":[],"product_cat":[837],"product_tag":[93,838,139],"class_list":{"0":"post-30547","1":"product","2":"type-product","3":"status-publish","4":"has-post-thumbnail","6":"product_cat-cables-para-control-de-acceso","7":"product_tag-accesorios","8":"product_tag-cables-para-control-de-acceso","9":"product_tag-genesis","11":"first","12":"instock","13":"sale","14":"shipping-taxable","15":"purchasable","16":"product-type-simple"},"_links":{"self":[{"href":"https:\/\/soydeaqui.ddns.net\/pachuca\/index.php\/wp-json\/wp\/v2\/product\/30547","targetHints":{"allow":["GET"]}}],"collection":[{"href":"https:\/\/soydeaqui.ddns.net\/pachuca\/index.php\/wp-json\/wp\/v2\/product"}],"about":[{"href":"https:\/\/soydeaqui.ddns.net\/pachuca\/index.php\/wp-json\/wp\/v2\/types\/product"}],"replies":[{"embeddable":true,"href":"https:\/\/soydeaqui.ddns.net\/pachuca\/index.php\/wp-json\/wp\/v2\/comments?post=30547"}],"wp:featuredmedia":[{"embeddable":true,"href":"https:\/\/soydeaqui.ddns.net\/pachuca\/index.php\/wp-json\/wp\/v2\/media\/30546"}],"wp:attachment":[{"href":"https:\/\/soydeaqui.ddns.net\/pachuca\/index.php\/wp-json\/wp\/v2\/media?parent=30547"}],"wp:term":[{"taxonomy":"product_brand","embeddable":true,"href":"https:\/\/soydeaqui.ddns.net\/pachuca\/index.php\/wp-json\/wp\/v2\/product_brand?post=30547"},{"taxonomy":"product_cat","embeddable":true,"href":"https:\/\/soydeaqui.ddns.net\/pachuca\/index.php\/wp-json\/wp\/v2\/product_cat?post=30547"},{"taxonomy":"product_tag","embeddable":true,"href":"https:\/\/soydeaqui.ddns.net\/pachuca\/index.php\/wp-json\/wp\/v2\/product_tag?post=30547"}],"curies":[{"name":"wp","href":"https:\/\/api.w.org\/{rel}","templated":true}]}}