{"id":30539,"date":"2026-03-18T13:49:43","date_gmt":"2026-03-18T13:49:43","guid":{"rendered":"https:\/\/soydeaqui.ddns.net\/pachuca\/index.php\/producto\/video-portero-ip-con-2-lineas-sip-camara-hd-relevador-integrado-teclado-numerico-y-lectora-de-tarjetas-rfid-para-control-de-acceso-poe\/"},"modified":"2026-03-18T13:49:52","modified_gmt":"2026-03-18T13:49:52","slug":"video-portero-ip-con-2-lineas-sip-camara-hd-relevador-integrado-teclado-numerico-y-lectora-de-tarjetas-rfid-para-control-de-acceso-poe","status":"publish","type":"product","link":"https:\/\/soydeaqui.ddns.net\/pachuca\/index.php\/producto\/video-portero-ip-con-2-lineas-sip-camara-hd-relevador-integrado-teclado-numerico-y-lectora-de-tarjetas-rfid-para-control-de-acceso-poe\/","title":{"rendered":"V\u00eddeo Portero IP con 2 l\u00edneas SIP, c\u00e1mara HD, relevador integrado, teclado num\u00e9rico y lectora de tarjetas RFID para control de acceso, PoE"},"content":{"rendered":"<div style='width: 100%; max-width: 1200px; margin: 0 auto; font-family: sans-serif; line-height: 1.6; color: inherit; background-color: transparent;'>\n<div style='margin-bottom: 30px;'>\n<p style='margin: 0 0 20px; line-height: 1.6; color: inherit;'> El dise\u00f1o del videoportero IP i30 est\u00e1 basado sobre la experiencia y conocimiento del desarrollo de Voz IP de Fanvil. La transmisi\u00f3n de Voz utiliza el protocolo standard IP\/RTP y la transmisi\u00f3n de video adopta el RTSP. El i30 tiene una gran variedad de caracter\u00edsticas de nivel empresarial y es compatible con la mayor\u00eda de plataformas en el mercado&comma; tales como 3CX&comma; Asterisk&comma; Broadsoft&comma; Elastix&comma; Grandstream&comma; etc. El videoportero i30 est\u00e1 dise\u00f1ado para operar en interiores. La construcci\u00f3n mec\u00e1nica robusta ofrece cobertura de protecci\u00f3n contra polvo y agua (IP65). El i30 es un dispositivo econ\u00f3mico con triple funci\u00f3n (Todo en Uno) de acceso por llamada&comma; c\u00f3digo o bien&comma; tarjeta RFID. <\/p>\n<\/p><\/div>\n<div style='display: flex; flex-wrap: wrap; gap: 30px; margin-bottom: 30px;'> <!-- Caracter\u00edsticas principales --> <\/p>\n<div style='flex: 1 1 300px; min-width: 280px;'>\n<div style='border: 1px solid rgba(150&comma; 150&comma; 150&comma; 0.4); border-left: 5px solid #cb3234; border-right: 5px solid #cb3234; border-radius: 8px; overflow: hidden; box-shadow: 0 2px 10px rgba(216&comma; 216&comma; 216&comma; 0.5);'>\n<div style='padding: 15px; border-bottom: 1px solid rgba(150&comma; 150&comma; 150&comma; 0.2); font-weight: bold; font-size: 18px; color: inherit; background-color: rgba(203&comma; 50&comma; 52&comma; 0.05);'>Caracter\u00edsticas principales<\/div>\n<div style='padding: 15px; color: inherit;'>\n<ul style='padding-left: 20px; margin: 0; font-size: 14px; list-style-type: disc; color: inherit;'>\n<li style='margin-bottom: 8px; color: inherit;'><strong style='color: inherit;'>2 l\u00edneas SIP<\/strong><\/li>\n<li style='margin-bottom: 8px; color: inherit;'><strong style='color: inherit;'>Operaci\u00f3n de Apertura de Puerta:<\/strong> DTMF&comma; contrase\u00f1a y tarjeta RFID<\/li>\n<li style='margin-bottom: 8px; color: inherit;'><strong style='color: inherit;'>Grabaciones:<\/strong> Hasta 200&comma;000 aperturas de puerta<\/li>\n<li style='margin-bottom: 8px; color: inherit;'><strong style='color: inherit;'>Accesos remotos:<\/strong> Hasta 2000<\/li>\n<li style='margin-bottom: 8px; color: inherit;'><strong style='color: inherit;'>Teclado:<\/strong> Iluminado para llamadas y apertura de puertas<\/li>\n<li style='margin-bottom: 8px; color: inherit;'><strong style='color: inherit;'>Tarjetas RFID:<\/strong> Hasta 2000<\/li>\n<li style='margin-bottom: 8px; color: inherit;'><strong style='color: inherit;'>Lector RFID:<\/strong> EM4100 (125 KHz) y MIFARE ONE (13.56 MHz)<\/li>\n<li style='margin-bottom: 8px; color: inherit;'><strong style='color: inherit;'>Energizaci\u00f3n:<\/strong> PoE y relevador el\u00e9ctrico<\/li>\n<li style='margin-bottom: 8px; color: inherit;'><strong style='color: inherit;'>Tecla DSS:<\/strong> Personalizable<\/li>\n<li style='margin-bottom: 8px; color: inherit;'><strong style='color: inherit;'>C\u00f3dec de video:<\/strong> H.264<\/li>\n<li style='margin-bottom: 8px; color: inherit;'><strong style='color: inherit;'>\u00c1ngulo de visi\u00f3n:<\/strong> 110\u00b0 H \/ 95\u00b0 V<\/li>\n<li style='margin-bottom: 8px; color: inherit;'><strong style='color: inherit;'>Garant\u00eda:<\/strong> 1 a\u00f1o<\/li>\n<\/ul><\/div>\n<\/p><\/div>\n<\/p><\/div>\n<p> <!-- Caracter\u00edsticas F\u00edsicas y El\u00e9ctricas --> <\/p>\n<div style='flex: 1 1 300px; min-width: 280px;'>\n<div style='border: 1px solid rgba(150&comma; 150&comma; 150&comma; 0.4); border-left: 5px solid #cb3234; border-right: 5px solid #cb3234; border-radius: 8px; overflow: hidden; box-shadow: 0 2px 10px rgba(216&comma; 216&comma; 216&comma; 0.5);'>\n<div style='padding: 15px; border-bottom: 1px solid rgba(150&comma; 150&comma; 150&comma; 0.2); font-weight: bold; font-size: 18px; color: inherit; background-color: rgba(203&comma; 50&comma; 52&comma; 0.05);'>Caracter\u00edsticas F\u00edsicas y El\u00e9ctricas<\/div>\n<div style='padding: 15px; color: inherit;'>\n<ul style='padding-left: 20px; margin: 0; font-size: 14px; list-style-type: disc; color: inherit;'>\n<li style='margin-bottom: 8px; color: inherit;'><strong style='color: inherit;'>Relevador:<\/strong> MAX DC 30V \/ 1A&comma; AC 125V \/ 0.5A<\/li>\n<li style='margin-bottom: 8px; color: inherit;'><strong style='color: inherit;'>Salida de switch activa:<\/strong> 12V \/ 700 mA DC<\/li>\n<li style='margin-bottom: 8px; color: inherit;'><strong style='color: inherit;'>Lector RFID:<\/strong> EM4100 (ID est\u00e1ndar) y MIFARE ONE (IC personalizado)<\/li>\n<li style='margin-bottom: 8px; color: inherit;'><strong style='color: inherit;'>Micr\u00f3fono:<\/strong> -38dB&comma; Parlante: 4\u03a9 \/ 3W<\/li>\n<li style='margin-bottom: 8px; color: inherit;'><strong style='color: inherit;'>Fuente:<\/strong> 12V \u00b115% \/ 1A DC o PoE 802.3af<\/li>\n<li style='margin-bottom: 8px; color: inherit;'><strong style='color: inherit;'>PoE:<\/strong> 802.3af (Class 3 &#8211; 6.49 to 12.95W)<\/li>\n<li style='margin-bottom: 8px; color: inherit;'><strong style='color: inherit;'>Potencia en espera:<\/strong> 2.76W&comma; 12Vcc&comma; 230mA<\/li>\n<li style='margin-bottom: 8px; color: inherit;'><strong style='color: inherit;'>Instalaci\u00f3n:<\/strong> En muro<\/li>\n<li style='margin-bottom: 8px; color: inherit;'><strong style='color: inherit;'>Temperatura:<\/strong> -20\u00b0C ~ 60\u00b0C<\/li>\n<li style='margin-bottom: 8px; color: inherit;'><strong style='color: inherit;'>Humedad:<\/strong> 10% ~ 90% RH<\/li>\n<li style='margin-bottom: 8px; color: inherit;'><strong style='color: inherit;'>Protecci\u00f3n:<\/strong> IP65<\/li>\n<li style='margin-bottom: 8px; color: inherit;'><strong style='color: inherit;'>Dimensiones:<\/strong> 160x93x35mm<\/li>\n<li style='margin-bottom: 8px; color: inherit;'><strong style='color: inherit;'>Peso:<\/strong> 330g<\/li>\n<\/ul><\/div>\n<\/p><\/div>\n<\/p><\/div>\n<p> <!-- Caracter\u00edsticas de Red --> <\/p>\n<div style='flex: 1 1 300px; min-width: 280px;'>\n<div style='border: 1px solid rgba(150&comma; 150&comma; 150&comma; 0.4); border-left: 5px solid #cb3234; border-right: 5px solid #cb3234; border-radius: 8px; overflow: hidden; box-shadow: 0 2px 10px rgba(216&comma; 216&comma; 216&comma; 0.5);'>\n<div style='padding: 15px; border-bottom: 1px solid rgba(150&comma; 150&comma; 150&comma; 0.2); font-weight: bold; font-size: 18px; color: inherit; background-color: rgba(203&comma; 50&comma; 52&comma; 0.05);'>Caracter\u00edsticas de Red<\/div>\n<div style='padding: 15px; color: inherit;'>\n<ul style='padding-left: 20px; margin: 0; font-size: 14px; list-style-type: disc; color: inherit;'>\n<li style='margin-bottom: 8px; color: inherit;'><strong style='color: inherit;'>PoE:<\/strong> 802.3af<\/li>\n<li style='margin-bottom: 8px; color: inherit;'><strong style='color: inherit;'>C\u00f3dec de video:<\/strong> H.264<\/li>\n<li style='margin-bottom: 8px; color: inherit;'><strong style='color: inherit;'>Puerto:<\/strong> 10\/100Mbps<\/li>\n<li style='margin-bottom: 8px; color: inherit;'><strong style='color: inherit;'>VPN:<\/strong> L2TP\/OpenVPN<\/li>\n<li style='margin-bottom: 8px; color: inherit;'><strong style='color: inherit;'>VLAN:<\/strong> S\u00ed<\/li>\n<li style='margin-bottom: 8px; color: inherit;'><strong style='color: inherit;'>QoS:<\/strong> S\u00ed<\/li>\n<li style='margin-bottom: 8px; color: inherit;'><strong style='color: inherit;'>STUN:<\/strong> S\u00ed<\/li>\n<\/ul><\/div>\n<\/p><\/div>\n<\/p><\/div>\n<\/p><\/div>\n<p> <!-- Videos --> <\/p>\n<div style='display: flex; flex-wrap: wrap; gap: 30px; margin-bottom: 30px;'>\n<div style='flex: 1 1 300px; min-width: 280px;'>\n<div style='position: relative; padding-bottom: 56.25%; height: 0; overflow: hidden;'>   <\/div>\n<\/p><\/div>\n<div style='flex: 1 1 300px; min-width: 280px;'>\n<div style='position: relative; padding-bottom: 56.25%; height: 0; overflow: hidden;'>   <\/div>\n<\/p><\/div>\n<div style='flex: 1 1 300px; min-width: 280px;'>\n<div style='position: relative; padding-bottom: 56.25%; height: 0; overflow: hidden;'>   <\/div>\n<\/p><\/div>\n<\/p><\/div>\n<p> <!-- Im\u00e1genes de topolog\u00eda --> <\/p>\n<div style='display: flex; flex-direction: column; gap: 30px; margin-bottom: 30px;'>\n<div style='width: 100%;'>\n<h3 style='font-size: 20px; border-bottom: 2px solid currentColor; padding-bottom: 5px; margin-top: 0; margin-bottom: 15px; color: inherit; opacity: 0.8;'>Topolog\u00eda de conexi\u00f3n con conmutador IP (IP-PBX)<\/h3>\n<p> <img style='width: 100%; height: auto; border: 1px solid rgba(150&comma;150&comma;150&comma;0.3); border-radius: 8px;' src='https:\/\/ftp3.syscom.mx\/usuarios\/esanchez\/FANVIL\/i30\/Captura%20de%20pantalla%202019-11-01%20a%20la%28s%29%2012.34.22.png' alt='Topolog\u00eda con conmutador IP'> <\/div>\n<div style='width: 100%;'>\n<h3 style='font-size: 20px; border-bottom: 2px solid currentColor; padding-bottom: 5px; margin-top: 0; margin-bottom: 15px; color: inherit; opacity: 0.8;'>Topolog\u00eda de conexi\u00f3n sin conmutador IP<\/h3>\n<p> <img style='width: 100%; height: auto; border: 1px solid rgba(150&comma;150&comma;150&comma;0.3); border-radius: 8px;' src='https:\/\/ftp3.syscom.mx\/usuarios\/esanchez\/FANVIL\/i30\/Captura%20de%20pantalla%202019-11-01%20a%20la%28s%29%2012.34.52.png' alt='Topolog\u00eda sin conmutador IP'> <\/div>\n<\/p><\/div>\n<\/p><\/div>\n","protected":false},"excerpt":{"rendered":"<p>V\u00eddeo Portero IP con 2 l\u00edneas SIP, c\u00e1mara HD, relevador integrado, teclado num\u00e9rico y lectora de tarjetas RFID para control de acceso, PoE<\/p>\n","protected":false},"featured_media":30538,"comment_status":"open","ping_status":"closed","template":"","meta":[],"product_brand":[],"product_cat":[907],"product_tag":[859,908,557],"class_list":{"0":"post-30539","1":"product","2":"type-product","3":"status-publish","4":"has-post-thumbnail","6":"product_cat-interfones","7":"product_tag-fanvil","8":"product_tag-interfones","9":"product_tag-videoporteros-e-interfonos","11":"first","12":"outofstock","13":"sale","14":"shipping-taxable","15":"purchasable","16":"product-type-simple"},"_links":{"self":[{"href":"https:\/\/soydeaqui.ddns.net\/pachuca\/index.php\/wp-json\/wp\/v2\/product\/30539","targetHints":{"allow":["GET"]}}],"collection":[{"href":"https:\/\/soydeaqui.ddns.net\/pachuca\/index.php\/wp-json\/wp\/v2\/product"}],"about":[{"href":"https:\/\/soydeaqui.ddns.net\/pachuca\/index.php\/wp-json\/wp\/v2\/types\/product"}],"replies":[{"embeddable":true,"href":"https:\/\/soydeaqui.ddns.net\/pachuca\/index.php\/wp-json\/wp\/v2\/comments?post=30539"}],"wp:featuredmedia":[{"embeddable":true,"href":"https:\/\/soydeaqui.ddns.net\/pachuca\/index.php\/wp-json\/wp\/v2\/media\/30538"}],"wp:attachment":[{"href":"https:\/\/soydeaqui.ddns.net\/pachuca\/index.php\/wp-json\/wp\/v2\/media?parent=30539"}],"wp:term":[{"taxonomy":"product_brand","embeddable":true,"href":"https:\/\/soydeaqui.ddns.net\/pachuca\/index.php\/wp-json\/wp\/v2\/product_brand?post=30539"},{"taxonomy":"product_cat","embeddable":true,"href":"https:\/\/soydeaqui.ddns.net\/pachuca\/index.php\/wp-json\/wp\/v2\/product_cat?post=30539"},{"taxonomy":"product_tag","embeddable":true,"href":"https:\/\/soydeaqui.ddns.net\/pachuca\/index.php\/wp-json\/wp\/v2\/product_tag?post=30539"}],"curies":[{"name":"wp","href":"https:\/\/api.w.org\/{rel}","templated":true}]}}