{"id":30494,"date":"2026-03-18T13:48:43","date_gmt":"2026-03-18T13:48:43","guid":{"rendered":"https:\/\/soydeaqui.ddns.net\/pachuca\/index.php\/producto\/software-vitrax-para-integracion-de-video-nivel-5-camaras-y-clientes-remotos-ilimitados\/"},"modified":"2026-03-18T13:48:44","modified_gmt":"2026-03-18T13:48:44","slug":"software-vitrax-para-integracion-de-video-nivel-5-camaras-y-clientes-remotos-ilimitados","status":"publish","type":"product","link":"https:\/\/soydeaqui.ddns.net\/pachuca\/index.php\/producto\/software-vitrax-para-integracion-de-video-nivel-5-camaras-y-clientes-remotos-ilimitados\/","title":{"rendered":"SOFTWARE VITRAX para integracion de VIDEO  NIVEL 5:  camaras y  clientes remotos ilimitados"},"content":{"rendered":"<div style='width: 100%; max-width: 1200px; margin: 0 auto; font-family: sans-serif; line-height: 1.6; color: inherit; background-color: transparent;'>\n<div style='display: flex; flex-direction: column; gap: 15px; margin-bottom: 30px;'>\n<h1 style='font-size: 28px; margin: 0; color: inherit;'><strong>Integraci\u00f3n de AxTraxNG-V\u00eddeo ViTrax<\/strong><\/h1>\n<h2 style='font-size: 22px; margin: 0; color: inherit; font-style: italic;'>El elemento de integraci\u00f3n de v\u00eddeo permite agregar c\u00e1maras IP de HikVision a la plataforma de control de acceso AxTraxNG<\/h2>\n<\/p><\/div>\n<div style='margin-bottom: 30px; font-size: 16px; color: inherit;'> Configure cada c\u00e1mara para satisfacer sus necesidades \u00fanicas y espec\u00edficas para el uso de control de acceso <\/div>\n<div style='margin-bottom: 30px;'>\n<ul style='padding-left: 20px; margin: 0; font-size: 16px; color: inherit;'>\n<li style='margin-bottom: 15px;'> AxTraxNG puede operar varios eventos al mismo tiempo&comma; aumentando as\u00ed el nivel de seguridad\n<ul style='padding-left: 20px; margin-top: 10px; margin-bottom: 0;'>\n<li style='margin-bottom: 5px;'>Secuencias de registro de cada c\u00e1mara Puede seleccionar la fuente&comma; el destino y per\u00edodo de grabaciones<\/li>\n<\/ul>\n<\/li>\n<\/ul><\/div>\n<div style='margin-bottom: 30px; font-size: 16px; color: inherit;'> Una vez que ocurre un evento&comma; el sistema recibe una notificaci\u00f3n y opera de acuerdo a ese escenario espec\u00edfico <\/div>\n<div style='margin-bottom: 30px;'>\n<ul style='padding-left: 20px; margin: 0; font-size: 16px; color: inherit;'>\n<li style='margin-bottom: 15px;'>Aparece una ventana emergente del evento seleccionado<\/li>\n<\/ul><\/div>\n<div style='margin-bottom: 30px; font-size: 16px; color: inherit;'> Video de Integracion con HIKVISION <\/div>\n<div style='margin-bottom: 40px;'>\n<div style='position: relative; padding-bottom: 56.25%; height: 0; overflow: hidden; margin-bottom: 30px;'>   <\/div>\n<\/p><\/div>\n<div style='margin-bottom: 30px; font-size: 16px; color: inherit;'> Video de Control de Estacionamientos <\/div>\n<div style='margin-bottom: 40px;'>\n<div style='position: relative; padding-bottom: 56.25%; height: 0; overflow: hidden; margin-bottom: 30px;'>   <\/div>\n<\/p><\/div>\n<\/p><\/div>\n","protected":false},"excerpt":{"rendered":"<p>SOFTWARE VITRAX para integracion de VIDEO  NIVEL 5:  camaras y  clientes remotos ilimitados<\/p>\n","protected":false},"featured_media":30493,"comment_status":"open","ping_status":"closed","template":"","meta":[],"product_brand":[],"product_cat":[801],"product_tag":[802,784,563],"class_list":{"0":"post-30494","1":"product","2":"type-product","3":"status-publish","4":"has-post-thumbnail","6":"product_cat-licencias-y-softwares","7":"product_tag-licencias-y-softwares","8":"product_tag-paneles-de-control-de-acceso","9":"product_tag-rosslare-security-products","11":"first","12":"outofstock","13":"sale","14":"shipping-taxable","15":"purchasable","16":"product-type-simple"},"_links":{"self":[{"href":"https:\/\/soydeaqui.ddns.net\/pachuca\/index.php\/wp-json\/wp\/v2\/product\/30494","targetHints":{"allow":["GET"]}}],"collection":[{"href":"https:\/\/soydeaqui.ddns.net\/pachuca\/index.php\/wp-json\/wp\/v2\/product"}],"about":[{"href":"https:\/\/soydeaqui.ddns.net\/pachuca\/index.php\/wp-json\/wp\/v2\/types\/product"}],"replies":[{"embeddable":true,"href":"https:\/\/soydeaqui.ddns.net\/pachuca\/index.php\/wp-json\/wp\/v2\/comments?post=30494"}],"wp:featuredmedia":[{"embeddable":true,"href":"https:\/\/soydeaqui.ddns.net\/pachuca\/index.php\/wp-json\/wp\/v2\/media\/30493"}],"wp:attachment":[{"href":"https:\/\/soydeaqui.ddns.net\/pachuca\/index.php\/wp-json\/wp\/v2\/media?parent=30494"}],"wp:term":[{"taxonomy":"product_brand","embeddable":true,"href":"https:\/\/soydeaqui.ddns.net\/pachuca\/index.php\/wp-json\/wp\/v2\/product_brand?post=30494"},{"taxonomy":"product_cat","embeddable":true,"href":"https:\/\/soydeaqui.ddns.net\/pachuca\/index.php\/wp-json\/wp\/v2\/product_cat?post=30494"},{"taxonomy":"product_tag","embeddable":true,"href":"https:\/\/soydeaqui.ddns.net\/pachuca\/index.php\/wp-json\/wp\/v2\/product_tag?post=30494"}],"curies":[{"name":"wp","href":"https:\/\/api.w.org\/{rel}","templated":true}]}}