{"id":30481,"date":"2026-03-18T13:48:26","date_gmt":"2026-03-18T13:48:26","guid":{"rendered":"https:\/\/soydeaqui.ddns.net\/pachuca\/index.php\/producto\/biolite-net-lector-de-huella-con-teclado-y-proximidad-125khz-proteccion-ip65-uso-con-biostar-1\/"},"modified":"2026-03-18T13:48:26","modified_gmt":"2026-03-18T13:48:26","slug":"biolite-net-lector-de-huella-con-teclado-y-proximidad-125khz-proteccion-ip65-uso-con-biostar-1","status":"publish","type":"product","link":"https:\/\/soydeaqui.ddns.net\/pachuca\/index.php\/producto\/biolite-net-lector-de-huella-con-teclado-y-proximidad-125khz-proteccion-ip65-uso-con-biostar-1\/","title":{"rendered":"BioLite Net Lector de Huella con Teclado y Proximidad 125KHz \/ Protecci\u00f3n IP65 \/ Uso con BioStar 1"},"content":{"rendered":"<div style='width: 100%; max-width: 1200px; margin: 0 auto; font-family: sans-serif; line-height: 1.6; color: inherit; background-color: transparent;'> <!-- Descripci\u00f3n principal --> <\/p>\n<div style='margin-bottom: 30px;'>\n<p style='font-size: 16px; color: inherit; margin-top: 0; margin-bottom: 15px;'> <strong>Biolite es una terminal compacta para instalaciones m\u00e1s est\u00e9ticas&comma; en la que el espacio requiere de lectores m\u00e1s delgados y modernos<\/strong> <\/p>\n<\/p><\/div>\n<p> <!-- Secci\u00f3n de caracter\u00edsticas --> <\/p>\n<div style='display: flex; flex-wrap: wrap; gap: 30px; margin-bottom: 30px;'>\n<div style='flex: 1 1 300px; min-width: 280px;'>\n<h3 style='font-size: 22px; border-bottom: 2px solid currentColor; padding-bottom: 5px; margin-top: 0; color: inherit; opacity: 0.8;'>Caracter\u00edsticas<\/h3>\n<ul style='padding-left: 20px; font-size: 15px; color: inherit; list-style-type: disc;'>\n<li style='margin-bottom: 5px;'><strong>Grado de protecci\u00f3n:<\/strong> IP65<\/li>\n<li style='margin-bottom: 5px;'><strong>Pantalla:<\/strong> LCD 128&#215;64 (Monocrom\u00e1tica)<\/li>\n<li style='margin-bottom: 5px;'><strong>Comunicaci\u00f3n:<\/strong> TCP\/IP<\/li>\n<li style='margin-bottom: 5px;'><strong>Salida:<\/strong> Relevador<\/li>\n<li style='margin-bottom: 5px;'><strong>Wiegand:<\/strong> Entrada y salida (seleccionable)<\/li>\n<li style='margin-bottom: 5px;'><strong>Usuarios (1:1):<\/strong> 5&comma;000<\/li>\n<li style='margin-bottom: 5px;'><strong>Usuarios (1:N):<\/strong> 5&comma;000<\/li>\n<li style='margin-bottom: 5px;'><strong>Plantillas (huellas) (1:1):<\/strong> 10&comma;000<\/li>\n<li style='margin-bottom: 5px;'><strong>Plantillas (huellas) (1:N):<\/strong> 10&comma;000<\/li>\n<li style='margin-bottom: 5px;'><strong>Certificados:<\/strong> CE&comma; FCC&comma; KC&comma; RoHS<\/li>\n<li style='margin-bottom: 5px;'><strong>Alimentaci\u00f3n:<\/strong> 12 Vcc&comma; 1 A (fuente no incluida)<\/li>\n<li style='margin-bottom: 5px;'><strong>Dimensiones:<\/strong> 60 x 185 x 40 mm<\/li>\n<li style='margin-bottom: 5px;'><strong>Lector:<\/strong> 125 KHz EM<\/li>\n<\/ul><\/div>\n<\/p><\/div>\n<p> <!-- Informaci\u00f3n importante --> <\/p>\n<div style='margin-bottom: 30px;'>\n<p style='font-size: 15px; color: inherit; margin-top: 0; margin-bottom: 15px;'> <strong>Este equipo lleg\u00f3 a su fin de vida y no es posible fabricarlo m\u00e1s&comma; ya que son de la primera generaci\u00f3n de Suprema y solo son compatibles con BioStar1.<\/strong> <\/p>\n<p style='font-size: 15px; color: inherit; margin-top: 0; margin-bottom: 0;'> Llame al Departamento de Ingenier\u00eda para m\u00e1s informaci\u00f3n o env\u00ede un email a <a href='mailto:accesscontrol@syscom.mx' style='color: inherit; text-decoration: underline;'>accesscontrol@syscom.mx<\/a> <\/p>\n<\/p><\/div>\n<p> <!-- Requisito de software --> <\/p>\n<div style='margin-bottom: 30px;'>\n<p style='font-size: 15px; color: inherit; margin-top: 0; margin-bottom: 0;'> Requiere de software BioStar 1 (no incluido) <\/p>\n<\/p><\/div>\n<\/p><\/div>\n","protected":false},"excerpt":{"rendered":"<p>BioLite Net Lector de Huella con Teclado y Proximidad 125KHz \/ Protecci\u00f3n IP65 \/ Uso con BioStar 1<\/p>\n","protected":false},"featured_media":30480,"comment_status":"open","ping_status":"closed","template":"","meta":[],"product_brand":[],"product_cat":[743],"product_tag":[744,745,798],"class_list":{"0":"post-30481","1":"product","2":"type-product","3":"status-publish","4":"has-post-thumbnail","6":"product_cat-para-tiempo-y-asistencia-checadores","7":"product_tag-biometricos","8":"product_tag-para-tiempo-y-asistencia-checadores","9":"product_tag-suprema","11":"first","12":"outofstock","13":"sale","14":"shipping-taxable","15":"purchasable","16":"product-type-simple"},"_links":{"self":[{"href":"https:\/\/soydeaqui.ddns.net\/pachuca\/index.php\/wp-json\/wp\/v2\/product\/30481","targetHints":{"allow":["GET"]}}],"collection":[{"href":"https:\/\/soydeaqui.ddns.net\/pachuca\/index.php\/wp-json\/wp\/v2\/product"}],"about":[{"href":"https:\/\/soydeaqui.ddns.net\/pachuca\/index.php\/wp-json\/wp\/v2\/types\/product"}],"replies":[{"embeddable":true,"href":"https:\/\/soydeaqui.ddns.net\/pachuca\/index.php\/wp-json\/wp\/v2\/comments?post=30481"}],"wp:featuredmedia":[{"embeddable":true,"href":"https:\/\/soydeaqui.ddns.net\/pachuca\/index.php\/wp-json\/wp\/v2\/media\/30480"}],"wp:attachment":[{"href":"https:\/\/soydeaqui.ddns.net\/pachuca\/index.php\/wp-json\/wp\/v2\/media?parent=30481"}],"wp:term":[{"taxonomy":"product_brand","embeddable":true,"href":"https:\/\/soydeaqui.ddns.net\/pachuca\/index.php\/wp-json\/wp\/v2\/product_brand?post=30481"},{"taxonomy":"product_cat","embeddable":true,"href":"https:\/\/soydeaqui.ddns.net\/pachuca\/index.php\/wp-json\/wp\/v2\/product_cat?post=30481"},{"taxonomy":"product_tag","embeddable":true,"href":"https:\/\/soydeaqui.ddns.net\/pachuca\/index.php\/wp-json\/wp\/v2\/product_tag?post=30481"}],"curies":[{"name":"wp","href":"https:\/\/api.w.org\/{rel}","templated":true}]}}