{"id":30467,"date":"2026-03-18T13:48:05","date_gmt":"2026-03-18T13:48:05","guid":{"rendered":"https:\/\/soydeaqui.ddns.net\/pachuca\/index.php\/producto\/bioentry-plus-lector-de-huella-con-prox-13-56mhz-mifare-desfire-uso-con-biostar-1\/"},"modified":"2026-03-18T13:48:06","modified_gmt":"2026-03-18T13:48:06","slug":"bioentry-plus-lector-de-huella-con-prox-13-56mhz-mifare-desfire-uso-con-biostar-1","status":"publish","type":"product","link":"https:\/\/soydeaqui.ddns.net\/pachuca\/index.php\/producto\/bioentry-plus-lector-de-huella-con-prox-13-56mhz-mifare-desfire-uso-con-biostar-1\/","title":{"rendered":"BioEntry Plus Lector de Huella con PROX (13.56MHz Mifare\/DesFire) Uso con BioStar 1"},"content":{"rendered":"<div style='width: 100%; max-width: 1200px; margin: 0 auto; font-family: sans-serif; line-height: 1.6; color: inherit; background-color: transparent;'>\n<h1 style='font-size: 28px; margin-top: 0; margin-bottom: 20px; color: inherit; opacity: 0.95;'>BioEntry Plus<\/h1>\n<div style='display: flex; flex-wrap: wrap; gap: 30px; margin-bottom: 30px;'>\n<div style='flex: 1 1 300px; min-width: 280px;'>\n<p style='margin: 0 0 20px; color: inherit;'> BioEntry Plus mezcla de manera exquisita los beneficios del sistema IP de nueva generaci\u00f3n con la seguridad adicional que proporciona la biometr\u00eda. Es la base de la l\u00ednea de productos IP biom\u00e9tricos de huella&comma; y una excelente soluci\u00f3n para uso en interiores para aquellos sistemas que requieren tecnolog\u00eda biom\u00e9trica. <\/p>\n<div style='margin-top: 20px;'>\n<h3 style='font-size: 22px; border-bottom: 2px solid currentColor; padding-bottom: 5px; margin-top: 0; color: inherit; opacity: 0.8;'>Caracter\u00edsticas<\/h3>\n<ul style='padding-left: 20px; font-size: 15px; color: inherit; margin: 15px 0;'>\n<li style='margin-bottom: 8px;'>Comunicaci\u00f3n: TCP\/IP<\/li>\n<li style='margin-bottom: 8px;'>Interfaz RS-485 para comunicaci\u00f3n o m\u00f3dulo esclavo SIO2<\/li>\n<li style='margin-bottom: 8px;'>Salida de relevador<\/li>\n<li style='margin-bottom: 8px;'>Wiegand: entrada y salida (seleccionable)<\/li>\n<\/ul><\/div>\n<\/p><\/div>\n<div style='flex: 1 1 300px; min-width: 280px;'>\n<div style='margin-top: 20px;'>\n<h3 style='font-size: 22px; border-bottom: 2px solid currentColor; padding-bottom: 5px; margin-top: 0; color: inherit; opacity: 0.8;'>Usuarios<\/h3>\n<ul style='padding-left: 20px; font-size: 15px; color: inherit; margin: 15px 0;'>\n<li style='margin-bottom: 8px;'>Usuarios (1:1) 5 000<\/li>\n<li style='margin-bottom: 8px;'>Usuarios (1:N) 5 000<\/li>\n<li style='margin-bottom: 8px;'>Plantillas (huellas) (1:1) 10 000<\/li>\n<li style='margin-bottom: 8px;'>Plantillas (huellas) (1:N) 10 000<\/li>\n<\/ul><\/div>\n<div style='margin-top: 20px;'>\n<h3 style='font-size: 22px; border-bottom: 2px solid currentColor; padding-bottom: 5px; margin-top: 0; color: inherit; opacity: 0.8;'>Especificaciones<\/h3>\n<ul style='padding-left: 20px; font-size: 15px; color: inherit; margin: 15px 0;'>\n<li style='margin-bottom: 8px;'>Certificados: CE&comma; FCC&comma; KC&comma; RoHS<\/li>\n<li style='margin-bottom: 8px;'>Alimentaci\u00f3n: 12 Vcc&comma; 1 A (fuente no incluida)<\/li>\n<li style='margin-bottom: 8px;'>Dimensiones: 50 x 160 x 37 mm<\/li>\n<\/ul><\/div>\n<\/p><\/div>\n<\/p><\/div>\n<div style='margin-bottom: 30px;'>\n<div style='padding: 20px; border: 1px solid rgba(150&comma; 150&comma; 150&comma; 0.4); border-radius: 8px; background-color: rgba(0&comma; 0&comma; 0&comma; 0.05); color: inherit;'>\n<p style='margin: 0; color: inherit; font-size: 15px;'> <strong>BEPMOC con lector PROX (13.56MHz Mifare\/DesFire)<\/strong><br \/> Requiere de software BIOSTAR1 (no incluido) <\/p>\n<\/p><\/div>\n<\/p><\/div>\n<div style='margin-bottom: 30px;'>\n<div style='padding: 20px; border: 1px solid rgba(150&comma; 150&comma; 150&comma; 0.4); border-radius: 8px; background-color: rgba(255&comma; 0&comma; 0&comma; 0.05); color: inherit;'>\n<p style='margin: 0; color: inherit; font-size: 15px;'> <strong>Este equipo lleg\u00f3 a su fin de vida y no es posible fabricarlo m\u00e1s&comma; ya que son de la primera generaci\u00f3n de Suprema y solo son compatibles con BIOSTAR1.<\/strong><br \/> Llame al Departamento de Ingenier\u00eda para m\u00e1s informaci\u00f3n o env\u00ede un email para sus dudas <a href='mailto:accesscontrol@syscom.mx' style='color: inherit; text-decoration: underline;'>accesscontrol@syscom.mx<\/a> <\/p>\n<\/p><\/div>\n<\/p><\/div>\n<\/p><\/div>\n","protected":false},"excerpt":{"rendered":"<p>BioEntry Plus Lector de Huella con PROX (13.56MHz Mifare\/DesFire) Uso con BioStar 1<\/p>\n","protected":false},"featured_media":30466,"comment_status":"open","ping_status":"closed","template":"","meta":[],"product_brand":[],"product_cat":[806],"product_tag":[744,807,798],"class_list":{"0":"post-30467","1":"product","2":"type-product","3":"status-publish","4":"has-post-thumbnail","6":"product_cat-para-control-de-acceso","7":"product_tag-biometricos","8":"product_tag-para-control-de-acceso","9":"product_tag-suprema","11":"first","12":"outofstock","13":"sale","14":"shipping-taxable","15":"purchasable","16":"product-type-simple"},"_links":{"self":[{"href":"https:\/\/soydeaqui.ddns.net\/pachuca\/index.php\/wp-json\/wp\/v2\/product\/30467","targetHints":{"allow":["GET"]}}],"collection":[{"href":"https:\/\/soydeaqui.ddns.net\/pachuca\/index.php\/wp-json\/wp\/v2\/product"}],"about":[{"href":"https:\/\/soydeaqui.ddns.net\/pachuca\/index.php\/wp-json\/wp\/v2\/types\/product"}],"replies":[{"embeddable":true,"href":"https:\/\/soydeaqui.ddns.net\/pachuca\/index.php\/wp-json\/wp\/v2\/comments?post=30467"}],"wp:featuredmedia":[{"embeddable":true,"href":"https:\/\/soydeaqui.ddns.net\/pachuca\/index.php\/wp-json\/wp\/v2\/media\/30466"}],"wp:attachment":[{"href":"https:\/\/soydeaqui.ddns.net\/pachuca\/index.php\/wp-json\/wp\/v2\/media?parent=30467"}],"wp:term":[{"taxonomy":"product_brand","embeddable":true,"href":"https:\/\/soydeaqui.ddns.net\/pachuca\/index.php\/wp-json\/wp\/v2\/product_brand?post=30467"},{"taxonomy":"product_cat","embeddable":true,"href":"https:\/\/soydeaqui.ddns.net\/pachuca\/index.php\/wp-json\/wp\/v2\/product_cat?post=30467"},{"taxonomy":"product_tag","embeddable":true,"href":"https:\/\/soydeaqui.ddns.net\/pachuca\/index.php\/wp-json\/wp\/v2\/product_tag?post=30467"}],"curies":[{"name":"wp","href":"https:\/\/api.w.org\/{rel}","templated":true}]}}