{"id":30459,"date":"2026-03-18T13:47:52","date_gmt":"2026-03-18T13:47:52","guid":{"rendered":"https:\/\/soydeaqui.ddns.net\/pachuca\/index.php\/producto\/biolite-net-lector-de-huella-con-teclado-y-prox-13-56mhz-mifare-desfire-uso-con-biostar-1-proteccion-ip65\/"},"modified":"2026-03-18T13:47:53","modified_gmt":"2026-03-18T13:47:53","slug":"biolite-net-lector-de-huella-con-teclado-y-prox-13-56mhz-mifare-desfire-uso-con-biostar-1-proteccion-ip65","status":"publish","type":"product","link":"https:\/\/soydeaqui.ddns.net\/pachuca\/index.php\/producto\/biolite-net-lector-de-huella-con-teclado-y-prox-13-56mhz-mifare-desfire-uso-con-biostar-1-proteccion-ip65\/","title":{"rendered":"BioLite Net Lector de Huella con Teclado y PROX ( 13.56MHz Mifare \/ DesFire) Uso con BioStar 1 \/ Protecci\u00f3n IP65"},"content":{"rendered":"<div style='width: 100%; max-width: 1200px; margin: 0 auto; font-family: sans-serif; line-height: 1.6; color: inherit; background-color: transparent;'> <!-- T\u00edtulo principal --> <\/p>\n<h2 style='font-size: 20px; font-weight: bold; margin-top: 0; margin-bottom: 20px; color: inherit;'> Biolite es una terminal compacta para instalaciones m\u00e1s est\u00e9ticas&comma; en la que el espacio requiere de lectores m\u00e1s delgados y modernos <\/h2>\n<p> <!-- Secci\u00f3n de caracter\u00edsticas --> <\/p>\n<div style='display: flex; flex-wrap: wrap; gap: 30px; margin-bottom: 30px;'>\n<div style='flex: 1 1 300px; min-width: 280px;'>\n<h3 style='font-size: 18px; border-bottom: 2px solid currentColor; padding-bottom: 5px; margin-top: 0; margin-bottom: 15px; color: inherit; opacity: 0.8;'>Caracter\u00edsticas<\/h3>\n<ul style='padding-left: 20px; font-size: 15px; color: inherit; list-style-type: disc;'>\n<li style='margin-bottom: 5px;'><strong>Grado de protecci\u00f3n:<\/strong> IP65<\/li>\n<li style='margin-bottom: 5px;'><strong>Pantalla:<\/strong> LCD 128&#215;64 (Monocrom\u00e1tica)<\/li>\n<li style='margin-bottom: 5px;'><strong>Comunicaci\u00f3n:<\/strong> TCP\/IP<\/li>\n<li style='margin-bottom: 5px;'><strong>Salida:<\/strong> Relevador<\/li>\n<li style='margin-bottom: 5px;'><strong>Wiegand:<\/strong> Entrada y salida (seleccionable)<\/li>\n<li style='margin-bottom: 5px;'><strong>Usuarios (1:1):<\/strong> 5&comma;000<\/li>\n<li style='margin-bottom: 5px;'><strong>Usuarios (1:N):<\/strong> 5&comma;000<\/li>\n<li style='margin-bottom: 5px;'><strong>Plantillas (huellas) (1:1):<\/strong> 10&comma;000<\/li>\n<li style='margin-bottom: 5px;'><strong>Plantillas (huellas) (1:N):<\/strong> 10&comma;000<\/li>\n<li style='margin-bottom: 5px;'><strong>Certificados:<\/strong> CE&comma; FCC&comma; KC&comma; RoHS<\/li>\n<li style='margin-bottom: 5px;'><strong>Alimentaci\u00f3n:<\/strong> 12 Vcc&comma; 1 A (fuente no incluida)<\/li>\n<li style='margin-bottom: 5px;'><strong>Dimensiones:<\/strong> 60 x 185 x 40 mm<\/li>\n<li style='margin-bottom: 5px;'><strong>Frecuencia:<\/strong> 13.56MHz Mifare\/DesFire<\/li>\n<\/ul><\/div>\n<\/p><\/div>\n<p> <!-- Informaci\u00f3n adicional --> <\/p>\n<div style='margin-bottom: 30px;'>\n<p style='margin: 0 0 15px; color: inherit; font-size: 15px;'> Requiere de software BIOSTAR1 (no incluido) <\/p>\n<p style='margin: 0 0 15px; color: inherit; font-size: 15px;'> Este equipo lleg\u00f3 a su fin de vida y no es posible fabricarlo m\u00e1s&comma; ya que son de la primera generaci\u00f3n de Suprema y solo son compatibles con BIOSTAR1. <\/p>\n<p style='margin: 0; color: inherit; font-size: 15px;'> Llame al Departamento de Ingenier\u00eda para m\u00e1s informaci\u00f3n o env\u00ede un email a <a href='mailto:accesscontrol@syscom.mx' style='color: inherit; text-decoration: underline;'>accesscontrol@syscom.mx<\/a> para sus dudas. <\/p>\n<\/p><\/div>\n<p> <!-- Separador --> <\/p>\n<hr style='border: 0; border-top: 1px solid rgba(150&comma; 150&comma; 150&comma; 0.3); margin: 30px 0;'> <\/div>\n","protected":false},"excerpt":{"rendered":"<p>BioLite Net Lector de Huella con Teclado y PROX ( 13.56MHz Mifare \/ DesFire) Uso con BioStar 1 \/ Protecci\u00f3n IP65<\/p>\n","protected":false},"featured_media":30458,"comment_status":"open","ping_status":"closed","template":"","meta":[],"product_brand":[],"product_cat":[743],"product_tag":[744,745,798],"class_list":{"0":"post-30459","1":"product","2":"type-product","3":"status-publish","4":"has-post-thumbnail","6":"product_cat-para-tiempo-y-asistencia-checadores","7":"product_tag-biometricos","8":"product_tag-para-tiempo-y-asistencia-checadores","9":"product_tag-suprema","11":"first","12":"outofstock","13":"sale","14":"shipping-taxable","15":"purchasable","16":"product-type-simple"},"_links":{"self":[{"href":"https:\/\/soydeaqui.ddns.net\/pachuca\/index.php\/wp-json\/wp\/v2\/product\/30459","targetHints":{"allow":["GET"]}}],"collection":[{"href":"https:\/\/soydeaqui.ddns.net\/pachuca\/index.php\/wp-json\/wp\/v2\/product"}],"about":[{"href":"https:\/\/soydeaqui.ddns.net\/pachuca\/index.php\/wp-json\/wp\/v2\/types\/product"}],"replies":[{"embeddable":true,"href":"https:\/\/soydeaqui.ddns.net\/pachuca\/index.php\/wp-json\/wp\/v2\/comments?post=30459"}],"wp:featuredmedia":[{"embeddable":true,"href":"https:\/\/soydeaqui.ddns.net\/pachuca\/index.php\/wp-json\/wp\/v2\/media\/30458"}],"wp:attachment":[{"href":"https:\/\/soydeaqui.ddns.net\/pachuca\/index.php\/wp-json\/wp\/v2\/media?parent=30459"}],"wp:term":[{"taxonomy":"product_brand","embeddable":true,"href":"https:\/\/soydeaqui.ddns.net\/pachuca\/index.php\/wp-json\/wp\/v2\/product_brand?post=30459"},{"taxonomy":"product_cat","embeddable":true,"href":"https:\/\/soydeaqui.ddns.net\/pachuca\/index.php\/wp-json\/wp\/v2\/product_cat?post=30459"},{"taxonomy":"product_tag","embeddable":true,"href":"https:\/\/soydeaqui.ddns.net\/pachuca\/index.php\/wp-json\/wp\/v2\/product_tag?post=30459"}],"curies":[{"name":"wp","href":"https:\/\/api.w.org\/{rel}","templated":true}]}}