{"id":30449,"date":"2026-03-18T13:47:39","date_gmt":"2026-03-18T13:47:39","guid":{"rendered":"https:\/\/soydeaqui.ddns.net\/pachuca\/index.php\/producto\/cerradura-digital-con-teclado-tactil-para-puertas-de-vidrio-apertura-con-smartphone\/"},"modified":"2026-03-18T13:47:46","modified_gmt":"2026-03-18T13:47:46","slug":"cerradura-digital-con-teclado-tactil-para-puertas-de-vidrio-apertura-con-smartphone","status":"publish","type":"product","link":"https:\/\/soydeaqui.ddns.net\/pachuca\/index.php\/producto\/cerradura-digital-con-teclado-tactil-para-puertas-de-vidrio-apertura-con-smartphone\/","title":{"rendered":"Cerradura Digital con Teclado T\u00e1ctil  para Puertas de Vidrio\/ apertura con SMARTPHONE"},"content":{"rendered":"<div style='width: 100%; max-width: 1200px; margin: 0 auto; font-family: sans-serif; line-height: 1.6; color: inherit; background-color: transparent;'> <!-- Logo y t\u00edtulo --> <\/p>\n<div style='display: flex; flex-wrap: wrap; align-items: center; gap: 20px; margin-bottom: 30px;'> <img style='width: 100px; height: 100px; border: 1px solid rgba(150&comma;150&comma;150&comma;0.3); border-radius: 8px;' src='http:\/\/ftp3.syscom.mx\/usuarios\/ftp\/2017\/01\/03\/43ba4\/yale-logo.jpg' alt=''> <\/p>\n<h2 style='font-size: 22px; color: inherit; margin: 0; flex: 1 1 300px; min-width: 280px; opacity: 0.8;'>Cerradura Digital Electr\u00f3nica GATEMAN YDG313 para Puertas de Vidrio con Contrachapa<\/h2>\n<\/p><\/div>\n<p> <!-- Descripci\u00f3n principal --> <\/p>\n<div style='margin-bottom: 30px; font-size: 15px; color: inherit;'>\n<p>Cerradura digital con efecto espejo&comma; la pantalla t\u00e1ctil se ilumina hasta que el usuario toca la pantalla&comma; esto aumenta la seguridad ya que se puede ver si hay alguien detr\u00e1s al momento de activar la cerradura.<\/p>\n<\/p><\/div>\n<p> <!-- Caracter\u00edsticas --> <\/p>\n<div style='display: flex; flex-wrap: wrap; gap: 30px; margin-bottom: 30px;'>\n<div style='flex: 1 1 300px; min-width: 280px;'>\n<h3 style='font-size: 22px; border-bottom: 2px solid currentColor; padding-bottom: 5px; margin-top: 0; color: inherit; opacity: 0.8;'>Caracter\u00edsticas<\/h3>\n<ul style='padding-left: 20px; font-size: 15px; color: inherit;'>\n<li style='margin-bottom: 5px;'>Bluetooth: Para apertura a trav\u00e9s de SMARTPHONE.<\/li>\n<li style='margin-bottom: 5px;'>Incluye Contrachapa.<\/li>\n<li style='margin-bottom: 5px;'>1 c\u00f3digo de hasta 12 d\u00edgitos.<\/li>\n<li style='margin-bottom: 5px;'>20 tarjetas (compatible \u00fanicamente con modelo <span style='color: #005cb9; font-weight: 600;'>84782<\/span>).<\/li>\n<li style='margin-bottom: 5px;'>Montaje tipo clip: La instalaci\u00f3n se logra utilizando un soporte tipo clip y una cinta adhesiva de alta resistencia.<\/li>\n<li style='margin-bottom: 5px;'>No necesita perforaciones la puerta.<\/li>\n<li style='margin-bottom: 5px;'>Mariposa de seguridad: La mariposa interior s\u00f3lo puede ser accionada cuando se presionan simult\u00e1neamente los dos botones ubicados en la misma.<\/li>\n<li style='margin-bottom: 5px;'>Dise\u00f1o moderno&comma; delgado y de vanguardia.<\/li>\n<li style='margin-bottom: 5px;'>Alarma de alta temperatura.<\/li>\n<li style='margin-bottom: 5px;'>Ingreso de n\u00fameros aleatorios antes o despu\u00e9s del c\u00f3digo PIN.<\/li>\n<li style='margin-bottom: 5px;'>Control remoto (opcional).<\/li>\n<li style='margin-bottom: 5px;'>Para puertas de vidrio de 10 mm a 12 mm de grosor.<\/li>\n<li style='margin-bottom: 5px;'>Tipo de instalaci\u00f3n: Sobreponer.<\/li>\n<li style='margin-bottom: 5px;'>2 bulones o pernos.<\/li>\n<li style='margin-bottom: 5px;'>Funciona con 4 bater\u00edas alcalinas AA 1.5 Vcc incluidas (el tiempo de duraci\u00f3n de la bater\u00eda puede variar por las condiciones de uso).<\/li>\n<li style='margin-bottom: 5px;'>Temperatura de operaci\u00f3n: 15 a 55 \u00b0C<\/li>\n<li style='margin-bottom: 5px;'>GAP: 1 cm<\/li>\n<li style='margin-bottom: 5px;'>Contrachapa para puerta con marco de vidrio.<\/li>\n<li style='margin-bottom: 5px;'>APP disponible en Google play y Appstore (<strong>Yale bluetooth Key<\/strong>) <a style='color: inherit; text-decoration: underline;' href='http:\/\/conocimiento.syscom.mx\/article\/programacion-de-cerraduras-autonomas-yale-bluetooth-con-smartphone\/' target='_blank'>V\u00eddeo de programaci\u00f3n<\/a><\/li>\n<li style='margin-bottom: 5px;'><strong>Si se pierde la clave maestra de programaci\u00f3n no es posible restaurarla o resetearla.<\/strong><\/li>\n<\/ul><\/div>\n<\/p><\/div>\n<p> <!-- Separador --> <\/p>\n<hr style='border: 0; border-top: 1px solid rgba(150&comma; 150&comma; 150&comma; 0.3); margin: 30px 0;'> <\/div>\n","protected":false},"excerpt":{"rendered":"<p>Cerradura Digital con Teclado T\u00e1ctil  para Puertas de Vidrio\/ apertura con SMARTPHONE<\/p>\n","protected":false},"featured_media":30448,"comment_status":"open","ping_status":"closed","template":"","meta":[],"product_brand":[],"product_cat":[86],"product_tag":[88,87,395],"class_list":{"0":"post-30449","1":"product","2":"type-product","3":"status-publish","4":"has-post-thumbnail","6":"product_cat-autonomas-inteligentes","7":"product_tag-autonomas-inteligentes","8":"product_tag-cerraduras","9":"product_tag-yale-assa-abloy","11":"first","12":"outofstock","13":"sale","14":"shipping-taxable","15":"purchasable","16":"product-type-simple"},"_links":{"self":[{"href":"https:\/\/soydeaqui.ddns.net\/pachuca\/index.php\/wp-json\/wp\/v2\/product\/30449","targetHints":{"allow":["GET"]}}],"collection":[{"href":"https:\/\/soydeaqui.ddns.net\/pachuca\/index.php\/wp-json\/wp\/v2\/product"}],"about":[{"href":"https:\/\/soydeaqui.ddns.net\/pachuca\/index.php\/wp-json\/wp\/v2\/types\/product"}],"replies":[{"embeddable":true,"href":"https:\/\/soydeaqui.ddns.net\/pachuca\/index.php\/wp-json\/wp\/v2\/comments?post=30449"}],"wp:featuredmedia":[{"embeddable":true,"href":"https:\/\/soydeaqui.ddns.net\/pachuca\/index.php\/wp-json\/wp\/v2\/media\/30448"}],"wp:attachment":[{"href":"https:\/\/soydeaqui.ddns.net\/pachuca\/index.php\/wp-json\/wp\/v2\/media?parent=30449"}],"wp:term":[{"taxonomy":"product_brand","embeddable":true,"href":"https:\/\/soydeaqui.ddns.net\/pachuca\/index.php\/wp-json\/wp\/v2\/product_brand?post=30449"},{"taxonomy":"product_cat","embeddable":true,"href":"https:\/\/soydeaqui.ddns.net\/pachuca\/index.php\/wp-json\/wp\/v2\/product_cat?post=30449"},{"taxonomy":"product_tag","embeddable":true,"href":"https:\/\/soydeaqui.ddns.net\/pachuca\/index.php\/wp-json\/wp\/v2\/product_tag?post=30449"}],"curies":[{"name":"wp","href":"https:\/\/api.w.org\/{rel}","templated":true}]}}