{"id":30447,"date":"2026-03-18T13:47:36","date_gmt":"2026-03-18T13:47:36","guid":{"rendered":"https:\/\/soydeaqui.ddns.net\/pachuca\/index.php\/producto\/torniquete-doble-de-cuerpo-completo-para-uso-en-intemperie-bidireccional-acabado-en-acero-galvanizado\/"},"modified":"2026-03-18T13:47:37","modified_gmt":"2026-03-18T13:47:37","slug":"torniquete-doble-de-cuerpo-completo-para-uso-en-intemperie-bidireccional-acabado-en-acero-galvanizado","status":"publish","type":"product","link":"https:\/\/soydeaqui.ddns.net\/pachuca\/index.php\/producto\/torniquete-doble-de-cuerpo-completo-para-uso-en-intemperie-bidireccional-acabado-en-acero-galvanizado\/","title":{"rendered":"Torniquete doble de cuerpo completo, para uso en intemperie, bidireccional acabado en acero galvanizado"},"content":{"rendered":"<div style='width: 100%; max-width: 1200px; margin: 0 auto; font-family: sans-serif; line-height: 1.6; color: inherit; background-color: transparent;'> <!-- Mensajes importantes --> <\/p>\n<div style='margin-bottom: 20px;'>\n<div style='background: white; padding: 15px; border-left: 4px solid #2880b9; margin-bottom: 10px;'> <strong style='font-size: 16px; color: #212529; display: block; margin-bottom: 8px;'>* Producto Bajo Pedido.<\/strong> <em style='font-size: 14px; color: #212529; display: block;'>Precio sujeto a cambios por opciones adicionales o cambio de color.<\/em> <\/div>\n<div style='background: white; padding: 15px; border-left: 4px solid #2880b9; margin-bottom: 10px;'> <strong style='font-size: 14px; color: #212529;'>Nota.- Indispensable llenar el Check list para solicitar cotizaci\u00f3n de su torniquete. (Descargarlo de la opci\u00f3n de recursos).<\/strong> <\/div>\n<div style='background: white; padding: 15px; border-left: 4px solid #2880b9;'> <span style='font-size: 14px; color: #212529;'>Para m\u00e1s Informaci\u00f3n Consulte al Depto. de Ingenier\u00eda<\/span> <\/div>\n<\/p><\/div>\n<p> <!-- Imagen principal --> <\/p>\n<div style='margin: 30px 0;'> <img style='width: 100%; height: auto; border: 1px solid rgba(150&comma;150&comma;150&comma;0.3); border-radius: 8px;' src='https:\/\/ftp3.syscom.mx\/usuarios\/vestrada\/Alvarado\/MSTT.jpg' alt=''> <\/div>\n<p> <!-- Secci\u00f3n de caracter\u00edsticas --> <\/p>\n<div style='display: flex; flex-wrap: wrap; gap: 30px; margin: 30px 0;'>\n<div style='flex: 1 1 300px; min-width: 280px;'>\n<h3 style='font-size: 22px; border-bottom: 2px solid currentColor; padding-bottom: 5px; margin-top: 0; color: inherit; opacity: 0.8;'>Caracter\u00edsticas principales<\/h3>\n<ul style='padding-left: 20px; font-size: 15px; color: inherit;'>\n<li style='margin-bottom: 8px;'>Control unidireccional o bidireccional<\/li>\n<li style='margin-bottom: 8px;'>Construcci\u00f3n de acero soldado sin pernos ni sujetadores expuestos<\/li>\n<li style='margin-bottom: 8px;'>Adecuado para ambientes al aire libre<\/li>\n<li style='margin-bottom: 8px;'>Dise\u00f1ado para uso continuo a largo plazo<\/li>\n<li style='margin-bottom: 8px;'>F\u00e1cil de instalar y f\u00e1cil de mantener<\/li>\n<li style='margin-bottom: 8px;'>El control de velocidad proporciona una rotaci\u00f3n segura y controlada y autocentra suavemente los brazos giratorios<\/li>\n<li style='margin-bottom: 8px;'>Dise\u00f1o anti-atrapamiento<\/li>\n<\/ul><\/div>\n<div style='flex: 1 1 300px; min-width: 280px;'>\n<h3 style='font-size: 22px; border-bottom: 2px solid currentColor; padding-bottom: 5px; margin-top: 0; color: inherit; opacity: 0.8;'>Caracter\u00edsticas F\u00edsicas y El\u00e9ctricas<\/h3>\n<ul style='padding-left: 20px; font-size: 15px; color: inherit;'>\n<li style='margin-bottom: 8px;'>Transformador con clasificaci\u00f3n UL 110-120 VCA&comma; 60 Hz o 220-240 VCA&comma; 50 Hz (opcional)<\/li>\n<li style='margin-bottom: 8px;'>El consumo m\u00e1ximo de energ\u00eda es de 65 W<\/li>\n<li style='margin-bottom: 8px;'>Peso del producto 477 kg.<\/li>\n<li style='margin-bottom: 8px;'>Temperatura de funcionamiento -20\u00b0 a 150\u00b0 F -29 a 66\u00b0 C<\/li>\n<li style='margin-bottom: 8px;'>Humedad relativa 0-90 % (sin condensaci\u00f3n)<\/li>\n<\/ul><\/div>\n<div style='flex: 1 1 300px; min-width: 280px;'>\n<h3 style='font-size: 22px; border-bottom: 2px solid currentColor; padding-bottom: 5px; margin-top: 0; color: inherit; opacity: 0.8;'>Caracter\u00edsticas Destacadas<\/h3>\n<p style='font-size: 15px; color: inherit;'>La integraci\u00f3n del torniquete de altura completa MST en sus instalaciones es r\u00e1pida y f\u00e1cil. El MST se integra con pr\u00e1cticamente cualquier control de acceso o sistema de gesti\u00f3n de visitantes y se adapta a una amplia gama de lectores de credenciales. Se proporciona una entrada de sistema contra incendios dedicada y las salidas de paso se pueden monitorear para validar el paso despu\u00e9s de la activaci\u00f3n&comma; o para proporcionar un conteo de personas preciso. El resultado es un torniquete de altura completa en el que conf\u00edan miles de instalaciones en todo el mundo para un control de acceso y una gesti\u00f3n de visitantes superiores.<\/p>\n<\/p><\/div>\n<\/p><\/div>\n<p> <!-- Imagen de certificaci\u00f3n --> <\/p>\n<div style='margin: 30px 0;'> <img style='width: 100%; height: auto; border: 1px solid rgba(150&comma;150&comma;150&comma;0.3); border-radius: 8px;' src='https:\/\/ftp3.syscom.mx\/usuarios\/vestrada\/Alvarado\/Certificacion MST.png' alt=''> <\/div>\n<p> <!-- Secci\u00f3n de contenido adicional --> <\/p>\n<div style='display: flex; flex-wrap: wrap; gap: 30px; margin: 30px 0;'> <!-- Contenido 360\u00b0 --> <\/p>\n<div style='flex: 1 1 400px; min-width: 300px;'>\n<div style='margin-bottom: 15px;'> <em style='font-size: 14px; color: inherit;'>Click sobre la imagen y arrastre para 360\u00b0<\/em> <img style='width: auto; height: auto; border: none; margin-top: 8px;' src='http:\/\/www.alvaradomfg.com\/wp-content\/uploads\/2014\/10\/icon_VR_arrow7-80x38.png' alt='icon_VR_arrow' width='80' height='38'> <\/div>\n<div style='position: relative; padding-bottom: 100%; height: 0; overflow: hidden; margin-bottom: 30px;'>   <\/div>\n<\/p><\/div>\n<p> <!-- Opciones de productos --> <\/p>\n<div style='flex: 1 1 400px; min-width: 300px;'>\n<h3 style='font-size: 22px; border-bottom: 2px solid currentColor; padding-bottom: 5px; margin-top: 0; color: inherit; opacity: 0.8;'>Opciones de Productos<\/h3>\n<p style='font-size: 15px; color: inherit;'>El torniquete de altura completa MST tiene muchas opciones disponibles&comma; que incluyen:<\/p>\n<ul style='padding-left: 20px; font-size: 15px; color: inherit;'>\n<li style='margin-bottom: 8px;'>Acabados galvanizados&comma; revestidos de energ\u00eda y acero inoxidable.<\/li>\n<li style='margin-bottom: 8px;'>Luces de notificaci\u00f3n de usuario para proporcionar el estado de la credencial presentada (aceptada\/no aceptada).<\/li>\n<li style='margin-bottom: 8px;'>Luces de estado abierto\/cerrado del torniquete.<\/li>\n<li style='margin-bottom: 8px;'>Placas de fijaci\u00f3n del lector de tarjetas.<\/li>\n<li style='margin-bottom: 8px;'>Bater\u00eda de reserva.<\/li>\n<li style='margin-bottom: 8px;'>Monitores de brazo de bloqueo (proporciona una notificaci\u00f3n cuando el torniquete est\u00e1 desbloqueado).<\/li>\n<li style='margin-bottom: 8px;'>Protecci\u00f3n de climatizaci\u00f3n mejorada para entornos exigentes.<\/li>\n<li style='margin-bottom: 8px;'>Fundas protectoras acolchadas para tal\u00f3n\/brazo.<\/li>\n<li style='margin-bottom: 8px;'>Mangas de brazo de cobre para reducir la vida \u00fatil de la superficie y la transmisi\u00f3n de bacterias y virus da\u00f1inos.<\/li>\n<\/ul>\n<div style='margin-top: 20px; text-align: center;'> <strong style='font-size: 16px; color: inherit;'>COTICE SU TORNIQUETE<\/strong> <br \/> <a href='https:\/\/ingenieria.syscom.mx\/otros\/calculadores\/torniquete_completo\/' target='_blank' rel='noopener' style='display: inline-block; margin-top: 10px; padding: 10px 20px; background-color: #2880b9; color: white; text-decoration: none; border-radius: 4px;'>AQU\u00cd!!<\/a> <\/div>\n<\/p><\/div>\n<\/p><\/div>\n<p> <!-- Imagen final --> <\/p>\n<div style='margin: 30px 0;'> <img style='width: 100%; height: auto; border: 1px solid rgba(150&comma;150&comma;150&comma;0.3); border-radius: 8px;' src='https:\/\/ftp3.syscom.mx\/usuarios\/vestrada\/Alvarado\/Aplicaciones.png' alt=''> <\/div>\n<\/p><\/div>\n","protected":false},"excerpt":{"rendered":"<p>Torniquete doble de cuerpo completo, para uso en intemperie, bidireccional acabado en acero galvanizado<\/p>\n","protected":false},"featured_media":30446,"comment_status":"open","ping_status":"closed","template":"","meta":[],"product_brand":[],"product_cat":[766],"product_tag":[769,767,759],"class_list":{"0":"post-30447","1":"product","2":"type-product","3":"status-publish","4":"has-post-thumbnail","6":"product_cat-torniquetes-de-cuerpo-completo","7":"product_tag-alvarado","8":"product_tag-torniquetes-de-cuerpo-completo","9":"product_tag-torniquetes-y-puertas-de-cortesia","11":"first","12":"outofstock","13":"sale","14":"shipping-taxable","15":"purchasable","16":"product-type-simple"},"_links":{"self":[{"href":"https:\/\/soydeaqui.ddns.net\/pachuca\/index.php\/wp-json\/wp\/v2\/product\/30447","targetHints":{"allow":["GET"]}}],"collection":[{"href":"https:\/\/soydeaqui.ddns.net\/pachuca\/index.php\/wp-json\/wp\/v2\/product"}],"about":[{"href":"https:\/\/soydeaqui.ddns.net\/pachuca\/index.php\/wp-json\/wp\/v2\/types\/product"}],"replies":[{"embeddable":true,"href":"https:\/\/soydeaqui.ddns.net\/pachuca\/index.php\/wp-json\/wp\/v2\/comments?post=30447"}],"wp:featuredmedia":[{"embeddable":true,"href":"https:\/\/soydeaqui.ddns.net\/pachuca\/index.php\/wp-json\/wp\/v2\/media\/30446"}],"wp:attachment":[{"href":"https:\/\/soydeaqui.ddns.net\/pachuca\/index.php\/wp-json\/wp\/v2\/media?parent=30447"}],"wp:term":[{"taxonomy":"product_brand","embeddable":true,"href":"https:\/\/soydeaqui.ddns.net\/pachuca\/index.php\/wp-json\/wp\/v2\/product_brand?post=30447"},{"taxonomy":"product_cat","embeddable":true,"href":"https:\/\/soydeaqui.ddns.net\/pachuca\/index.php\/wp-json\/wp\/v2\/product_cat?post=30447"},{"taxonomy":"product_tag","embeddable":true,"href":"https:\/\/soydeaqui.ddns.net\/pachuca\/index.php\/wp-json\/wp\/v2\/product_tag?post=30447"}],"curies":[{"name":"wp","href":"https:\/\/api.w.org\/{rel}","templated":true}]}}