{"id":30436,"date":"2026-03-18T13:47:21","date_gmt":"2026-03-18T13:47:21","guid":{"rendered":"https:\/\/soydeaqui.ddns.net\/pachuca\/index.php\/producto\/cotizar-por-proyecto-torniquete-doble-de-cuerpo-completo-bidireccional-en-acero-inoxidable\/"},"modified":"2026-03-18T13:47:23","modified_gmt":"2026-03-18T13:47:23","slug":"cotizar-por-proyecto-torniquete-doble-de-cuerpo-completo-bidireccional-en-acero-inoxidable","status":"publish","type":"product","link":"https:\/\/soydeaqui.ddns.net\/pachuca\/index.php\/producto\/cotizar-por-proyecto-torniquete-doble-de-cuerpo-completo-bidireccional-en-acero-inoxidable\/","title":{"rendered":"COTIZAR POR PROYECTO &#8211; Torniquete doble de cuerpo completo bidireccional en acero inoxidable"},"content":{"rendered":"<div style='width: 100%; max-width: 1200px; margin: 0 auto; font-family: sans-serif; line-height: 1.6; color: inherit; background-color: transparent;'>\n<div style='display: flex; flex-wrap: wrap; gap: 30px; margin-bottom: 30px;'>\n<div style='flex: 1 1 300px; min-width: 280px;'>\n<div style='font-size: 15px; color: inherit;'> <strong style='color: inherit;'>* Producto Bajo Pedido.<\/strong><br \/> <em style='color: inherit;'><strong> Precio sujeto a cambios por opciones adicionales o cambio de color. <\/strong><\/em> <\/div>\n<\/p><\/div>\n<\/p><\/div>\n<div style='display: flex; flex-wrap: wrap; gap: 30px; margin-bottom: 30px;'>\n<div style='flex: 1 1 300px; min-width: 280px;'>\n<div style='font-size: 15px; color: inherit;'> <strong style='color: inherit;'>Nota.- Indispensable llenar el Check list para solicitar cotizaci\u00f3n de su torniquete. (Descargarlo de la opci\u00f3n de recursos).<\/strong> <\/div>\n<\/p><\/div>\n<\/p><\/div>\n<div style='display: flex; flex-wrap: wrap; gap: 30px; margin-bottom: 30px;'>\n<div style='flex: 1 1 300px; min-width: 280px;'>\n<div style='font-size: 15px; color: inherit;'> Para m\u00e1s Informaci\u00f3n Consulte al Depto. de Ingenier\u00eda <\/div>\n<\/p><\/div>\n<\/p><\/div>\n<div style='display: flex; flex-wrap: wrap; gap: 30px; margin-bottom: 30px;'>\n<div style='flex: 1 1 100%;'> <img style='width: 100%; height: auto; border: 1px solid rgba(150&comma;150&comma;150&comma;0.3); border-radius: 8px;' src='https:\/\/ftp3.syscom.mx\/usuarios\/vestrada\/Alvarado\/MSTT.jpg' alt=''> <\/div>\n<\/p><\/div>\n<div style='display: flex; flex-wrap: wrap; gap: 30px; margin-bottom: 30px;'>\n<div style='flex: 1 1 300px; min-width: 280px;'>\n<h3 style='font-size: 22px; border-bottom: 2px solid currentColor; padding-bottom: 5px; margin-top: 0; color: inherit; opacity: 0.8;'>Caracter\u00edsticas principales:<\/h3>\n<ul style='padding-left: 20px; font-size: 15px; color: inherit;'>\n<li style='margin-bottom: 5px;'>Control unidireccional o bidireccional<\/li>\n<li style='margin-bottom: 5px;'>Construcci\u00f3n de acero soldado sin pernos ni sujetadores expuestos<\/li>\n<li style='margin-bottom: 5px;'>Adecuado para ambientes al aire libre<\/li>\n<li style='margin-bottom: 5px;'>Dise\u00f1ado para uso continuo a largo plazo<\/li>\n<li style='margin-bottom: 5px;'>F\u00e1cil de instalar y f\u00e1cil de mantener<\/li>\n<li style='margin-bottom: 5px;'>El control de velocidad proporciona una rotaci\u00f3n segura y controlada y autocentra suavemente los brazos giratorios<\/li>\n<li style='margin-bottom: 5px;'>Dise\u00f1o anti-atrapamiento<\/li>\n<\/ul><\/div>\n<div style='flex: 1 1 300px; min-width: 280px;'>\n<h3 style='font-size: 22px; border-bottom: 2px solid currentColor; padding-bottom: 5px; margin-top: 0; color: inherit; opacity: 0.8;'>Caracter\u00edsticas F\u00edsicas y El\u00e9ctricas:<\/h3>\n<ul style='padding-left: 20px; font-size: 15px; color: inherit;'>\n<li style='margin-bottom: 5px;'>Transformador con clasificaci\u00f3n UL 110-120 VCA&comma; 60 Hz o 220-240 VCA&comma; 50 Hz (opcional)<\/li>\n<li style='margin-bottom: 5px;'>El consumo m\u00e1ximo de energ\u00eda es de 65 W<\/li>\n<li style='margin-bottom: 5px;'>Peso del producto 477 kg.<\/li>\n<li style='margin-bottom: 5px;'>Temperatura de funcionamiento -20\u00b0 a 150\u00b0 F -29 a 66\u00b0 C<\/li>\n<li style='margin-bottom: 5px;'>Humedad relativa 0-90 % (sin condensaci\u00f3n)<\/li>\n<\/ul><\/div>\n<div style='flex: 1 1 300px; min-width: 280px;'>\n<h3 style='font-size: 22px; border-bottom: 2px solid currentColor; padding-bottom: 5px; margin-top: 0; color: inherit; opacity: 0.8;'>Caracter\u00edsticas Destacadas:<\/h3>\n<div style='font-size: 15px; color: inherit;'>\n<p style='margin-bottom: 10px;'>La integraci\u00f3n del torniquete de altura completa MST en sus instalaciones es r\u00e1pida y f\u00e1cil. El MST se integra con pr\u00e1cticamente cualquier control de acceso o sistema de gesti\u00f3n de visitantes y se adapta a una amplia gama de lectores de credenciales. Se proporciona una entrada de sistema contra incendios dedicada y las salidas de paso se pueden monitorear para validar el paso despu\u00e9s de la activaci\u00f3n&comma; o para proporcionar un conteo de personas preciso. El resultado es un torniquete de altura completa en el que conf\u00edan miles de instalaciones en todo el mundo para un control de acceso y una gesti\u00f3n de visitantes superiores.<\/p>\n<\/p><\/div>\n<\/p><\/div>\n<\/p><\/div>\n<div style='display: flex; flex-wrap: wrap; gap: 30px; margin-bottom: 30px;'>\n<div style='flex: 1 1 100%;'> <img style='width: 100%; height: auto; border: 1px solid rgba(150&comma;150&comma;150&comma;0.3); border-radius: 8px;' src='https:\/\/ftp3.syscom.mx\/usuarios\/vestrada\/Alvarado\/Certificacion MST.png' alt=''> <\/div>\n<\/p><\/div>\n<div style='display: flex; flex-wrap: wrap; gap: 30px; margin-bottom: 30px;'>\n<div style='flex: 1 1 100%;'>\n<div style='position: relative; padding-bottom: 56.25%; height: 0; overflow: hidden; margin-bottom: 30px;'>   <\/div>\n<p style='font-size: 14px; color: inherit; margin-top: 10px;'><em>Click sobre la imagen y arrastre para 360\u00b0<\/em><\/p>\n<p> <img style='width: auto; height: auto; border: 1px solid rgba(150&comma;150&comma;150&comma;0.3); border-radius: 8px;' src='http:\/\/www.alvaradomfg.com\/wp-content\/uploads\/2014\/10\/icon_VR_arrow7-80x38.png' alt='icon_VR_arrow' \/> <\/div>\n<\/p><\/div>\n<div style='display: flex; flex-wrap: wrap; gap: 30px; margin-bottom: 30px;'>\n<div style='flex: 1 1 100%;'>\n<h3 style='font-size: 22px; border-bottom: 2px solid currentColor; padding-bottom: 5px; margin-top: 0; color: inherit; opacity: 0.8;'>Opciones de Productos<\/h3>\n<p style='font-size: 15px; color: inherit;'>El torniquete de altura completa MST tiene muchas opciones disponibles&comma; que incluyen:<\/p>\n<ul style='padding-left: 20px; font-size: 15px; color: inherit;'>\n<li style='margin-bottom: 5px;'>Acabados galvanizados&comma; revestidos de energ\u00eda y acero inoxidable.<\/li>\n<li style='margin-bottom: 5px;'>Luces de notificaci\u00f3n de usuario para proporcionar el estado de la credencial presentada (aceptada\/no aceptada).<\/li>\n<li style='margin-bottom: 5px;'>Luces de estado abierto\/cerrado del torniquete.<\/li>\n<li style='margin-bottom: 5px;'>Placas de fijaci\u00f3n del lector de tarjetas.<\/li>\n<li style='margin-bottom: 5px;'>Bater\u00eda de reserva.<\/li>\n<li style='margin-bottom: 5px;'>Monitores de brazo de bloqueo (proporciona una notificaci\u00f3n cuando el torniquete est\u00e1 desbloqueado).<\/li>\n<li style='margin-bottom: 5px;'>Protecci\u00f3n de climatizaci\u00f3n mejorada para entornos exigentes.<\/li>\n<li style='margin-bottom: 5px;'>Fundas protectoras acolchadas para tal\u00f3n\/brazo.<\/li>\n<li style='margin-bottom: 5px;'>Mangas de brazo de cobre para reducir la vida \u00fatil de la superficie y la transmisi\u00f3n de bacterias y virus da\u00f1inos.<\/li>\n<\/ul><\/div>\n<\/p><\/div>\n<div style='display: flex; flex-wrap: wrap; gap: 30px; margin-bottom: 30px;'>\n<div style='flex: 1 1 100%;'>\n<div style='text-align: center; margin: 30px 0;'> <strong style='font-size: 16px; color: inherit;'>COTICE SU TORNIQUETE<\/strong> <br \/> <a style='font-size: 16px; color: #0066cc; text-decoration: none;' href='https:\/\/ingenieria.syscom.mx\/otros\/calculadores\/torniquete_completo\/' target='_blank' rel='noopener'>AQU\u00cd!!<\/a> <\/div>\n<\/p><\/div>\n<\/p><\/div>\n<div style='display: flex; flex-wrap: wrap; gap: 30px; margin-bottom: 30px;'>\n<div style='flex: 1 1 100%;'> <img style='width: 100%; height: auto; border: 1px solid rgba(150&comma;150&comma;150&comma;0.3); border-radius: 8px;' src='https:\/\/ftp3.syscom.mx\/usuarios\/vestrada\/Alvarado\/Aplicaciones.png' alt=''> <\/div>\n<\/p><\/div>\n<\/p><\/div>\n","protected":false},"excerpt":{"rendered":"<p>COTIZAR POR PROYECTO &#8211; Torniquete doble de cuerpo completo bidireccional en acero inoxidable<\/p>\n","protected":false},"featured_media":30435,"comment_status":"open","ping_status":"closed","template":"","meta":[],"product_brand":[],"product_cat":[766],"product_tag":[769,767,759],"class_list":{"0":"post-30436","1":"product","2":"type-product","3":"status-publish","4":"has-post-thumbnail","6":"product_cat-torniquetes-de-cuerpo-completo","7":"product_tag-alvarado","8":"product_tag-torniquetes-de-cuerpo-completo","9":"product_tag-torniquetes-y-puertas-de-cortesia","11":"first","12":"outofstock","13":"sale","14":"shipping-taxable","15":"purchasable","16":"product-type-simple"},"_links":{"self":[{"href":"https:\/\/soydeaqui.ddns.net\/pachuca\/index.php\/wp-json\/wp\/v2\/product\/30436","targetHints":{"allow":["GET"]}}],"collection":[{"href":"https:\/\/soydeaqui.ddns.net\/pachuca\/index.php\/wp-json\/wp\/v2\/product"}],"about":[{"href":"https:\/\/soydeaqui.ddns.net\/pachuca\/index.php\/wp-json\/wp\/v2\/types\/product"}],"replies":[{"embeddable":true,"href":"https:\/\/soydeaqui.ddns.net\/pachuca\/index.php\/wp-json\/wp\/v2\/comments?post=30436"}],"wp:featuredmedia":[{"embeddable":true,"href":"https:\/\/soydeaqui.ddns.net\/pachuca\/index.php\/wp-json\/wp\/v2\/media\/30435"}],"wp:attachment":[{"href":"https:\/\/soydeaqui.ddns.net\/pachuca\/index.php\/wp-json\/wp\/v2\/media?parent=30436"}],"wp:term":[{"taxonomy":"product_brand","embeddable":true,"href":"https:\/\/soydeaqui.ddns.net\/pachuca\/index.php\/wp-json\/wp\/v2\/product_brand?post=30436"},{"taxonomy":"product_cat","embeddable":true,"href":"https:\/\/soydeaqui.ddns.net\/pachuca\/index.php\/wp-json\/wp\/v2\/product_cat?post=30436"},{"taxonomy":"product_tag","embeddable":true,"href":"https:\/\/soydeaqui.ddns.net\/pachuca\/index.php\/wp-json\/wp\/v2\/product_tag?post=30436"}],"curies":[{"name":"wp","href":"https:\/\/api.w.org\/{rel}","templated":true}]}}