{"id":30433,"date":"2026-03-18T13:47:16","date_gmt":"2026-03-18T13:47:16","guid":{"rendered":"https:\/\/soydeaqui.ddns.net\/pachuca\/index.php\/producto\/torniquete-optico-doble-central-serie-supervisor-5000-con-hojas-de-cristal-de-35\/"},"modified":"2026-03-18T13:47:19","modified_gmt":"2026-03-18T13:47:19","slug":"torniquete-optico-doble-central-serie-supervisor-5000-con-hojas-de-cristal-de-35","status":"publish","type":"product","link":"https:\/\/soydeaqui.ddns.net\/pachuca\/index.php\/producto\/torniquete-optico-doble-central-serie-supervisor-5000-con-hojas-de-cristal-de-35\/","title":{"rendered":"TORNIQUETE OPTICO DOBLE (CENTRAL)  SERIE SUPERVISOR 5000 CON HOJAS DE CRISTAL DE 35&#8243;"},"content":{"rendered":"<div style='width: 100%; max-width: 1200px; margin: 0 auto; font-family: sans-serif; line-height: 1.6; color: inherit; background-color: transparent;'> <img style='width: 100%; height: auto; border: 1px solid rgba(150&comma;150&comma;150&comma;0.3); border-radius: 8px;' src='https:\/\/ftp3.syscom.mx\/usuarios\/vestrada\/Alvarado\/SU5000.jpg' alt=''> <\/p>\n<div style='display: flex; flex-wrap: wrap; gap: 30px; margin: 30px 0;'>\n<div style='flex: 1 1 300px; min-width: 280px; border-left: 5px solid #2880b9; border-radius: 5px; padding: 5px; box-shadow: 2px 2px 10px rgba(216&comma;216&comma;216&comma;0.3); background-color: rgba(216&comma;216&comma;216&comma;0.1);'> <strong style='font-size: 18px; color: inherit;'>Caracter\u00edsticas principales:<\/strong> <\/p>\n<ul style='padding-left: 20px; font-size: 15px; color: inherit;'>\n<li style='margin-bottom: 5px;'>Detecci\u00f3n superior de paso no autorizado y presencia no autorizada<\/li>\n<li style='margin-bottom: 5px;'>Los paneles motorizados se abren r\u00e1pida y suavemente lejos del usuario<\/li>\n<li style='margin-bottom: 5px;'>Fuerza de sujeci\u00f3n del panel y velocidad de operaci\u00f3n ajustables por software<\/li>\n<li style='margin-bottom: 5px;'>Control unidireccional o bidireccional<\/li>\n<li style='margin-bottom: 5px;'>Descargue cambios de configuraci\u00f3n y sonidos de audio personalizados a trav\u00e9s de una red TCP\/IP<\/li>\n<li style='margin-bottom: 5px;'>Dise\u00f1ado para un uso continuo y un rendimiento sin mantenimiento<\/li>\n<li style='margin-bottom: 5px;'>Se integra f\u00e1cilmente con los sistemas de control de acceso<\/li>\n<\/ul><\/div>\n<div style='flex: 1 1 300px; min-width: 280px; border-left: 5px solid #2880b9; border-radius: 5px; padding: 5px; box-shadow: 2px 2px 10px rgba(216&comma;216&comma;216&comma;0.3); background-color: rgba(216&comma;216&comma;216&comma;0.1);'> <strong style='font-size: 18px; color: inherit;'>Caracter\u00edsticas F\u00edsicas y El\u00e9ctricas:<\/strong> <\/p>\n<ul style='padding-left: 20px; font-size: 15px; color: inherit;'>\n<li style='margin-bottom: 5px;'>Transformador con clasificaci\u00f3n UL 110-120 VCA&comma; 60 Hz o 220-240 VCA&comma; 50 Hz (opcional)<\/li>\n<li style='margin-bottom: 5px;'>El consumo m\u00e1ximo de energ\u00eda es de 65 W<\/li>\n<li style='margin-bottom: 5px;'>Peso del producto 91 kg.<\/li>\n<li style='margin-bottom: 5px;'>Temperatura de funcionamiento 50\u00b0 a 90\u00b0 F&comma; 10 a 32\u00b0 C<\/li>\n<li style='margin-bottom: 5px;'>Humedad relativa 15-85 % (sin condensaci\u00f3n)<\/li>\n<\/ul><\/div>\n<div style='flex: 1 1 300px; min-width: 280px; border-left: 5px solid #2880b9; border-radius: 5px; padding: 5px; box-shadow: 2px 2px 10px rgba(216&comma;216&comma;216&comma;0.3); background-color: rgba(216&comma;216&comma;216&comma;0.1);'> <strong style='font-size: 18px; color: inherit;'>Caracter\u00edsticas Destacadas:<\/strong> <\/p>\n<p style='font-size: 15px; color: inherit; margin: 0;'>Debajo de un elegante dise\u00f1o exterior se encuentra un verdadero centro neur\u00e1lgico de la tecnolog\u00eda. El SU5000 con barreras giratorias motorizadas bidireccionales es la culminaci\u00f3n de muchos a\u00f1os de experiencia en dise\u00f1o y fabricaci\u00f3n de torniquetes \u00f3pticos de Alvarado.<\/p>\n<\/p><\/div>\n<\/p><\/div>\n<p> <img style='width: 100%; height: auto; border: 1px solid rgba(150&comma;150&comma;150&comma;0.3); border-radius: 8px;' src='https:\/\/ftp3.syscom.mx\/usuarios\/vestrada\/Alvarado\/CertificacionesSU5000.png' alt=''> <\/p>\n<div style='display: flex; flex-wrap: wrap; gap: 30px; margin: 30px 0;'>\n<div style='flex: 1 1 400px; min-width: 300px;'>\n<p><em style='font-size: 15px; color: inherit;'>Click sobre la imagen y arrastre para 360\u00b0<\/em><br \/> <img style='width: 80px; height: 38px; border: 1px solid rgba(150&comma;150&comma;150&comma;0.3);' src='http:\/\/www.alvaradomfg.com\/wp-content\/uploads\/2014\/10\/icon_VR_arrow7-80x38.png' alt='icon_VR_arrow' \/>  <\/p>\n<\/p><\/div>\n<div style='flex: 1 1 400px; min-width: 300px;'>\n<div style='position: relative; padding-bottom: 56.25%; height: 0; overflow: hidden; margin-bottom: 30px;'>   <\/div>\n<\/p><\/div>\n<\/p><\/div>\n<p> <img style='width: 100%; height: auto; border: 1px solid rgba(150&comma;150&comma;150&comma;0.3); border-radius: 8px;' src='https:\/\/ftp3.syscom.mx\/usuarios\/vestrada\/Alvarado\/AplicacionsSU5000.png' alt=''> <\/div>\n","protected":false},"excerpt":{"rendered":"<p>TORNIQUETE OPTICO DOBLE (CENTRAL)  SERIE SUPERVISOR 5000 CON HOJAS DE CRISTAL DE 35&#8243;<\/p>\n","protected":false},"featured_media":30432,"comment_status":"open","ping_status":"closed","template":"","meta":[],"product_brand":[],"product_cat":[774],"product_tag":[769,775,759],"class_list":{"0":"post-30433","1":"product","2":"type-product","3":"status-publish","4":"has-post-thumbnail","6":"product_cat-puertas-de-cortesia","7":"product_tag-alvarado","8":"product_tag-puertas-de-cortesia","9":"product_tag-torniquetes-y-puertas-de-cortesia","11":"first","12":"outofstock","13":"sale","14":"shipping-taxable","15":"purchasable","16":"product-type-simple"},"_links":{"self":[{"href":"https:\/\/soydeaqui.ddns.net\/pachuca\/index.php\/wp-json\/wp\/v2\/product\/30433","targetHints":{"allow":["GET"]}}],"collection":[{"href":"https:\/\/soydeaqui.ddns.net\/pachuca\/index.php\/wp-json\/wp\/v2\/product"}],"about":[{"href":"https:\/\/soydeaqui.ddns.net\/pachuca\/index.php\/wp-json\/wp\/v2\/types\/product"}],"replies":[{"embeddable":true,"href":"https:\/\/soydeaqui.ddns.net\/pachuca\/index.php\/wp-json\/wp\/v2\/comments?post=30433"}],"wp:featuredmedia":[{"embeddable":true,"href":"https:\/\/soydeaqui.ddns.net\/pachuca\/index.php\/wp-json\/wp\/v2\/media\/30432"}],"wp:attachment":[{"href":"https:\/\/soydeaqui.ddns.net\/pachuca\/index.php\/wp-json\/wp\/v2\/media?parent=30433"}],"wp:term":[{"taxonomy":"product_brand","embeddable":true,"href":"https:\/\/soydeaqui.ddns.net\/pachuca\/index.php\/wp-json\/wp\/v2\/product_brand?post=30433"},{"taxonomy":"product_cat","embeddable":true,"href":"https:\/\/soydeaqui.ddns.net\/pachuca\/index.php\/wp-json\/wp\/v2\/product_cat?post=30433"},{"taxonomy":"product_tag","embeddable":true,"href":"https:\/\/soydeaqui.ddns.net\/pachuca\/index.php\/wp-json\/wp\/v2\/product_tag?post=30433"}],"curies":[{"name":"wp","href":"https:\/\/api.w.org\/{rel}","templated":true}]}}