{"id":30430,"date":"2026-03-18T13:47:12","date_gmt":"2026-03-18T13:47:12","guid":{"rendered":"https:\/\/soydeaqui.ddns.net\/pachuca\/index.php\/producto\/torniquete-optico-doble-serie-supervisor-5000-con-hojas-de-cristal-de-46-2\/"},"modified":"2026-03-18T13:47:14","modified_gmt":"2026-03-18T13:47:14","slug":"torniquete-optico-doble-serie-supervisor-5000-con-hojas-de-cristal-de-46-2","status":"publish","type":"product","link":"https:\/\/soydeaqui.ddns.net\/pachuca\/index.php\/producto\/torniquete-optico-doble-serie-supervisor-5000-con-hojas-de-cristal-de-46-2\/","title":{"rendered":"Torniquete \u00d3ptico Doble Serie Supervisor 5000 con hojas de cristal de 46"},"content":{"rendered":"<div style='width: 100%; max-width: 1200px; margin: 0 auto; font-family: sans-serif; line-height: 1.6; color: inherit; background-color: transparent;'> <!-- Imagen principal --> <\/p>\n<div style='margin-bottom: 30px;'> <img style='width: 100%; height: auto; border: 1px solid rgba(150&comma;150&comma;150&comma;0.3); border-radius: 8px;' src='https:\/\/ftp3.syscom.mx\/usuarios\/vestrada\/Alvarado\/SU5000.jpg' alt=''> <\/div>\n<p> <!-- Secci\u00f3n de caracter\u00edsticas --> <\/p>\n<div style='display: flex; flex-wrap: wrap; gap: 30px; margin-bottom: 30px;'>\n<div style='flex: 1 1 300px; min-width: 280px;'>\n<h3 style='font-size: 22px; border-bottom: 2px solid currentColor; padding-bottom: 5px; margin-top: 0; color: inherit; opacity: 0.8;'>Caracter\u00edsticas principales<\/h3>\n<ul style='padding-left: 20px; font-size: 15px; color: inherit;'>\n<li style='margin-bottom: 5px;'>Detecci\u00f3n superior de paso no autorizado y presencia no autorizada<\/li>\n<li style='margin-bottom: 5px;'>Los paneles motorizados se abren r\u00e1pida y suavemente lejos del usuario<\/li>\n<li style='margin-bottom: 5px;'>Fuerza de sujeci\u00f3n del panel y velocidad de operaci\u00f3n ajustables por software<\/li>\n<li style='margin-bottom: 5px;'>Control unidireccional o bidireccional<\/li>\n<li style='margin-bottom: 5px;'>Descargue cambios de configuraci\u00f3n y sonidos de audio personalizados a trav\u00e9s de una red TCP\/IP<\/li>\n<li style='margin-bottom: 5px;'>Dise\u00f1ado para un uso continuo y un rendimiento sin mantenimiento<\/li>\n<li style='margin-bottom: 5px;'>Se integra f\u00e1cilmente con los sistemas de control de acceso<\/li>\n<\/ul><\/div>\n<div style='flex: 1 1 300px; min-width: 280px;'>\n<h3 style='font-size: 22px; border-bottom: 2px solid currentColor; padding-bottom: 5px; margin-top: 0; color: inherit; opacity: 0.8;'>Caracter\u00edsticas F\u00edsicas y El\u00e9ctricas<\/h3>\n<ul style='padding-left: 20px; font-size: 15px; color: inherit;'>\n<li style='margin-bottom: 5px;'>Transformador con clasificaci\u00f3n UL 110-120 VCA&comma; 60 Hz o 220-240 VCA&comma; 50 Hz (opcional)<\/li>\n<li style='margin-bottom: 5px;'>El consumo m\u00e1ximo de energ\u00eda es de 65 W<\/li>\n<li style='margin-bottom: 5px;'>Peso del producto 91 kg.<\/li>\n<li style='margin-bottom: 5px;'>Temperatura de funcionamiento 50\u00b0 a 90\u00b0 F&comma; 10 a 32\u00b0 C<\/li>\n<li style='margin-bottom: 5px;'>Humedad relativa 15-85 % (sin condensaci\u00f3n)<\/li>\n<\/ul><\/div>\n<div style='flex: 1 1 300px; min-width: 280px;'>\n<h3 style='font-size: 22px; border-bottom: 2px solid currentColor; padding-bottom: 5px; margin-top: 0; color: inherit; opacity: 0.8;'>Caracter\u00edsticas Destacadas<\/h3>\n<p style='font-size: 15px; color: inherit; margin: 0 0 15px 0;'>Debajo de un elegante dise\u00f1o exterior se encuentra un verdadero centro neur\u00e1lgico de la tecnolog\u00eda. El SU5000 con barreras giratorias motorizadas bidireccionales es la culminaci\u00f3n de muchos a\u00f1os de experiencia en dise\u00f1o y fabricaci\u00f3n de torniquetes \u00f3pticos de Alvarado.<\/p>\n<\/p><\/div>\n<\/p><\/div>\n<p> <!-- Imagen de certificaciones --> <\/p>\n<div style='margin-bottom: 30px;'> <img style='width: 100%; height: auto; border: 1px solid rgba(150&comma;150&comma;150&comma;0.3); border-radius: 8px;' src='https:\/\/ftp3.syscom.mx\/usuarios\/vestrada\/Alvarado\/CertificacionesSU5000.png' alt=''> <\/div>\n<p> <!-- Secci\u00f3n de contenido adicional --> <\/p>\n<div style='display: flex; flex-wrap: wrap; gap: 30px; margin-bottom: 30px;'>\n<div style='flex: 1 1 400px; min-width: 300px;'>\n<p style='font-size: 14px; color: inherit; margin: 0 0 10px 0;'><em>Click sobre la imagen y arrastre para 360\u00b0<\/em><\/p>\n<div style='position: relative; margin-bottom: 15px;'> <img style='width: 80px; height: auto; border: 1px solid rgba(150&comma;150&comma;150&comma;0.3); border-radius: 8px;' src='http:\/\/www.alvaradomfg.com\/wp-content\/uploads\/2014\/10\/icon_VR_arrow7-80x38.png' alt='icon_VR_arrow'> <\/div>\n<div style='position: relative; padding-bottom: 100%; height: 0; overflow: hidden;'>   <\/div>\n<\/p><\/div>\n<div style='flex: 1 1 400px; min-width: 300px;'>\n<div style='position: relative; padding-bottom: 56.25%; height: 0; overflow: hidden;'>   <\/div>\n<\/p><\/div>\n<\/p><\/div>\n<p> <!-- Imagen de aplicaciones --> <\/p>\n<div style='margin-bottom: 30px;'> <img style='width: 100%; height: auto; border: 1px solid rgba(150&comma;150&comma;150&comma;0.3); border-radius: 8px;' src='https:\/\/ftp3.syscom.mx\/usuarios\/vestrada\/Alvarado\/AplicacionsSU5000.png' alt=''> <\/div>\n<\/p><\/div>\n","protected":false},"excerpt":{"rendered":"<p>Torniquete \u00d3ptico Doble Serie Supervisor 5000 con hojas de cristal de 46<\/p>\n","protected":false},"featured_media":30429,"comment_status":"open","ping_status":"closed","template":"","meta":[],"product_brand":[],"product_cat":[774],"product_tag":[769,775,759],"class_list":{"0":"post-30430","1":"product","2":"type-product","3":"status-publish","4":"has-post-thumbnail","6":"product_cat-puertas-de-cortesia","7":"product_tag-alvarado","8":"product_tag-puertas-de-cortesia","9":"product_tag-torniquetes-y-puertas-de-cortesia","11":"first","12":"outofstock","13":"sale","14":"shipping-taxable","15":"purchasable","16":"product-type-simple"},"_links":{"self":[{"href":"https:\/\/soydeaqui.ddns.net\/pachuca\/index.php\/wp-json\/wp\/v2\/product\/30430","targetHints":{"allow":["GET"]}}],"collection":[{"href":"https:\/\/soydeaqui.ddns.net\/pachuca\/index.php\/wp-json\/wp\/v2\/product"}],"about":[{"href":"https:\/\/soydeaqui.ddns.net\/pachuca\/index.php\/wp-json\/wp\/v2\/types\/product"}],"replies":[{"embeddable":true,"href":"https:\/\/soydeaqui.ddns.net\/pachuca\/index.php\/wp-json\/wp\/v2\/comments?post=30430"}],"wp:featuredmedia":[{"embeddable":true,"href":"https:\/\/soydeaqui.ddns.net\/pachuca\/index.php\/wp-json\/wp\/v2\/media\/30429"}],"wp:attachment":[{"href":"https:\/\/soydeaqui.ddns.net\/pachuca\/index.php\/wp-json\/wp\/v2\/media?parent=30430"}],"wp:term":[{"taxonomy":"product_brand","embeddable":true,"href":"https:\/\/soydeaqui.ddns.net\/pachuca\/index.php\/wp-json\/wp\/v2\/product_brand?post=30430"},{"taxonomy":"product_cat","embeddable":true,"href":"https:\/\/soydeaqui.ddns.net\/pachuca\/index.php\/wp-json\/wp\/v2\/product_cat?post=30430"},{"taxonomy":"product_tag","embeddable":true,"href":"https:\/\/soydeaqui.ddns.net\/pachuca\/index.php\/wp-json\/wp\/v2\/product_tag?post=30430"}],"curies":[{"name":"wp","href":"https:\/\/api.w.org\/{rel}","templated":true}]}}