{"id":30372,"date":"2026-03-18T13:45:47","date_gmt":"2026-03-18T13:45:47","guid":{"rendered":"https:\/\/soydeaqui.ddns.net\/pachuca\/index.php\/producto\/controlador-de-acceso-4-puertas-funcion-adms-push-incluida-alta-seguridad-3-anos-de-garantia-biometria-integrada-20000-huellas-software-de-integracion-zkbiocvsecurity\/"},"modified":"2026-03-18T13:45:51","modified_gmt":"2026-03-18T13:45:51","slug":"controlador-de-acceso-4-puertas-funcion-adms-push-incluida-alta-seguridad-3-anos-de-garantia-biometria-integrada-20000-huellas-software-de-integracion-zkbiocvsecurity","status":"publish","type":"product","link":"https:\/\/soydeaqui.ddns.net\/pachuca\/index.php\/producto\/controlador-de-acceso-4-puertas-funcion-adms-push-incluida-alta-seguridad-3-anos-de-garantia-biometria-integrada-20000-huellas-software-de-integracion-zkbiocvsecurity\/","title":{"rendered":"Controlador de Acceso \/ 4 PUERTAS \/ Funcion ADMS PUSH Incluida \/ Alta Seguridad \/ 3 A\u00f1os de Garant\u00eda \/ Biometr\u00eda Integrada \/ 20,000 Huellas \/ Software de integraci\u00f3n ZKBioCVSecurity"},"content":{"rendered":"<div style='width: 100%; max-width: 1200px; margin: 0 auto; font-family: sans-serif; line-height: 1.6; color: inherit; background-color: transparent;'>\n<div style='display: flex; flex-wrap: wrap; gap: 30px; margin-bottom: 30px;'>\n<div style='flex: 1 1 300px; min-width: 280px;'>\n<h3 style='font-size: 22px; border-bottom: 2px solid currentColor; padding-bottom: 5px; margin-top: 0; color: inherit; opacity: 0.8;'>Descripci\u00f3n General<\/h3>\n<p>InBio Pro es un panel de control de acceso que aplica un firmware con tecnolog\u00eda PUSH y sincronizaci\u00f3n autom\u00e1tica.<\/p>\n<p>Es compatible con el software basado en web ZKBioCVSecurity&comma; que ofrece una soluci\u00f3n todo en uno&comma; no s\u00f3lo para el control de acceso sino tambi\u00e9n para la vinculaci\u00f3n de video&comma; control de ascensores y la gesti\u00f3n de visitantes.<\/p>\n<p>Fabricado con materiales amigables y seguros para el medio ambiente&comma; InBio Pro es sin duda la opci\u00f3n m\u00e1s confiable.<\/p>\n<\/p><\/div>\n<\/p><\/div>\n<div style='position: relative; padding-bottom: 56.25%; height: 0; overflow: hidden; margin-bottom: 30px;'>   <\/div>\n<div style='display: flex; flex-wrap: wrap; gap: 20px; margin-bottom: 30px;'>\n<div style='flex: 1 1 250px; border: 1px solid rgba(150&comma; 150&comma; 150&comma; 0.4); border-radius: 8px; overflow: hidden; display: flex; flex-direction: column;'>\n<div style='padding: 15px; border-bottom: 1px solid rgba(150&comma; 150&comma; 150&comma; 0.2); font-weight: bold; font-size: 18px; color: inherit;'>Funciones<\/div>\n<div style='padding: 15px; color: inherit;'>\n<ul style='padding-left: 20px; margin: 0; font-size: 14px; list-style-type: disc;'>\n<li style='margin-bottom: 5px;'>Control de Acceso<\/li>\n<\/ul><\/div>\n<\/p><\/div>\n<div style='flex: 1 1 250px; border: 1px solid rgba(150&comma; 150&comma; 150&comma; 0.4); border-radius: 8px; overflow: hidden; display: flex; flex-direction: column;'>\n<div style='padding: 15px; border-bottom: 1px solid rgba(150&comma; 150&comma; 150&comma; 0.2); font-weight: bold; font-size: 18px; color: inherit;'>Capacidad<\/div>\n<div style='padding: 15px; color: inherit;'>\n<ul style='padding-left: 20px; margin: 0; font-size: 14px; list-style-type: disc;'>\n<li style='margin-bottom: 5px;'><strong>Huellas:<\/strong> 20&comma;000<\/li>\n<li style='margin-bottom: 5px;'><strong>Tarjetas:<\/strong> 30&comma;000<\/li>\n<li style='margin-bottom: 5px;'><strong>Eventos:<\/strong> 100&comma;000 (Memoria de Eventos Expandible con Memoria SD&comma; hasta 32GB)<\/li>\n<\/ul><\/div>\n<\/p><\/div>\n<div style='flex: 1 1 250px; border: 1px solid rgba(150&comma; 150&comma; 150&comma; 0.4); border-radius: 8px; overflow: hidden; display: flex; flex-direction: column;'>\n<div style='padding: 15px; border-bottom: 1px solid rgba(150&comma; 150&comma; 150&comma; 0.2); font-weight: bold; font-size: 18px; color: inherit;'>Comunicaci\u00f3n<\/div>\n<div style='padding: 15px; color: inherit;'>\n<ul style='padding-left: 20px; margin: 0; font-size: 14px; list-style-type: disc;'>\n<li style='margin-bottom: 5px;'>TCP\/IP<\/li>\n<li style='margin-bottom: 5px;'>Entrada Wiegand Multi-Formato<\/li>\n<\/ul><\/div>\n<\/p><\/div>\n<div style='flex: 1 1 250px; border: 1px solid rgba(150&comma; 150&comma; 150&comma; 0.4); border-radius: 8px; overflow: hidden; display: flex; flex-direction: column;'>\n<div style='padding: 15px; border-bottom: 1px solid rgba(150&comma; 150&comma; 150&comma; 0.2); font-weight: bold; font-size: 18px; color: inherit;'>Hardware<\/div>\n<div style='padding: 15px; color: inherit;'>\n<ul style='padding-left: 20px; margin: 0; font-size: 14px; list-style-type: disc;'>\n<li style='margin-bottom: 5px;'>Gabinete Met\u00e1lico<\/li>\n<li style='margin-bottom: 5px;'>Incluye Fuente de 12Vcc \/ 5A con Cargador<\/li>\n<\/ul><\/div>\n<\/p><\/div>\n<div style='flex: 1 1 250px; border: 1px solid rgba(150&comma; 150&comma; 150&comma; 0.4); border-radius: 8px; overflow: hidden; display: flex; flex-direction: column;'>\n<div style='padding: 15px; border-bottom: 1px solid rgba(150&comma; 150&comma; 150&comma; 0.2); font-weight: bold; font-size: 18px; color: inherit;'>Funciones de Control de Acceso<\/div>\n<div style='padding: 15px; color: inherit;'>\n<ul style='padding-left: 20px; margin: 0; font-size: 14px; list-style-type: disc;'>\n<li style='margin-bottom: 5px;'>Control de Acceso por Horarios y Puertas<\/li>\n<li style='margin-bottom: 5px;'>M\u00e9todos de Verificaci\u00f3n Combinables: Huella + Tarjeta (Con Lector F12)<\/li>\n<li style='margin-bottom: 5px;'>Verificaci\u00f3n Multi-Usuario<\/li>\n<li style='margin-bottom: 5px;'>Esclusamiento<\/li>\n<li style='margin-bottom: 5px;'>Anti-Passback<\/li>\n<\/ul><\/div>\n<\/p><\/div>\n<div style='flex: 1 1 250px; border: 1px solid rgba(150&comma; 150&comma; 150&comma; 0.4); border-radius: 8px; overflow: hidden; display: flex; flex-direction: column;'>\n<div style='padding: 15px; border-bottom: 1px solid rgba(150&comma; 150&comma; 150&comma; 0.2); font-weight: bold; font-size: 18px; color: inherit;'>Conexiones<\/div>\n<div style='padding: 15px; color: inherit;'>\n<ul style='padding-left: 20px; margin: 0; font-size: 14px; list-style-type: disc;'>\n<li style='margin-bottom: 5px;'>4 Salidas de Relevador NC\/NO\/COM Para Chapas<\/li>\n<li style='margin-bottom: 5px;'>4 Salidas de Relevador Auxiliares NC\/NO\/COM<\/li>\n<li style='margin-bottom: 5px;'>4 Entradas Auxiliares de contacto seco<\/li>\n<li style='margin-bottom: 5px;'>Bot\u00f3n de Salida y Sensor Magn\u00e9tico por Puerta<\/li>\n<\/ul><\/div>\n<\/p><\/div>\n<div style='flex: 1 1 250px; border: 1px solid rgba(150&comma; 150&comma; 150&comma; 0.4); border-radius: 8px; overflow: hidden; display: flex; flex-direction: column;'>\n<div style='padding: 15px; border-bottom: 1px solid rgba(150&comma; 150&comma; 150&comma; 0.2); font-weight: bold; font-size: 18px; color: inherit;'>Alimentaci\u00f3n<\/div>\n<div style='padding: 15px; color: inherit;'>\n<ul style='padding-left: 20px; margin: 0; font-size: 14px; list-style-type: disc;'>\n<li style='margin-bottom: 5px;'>12Vcc \/ 220mA<\/li>\n<\/ul><\/div>\n<\/p><\/div>\n<div style='flex: 1 1 250px; border: 1px solid rgba(150&comma; 150&comma; 150&comma; 0.4); border-radius: 8px; overflow: hidden; display: flex; flex-direction: column;'>\n<div style='padding: 15px; border-bottom: 1px solid rgba(150&comma; 150&comma; 150&comma; 0.2); font-weight: bold; font-size: 18px; color: inherit;'>Lectores Compatibles<\/div>\n<div style='padding: 15px; color: inherit;'>\n<ul style='padding-left: 20px; margin: 0; font-size: 14px; list-style-type: disc;'>\n<li style='margin-bottom: 5px;'>Lectores Biom\u00e9tricos:<\/li>\n<li style='margin-bottom: 5px;'>\u2022 Lector de Huella y Proximidad F12 para Interior \/ Exterior. Soporta hasta 8 Lectores F12 \/ FR1500 (Lector de Entrada y Salida)<\/li>\n<li style='margin-bottom: 5px;'>\u2022 Lector de QR&comma; Proximidad y contrase\u00f1a <a style='color: inherit; text-decoration: underline;' href='https:\/\/www.syscom.mx\/principal\/searchcont?route=QR-600-HKE-ZKTECO-211277&#038;autodetect=zkteco'>QR-600-HKE<\/a><\/li>\n<li style='margin-bottom: 5px;'>\u2022 Lector USB ZK9500 para registro de huellas<\/li>\n<li style='margin-bottom: 5px;'>Proximidad:<\/li>\n<li style='margin-bottom: 5px;'>\u2022 SYSKR600E y SYSKR601E. Soporta 1 lector por puerta<\/li>\n<li style='margin-bottom: 5px;'>Lectores de Largo Alcance:<\/li>\n<li style='margin-bottom: 5px;'>\u2022 PRO6RF y PRO12RF<\/li>\n<\/ul><\/div>\n<\/p><\/div>\n<div style='flex: 1 1 250px; border: 1px solid rgba(150&comma; 150&comma; 150&comma; 0.4); border-radius: 8px; overflow: hidden; display: flex; flex-direction: column;'>\n<div style='padding: 15px; border-bottom: 1px solid rgba(150&comma; 150&comma; 150&comma; 0.2); font-weight: bold; font-size: 18px; color: inherit;'>Informaci\u00f3n Adicional<\/div>\n<div style='padding: 15px; color: inherit;'>\n<ul style='padding-left: 20px; margin: 0; font-size: 14px; list-style-type: disc;'>\n<li style='margin-bottom: 5px;'>Temperatura de Operaci\u00f3n: 0 a 55 \u00b0C<\/li>\n<li style='margin-bottom: 5px;'>Dimensiones: 350 x 300 x 90 mm<\/li>\n<li style='margin-bottom: 5px;'>3 A\u00f1os de Garant\u00eda<\/li>\n<\/ul><\/div>\n<\/p><\/div>\n<div style='flex: 1 1 250px; border: 1px solid rgba(150&comma; 150&comma; 150&comma; 0.4); border-radius: 8px; overflow: hidden; display: flex; flex-direction: column;'>\n<div style='padding: 15px; border-bottom: 1px solid rgba(150&comma; 150&comma; 150&comma; 0.2); font-weight: bold; font-size: 18px; color: inherit;'>Notas<\/div>\n<div style='padding: 15px; color: inherit;'>\n<p style='margin: 0; font-size: 14px;'>Solo se da soporte al software adquirido en SYSCOM y siempre y cuando se utilice el mismo motor de base de datos que se incluye. Cualquier otra implementaci\u00f3n hacia otro software u otra versi\u00f3n de base de datos; es responsabilidad del integrador o desarrollador a cargo.<\/p>\n<\/p><\/div>\n<\/p><\/div>\n<\/p><\/div>\n<div style='display: flex; flex-wrap: wrap; gap: 30px; margin-bottom: 30px;'>\n<div style='flex: 1 1 300px; min-width: 280px;'>\n<h3 style='font-size: 22px; border-bottom: 2px solid currentColor; padding-bottom: 5px; margin-top: 0; color: inherit; opacity: 0.8;'>Caracter\u00edsticas de Seguridad<\/h3>\n<ul style='padding-left: 20px; font-size: 15px; color: inherit;'>\n<li style='margin-bottom: 5px;'><strong>Biometr\u00eda Integrada:<\/strong> Soporta hasta 20&comma;000 huellas<\/li>\n<li style='margin-bottom: 5px;'><strong>Funci\u00f3n ADMS PUSH:<\/strong> Incluida<\/li>\n<li style='margin-bottom: 5px;'><strong>Alta Seguridad:<\/strong> Verificaci\u00f3n mediante combinaci\u00f3n de m\u00e9todos (Huella + Tarjeta)<\/li>\n<\/ul><\/div>\n<\/p><\/div>\n<hr style='border: 0; border-top: 1px solid rgba(150&comma; 150&comma; 150&comma; 0.3); margin: 30px 0;'> <\/div>\n","protected":false},"excerpt":{"rendered":"<p>Controlador de Acceso \/ 4 PUERTAS \/ Funcion ADMS PUSH Incluida \/ Alta Seguridad \/ 3 A\u00f1os de Garant\u00eda \/ Biometr\u00eda Integrada \/ 20,000 Huellas \/ Software de integraci\u00f3n ZKBioCVSecurity<\/p>\n","protected":false},"featured_media":30371,"comment_status":"open","ping_status":"closed","template":"","meta":[],"product_brand":[],"product_cat":[783],"product_tag":[785,784,844],"class_list":{"0":"post-30372","1":"product","2":"type-product","3":"status-publish","4":"has-post-thumbnail","6":"product_cat-controladores-de-acceso","7":"product_tag-controladores-de-acceso","8":"product_tag-paneles-de-control-de-acceso","9":"product_tag-zkteco","11":"first","12":"instock","13":"sale","14":"shipping-taxable","15":"purchasable","16":"product-type-simple"},"_links":{"self":[{"href":"https:\/\/soydeaqui.ddns.net\/pachuca\/index.php\/wp-json\/wp\/v2\/product\/30372","targetHints":{"allow":["GET"]}}],"collection":[{"href":"https:\/\/soydeaqui.ddns.net\/pachuca\/index.php\/wp-json\/wp\/v2\/product"}],"about":[{"href":"https:\/\/soydeaqui.ddns.net\/pachuca\/index.php\/wp-json\/wp\/v2\/types\/product"}],"replies":[{"embeddable":true,"href":"https:\/\/soydeaqui.ddns.net\/pachuca\/index.php\/wp-json\/wp\/v2\/comments?post=30372"}],"wp:featuredmedia":[{"embeddable":true,"href":"https:\/\/soydeaqui.ddns.net\/pachuca\/index.php\/wp-json\/wp\/v2\/media\/30371"}],"wp:attachment":[{"href":"https:\/\/soydeaqui.ddns.net\/pachuca\/index.php\/wp-json\/wp\/v2\/media?parent=30372"}],"wp:term":[{"taxonomy":"product_brand","embeddable":true,"href":"https:\/\/soydeaqui.ddns.net\/pachuca\/index.php\/wp-json\/wp\/v2\/product_brand?post=30372"},{"taxonomy":"product_cat","embeddable":true,"href":"https:\/\/soydeaqui.ddns.net\/pachuca\/index.php\/wp-json\/wp\/v2\/product_cat?post=30372"},{"taxonomy":"product_tag","embeddable":true,"href":"https:\/\/soydeaqui.ddns.net\/pachuca\/index.php\/wp-json\/wp\/v2\/product_tag?post=30372"}],"curies":[{"name":"wp","href":"https:\/\/api.w.org\/{rel}","templated":true}]}}