{"id":3036,"date":"2026-03-18T06:03:50","date_gmt":"2026-03-18T06:03:50","guid":{"rendered":"https:\/\/soydeaqui.ddns.net\/pachuca\/index.php\/producto\/detector-de-humo-autonomo-no-requiere-panel-bateria-sellada-de-litio-por-10-anos-sensor-por-ionizacion-sin-cableado\/"},"modified":"2026-03-18T06:03:52","modified_gmt":"2026-03-18T06:03:52","slug":"detector-de-humo-autonomo-no-requiere-panel-bateria-sellada-de-litio-por-10-anos-sensor-por-ionizacion-sin-cableado","status":"publish","type":"product","link":"https:\/\/soydeaqui.ddns.net\/pachuca\/index.php\/producto\/detector-de-humo-autonomo-no-requiere-panel-bateria-sellada-de-litio-por-10-anos-sensor-por-ionizacion-sin-cableado\/","title":{"rendered":"Detector de Humo Aut\u00f3nomo, No Requiere Panel, Bater\u00eda Sellada de Litio por 10 a\u00f1os, Sensor por Ionizaci\u00f3n, Sin cableado"},"content":{"rendered":"<div style='width: 100%; max-width: 1200px; margin: 0 auto; font-family: sans-serif; line-height: 1.6; color: inherit; background-color: transparent;'>\n<div style='display: flex; flex-direction: column; gap: 30px;'>\n<div>\n<p style='text-align: justify; margin-bottom: 15px;'>El detector de humo de ionizaci\u00f3n sellado First Alert 0827 cuenta con una bater\u00eda de litio sellada de 10 a\u00f1os&comma; lo que elimina la necesidad de reemplazar la bater\u00eda durante la vida \u00fatil de la alarma. Este detector de incendios con sensor de ionizaci\u00f3n tiene un dise\u00f1o a prueba de manipulaciones&comma; una funci\u00f3n de silenciamiento&comma; un LED de alimentaci\u00f3n e indicador de alarma&comma; advertencia de fin de vida \u00fatil y un solo bot\u00f3n de prueba.<\/p>\n<ul style='padding-left: 20px; font-size: 15px; color: inherit;'>\n<li style='margin-bottom: 5px;'>Incluye indicador LED de estado de alarma de humo&comma; se\u00f1al de fin de vida \u00fatil y bot\u00f3n de prueba\/silencio<\/li>\n<li style='margin-bottom: 5px;'>Detector de humo con celda de energ\u00eda de litio de 3 voltios de 10 a\u00f1os incorporada<\/li>\n<li style='margin-bottom: 5px;'>Sensor de ionizaci\u00f3n para una detecci\u00f3n de humo eficiente<\/li>\n<li style='margin-bottom: 5px;'>Cumple con la legislaci\u00f3n actual de 10 a\u00f1os en los estados\/ciudades donde se requiera<\/li>\n<li style='margin-bottom: 5px;'>El dise\u00f1o a prueba de manipulaciones evita que se extraigan las bater\u00edas<\/li>\n<\/ul><\/div>\n<div>\n<h3 style='font-size: 22px; border-bottom: 2px solid currentColor; padding-bottom: 5px; margin-top: 0; color: inherit; opacity: 0.8;'>Caracter\u00edsticas Generales<\/h3>\n<div style='margin-bottom: 20px;'>\n<h4 style='font-size: 18px; margin-top: 0; color: inherit;'>Sin cambios de bater\u00eda durante la vida \u00fatil de la alarma<\/h4>\n<p style='text-align: justify; margin-bottom: 10px;'>La alarma de humo de ionizaci\u00f3n sellada First Alert 0827B cuenta con una celda de energ\u00eda de litio de 3 voltios incorporada que dura 10 a\u00f1os&comma; por lo que nunca tendr\u00e1 que preocuparse por los cambios de bater\u00eda durante la vida \u00fatil de la alarma. El uso de un sistema detector de humo con una bater\u00eda sellada brinda lo \u00faltimo en longevidad y seguridad&comma; evitando posibles fallas en la protecci\u00f3n.<\/p>\n<\/p><\/div>\n<div style='margin-bottom: 20px;'>\n<h4 style='font-size: 18px; margin-top: 0; color: inherit;'>El dise\u00f1o a prueba de manipulaciones evita que se extraiga la bater\u00eda<\/h4>\n<p style='text-align: justify; margin-bottom: 10px;'>Gracias a un dise\u00f1o a prueba de manipulaciones&comma; las bater\u00edas del detector de humo de ionizaci\u00f3n sellado First Alert 0827B no se pueden quitar. Este detector de humo cumple con la legislaci\u00f3n actual de 10 a\u00f1os en los estados\/ciudades donde se requiere&comma; lo que lo convierte en una gran adici\u00f3n para cualquier cantidad de propiedades donde se requieren alarmas selladas\/a prueba de manipulaciones.<\/p>\n<\/p><\/div>\n<div style='margin-bottom: 20px;'>\n<h4 style='font-size: 18px; margin-top: 0; color: inherit;'>Funciones f\u00e1ciles de usar<\/h4>\n<p style='margin-bottom: 10px;'>Si la alarma se activa accidentalmente&comma; simplemente presione el bot\u00f3n de silencio para detener el ruido. El mismo bot\u00f3n le permite probar la alarma para asegurarse de que funciona correctamente. Un indicador LED parpadea para informarle que el detector de humo recibe energ\u00eda y funciona con regularidad. Cuando la alarma llegue al final de su vida \u00fatil&comma; sonar\u00e1 una vez por minuto para avisarle que la bater\u00eda est\u00e1 casi agotada. Esta alarma de humo cuenta con un sistema Perfect Mount para una f\u00e1cil alineaci\u00f3n e instalaci\u00f3n.<\/p>\n<\/p><\/div>\n<div style='margin-bottom: 20px;'>\n<h4 style='font-size: 18px; margin-top: 0; color: inherit;'>El sensor de ionizaci\u00f3n detecta de forma fiable incendios con llamas<\/h4>\n<p style='text-align: justify; margin-bottom: 10px;'>El detector de humo de ionizaci\u00f3n de bater\u00eda sellada de 10 a\u00f1os First Alert viene equipado con un sensor de ionizaci\u00f3n ultra confiable para proporcionar la advertencia m\u00e1s temprana posible de un incendio de llama r\u00e1pida. El sensor est\u00e1 optimizado para detectar incendios con llamas&comma; como los causados por papel&comma; grasa de cocina y otros materiales de combusti\u00f3n r\u00e1pida.<\/p>\n<\/p><\/div>\n<\/p><\/div>\n<div>\n<h3 style='font-size: 22px; border-bottom: 2px solid currentColor; padding-bottom: 5px; margin-top: 0; color: inherit; opacity: 0.8;'>Caracter\u00edsticas del detector<\/h3>\n<div style='display: flex; flex-wrap: wrap; gap: 20px;'>\n<div style='flex: 1 1 250px; border: 1px solid rgba(150&comma; 150&comma; 150&comma; 0.4); border-radius: 8px; overflow: hidden; display: flex; flex-direction: column;'>\n<div style='padding: 15px; border-bottom: 1px solid rgba(150&comma; 150&comma; 150&comma; 0.2); font-weight: bold; font-size: 18px; color: inherit;'>Especificaciones<\/div>\n<div style='padding: 15px; color: inherit;'>\n<ul style='padding-left: 20px; margin: 0; font-size: 14px; list-style-type: disc;'>\n<li style='margin-bottom: 5px;'><strong>Modelo:<\/strong> SA350B (0827B)<\/li>\n<li style='margin-bottom: 5px;'><strong>Garant\u00eda:<\/strong> Limitada de 10 a\u00f1os con fabricante<\/li>\n<li style='margin-bottom: 5px;'><strong>Salida de sirena:<\/strong> 85dB<\/li>\n<li style='margin-bottom: 5px;'><strong>Bot\u00f3n:<\/strong> Para prueba y silenciar<\/li>\n<li style='margin-bottom: 5px;'><strong>Aviso de bater\u00eda baja:<\/strong> S\u00ed<\/li>\n<li style='margin-bottom: 5px;'><strong>Tipo de producto:<\/strong> Detector de humo<\/li>\n<li style='margin-bottom: 5px;'><strong>Tipo de sensor:<\/strong> Ionizaci\u00f3n<\/li>\n<li style='margin-bottom: 5px;'><strong>Fuente de alimentaci\u00f3n:<\/strong> Bater\u00eda de litio sellada<\/li>\n<li style='margin-bottom: 5px;'><strong>Vida de bater\u00eda:<\/strong> 10 a\u00f1os no reemplazable<\/li>\n<li style='margin-bottom: 5px;'><strong>Interconectividad inal\u00e1mbrica:<\/strong> No<\/li>\n<li style='margin-bottom: 5px;'><strong>Est\u00e1ndares:<\/strong> UL 217<\/li>\n<\/ul><\/div>\n<\/p><\/div>\n<div style='flex: 1 1 250px; border: 1px solid rgba(150&comma; 150&comma; 150&comma; 0.4); border-radius: 8px; overflow: hidden; display: flex; flex-direction: column;'>\n<div style='padding: 15px; border-bottom: 1px solid rgba(150&comma; 150&comma; 150&comma; 0.2); font-weight: bold; font-size: 18px; color: inherit;'>Dimensiones<\/div>\n<div style='padding: 15px; color: inherit;'>\n<ul style='padding-left: 20px; margin: 0; font-size: 14px; list-style-type: disc;'>\n<li style='margin-bottom: 5px;'><strong>Altura:<\/strong> 5.7 in (145 mm)<\/li>\n<li style='margin-bottom: 5px;'><strong>Longitud:<\/strong> 5.7 in (145 mm)<\/li>\n<li style='margin-bottom: 5px;'><strong>Ancho:<\/strong> 2.25 in (57 mm)<\/li>\n<li style='margin-bottom: 5px;'><strong>Peso:<\/strong> 0.55 lb (250 g)<\/li>\n<\/ul><\/div>\n<\/p><\/div>\n<\/p><\/div>\n<\/p><\/div>\n<div>\n<p style='text-align: justify; margin-bottom: 15px;'>Los detectores de humo ayudan a brindar una alerta temprana en caso de una emergencia. First Alert ha estado protegiendo hogares y familias desde 1958 y se enorgullece de ofrecer una variedad de opciones de instalaciones f\u00e1ciles y confiables para detectores de humo dom\u00e9sticos.<\/p>\n<p style='text-align: justify; margin-bottom: 15px;'>Seg\u00fan la Asociaci\u00f3n Nacional de Protecci\u00f3n contra Incendios NFPA&comma; los detectores de incendios deben instalarse en todos los niveles de su hogar&comma; incluido el s\u00f3tano&comma; y dentro de cada dormitorio. Recuerde probar los detectores de humo de su hogar al menos una vez al mes y cambie las bater\u00edas cada seis meses. Actualice a un detector de humo que funcione con bater\u00eda sellada de 10 a\u00f1os para eliminar la necesidad de reemplazar la bater\u00eda durante la vida \u00fatil de la alarma contra incendios. Todos los detectores de humo deben reemplazarse al menos cada 10 a\u00f1os.<\/p>\n<\/p><\/div>\n<p> <!-- Videos --> <\/p>\n<div style='display: flex; flex-direction: column; gap: 30px;'>\n<div style='position: relative; padding-bottom: 56.25%; height: 0; overflow: hidden;'>   <\/div>\n<div style='position: relative; padding-bottom: 56.25%; height: 0; overflow: hidden;'>   <\/div>\n<div style='position: relative; padding-bottom: 56.25%; height: 0; overflow: hidden;'>   <\/div>\n<div style='position: relative; padding-bottom: 56.25%; height: 0; overflow: hidden;'>   <\/div>\n<\/p><\/div>\n<\/p><\/div>\n<p> <!-- Separador final --> <\/p>\n<hr style='border: 0; border-top: 1px solid rgba(150&comma; 150&comma; 150&comma; 0.3); margin: 30px 0;'> <\/div>\n","protected":false},"excerpt":{"rendered":"<p>Detector de Humo Aut\u00f3nomo, No Requiere Panel, Bater\u00eda Sellada de Litio por 10 a\u00f1os, Sensor por Ionizaci\u00f3n, Sin cableado<\/p>\n","protected":false},"featured_media":3035,"comment_status":"open","ping_status":"closed","template":"","meta":[],"product_brand":[],"product_cat":[230],"product_tag":[231,19,66],"class_list":{"0":"post-3036","1":"product","2":"type-product","3":"status-publish","4":"has-post-thumbnail","6":"product_cat-autonomos","7":"product_tag-autonomos","8":"product_tag-detectores-sensores","9":"product_tag-first-alert","11":"first","12":"outofstock","13":"sale","14":"shipping-taxable","15":"purchasable","16":"product-type-simple"},"_links":{"self":[{"href":"https:\/\/soydeaqui.ddns.net\/pachuca\/index.php\/wp-json\/wp\/v2\/product\/3036","targetHints":{"allow":["GET"]}}],"collection":[{"href":"https:\/\/soydeaqui.ddns.net\/pachuca\/index.php\/wp-json\/wp\/v2\/product"}],"about":[{"href":"https:\/\/soydeaqui.ddns.net\/pachuca\/index.php\/wp-json\/wp\/v2\/types\/product"}],"replies":[{"embeddable":true,"href":"https:\/\/soydeaqui.ddns.net\/pachuca\/index.php\/wp-json\/wp\/v2\/comments?post=3036"}],"wp:featuredmedia":[{"embeddable":true,"href":"https:\/\/soydeaqui.ddns.net\/pachuca\/index.php\/wp-json\/wp\/v2\/media\/3035"}],"wp:attachment":[{"href":"https:\/\/soydeaqui.ddns.net\/pachuca\/index.php\/wp-json\/wp\/v2\/media?parent=3036"}],"wp:term":[{"taxonomy":"product_brand","embeddable":true,"href":"https:\/\/soydeaqui.ddns.net\/pachuca\/index.php\/wp-json\/wp\/v2\/product_brand?post=3036"},{"taxonomy":"product_cat","embeddable":true,"href":"https:\/\/soydeaqui.ddns.net\/pachuca\/index.php\/wp-json\/wp\/v2\/product_cat?post=3036"},{"taxonomy":"product_tag","embeddable":true,"href":"https:\/\/soydeaqui.ddns.net\/pachuca\/index.php\/wp-json\/wp\/v2\/product_tag?post=3036"}],"curies":[{"name":"wp","href":"https:\/\/api.w.org\/{rel}","templated":true}]}}