{"id":30334,"date":"2026-03-18T13:44:52","date_gmt":"2026-03-18T13:44:52","guid":{"rendered":"https:\/\/soydeaqui.ddns.net\/pachuca\/index.php\/producto\/biostation-l2-lector-de-huella-delgado-con-teclado-touch-y-lector-13-56-mhz-mifare-nfc-desfire-desfire-ev1-felica\/"},"modified":"2026-03-18T13:44:58","modified_gmt":"2026-03-18T13:44:58","slug":"biostation-l2-lector-de-huella-delgado-con-teclado-touch-y-lector-13-56-mhz-mifare-nfc-desfire-desfire-ev1-felica","status":"publish","type":"product","link":"https:\/\/soydeaqui.ddns.net\/pachuca\/index.php\/producto\/biostation-l2-lector-de-huella-delgado-con-teclado-touch-y-lector-13-56-mhz-mifare-nfc-desfire-desfire-ev1-felica\/","title":{"rendered":"BioStation L2 Lector de Huella Delgado con Teclado Touch y  Lector 13.56 MHz MIFARE\u00ae\/ NFC \/DESFire\/DESFire EV1\/ Felica"},"content":{"rendered":"<div style='width: 100%; max-width: 1200px; margin: 0 auto; font-family: sans-serif; line-height: 1.6; color: inherit; background-color: transparent;'>\n<div style='display: flex; flex-wrap: wrap; gap: 30px; margin-bottom: 30px;'>\n<div style='flex: 1 1 300px; min-width: 280px;'>\n<h3 style='font-size: 22px; border-bottom: 2px solid currentColor; padding-bottom: 5px; margin-top: 0; color: inherit; opacity: 0.8;'>Terminal de Huella IP para Control de Accesos y Asistencias<\/h3>\n<ul style='padding-left: 20px; font-size: 15px; color: inherit;'>\n<li style='margin-bottom: 5px;'>Lectores Biom\u00e9tricos de la M\u00e1s Alta Tecnolog\u00eda en el Mundo<\/li>\n<li style='margin-bottom: 5px;'>Suprema&comma; uno de los principales l\u00edderes biom\u00e9tricos en seguridad tecnol\u00f3gica&comma; presenta uno de los mejores algoritmos biom\u00e9tricos con una ingenier\u00eda superior<\/li>\n<li style='margin-bottom: 5px;'>Se encuentra constantemente desarrollando y produciendo productos l\u00edderes en la industria<\/li>\n<li style='margin-bottom: 5px;'>Extiende su portafolio de productos de control de acceso y tiempo y asistencia en todo el mundo<\/li>\n<\/ul><\/div>\n<\/p><\/div>\n<div style='display: flex; flex-wrap: wrap; gap: 20px; margin-bottom: 30px;'>\n<div style='flex: 1 1 250px; border: 1px solid rgba(150&comma; 150&comma; 150&comma; 0.4); border-radius: 8px; overflow: hidden; display: flex; flex-direction: column;'>\n<div style='padding: 15px; border-bottom: 1px solid rgba(150&comma; 150&comma; 150&comma; 0.2); font-weight: bold; font-size: 18px; color: inherit;'>Caracter\u00edsticas<\/div>\n<div style='padding: 15px; color: inherit;'>\n<ul style='padding-left: 20px; margin: 0; font-size: 14px; list-style-type: disc;'>\n<li style='margin-bottom: 5px;'>Detecci\u00f3n de dedo vivo<\/li>\n<li style='margin-bottom: 5px;'>Pantalla: 2.0\u201d LCD<\/li>\n<li style='margin-bottom: 5px;'>Comunicaci\u00f3n: TCP\/IP<\/li>\n<li style='margin-bottom: 5px;'>Interfaz RS-485 para comunicaci\u00f3n o m\u00f3dulo esclavo SIO2<\/li>\n<li style='margin-bottom: 5px;'>Salida de relevador<\/li>\n<li style='margin-bottom: 5px;'>Wiegand: entrada y salida (seleccionable)<\/li>\n<\/ul><\/div>\n<\/p><\/div>\n<div style='flex: 1 1 250px; border: 1px solid rgba(150&comma; 150&comma; 150&comma; 0.4); border-radius: 8px; overflow: hidden; display: flex; flex-direction: column;'>\n<div style='padding: 15px; border-bottom: 1px solid rgba(150&comma; 150&comma; 150&comma; 0.2); font-weight: bold; font-size: 18px; color: inherit;'>Capacidad<\/div>\n<div style='padding: 15px; color: inherit;'>\n<ul style='padding-left: 20px; margin: 0; font-size: 14px; list-style-type: disc;'>\n<li style='margin-bottom: 5px;'>Usuarios (1:1) 500&comma;000<\/li>\n<li style='margin-bottom: 5px;'>Usuarios (1:N) 100&comma;000<\/li>\n<li style='margin-bottom: 5px;'>Plantillas (huellas) (1:1) 1&comma;000&comma;000<\/li>\n<li style='margin-bottom: 5px;'>Plantillas (huellas) (1:N) 200&comma;000<\/li>\n<li style='margin-bottom: 5px;'>Eventos 1&comma;000&comma;000<\/li>\n<\/ul><\/div>\n<\/p><\/div>\n<div style='flex: 1 1 250px; border: 1px solid rgba(150&comma; 150&comma; 150&comma; 0.4); border-radius: 8px; overflow: hidden; display: flex; flex-direction: column;'>\n<div style='padding: 15px; border-bottom: 1px solid rgba(150&comma; 150&comma; 150&comma; 0.2); font-weight: bold; font-size: 18px; color: inherit;'>Especificaciones T\u00e9cnicas<\/div>\n<div style='padding: 15px; color: inherit;'>\n<ul style='padding-left: 20px; margin: 0; font-size: 14px; list-style-type: disc;'>\n<li style='margin-bottom: 5px;'>Certificados: CE&comma; FCC&comma; KC&comma; RoHS&comma; REACH&comma; WEE<\/li>\n<li style='margin-bottom: 5px;'>Alimentaci\u00f3n: 12 Vcc&comma; 1 A (fuente no incluida)<\/li>\n<li style='margin-bottom: 5px;'>Dimensiones: 71 x 201 x 44 mm<\/li>\n<li style='margin-bottom: 5px;'>BSL2OE con Lector 13.56 MHz MIFARE\u00ae\/NFC\/DESFire\/DESFire EV1\/Felica<\/li>\n<li style='margin-bottom: 5px;'>Requiere de software BIOSTAR2 (no incluido)<\/li>\n<li style='margin-bottom: 5px;'>Para operaci\u00f3n de NFC (pregunte por compatibilidad de equipos)<\/li>\n<\/ul><\/div>\n<\/p><\/div>\n<\/p><\/div>\n<hr style='border: 0; border-top: 1px solid rgba(150&comma; 150&comma; 150&comma; 0.3); margin: 30px 0;'>\n<div style='text-align: center; margin: 30px 0;'>\n<h2 style='margin: 0 0 15px 0; font-size: 20px; color: inherit;'>Visite nuestra Base de conocimiento de<\/h2>\n<h1 style='margin: 0; font-size: 24px; color: inherit;'> <a href='http:\/\/conocimiento.syscom.mx\/article-category\/suprema\/' style='color: inherit; text-decoration: none; font-weight: bold;'>SUPREMA<\/a> <\/h1>\n<\/p><\/div>\n<\/p><\/div>\n","protected":false},"excerpt":{"rendered":"<p>BioStation L2 Lector de Huella Delgado con Teclado Touch y  Lector 13.56 MHz MIFARE\u00ae\/ NFC \/DESFire\/DESFire EV1\/ Felica<\/p>\n","protected":false},"featured_media":30333,"comment_status":"open","ping_status":"closed","template":"","meta":[],"product_brand":[],"product_cat":[806],"product_tag":[744,807,798],"class_list":{"0":"post-30334","1":"product","2":"type-product","3":"status-publish","4":"has-post-thumbnail","6":"product_cat-para-control-de-acceso","7":"product_tag-biometricos","8":"product_tag-para-control-de-acceso","9":"product_tag-suprema","11":"first","12":"instock","13":"sale","14":"shipping-taxable","15":"purchasable","16":"product-type-simple"},"_links":{"self":[{"href":"https:\/\/soydeaqui.ddns.net\/pachuca\/index.php\/wp-json\/wp\/v2\/product\/30334","targetHints":{"allow":["GET"]}}],"collection":[{"href":"https:\/\/soydeaqui.ddns.net\/pachuca\/index.php\/wp-json\/wp\/v2\/product"}],"about":[{"href":"https:\/\/soydeaqui.ddns.net\/pachuca\/index.php\/wp-json\/wp\/v2\/types\/product"}],"replies":[{"embeddable":true,"href":"https:\/\/soydeaqui.ddns.net\/pachuca\/index.php\/wp-json\/wp\/v2\/comments?post=30334"}],"wp:featuredmedia":[{"embeddable":true,"href":"https:\/\/soydeaqui.ddns.net\/pachuca\/index.php\/wp-json\/wp\/v2\/media\/30333"}],"wp:attachment":[{"href":"https:\/\/soydeaqui.ddns.net\/pachuca\/index.php\/wp-json\/wp\/v2\/media?parent=30334"}],"wp:term":[{"taxonomy":"product_brand","embeddable":true,"href":"https:\/\/soydeaqui.ddns.net\/pachuca\/index.php\/wp-json\/wp\/v2\/product_brand?post=30334"},{"taxonomy":"product_cat","embeddable":true,"href":"https:\/\/soydeaqui.ddns.net\/pachuca\/index.php\/wp-json\/wp\/v2\/product_cat?post=30334"},{"taxonomy":"product_tag","embeddable":true,"href":"https:\/\/soydeaqui.ddns.net\/pachuca\/index.php\/wp-json\/wp\/v2\/product_tag?post=30334"}],"curies":[{"name":"wp","href":"https:\/\/api.w.org\/{rel}","templated":true}]}}