{"id":30326,"date":"2026-03-18T13:44:42","date_gmt":"2026-03-18T13:44:42","guid":{"rendered":"https:\/\/soydeaqui.ddns.net\/pachuca\/index.php\/producto\/biostation-a2-lector-de-huella-con-teclado-touch-y-lector-13-56mhz-mifare-nfc-desfire-desfire-ev1-felica-wifi-poe\/"},"modified":"2026-03-18T13:44:43","modified_gmt":"2026-03-18T13:44:43","slug":"biostation-a2-lector-de-huella-con-teclado-touch-y-lector-13-56mhz-mifare-nfc-desfire-desfire-ev1-felica-wifi-poe","status":"publish","type":"product","link":"https:\/\/soydeaqui.ddns.net\/pachuca\/index.php\/producto\/biostation-a2-lector-de-huella-con-teclado-touch-y-lector-13-56mhz-mifare-nfc-desfire-desfire-ev1-felica-wifi-poe\/","title":{"rendered":"BioStation A2 Lector de Huella con Teclado Touch y Lector ( 13.56MHz \/MIFARE \/NFC \/DESFire \/DESFire EV1 \/Felica ) \/ WiFi \/ PoE"},"content":{"rendered":"<div style='width: 100%; max-width: 1200px; margin: 0 auto; font-family: sans-serif; line-height: 1.6; color: inherit; background-color: transparent;'> <!-- Secci\u00f3n principal --> <\/p>\n<div style='background: linear-gradient(to bottom&comma; #ffffff 0%&comma; #8f0047 100%); padding: 20px; border-radius: 8px; margin-bottom: 30px;'>\n<div style='display: flex; justify-content: center; margin-bottom: 15px;'> <img style='height: auto; max-width: 100%; border: none;' src='https:\/\/www.germanprotect.com\/media\/catalog\/brand\/cache\/icon\/475x200\/s\/u\/suprema_logo_basic_1.png' alt='Logo Suprema'> <\/div>\n<h2 style='text-align: center; color: inherit; margin: 0 0 15px 0; font-size: 28px; font-weight: bold;'>BioStation A2<\/h2>\n<p style='text-align: center; margin: 0; font-size: 16px; color: inherit;'>Lectores Biom\u00e9tricos de la M\u00e1s Alta Tecnolog\u00eda en el Mundo<\/p>\n<\/p><\/div>\n<p> <!-- Secci\u00f3n principal con contenido --> <\/p>\n<div style='display: flex; flex-wrap: wrap; gap: 30px; margin-bottom: 30px;'>\n<div style='flex: 1 1 300px; min-width: 280px;'>\n<div style='border-left: 5px solid #7e0548; border-radius: 5px; padding: 15px; background-color: rgba(216&comma; 216&comma; 216&comma; 0.2);'> <strong style='color: inherit;'>Terminal de Huella IP PoE\/WiFi de Alto Desempe\u00f1o<\/strong> <\/p>\n<p style='margin-top: 15px; margin-bottom: 0; color: inherit;'>Suprema&comma; uno de los principales l\u00edderes biom\u00e9tricos en seguridad tecnol\u00f3gica&comma; presenta uno de los mejores algoritmos biom\u00e9tricos con una ingenier\u00eda superior. Se encuentra constantemente desarrollando y produciendo productos l\u00edderes en la industria&comma; extendiendo su portafolio de productos de control de acceso y tiempo y asistencia en todo el mundo.<\/p>\n<\/p><\/div>\n<\/p><\/div>\n<\/p><\/div>\n<p> <!-- Secci\u00f3n de caracter\u00edsticas --> <\/p>\n<div style='display: flex; flex-wrap: wrap; gap: 20px; margin-bottom: 30px;'>\n<div style='flex: 1 1 250px; min-width: 250px;'>\n<div style='border-left: 5px solid #7e0548; border-radius: 5px; padding: 15px; background-color: rgba(216&comma; 216&comma; 216&comma; 0.2); margin-top: 10px;'> <strong style='color: inherit; font-size: 16px;'>Caracter\u00edsticas F\u00edsicas y El\u00e9ctricas:<\/strong> <\/p>\n<ul style='padding-left: 20px; margin-top: 10px; font-size: 14px; color: inherit; list-style-type: disc;'>\n<li style='margin-bottom: 5px;'>Detecci\u00f3n de dedo vivo.<\/li>\n<li style='margin-bottom: 5px;'>Pantalla: 5.0\u201d LCD touch.<\/li>\n<li style='margin-bottom: 5px;'>Comunicaci\u00f3n: TCP\/IP&comma; WiFi (802.11 b\/g).<\/li>\n<li style='margin-bottom: 5px;'>Interfaz RS-485 para comunicaci\u00f3n o m\u00f3dulo esclavo SIO2<\/li>\n<li style='margin-bottom: 5px;'>Salida de relevador.<\/li>\n<li style='margin-bottom: 5px;'>Wiegand: entrada y salida.<\/li>\n<li style='margin-bottom: 5px;'>Slot para memoria SD Card (hasta 32GB).<\/li>\n<li style='margin-bottom: 5px;'>Certificados: CE&comma; FCC&comma; KC&comma; RoHS&comma; REACH&comma; WEE.<\/li>\n<li style='margin-bottom: 5px;'>Alimentaci\u00f3n: 12 Vcc&comma; 1 A y PoE. (fuente no incluida)<\/li>\n<li style='margin-bottom: 0;'>Dimensiones: 155 x 155 x 40 mm.<\/li>\n<\/ul><\/div>\n<\/p><\/div>\n<div style='flex: 1 1 250px; min-width: 250px;'>\n<div style='border-left: 5px solid #7e0548; border-radius: 5px; padding: 15px; background-color: rgba(216&comma; 216&comma; 216&comma; 0.2); margin-top: 10px;'> <strong style='color: inherit; font-size: 16px;'>Usuarios:<\/strong> <\/p>\n<ul style='padding-left: 20px; margin-top: 10px; font-size: 14px; color: inherit; list-style-type: disc;'>\n<li style='margin-bottom: 5px;'>Usuarios (1:1) 500&comma;000.<\/li>\n<li style='margin-bottom: 5px;'>Usuarios (1:N) 100&comma;000.<\/li>\n<li style='margin-bottom: 5px;'>Plantillas (huellas) (1:1) 1&comma;000&comma;000.<\/li>\n<li style='margin-bottom: 0;'>Plantillas (huellas) (1:N) 200&comma;000.<\/li>\n<\/ul><\/div>\n<\/p><\/div>\n<div style='flex: 1 1 250px; min-width: 250px;'>\n<div style='border-left: 5px solid #7e0548; border-radius: 5px; padding: 15px; background-color: rgba(216&comma; 216&comma; 216&comma; 0.2); margin-top: 10px;'> <strong style='color: inherit; font-size: 16px;'>Notas:<\/strong> <\/p>\n<ul style='padding-left: 20px; margin-top: 10px; font-size: 14px; color: inherit; list-style-type: disc;'>\n<li style='margin-bottom: 5px;'>BSA2-OMPW : Lector 13.56MHz MIFARE\u00ae\/DESFire\/DESFire EV1\/ Felica\/NFC.<\/li>\n<li style='margin-bottom: 5px;'>Requiere de software BIOSTAR2 (no incluido)<\/li>\n<li style='margin-bottom: 5px;'>Para operacion de NFC (pregunte por compatibilidad de equipos)<\/li>\n<li style='margin-bottom: 0;'>\n<p style='margin: 10px 0 5px 0; color: inherit;'>LIGA PARA CONFIGURAR BIOMETRICO COMO TVPORTERO<\/p>\n<p style='margin: 0 0 0 0; color: inherit;'><a href='https:\/\/www.youtube.com\/watch?v=F43PQx9tLD4' style='color: #0066cc; text-decoration: underline;'>https:\/\/www.youtube.com\/watch?v=F43PQx9tLD4<\/a><\/p>\n<\/li>\n<\/ul><\/div>\n<\/p><\/div>\n<\/p><\/div>\n<p> <!-- Separador --> <\/p>\n<hr style='border: 0; border-top: 1px solid rgba(150&comma; 150&comma; 150&comma; 0.3); margin: 30px 0;'> <!-- Secci\u00f3n de imagen --> <\/p>\n<div style='display: flex; flex-wrap: wrap; gap: 30px;'>\n<div style='flex: 1 1 300px; min-width: 280px;'> <img style='width: 100%; height: auto; border: 1px solid rgba(150&comma;150&comma;150&comma;0.3); border-radius: 8px;' src='https:\/\/ftp3.syscom.mx\/usuarios\/fotos\/BSA2OMPW\/93532-sin_t\u00edtulo-1.jpg' alt='BioStation A2'> <\/div>\n<\/p><\/div>\n<p> <!-- Enlace de video --> <\/p>\n<div style='position: relative; padding-bottom: 56.25%; height: 0; overflow: hidden; margin-top: 30px;'>   <\/div>\n<\/p><\/div>\n","protected":false},"excerpt":{"rendered":"<p>BioStation A2 Lector de Huella con Teclado Touch y Lector ( 13.56MHz \/MIFARE \/NFC \/DESFire \/DESFire EV1 \/Felica ) \/ WiFi \/ PoE<\/p>\n","protected":false},"featured_media":30325,"comment_status":"open","ping_status":"closed","template":"","meta":[],"product_brand":[],"product_cat":[806],"product_tag":[744,807,798],"class_list":{"0":"post-30326","1":"product","2":"type-product","3":"status-publish","4":"has-post-thumbnail","6":"product_cat-para-control-de-acceso","7":"product_tag-biometricos","8":"product_tag-para-control-de-acceso","9":"product_tag-suprema","11":"first","12":"outofstock","13":"sale","14":"shipping-taxable","15":"purchasable","16":"product-type-simple"},"_links":{"self":[{"href":"https:\/\/soydeaqui.ddns.net\/pachuca\/index.php\/wp-json\/wp\/v2\/product\/30326","targetHints":{"allow":["GET"]}}],"collection":[{"href":"https:\/\/soydeaqui.ddns.net\/pachuca\/index.php\/wp-json\/wp\/v2\/product"}],"about":[{"href":"https:\/\/soydeaqui.ddns.net\/pachuca\/index.php\/wp-json\/wp\/v2\/types\/product"}],"replies":[{"embeddable":true,"href":"https:\/\/soydeaqui.ddns.net\/pachuca\/index.php\/wp-json\/wp\/v2\/comments?post=30326"}],"wp:featuredmedia":[{"embeddable":true,"href":"https:\/\/soydeaqui.ddns.net\/pachuca\/index.php\/wp-json\/wp\/v2\/media\/30325"}],"wp:attachment":[{"href":"https:\/\/soydeaqui.ddns.net\/pachuca\/index.php\/wp-json\/wp\/v2\/media?parent=30326"}],"wp:term":[{"taxonomy":"product_brand","embeddable":true,"href":"https:\/\/soydeaqui.ddns.net\/pachuca\/index.php\/wp-json\/wp\/v2\/product_brand?post=30326"},{"taxonomy":"product_cat","embeddable":true,"href":"https:\/\/soydeaqui.ddns.net\/pachuca\/index.php\/wp-json\/wp\/v2\/product_cat?post=30326"},{"taxonomy":"product_tag","embeddable":true,"href":"https:\/\/soydeaqui.ddns.net\/pachuca\/index.php\/wp-json\/wp\/v2\/product_tag?post=30326"}],"curies":[{"name":"wp","href":"https:\/\/api.w.org\/{rel}","templated":true}]}}