{"id":30324,"date":"2026-03-18T13:44:40","date_gmt":"2026-03-18T13:44:40","guid":{"rendered":"https:\/\/soydeaqui.ddns.net\/pachuca\/index.php\/producto\/biostation-a2-lector-de-huella-con-teclado-touch-pantalla-lcd-5-wifi-poe-y-lector-125khz-em\/"},"modified":"2026-03-18T13:44:41","modified_gmt":"2026-03-18T13:44:41","slug":"biostation-a2-lector-de-huella-con-teclado-touch-pantalla-lcd-5-wifi-poe-y-lector-125khz-em","status":"publish","type":"product","link":"https:\/\/soydeaqui.ddns.net\/pachuca\/index.php\/producto\/biostation-a2-lector-de-huella-con-teclado-touch-pantalla-lcd-5-wifi-poe-y-lector-125khz-em\/","title":{"rendered":"BioStation A2, Lector de Huella con Teclado Touch, Pantalla LCD 5&#8243;, WiFi, PoE y Lector 125kHz EM"},"content":{"rendered":"<div style='width: 100%; max-width: 1200px; margin: 0 auto; font-family: sans-serif; line-height: 1.6; color: inherit; background-color: transparent;'> <!-- Video principal --> <\/p>\n<div style='position: relative; padding-bottom: 56.25%; height: 0; overflow: hidden; margin-bottom: 30px;'>   <\/div>\n<p> <!-- T\u00edtulo y descripci\u00f3n principal --> <\/p>\n<div style='margin-bottom: 30px;'>\n<h2 style='font-size: 24px; margin-top: 0; margin-bottom: 15px; color: inherit;'><strong>BioStation A2<\/strong><\/h2>\n<p style='margin-bottom: 20px; color: inherit;'><strong>Terminal de Huella IP PoE\/ WiFi de Alto Desempe\u00f1o<\/strong><\/p>\n<p style='margin-bottom: 20px; color: inherit;'>Suprema&comma; uno de los principales l\u00edderes biom\u00e9tricos en seguridad tecnol\u00f3gica&comma; presenta uno de los mejores algoritmos biom\u00e9tricos con una ingenier\u00eda superior. Se encuentra constantemente desarrollando y produciendo productos l\u00edderes en la industria&comma; extendiendo su portafolio de productos de control de acceso y tiempo y asistencia en todo el mundo.<\/p>\n<\/p><\/div>\n<p> <!-- Secci\u00f3n de caracter\u00edsticas --> <\/p>\n<div style='display: flex; flex-wrap: wrap; gap: 30px; margin-bottom: 30px;'>\n<div style='flex: 1 1 300px; min-width: 280px;'>\n<h3 style='font-size: 22px; border-bottom: 2px solid currentColor; padding-bottom: 5px; margin-top: 0; color: inherit; opacity: 0.8;'>Caracter\u00edsticas<\/h3>\n<ul style='padding-left: 20px; font-size: 15px; color: inherit;'>\n<li style='margin-bottom: 5px;'>Detecci\u00f3n de dedo vivo.<\/li>\n<li style='margin-bottom: 5px;'>Pantalla: 5.0\u201d LCD touch.<\/li>\n<li style='margin-bottom: 5px;'>Comunicaci\u00f3n: TCP\/IP&comma; WiFi (802.11 b\/g).<\/li>\n<li style='margin-bottom: 5px;'>Interfaz RS-485 para comunicaci\u00f3n o m\u00f3dulo esclavo SIO2.<\/li>\n<li style='margin-bottom: 5px;'>Salida de relevador.<\/li>\n<li style='margin-bottom: 5px;'>Wiegand: entrada y salida.<\/li>\n<li style='margin-bottom: 5px;'>Slot para memoria SD Card (hasta 32GB).<\/li>\n<\/ul><\/div>\n<p> <!-- Usuarios y capacidades --> <\/p>\n<div style='flex: 1 1 300px; min-width: 280px;'>\n<h3 style='font-size: 22px; border-bottom: 2px solid currentColor; padding-bottom: 5px; margin-top: 0; color: inherit; opacity: 0.8;'>Usuarios y Capacidades<\/h3>\n<ul style='padding-left: 20px; font-size: 15px; color: inherit;'>\n<li style='margin-bottom: 5px;'>Usuarios (1:1) 500&comma;000.<\/li>\n<li style='margin-bottom: 5px;'>Usuarios (1:N) 100&comma;000.<\/li>\n<li style='margin-bottom: 5px;'>Plantillas (huellas) (1:1) 1&comma;000&comma;000.<\/li>\n<li style='margin-bottom: 5px;'>Plantillas (huellas) (1:N) 200&comma;000.<\/li>\n<\/ul><\/div>\n<p> <!-- Certificaciones y especificaciones --> <\/p>\n<div style='flex: 1 1 300px; min-width: 280px;'>\n<h3 style='font-size: 22px; border-bottom: 2px solid currentColor; padding-bottom: 5px; margin-top: 0; color: inherit; opacity: 0.8;'>Certificaciones y Especificaciones<\/h3>\n<ul style='padding-left: 20px; font-size: 15px; color: inherit;'>\n<li style='margin-bottom: 5px;'>Certificados: CE&comma; FCC&comma; KC&comma; RoHS&comma; REACH&comma; WEE.<\/li>\n<li style='margin-bottom: 5px;'>Alimentaci\u00f3n: 12 Vcc&comma; 1 A y PoE. (fuente no incluida).<\/li>\n<li style='margin-bottom: 5px;'>Dimensiones: 155 x 155 x 40 mm.<\/li>\n<\/ul><\/div>\n<\/p><\/div>\n<p> <!-- Nota importante --> <\/p>\n<div style='margin-bottom: 30px; padding: 15px; border: 1px solid rgba(150&comma; 150&comma; 150&comma; 0.4); border-radius: 8px; color: inherit;'>\n<p style='margin-bottom: 0; color: inherit;'>Requiere de software BIOSTAR2 (no incluido)<\/p>\n<\/p><\/div>\n<p> <!-- Video de configuraci\u00f3n como TVPortero --> <\/p>\n<div style='margin-bottom: 30px;'>\n<p style='margin-bottom: 10px; color: inherit;'>LIGA PARA CONFIGURAR BIOMETRICO COMO TVPORTERO<\/p>\n<div style='position: relative; padding-bottom: 56.25%; height: 0; overflow: hidden; margin-bottom: 30px;'>   <\/div>\n<\/p><\/div>\n<p> <!-- Secci\u00f3n de iframe y video adicional --> <\/p>\n<div style='display: flex; flex-wrap: wrap; gap: 30px; margin-bottom: 30px;'>\n<div style='flex: 1 1 300px; min-width: 280px;'>\n<div style='position: relative; padding-bottom: 56.25%; height: 0; overflow: hidden; margin-bottom: 15px;'>   <\/div>\n<p style='color: inherit; font-family: Arial&comma; 'Helvetica Neue'&comma; Helvetica&comma; sans-serif; color: #000000; margin: 0;'>Sencilla interface de uso de BIOSTAR<\/p>\n<\/p><\/div>\n<div style='flex: 1 1 300px; min-width: 280px;'>\n<div style='position: relative; padding-bottom: 56.25%; height: 0; overflow: hidden; margin-bottom: 15px;'>   <\/div>\n<\/p><\/div>\n<\/p><\/div>\n<p> <!-- Enlace a base de conocimiento --> <\/p>\n<div style='margin-bottom: 30px;'>\n<h2 style='font-size: 20px; margin-bottom: 15px; color: inherit;'>Visite nuestra Base de conocimiento de<\/h2>\n<h1 style='font-size: 24px; margin: 0; color: inherit;'><a href='http:\/\/conocimiento.syscom.mx\/article-category\/suprema\/' style='color: inherit; text-decoration: underline;'>SUPREMA<\/a><\/h1>\n<\/p><\/div>\n<p> <!-- Separador final --> <\/p>\n<hr style='border: 0; border-top: 1px solid rgba(150&comma; 150&comma; 150&comma; 0.3); margin: 30px 0;'> <\/div>\n","protected":false},"excerpt":{"rendered":"<p>BioStation A2, Lector de Huella con Teclado Touch, Pantalla LCD 5&#8243;, WiFi, PoE y Lector 125kHz EM<\/p>\n","protected":false},"featured_media":30323,"comment_status":"open","ping_status":"closed","template":"","meta":[],"product_brand":[],"product_cat":[806],"product_tag":[744,807,798],"class_list":{"0":"post-30324","1":"product","2":"type-product","3":"status-publish","4":"has-post-thumbnail","6":"product_cat-para-control-de-acceso","7":"product_tag-biometricos","8":"product_tag-para-control-de-acceso","9":"product_tag-suprema","11":"first","12":"outofstock","13":"sale","14":"shipping-taxable","15":"purchasable","16":"product-type-simple"},"_links":{"self":[{"href":"https:\/\/soydeaqui.ddns.net\/pachuca\/index.php\/wp-json\/wp\/v2\/product\/30324","targetHints":{"allow":["GET"]}}],"collection":[{"href":"https:\/\/soydeaqui.ddns.net\/pachuca\/index.php\/wp-json\/wp\/v2\/product"}],"about":[{"href":"https:\/\/soydeaqui.ddns.net\/pachuca\/index.php\/wp-json\/wp\/v2\/types\/product"}],"replies":[{"embeddable":true,"href":"https:\/\/soydeaqui.ddns.net\/pachuca\/index.php\/wp-json\/wp\/v2\/comments?post=30324"}],"wp:featuredmedia":[{"embeddable":true,"href":"https:\/\/soydeaqui.ddns.net\/pachuca\/index.php\/wp-json\/wp\/v2\/media\/30323"}],"wp:attachment":[{"href":"https:\/\/soydeaqui.ddns.net\/pachuca\/index.php\/wp-json\/wp\/v2\/media?parent=30324"}],"wp:term":[{"taxonomy":"product_brand","embeddable":true,"href":"https:\/\/soydeaqui.ddns.net\/pachuca\/index.php\/wp-json\/wp\/v2\/product_brand?post=30324"},{"taxonomy":"product_cat","embeddable":true,"href":"https:\/\/soydeaqui.ddns.net\/pachuca\/index.php\/wp-json\/wp\/v2\/product_cat?post=30324"},{"taxonomy":"product_tag","embeddable":true,"href":"https:\/\/soydeaqui.ddns.net\/pachuca\/index.php\/wp-json\/wp\/v2\/product_tag?post=30324"}],"curies":[{"name":"wp","href":"https:\/\/api.w.org\/{rel}","templated":true}]}}