{"id":3030,"date":"2026-03-18T06:03:44","date_gmt":"2026-03-18T06:03:44","guid":{"rendered":"https:\/\/soydeaqui.ddns.net\/pachuca\/index.php\/producto\/boton-de-salida-de-emergencia-con-bocina-de-advertencia-integrada-interior-exterior-texto-en-ingles-tapa-protectora-de-policarbonato-super-resistente-neumatico\/"},"modified":"2026-03-18T06:03:48","modified_gmt":"2026-03-18T06:03:48","slug":"boton-de-salida-de-emergencia-con-bocina-de-advertencia-integrada-interior-exterior-texto-en-ingles-tapa-protectora-de-policarbonato-super-resistente-neumatico","status":"publish","type":"product","link":"https:\/\/soydeaqui.ddns.net\/pachuca\/index.php\/producto\/boton-de-salida-de-emergencia-con-bocina-de-advertencia-integrada-interior-exterior-texto-en-ingles-tapa-protectora-de-policarbonato-super-resistente-neumatico\/","title":{"rendered":"Bot\u00f3n De Salida De Emergencia Con Bocina De Advertencia Integrada, Interior\/Exterior, Texto En Ingles, Tapa Protectora De Policarbonato S\u00faper Resistente, Neum\u00e1tico"},"content":{"rendered":"<div style='width: 100%; max-width: 1200px; margin: 0 auto; font-family: sans-serif; line-height: 1.6; color: inherit; background-color: transparent;'>\n<div style='display: flex; flex-wrap: wrap; gap: 30px; margin-bottom: 30px;'>\n<div style='flex: 1 1 300px; min-width: 280px;'>\n<h3 style='font-size: 22px; border-bottom: 2px solid currentColor; padding-bottom: 5px; margin-top: 0; color: inherit; opacity: 0.8;'>Descripci\u00f3n<\/h3>\n<p style='font-size: 15px; color: inherit;'>Adecuado para aplicaciones tanto en interiores como en exteriores&comma; STI tiene una variedad de botones de emergencia&comma; interruptores sin contacto&comma; botones de alarma contra incendios&comma; bot\u00f3n pulsador 3 en 1&comma; interruptores de punto de llamada e interruptores de bot\u00f3n pulsador multiprop\u00f3sito. Muchos son UL&comma; cUL y ADA.<\/p>\n<p style='font-size: 15px; color: inherit;'>Este interruptor de pulsador multifuncional se puede utilizar para una amplia gama de aplicaciones en interiores. El bot\u00f3n incorpora un dise\u00f1o \u00fanico&comma; patentado y la cubierta transparente ayuda a evitar la activaci\u00f3n accidental y abraza el bot\u00f3n como un guante por lo que es ideal para su uso cuando el espacio es limitado.<\/p>\n<p style='font-size: 15px; color: inherit;'><strong>Ayuda a prevenir la activaci\u00f3n accidental<\/strong><\/p>\n<p style='font-size: 15px; color: inherit;'>Construya estos interruptores de bot\u00f3n multiprop\u00f3sito de estilo norteamericano que cumplen con ADA seg\u00fan sus especificaciones. El dise\u00f1o \u00fanico y patentado ayuda a detener dr\u00e1sticamente la activaci\u00f3n accidental. Disponible en seis colores&comma; varias opciones de activaci\u00f3n de botones&comma; con o sin cubierta protectora y en cualquier idioma para adaptarse a la mayor\u00eda de las aplicaciones.<\/p>\n<\/p><\/div>\n<\/p><\/div>\n<div style='display: flex; flex-wrap: wrap; gap: 20px; margin-bottom: 30px;'>\n<div style='flex: 1 1 250px; border: 1px solid rgba(150&comma; 150&comma; 150&comma; 0.4); border-radius: 8px; overflow: hidden; display: flex; flex-direction: column;'>\n<div style='padding: 15px; border-bottom: 1px solid rgba(150&comma; 150&comma; 150&comma; 0.2); font-weight: bold; font-size: 18px; color: inherit;'>Caracter\u00edsticas del Bot\u00f3n<\/div>\n<div style='padding: 15px; color: inherit;'>\n<ul style='padding-left: 20px; margin: 0; font-size: 14px; list-style-type: disc;'>\n<li style='margin-bottom: 5px;'>Serie SS2xy8<\/li>\n<li style='margin-bottom: 5px;'>Color: Azul<\/li>\n<li style='margin-bottom: 5px;'>Frase de texto: EMERGENCY EXIT<\/li>\n<li style='margin-bottom: 5px;'>Cubierta protectora de policarbonato para interior.<\/li>\n<li style='margin-bottom: 5px;'>Bocina de advertencia integrada.<\/li>\n<li style='margin-bottom: 5px;'>Funcionamiento de bot\u00f3n: Temporizador ajustable neum\u00e1tico<\/li>\n<li style='margin-bottom: 5px;'>Idioma: Ingl\u00e9s<\/li>\n<\/ul><\/div>\n<\/p><\/div>\n<div style='flex: 1 1 250px; border: 1px solid rgba(150&comma; 150&comma; 150&comma; 0.4); border-radius: 8px; overflow: hidden; display: flex; flex-direction: column;'>\n<div style='padding: 15px; border-bottom: 1px solid rgba(150&comma; 150&comma; 150&comma; 0.2); font-weight: bold; font-size: 18px; color: inherit;'>Caracter\u00edsticas Generales de Estaciones Stopper\u00ae<\/div>\n<div style='padding: 15px; color: inherit;'>\n<ul style='padding-left: 20px; margin: 0; font-size: 14px; list-style-type: disc;'>\n<li style='margin-bottom: 5px;'>El dise\u00f1o curvo \u00fanico ayuda a proteger contra la activaci\u00f3n accidental.<\/li>\n<li style='margin-bottom: 5px;'>La iluminaci\u00f3n opcional (roja&comma; verde&comma; blanca) se puede utilizar como luz de estado para indicar la activaci\u00f3n.<\/li>\n<\/ul><\/div>\n<\/p><\/div>\n<div style='flex: 1 1 250px; border: 1px solid rgba(150&comma; 150&comma; 150&comma; 0.4); border-radius: 8px; overflow: hidden; display: flex; flex-direction: column;'>\n<div style='padding: 15px; border-bottom: 1px solid rgba(150&comma; 150&comma; 150&comma; 0.2); font-weight: bold; font-size: 18px; color: inherit;'>Construcci\u00f3n<\/div>\n<div style='padding: 15px; color: inherit;'>\n<ul style='padding-left: 20px; margin: 0; font-size: 14px; list-style-type: disc;'>\n<li style='margin-bottom: 5px;'>Carcasa de la estaci\u00f3n moldeada de policarbonato resistente.<\/li>\n<li style='margin-bottom: 5px;'>Placa trasera de acero inoxidable.<\/li>\n<li style='margin-bottom: 5px;'>Listado en UL\/cUL S7255&comma; UL2017&comma; UL294 (modelos con m\u00f3dulo de temporizador de bloqueo)&comma; CSA c22.2 No. 205.<\/li>\n<li style='margin-bottom: 5px;'>La cubierta Universal Stopper\u00ae&comma; cuando se monta de acuerdo con las instrucciones de instalaci\u00f3n del fabricante sobre una superficie lisa&comma; proporciona un sello herm\u00e9tico a la lluvia similar a una clasificaci\u00f3n 3R.<\/li>\n<li style='margin-bottom: 5px;'>Los botones cumplen con ADA (excluye el bot\u00f3n &#8216;3&#8217;).<\/li>\n<\/ul><\/div>\n<\/p><\/div>\n<div style='flex: 1 1 250px; border: 1px solid rgba(150&comma; 150&comma; 150&comma; 0.4); border-radius: 8px; overflow: hidden; display: flex; flex-direction: column;'>\n<div style='padding: 15px; border-bottom: 1px solid rgba(150&comma; 150&comma; 150&comma; 0.2); font-weight: bold; font-size: 18px; color: inherit;'>Instalaci\u00f3n<\/div>\n<div style='padding: 15px; color: inherit;'>\n<ul style='padding-left: 20px; margin: 0; font-size: 14px; list-style-type: disc;'>\n<li style='margin-bottom: 5px;'>Clasificaci\u00f3n de inflamabilidad de 5VA en la placa posterior y el espaciador.<\/li>\n<li style='margin-bottom: 5px;'>Las propiedades de trabajo t\u00edpicas del policarbonato son -40\u00b0 a 250\u00b0F (-40\u00b0 a 121\u00b0C).<\/li>\n<\/ul><\/div>\n<\/p><\/div>\n<div style='flex: 1 1 250px; border: 1px solid rgba(150&comma; 150&comma; 150&comma; 0.4); border-radius: 8px; overflow: hidden; display: flex; flex-direction: column;'>\n<div style='padding: 15px; border-bottom: 1px solid rgba(150&comma; 150&comma; 150&comma; 0.2); font-weight: bold; font-size: 18px; color: inherit;'>Opciones<\/div>\n<div style='padding: 15px; color: inherit;'>\n<ul style='padding-left: 20px; margin: 0; font-size: 14px; list-style-type: disc;'>\n<li style='margin-bottom: 5px;'>Su elecci\u00f3n de colores: rojo&comma; verde&comma; amarillo&comma; blanco o azul.<\/li>\n<li style='margin-bottom: 5px;'>Texto est\u00e1ndar o personalizado o logotipo de alta resoluci\u00f3n.<\/li>\n<li style='margin-bottom: 5px;'>Redacci\u00f3n en pr\u00e1cticamente cualquier idioma.<\/li>\n<li style='margin-bottom: 5px;'>Opci\u00f3n de proteger los interruptores con cubiertas protectoras STI.<\/li>\n<\/ul><\/div>\n<\/p><\/div>\n<div style='flex: 1 1 250px; border: 1px solid rgba(150&comma; 150&comma; 150&comma; 0.4); border-radius: 8px; overflow: hidden; display: flex; flex-direction: column;'>\n<div style='padding: 15px; border-bottom: 1px solid rgba(150&comma; 150&comma; 150&comma; 0.2); font-weight: bold; font-size: 18px; color: inherit;'>Otras caracter\u00edsticas<\/div>\n<div style='padding: 15px; color: inherit;'>\n<ul style='padding-left: 20px; margin: 0; font-size: 14px; list-style-type: disc;'>\n<li style='margin-bottom: 5px;'>Los interruptores de bot\u00f3n multiprop\u00f3sito cubren una amplia gama de aplicaciones tanto en interiores como en exteriores.<\/li>\n<li style='margin-bottom: 5px;'>Incorporan un dise\u00f1o \u00fanico y patentado que ayuda dr\u00e1sticamente a detener la activaci\u00f3n accidental.<\/li>\n<li style='margin-bottom: 5px;'>Tres a\u00f1os de garant\u00eda contra rotura del policarbonato en uso normal (un a\u00f1o en componentes electromec\u00e1nicos y electr\u00f3nicos).<\/li>\n<\/ul><\/div>\n<\/p><\/div>\n<\/p><\/div>\n<div style='margin: 30px 0; text-align: center;'>\n<h2 style='margin-bottom: 15px; font-size: 20px; color: inherit;'>Imagen del Producto<\/h2>\n<p> <img style='width: 100%; max-width: 400px; height: auto; border: 1px solid rgba(150&comma;150&comma;150&comma;0.3); border-radius: 8px;' src='https:\/\/www.sti-global.com\/_next\/image?url=https%3A%2F%2Fcdn.sanity.io%2Fimages%2F4ikv42xc%2Fproduction%2F870d3a413f1e635075f254851376435b8109c23f-600x600.png%3Fauto%3Dformat&#038;w=1920&#038;q=75' alt='Bot\u00f3n de salida de emergencia'> <\/div>\n<hr style='border: 0; border-top: 1px solid rgba(150&comma; 150&comma; 150&comma; 0.3); margin: 30px 0;'> <\/div>\n","protected":false},"excerpt":{"rendered":"<p>Bot\u00f3n De Salida De Emergencia Con Bocina De Advertencia Integrada, Interior\/Exterior, Texto En Ingles, Tapa Protectora De Policarbonato S\u00faper Resistente, Neum\u00e1tico<\/p>\n","protected":false},"featured_media":3029,"comment_status":"open","ping_status":"closed","template":"","meta":[],"product_brand":[],"product_cat":[190],"product_tag":[93,191,169],"class_list":{"0":"post-3030","1":"product","2":"type-product","3":"status-publish","4":"has-post-thumbnail","6":"product_cat-botones-de-salida","7":"product_tag-accesorios","8":"product_tag-botones-de-salida","9":"product_tag-sti","11":"first","12":"instock","13":"sale","14":"shipping-taxable","15":"purchasable","16":"product-type-simple"},"_links":{"self":[{"href":"https:\/\/soydeaqui.ddns.net\/pachuca\/index.php\/wp-json\/wp\/v2\/product\/3030","targetHints":{"allow":["GET"]}}],"collection":[{"href":"https:\/\/soydeaqui.ddns.net\/pachuca\/index.php\/wp-json\/wp\/v2\/product"}],"about":[{"href":"https:\/\/soydeaqui.ddns.net\/pachuca\/index.php\/wp-json\/wp\/v2\/types\/product"}],"replies":[{"embeddable":true,"href":"https:\/\/soydeaqui.ddns.net\/pachuca\/index.php\/wp-json\/wp\/v2\/comments?post=3030"}],"wp:featuredmedia":[{"embeddable":true,"href":"https:\/\/soydeaqui.ddns.net\/pachuca\/index.php\/wp-json\/wp\/v2\/media\/3029"}],"wp:attachment":[{"href":"https:\/\/soydeaqui.ddns.net\/pachuca\/index.php\/wp-json\/wp\/v2\/media?parent=3030"}],"wp:term":[{"taxonomy":"product_brand","embeddable":true,"href":"https:\/\/soydeaqui.ddns.net\/pachuca\/index.php\/wp-json\/wp\/v2\/product_brand?post=3030"},{"taxonomy":"product_cat","embeddable":true,"href":"https:\/\/soydeaqui.ddns.net\/pachuca\/index.php\/wp-json\/wp\/v2\/product_cat?post=3030"},{"taxonomy":"product_tag","embeddable":true,"href":"https:\/\/soydeaqui.ddns.net\/pachuca\/index.php\/wp-json\/wp\/v2\/product_tag?post=3030"}],"curies":[{"name":"wp","href":"https:\/\/api.w.org\/{rel}","templated":true}]}}