{"id":30292,"date":"2026-03-18T13:43:52","date_gmt":"2026-03-18T13:43:52","guid":{"rendered":"https:\/\/soydeaqui.ddns.net\/pachuca\/index.php\/producto\/control-de-acceso-con-audioportero-integrado-en-gabinete-para-sobreponer\/"},"modified":"2026-03-18T13:43:59","modified_gmt":"2026-03-18T13:43:59","slug":"control-de-acceso-con-audioportero-integrado-en-gabinete-para-sobreponer","status":"publish","type":"product","link":"https:\/\/soydeaqui.ddns.net\/pachuca\/index.php\/producto\/control-de-acceso-con-audioportero-integrado-en-gabinete-para-sobreponer\/","title":{"rendered":"Control de acceso con audioportero integrado en gabinete para sobreponer"},"content":{"rendered":"<div style='width: 100%; max-width: 1200px; margin: 0 auto; font-family: sans-serif; line-height: 1.6; color: inherit; background-color: transparent;'>\n<div style='display: flex; flex-wrap: wrap; gap: 30px; margin-bottom: 30px;'>\n<div style='flex: 1 1 300px; min-width: 280px;'>\n<h3 style='font-size: 22px; border-bottom: 2px solid currentColor; padding-bottom: 5px; margin-top: 0; color: inherit; opacity: 0.8;'>Descripci\u00f3n<\/h3>\n<p style='font-size: 15px; color: inherit; margin-bottom: 15px;'>El equipo Access Plus de Doorking permite a los residentes de un hogar&comma; utilizar su tel\u00e9fono como intercomunicador para hablar con visitantes que llegan a la puerta principal de acceso vehicular solicitando acceso.<\/p>\n<p style='font-size: 15px; color: inherit; margin-bottom: 15px;'>Este sistema se conecta directamente a la linea telef\u00f3nica existente en el hogar&comma; por lo tanto&comma; no es necesario cableado adicional para la instalaci\u00f3n del intercomunicador.<\/p>\n<p style='font-size: 15px; color: inherit; margin-bottom: 15px;'>Los modelos Access Plus de Doorking&comma; cuentan con tarjeta de red TCP\/IP&comma; lo cual permite integrarlos a una red dom\u00e9stica y brindar al usuario la posibilidad de configurar el dispositivo desde la comodidad de su PC. Adem\u00e1s&comma; el dispositivo est\u00e1 equipado con un sistema de &#8216;espera de llamadas&#8217;&comma; el cu\u00e1l&comma; asegura que el usuario no pierda llamadas entrantes o llamadas de visitantes.<\/p>\n<p style='font-size: 15px; color: inherit; margin-bottom: 15px;'>Incluye limitada.<\/p>\n<\/p><\/div>\n<\/p><\/div>\n<div style='display: flex; flex-wrap: wrap; gap: 20px; margin-bottom: 30px;'>\n<div style='flex: 1 1 250px; border: 1px solid rgba(150&comma; 150&comma; 150&comma; 0.4); border-radius: 8px; overflow: hidden; display: flex; flex-direction: column;'>\n<div style='padding: 15px; border-bottom: 1px solid rgba(150&comma; 150&comma; 150&comma; 0.2); font-weight: bold; font-size: 18px; color: inherit;'>Especificaciones<\/div>\n<div style='padding: 15px; color: inherit;'>\n<ul style='padding-left: 20px; margin: 0; font-size: 14px; list-style-type: disc;'>\n<li style='margin-bottom: 5px;'>Equipo manos libres&comma; comunicaci\u00f3n full duplex digital<\/li>\n<li style='margin-bottom: 5px;'>Interface para una sola linea telefonica<\/li>\n<li style='margin-bottom: 5px;'>Hasta 27 n\u00fameros externos para marcaci\u00f3n.<\/li>\n<li style='margin-bottom: 5px;'>2 salidas de relevador para controlar portones vehiculares o puertas peatonales<\/li>\n<li style='margin-bottom: 5px;'>Permite controlar hasta 6 puntos de acceso mediante lectoras de proximidad teclados o control remoto (Requiere accesorios adicionales).<\/li>\n<li style='margin-bottom: 5px;'>Metodos de programaci\u00f3n: Directo en el dispositivo mediante el teclado&comma; teleforno de tonos o desde una PC mediante el software AccessPlus de Doorking.<\/li>\n<li style='margin-bottom: 5px;'>Alimentacion: 16 VCA. Incluida.<\/li>\n<\/ul><\/div>\n<\/p><\/div>\n<div style='flex: 1 1 250px; border: 1px solid rgba(150&comma; 150&comma; 150&comma; 0.4); border-radius: 8px; overflow: hidden; display: flex; flex-direction: column;'>\n<div style='padding: 15px; border-bottom: 1px solid rgba(150&comma; 150&comma; 150&comma; 0.2); font-weight: bold; font-size: 18px; color: inherit;'>Certificaciones<\/div>\n<div style='padding: 15px; color: inherit;'>\n<ul style='padding-left: 20px; margin: 0; font-size: 14px; list-style-type: disc;'>\n<li style='margin-bottom: 5px;'>FCC (US): DUF6VT-12874-OT-0<\/li>\n<li style='margin-bottom: 5px;'>DOC (CAN): 1736 4507 A<\/li>\n<li style='margin-bottom: 5px;'>Cumple con UL 294; ETL Listed.<\/li>\n<\/ul><\/div>\n<\/p><\/div>\n<div style='flex: 1 1 250px; border: 1px solid rgba(150&comma; 150&comma; 150&comma; 0.4); border-radius: 8px; overflow: hidden; display: flex; flex-direction: column;'>\n<div style='padding: 15px; border-bottom: 1px solid rgba(150&comma; 150&comma; 150&comma; 0.2); font-weight: bold; font-size: 18px; color: inherit;'>Caracter\u00edsticas F\u00edsicas<\/div>\n<div style='padding: 15px; color: inherit;'>\n<ul style='padding-left: 20px; margin: 0; font-size: 14px; list-style-type: disc;'>\n<li style='margin-bottom: 5px;'>Gabinete para sobreponer.<\/li>\n<li style='margin-bottom: 5px;'>155.7 mm Alto. 254 mm Largo. 133.35 mm Ancho.<\/li>\n<\/ul><\/div>\n<\/p><\/div>\n<\/p><\/div>\n<hr style='border: 0; border-top: 1px solid rgba(150&comma; 150&comma; 150&comma; 0.3); margin: 30px 0;'> <\/div>\n","protected":false},"excerpt":{"rendered":"<p>Control de acceso con audioportero integrado en gabinete para sobreponer<\/p>\n","protected":false},"featured_media":30291,"comment_status":"open","ping_status":"closed","template":"","meta":[],"product_brand":[],"product_cat":[907],"product_tag":[781,908,557],"class_list":{"0":"post-30292","1":"product","2":"type-product","3":"status-publish","4":"has-post-thumbnail","6":"product_cat-interfones","7":"product_tag-dks-doorking","8":"product_tag-interfones","9":"product_tag-videoporteros-e-interfonos","11":"first","12":"outofstock","13":"sale","14":"shipping-taxable","15":"purchasable","16":"product-type-simple"},"_links":{"self":[{"href":"https:\/\/soydeaqui.ddns.net\/pachuca\/index.php\/wp-json\/wp\/v2\/product\/30292","targetHints":{"allow":["GET"]}}],"collection":[{"href":"https:\/\/soydeaqui.ddns.net\/pachuca\/index.php\/wp-json\/wp\/v2\/product"}],"about":[{"href":"https:\/\/soydeaqui.ddns.net\/pachuca\/index.php\/wp-json\/wp\/v2\/types\/product"}],"replies":[{"embeddable":true,"href":"https:\/\/soydeaqui.ddns.net\/pachuca\/index.php\/wp-json\/wp\/v2\/comments?post=30292"}],"wp:featuredmedia":[{"embeddable":true,"href":"https:\/\/soydeaqui.ddns.net\/pachuca\/index.php\/wp-json\/wp\/v2\/media\/30291"}],"wp:attachment":[{"href":"https:\/\/soydeaqui.ddns.net\/pachuca\/index.php\/wp-json\/wp\/v2\/media?parent=30292"}],"wp:term":[{"taxonomy":"product_brand","embeddable":true,"href":"https:\/\/soydeaqui.ddns.net\/pachuca\/index.php\/wp-json\/wp\/v2\/product_brand?post=30292"},{"taxonomy":"product_cat","embeddable":true,"href":"https:\/\/soydeaqui.ddns.net\/pachuca\/index.php\/wp-json\/wp\/v2\/product_cat?post=30292"},{"taxonomy":"product_tag","embeddable":true,"href":"https:\/\/soydeaqui.ddns.net\/pachuca\/index.php\/wp-json\/wp\/v2\/product_tag?post=30292"}],"curies":[{"name":"wp","href":"https:\/\/api.w.org\/{rel}","templated":true}]}}