{"id":30228,"date":"2026-03-18T13:42:33","date_gmt":"2026-03-18T13:42:33","guid":{"rendered":"https:\/\/soydeaqui.ddns.net\/pachuca\/index.php\/producto\/contacto-magnetico-para-puertas-y-ventanas-color-cafe-gap-33mm\/"},"modified":"2026-03-18T13:42:35","modified_gmt":"2026-03-18T13:42:35","slug":"contacto-magnetico-para-puertas-y-ventanas-color-cafe-gap-33mm","status":"publish","type":"product","link":"https:\/\/soydeaqui.ddns.net\/pachuca\/index.php\/producto\/contacto-magnetico-para-puertas-y-ventanas-color-cafe-gap-33mm\/","title":{"rendered":"Contacto magn\u00e9tico para puertas y ventanas color caf\u00e9 \/ GAP: 33mm"},"content":{"rendered":"<div style='width: 100%; max-width: 1200px; margin: 0 auto; font-family: sans-serif; line-height: 1.6; color: inherit; background-color: transparent;'> <!-- Secci\u00f3n de descripci\u00f3n --> <\/p>\n<div style='margin-bottom: 30px;'>\n<p style='margin: 0 0 15px 0; color: inherit; font-size: 15px;'>SFIRE forma parte de una alianza de los fabricantes m\u00e1s importantes del mundo de equipos de intrusi\u00f3n. \u00danicos en cumplir UL y CE&comma; fabricados con los m\u00e1s altos est\u00e1ndares de calidad y dise\u00f1os elegantes.<\/p>\n<p style='margin: 0 0 15px 0; color: inherit; font-size: 15px;'>El Sensor magn\u00e9tico para ventanas y puertas consta de un im\u00e1n y un reedswitch (interruptor magn\u00e9tico). Este sensor funciona como un switch normalmente cerrado (mientras hay campo magn\u00e9tico). Cuando la puerta o ventana se abre&comma; el circuito el\u00e9ctrico tambi\u00e9n se abre y es posible detectar la apertura de la misma.<\/p>\n<\/p><\/div>\n<p> <!-- Secci\u00f3n de caracter\u00edsticas --> <\/p>\n<div style='display: flex; flex-wrap: wrap; gap: 30px; margin-bottom: 30px;'>\n<div style='flex: 1 1 300px; min-width: 280px;'>\n<h3 style='font-size: 22px; border-bottom: 2px solid currentColor; padding-bottom: 5px; margin-top: 0; color: inherit; opacity: 0.8;'>Caracter\u00edsticas<\/h3>\n<ul style='padding-left: 20px; font-size: 15px; color: inherit;'>\n<li style='margin-bottom: 5px;'>Montaje de tornillos<\/li>\n<li style='margin-bottom: 5px;'>Placa aislante<\/li>\n<li style='margin-bottom: 5px;'>Cubierta de cables y tornillos<\/li>\n<li style='margin-bottom: 5px;'>Dimensiones switch: 63 x 19 x 15 mm&comma; orificios 52 mm<\/li>\n<li style='margin-bottom: 5px;'>Dimensiones de im\u00e1n 63 x 12 x 16 mm&comma; orificios 52 mm<\/li>\n<li style='margin-bottom: 5px;'>1 a\u00f1o de garant\u00eda<\/li>\n<li style='margin-bottom: 5px;'>12 Vcc&comma; 0.5A<\/li>\n<li style='margin-bottom: 5px;'>GAP: 33 mm<\/li>\n<\/ul><\/div>\n<\/p><\/div>\n<p> <!-- Secci\u00f3n de imagen --> <\/p>\n<div style='margin-bottom: 30px;'> <img style='width: 100%; height: auto; border: 1px solid rgba(150&comma;150&comma;150&comma;0.3); border-radius: 8px;' src='http:\/\/ftp3.syscom.mx\/usuarios\/fotos\/kfranco\/sfire.png' alt='imagen01'> <\/div>\n<p> <!-- Separador --> <\/p>\n<hr style='border: 0; border-top: 1px solid rgba(150&comma; 150&comma; 150&comma; 0.3); margin: 30px 0;'> <\/div>\n","protected":false},"excerpt":{"rendered":"<p>Contacto magn\u00e9tico para puertas y ventanas color caf\u00e9 \/ GAP: 33mm<\/p>\n","protected":false},"featured_media":30227,"comment_status":"open","ping_status":"closed","template":"","meta":[],"product_brand":[],"product_cat":[113],"product_tag":[115,114,79],"class_list":{"0":"post-30228","1":"product","2":"type-product","3":"status-publish","4":"has-post-thumbnail","6":"product_cat-contacto-magnetico-cableado","7":"product_tag-contacto-magnetico-cableado","8":"product_tag-contactos-magneticos","9":"product_tag-sfire","11":"first","12":"instock","13":"sale","14":"shipping-taxable","15":"purchasable","16":"product-type-simple"},"_links":{"self":[{"href":"https:\/\/soydeaqui.ddns.net\/pachuca\/index.php\/wp-json\/wp\/v2\/product\/30228","targetHints":{"allow":["GET"]}}],"collection":[{"href":"https:\/\/soydeaqui.ddns.net\/pachuca\/index.php\/wp-json\/wp\/v2\/product"}],"about":[{"href":"https:\/\/soydeaqui.ddns.net\/pachuca\/index.php\/wp-json\/wp\/v2\/types\/product"}],"replies":[{"embeddable":true,"href":"https:\/\/soydeaqui.ddns.net\/pachuca\/index.php\/wp-json\/wp\/v2\/comments?post=30228"}],"wp:featuredmedia":[{"embeddable":true,"href":"https:\/\/soydeaqui.ddns.net\/pachuca\/index.php\/wp-json\/wp\/v2\/media\/30227"}],"wp:attachment":[{"href":"https:\/\/soydeaqui.ddns.net\/pachuca\/index.php\/wp-json\/wp\/v2\/media?parent=30228"}],"wp:term":[{"taxonomy":"product_brand","embeddable":true,"href":"https:\/\/soydeaqui.ddns.net\/pachuca\/index.php\/wp-json\/wp\/v2\/product_brand?post=30228"},{"taxonomy":"product_cat","embeddable":true,"href":"https:\/\/soydeaqui.ddns.net\/pachuca\/index.php\/wp-json\/wp\/v2\/product_cat?post=30228"},{"taxonomy":"product_tag","embeddable":true,"href":"https:\/\/soydeaqui.ddns.net\/pachuca\/index.php\/wp-json\/wp\/v2\/product_tag?post=30228"}],"curies":[{"name":"wp","href":"https:\/\/api.w.org\/{rel}","templated":true}]}}