{"id":30204,"date":"2026-03-18T13:42:03","date_gmt":"2026-03-18T13:42:03","guid":{"rendered":"https:\/\/soydeaqui.ddns.net\/pachuca\/index.php\/producto\/chapa-derecha-cromada-con-lector-de-huella-proximidad-y-teclado\/"},"modified":"2026-03-18T13:42:04","modified_gmt":"2026-03-18T13:42:04","slug":"chapa-derecha-cromada-con-lector-de-huella-proximidad-y-teclado","status":"publish","type":"product","link":"https:\/\/soydeaqui.ddns.net\/pachuca\/index.php\/producto\/chapa-derecha-cromada-con-lector-de-huella-proximidad-y-teclado\/","title":{"rendered":"Chapa Derecha Cromada con Lector de Huella, Proximidad y Teclado"},"content":{"rendered":"<div style='width: 100%; max-width: 1200px; margin: 0 auto; font-family: sans-serif; line-height: 1.6; color: inherit; background-color: transparent;'> <!-- Secci\u00f3n de funciones --> <\/p>\n<div style='display: flex; flex-wrap: wrap; gap: 30px; margin-bottom: 30px;'>\n<div style='flex: 1 1 300px; min-width: 280px;'>\n<h3 style='font-size: 22px; border-bottom: 2px solid currentColor; padding-bottom: 5px; margin-top: 0; color: inherit; opacity: 0.8;'>Funciones<\/h3>\n<ul style='padding-left: 20px; font-size: 15px; color: inherit;'>\n<li style='margin-bottom: 5px;'>Control de Acceso<\/li>\n<\/ul><\/div>\n<\/p><\/div>\n<p> <!-- Secci\u00f3n de capacidad --> <\/p>\n<div style='display: flex; flex-wrap: wrap; gap: 30px; margin-bottom: 30px;'>\n<div style='flex: 1 1 300px; min-width: 280px;'>\n<h3 style='font-size: 22px; border-bottom: 2px solid currentColor; padding-bottom: 5px; margin-top: 0; color: inherit; opacity: 0.8;'>Capacidad<\/h3>\n<ul style='padding-left: 20px; font-size: 15px; color: inherit;'>\n<li style='margin-bottom: 5px;'>Huellas 500<\/li>\n<li style='margin-bottom: 5px;'>Contrase\u00f1as 100<\/li>\n<li style='margin-bottom: 5px;'>Tarjetas 100<\/li>\n<li style='margin-bottom: 5px;'>Eventos 30&comma;000<\/li>\n<\/ul><\/div>\n<\/p><\/div>\n<p> <!-- Secci\u00f3n de comunicaci\u00f3n --> <\/p>\n<div style='display: flex; flex-wrap: wrap; gap: 30px; margin-bottom: 30px;'>\n<div style='flex: 1 1 300px; min-width: 280px;'>\n<h3 style='font-size: 22px; border-bottom: 2px solid currentColor; padding-bottom: 5px; margin-top: 0; color: inherit; opacity: 0.8;'>Comunicaci\u00f3n<\/h3>\n<ul style='padding-left: 20px; font-size: 15px; color: inherit;'>\n<li style='margin-bottom: 5px;'>Administraci\u00f3n por Memoria USB:<\/li>\n<ul style='padding-left: 25px; margin-top: 5px; margin-bottom: 5px; color: inherit;'>\n<li style='margin-bottom: 5px;'>Permite Copiar Huellas y Usuarios de una Chapa a Otra<\/li>\n<li style='margin-bottom: 5px;'>Descarga de Eventos de Acceso<\/li>\n<\/ul>\n<\/ul><\/div>\n<\/p><\/div>\n<p> <!-- Secci\u00f3n de hardware --> <\/p>\n<div style='display: flex; flex-wrap: wrap; gap: 30px; margin-bottom: 30px;'>\n<div style='flex: 1 1 300px; min-width: 280px;'>\n<h3 style='font-size: 22px; border-bottom: 2px solid currentColor; padding-bottom: 5px; margin-top: 0; color: inherit; opacity: 0.8;'>Hardware<\/h3>\n<ul style='padding-left: 20px; font-size: 15px; color: inherit;'>\n<li style='margin-bottom: 5px;'>Sensor de Huella Anti-Rayaduras<\/li>\n<li style='margin-bottom: 5px;'>Lector de Proximidad y Teclado<\/li>\n<li style='margin-bottom: 5px;'>Pantalla OLED<\/li>\n<li style='margin-bottom: 5px;'>Material: Aleaci\u00f3n de Zinc<\/li>\n<\/ul><\/div>\n<\/p><\/div>\n<p> <!-- Secci\u00f3n de alimentaci\u00f3n --> <\/p>\n<div style='display: flex; flex-wrap: wrap; gap: 30px; margin-bottom: 30px;'>\n<div style='flex: 1 1 300px; min-width: 280px;'>\n<h3 style='font-size: 22px; border-bottom: 2px solid currentColor; padding-bottom: 5px; margin-top: 0; color: inherit; opacity: 0.8;'>Alimentaci\u00f3n<\/h3>\n<ul style='padding-left: 20px; font-size: 15px; color: inherit;'>\n<li style='margin-bottom: 5px;'>Requiere 4 bater\u00edas AA de 1.5Vcc<\/li>\n<li style='margin-bottom: 5px;'>Alarma por Bater\u00edas Bajas<\/li>\n<\/ul><\/div>\n<\/p><\/div>\n<p> <!-- Secci\u00f3n de informaci\u00f3n adicional --> <\/p>\n<div style='display: flex; flex-wrap: wrap; gap: 30px; margin-bottom: 30px;'>\n<div style='flex: 1 1 300px; min-width: 280px;'>\n<h3 style='font-size: 22px; border-bottom: 2px solid currentColor; padding-bottom: 5px; margin-top: 0; color: inherit; opacity: 0.8;'>Informaci\u00f3n Adicional<\/h3>\n<ul style='padding-left: 20px; font-size: 15px; color: inherit;'>\n<li style='margin-bottom: 5px;'>Para Puerta Derecha<\/li>\n<li style='margin-bottom: 5px;'>Para Puertas de 35 a 55 mm de Grosor<\/li>\n<li style='margin-bottom: 5px;'>Temperatura de Operaci\u00f3n: 0 a 45 \u00b0C<\/li>\n<li style='margin-bottom: 5px;'>Dimensiones: 310 x 72 x 35 mm<\/li>\n<li style='margin-bottom: 5px;'>1 A\u00f1o de Garant\u00eda<\/li>\n<\/ul><\/div>\n<\/p><\/div>\n<p> <!-- Secci\u00f3n de caracter\u00edsticas especiales --> <\/p>\n<div style='display: flex; flex-wrap: wrap; gap: 30px; margin-bottom: 30px;'>\n<div style='flex: 1 1 300px; min-width: 280px;'>\n<h3 style='font-size: 22px; border-bottom: 2px solid currentColor; padding-bottom: 5px; margin-top: 0; color: inherit; opacity: 0.8;'>Caracter\u00edsticas Especiales<\/h3>\n<ul style='padding-left: 20px; font-size: 15px; color: inherit;'>\n<li style='margin-bottom: 5px;'>Soporta Hasta 10 Huellas por Usuario<\/li>\n<li style='margin-bottom: 5px;'>Programaci\u00f3n Directa en Pantalla<\/li>\n<li style='margin-bottom: 5px;'>Mecanismo de Apertura de Emergencia por Llave o Bater\u00eda de Respaldo de 9Vcc<\/li>\n<\/ul><\/div>\n<\/p><\/div>\n<p> <!-- Secci\u00f3n de tarjetas compatibles --> <\/p>\n<div style='display: flex; flex-wrap: wrap; gap: 30px; margin-bottom: 30px;'>\n<div style='flex: 1 1 300px; min-width: 280px;'>\n<h3 style='font-size: 22px; border-bottom: 2px solid currentColor; padding-bottom: 5px; margin-top: 0; color: inherit; opacity: 0.8;'>Tarjetas Compatibles<\/h3>\n<ul style='padding-left: 20px; font-size: 15px; color: inherit;'>\n<li style='margin-bottom: 5px;'>ATR11&comma; ATR14 y ATR261B0<\/li>\n<\/ul><\/div>\n<\/p><\/div>\n<p> <!-- Separador --> <\/p>\n<hr style='border: 0; border-top: 1px solid rgba(150&comma; 150&comma; 150&comma; 0.3); margin: 30px 0;'> <!-- Secci\u00f3n de video --> <\/p>\n<div style='margin-bottom: 30px;'>\n<h3 style='font-size: 22px; border-bottom: 2px solid currentColor; padding-bottom: 5px; margin-top: 0; color: inherit; opacity: 0.8;'>Video de Instalaci\u00f3n de Chapas LockPRO5<\/h3>\n<div style='position: relative; padding-bottom: 56.25%; height: 0; overflow: hidden; margin-bottom: 30px;'>   <\/div>\n<\/p><\/div>\n<p> <!-- Separador --> <\/p>\n<hr style='border: 0; border-top: 1px solid rgba(150&comma; 150&comma; 150&comma; 0.3); margin: 30px 0;'> <!-- Secci\u00f3n de im\u00e1genes de identificaci\u00f3n --> <\/p>\n<div style='display: flex; flex-wrap: wrap; gap: 20px; margin-bottom: 30px;'>\n<div style='flex: 1 1 300px; min-width: 280px;'>\n<p style='font-size: 15px; color: inherit; margin-top: 0;'>Para saber como identificar si una puerta requiere chapa izquierda o derecha al momento de elegir una chapa LockPRO&comma; solo debe seguir las siguientes indicaciones:<\/p>\n<\/p><\/div>\n<\/p><\/div>\n<div style='display: flex; flex-wrap: wrap; gap: 20px; margin-bottom: 30px;'>\n<div style='flex: 1 1 400px; min-width: 300px;'> <img style='width: 100%; height: auto; border: 1px solid rgba(150&comma;150&comma;150&comma;0.3); border-radius: 8px;' src='http:\/\/ftp3.syscom.mx\/usuarios\/fotos\/recursos\/Chapas-LOCKPRO-identificar-izquierda-o-derecha.jpg' alt='Diagrama 2'> <\/div>\n<\/p><\/div>\n<p> <!-- Secci\u00f3n de im\u00e1genes laterales --> <\/p>\n<div style='display: flex; flex-wrap: wrap; gap: 20px; margin-bottom: 30px;'>\n<div style='flex: 1 1 400px; min-width: 300px;'> <img style='width: 100%; height: auto; border: 1px solid rgba(150&comma;150&comma;150&comma;0.3); border-radius: 8px;' src='http:\/\/148.223.3.142\/archivos\/jvillela\/recursos\/95.jpg' alt='Lateral'> <\/div>\n<div style='flex: 1 1 400px; min-width: 300px;'> <img style='width: 100%; height: auto; border: 1px solid rgba(150&comma;150&comma;150&comma;0.3); border-radius: 8px;' src='http:\/\/148.223.3.142\/archivos\/jvillela\/recursos\/96.jpg' alt='Lateral'> <\/div>\n<\/p><\/div>\n<\/p><\/div>\n","protected":false},"excerpt":{"rendered":"<p>Chapa Derecha Cromada con Lector de Huella, Proximidad y Teclado<\/p>\n","protected":false},"featured_media":30203,"comment_status":"open","ping_status":"closed","template":"","meta":[],"product_brand":[],"product_cat":[86],"product_tag":[234,88,87],"class_list":{"0":"post-30204","1":"product","2":"type-product","3":"status-publish","4":"has-post-thumbnail","6":"product_cat-autonomas-inteligentes","7":"product_tag-accesspro","8":"product_tag-autonomas-inteligentes","9":"product_tag-cerraduras","11":"first","12":"outofstock","13":"sale","14":"shipping-taxable","15":"purchasable","16":"product-type-simple"},"_links":{"self":[{"href":"https:\/\/soydeaqui.ddns.net\/pachuca\/index.php\/wp-json\/wp\/v2\/product\/30204","targetHints":{"allow":["GET"]}}],"collection":[{"href":"https:\/\/soydeaqui.ddns.net\/pachuca\/index.php\/wp-json\/wp\/v2\/product"}],"about":[{"href":"https:\/\/soydeaqui.ddns.net\/pachuca\/index.php\/wp-json\/wp\/v2\/types\/product"}],"replies":[{"embeddable":true,"href":"https:\/\/soydeaqui.ddns.net\/pachuca\/index.php\/wp-json\/wp\/v2\/comments?post=30204"}],"wp:featuredmedia":[{"embeddable":true,"href":"https:\/\/soydeaqui.ddns.net\/pachuca\/index.php\/wp-json\/wp\/v2\/media\/30203"}],"wp:attachment":[{"href":"https:\/\/soydeaqui.ddns.net\/pachuca\/index.php\/wp-json\/wp\/v2\/media?parent=30204"}],"wp:term":[{"taxonomy":"product_brand","embeddable":true,"href":"https:\/\/soydeaqui.ddns.net\/pachuca\/index.php\/wp-json\/wp\/v2\/product_brand?post=30204"},{"taxonomy":"product_cat","embeddable":true,"href":"https:\/\/soydeaqui.ddns.net\/pachuca\/index.php\/wp-json\/wp\/v2\/product_cat?post=30204"},{"taxonomy":"product_tag","embeddable":true,"href":"https:\/\/soydeaqui.ddns.net\/pachuca\/index.php\/wp-json\/wp\/v2\/product_tag?post=30204"}],"curies":[{"name":"wp","href":"https:\/\/api.w.org\/{rel}","templated":true}]}}