{"id":30200,"date":"2026-03-18T13:41:58","date_gmt":"2026-03-18T13:41:58","guid":{"rendered":"https:\/\/soydeaqui.ddns.net\/pachuca\/index.php\/producto\/chapa-izquierda-para-hoteles-con-tecnologia-mifare-sentido-configurable\/"},"modified":"2026-03-18T13:41:59","modified_gmt":"2026-03-18T13:41:59","slug":"chapa-izquierda-para-hoteles-con-tecnologia-mifare-sentido-configurable","status":"publish","type":"product","link":"https:\/\/soydeaqui.ddns.net\/pachuca\/index.php\/producto\/chapa-izquierda-para-hoteles-con-tecnologia-mifare-sentido-configurable\/","title":{"rendered":"Chapa izquierda para hoteles con tecnolog\u00eda MIFARE\u00ae \/ Sentido Configurable"},"content":{"rendered":"<div style='width: 100%; max-width: 1200px; margin: 0 auto; font-family: sans-serif; line-height: 1.6; color: inherit; background-color: transparent;'> <!-- Secci\u00f3n de caracter\u00edsticas --> <\/p>\n<div style='display: flex; flex-wrap: wrap; gap: 30px; margin-bottom: 30px;'>\n<div style='flex: 1 1 300px; min-width: 280px;'>\n<h3 style='font-size: 22px; border-bottom: 2px solid currentColor; padding-bottom: 5px; margin-top: 0; color: inherit; opacity: 0.8;'>Capacidad<\/h3>\n<ul style='padding-left: 20px; font-size: 15px; color: inherit;'>\n<li style='margin-bottom: 5px;'>Tarjetas: 90<\/li>\n<\/ul><\/div>\n<div style='flex: 1 1 300px; min-width: 280px;'>\n<h3 style='font-size: 22px; border-bottom: 2px solid currentColor; padding-bottom: 5px; margin-top: 0; color: inherit; opacity: 0.8;'>Hardware<\/h3>\n<ul style='padding-left: 20px; font-size: 15px; color: inherit;'>\n<li style='margin-bottom: 5px;'>Lector MIFARE\u00ae<\/li>\n<li style='margin-bottom: 5px;'>Frecuencia 13.56 Mhz<\/li>\n<li style='margin-bottom: 5px;'>Cerradura de 5 pestillos<\/li>\n<li style='margin-bottom: 5px;'>Material: Acero Inoxidable<\/li>\n<li style='margin-bottom: 5px;'>Registra los \u00faltimos 224 eventos<\/li>\n<\/ul><\/div>\n<div style='flex: 1 1 300px; min-width: 280px;'>\n<h3 style='font-size: 22px; border-bottom: 2px solid currentColor; padding-bottom: 5px; margin-top: 0; color: inherit; opacity: 0.8;'>Alimentaci\u00f3n<\/h3>\n<ul style='padding-left: 20px; font-size: 15px; color: inherit;'>\n<li style='margin-bottom: 5px;'>Requiere 4 bater\u00edas AA de 1.5Vcc<\/li>\n<li style='margin-bottom: 5px;'>Alarma por Bater\u00edas Bajas<\/li>\n<\/ul><\/div>\n<div style='flex: 1 1 300px; min-width: 280px;'>\n<h3 style='font-size: 22px; border-bottom: 2px solid currentColor; padding-bottom: 5px; margin-top: 0; color: inherit; opacity: 0.8;'>Informaci\u00f3n Adicional<\/h3>\n<ul style='padding-left: 20px; font-size: 15px; color: inherit;'>\n<li style='margin-bottom: 5px;'>Color plata<\/li>\n<li style='margin-bottom: 5px;'>Para Puerta Izquierda<\/li>\n<li style='margin-bottom: 5px;'>Para Puertas de 35 a 55 mm de Grosor<\/li>\n<li style='margin-bottom: 5px;'>Temperatura de Operaci\u00f3n: 0 a 45 \u00b0C<\/li>\n<li style='margin-bottom: 5px;'>Dimensiones: 239 x 78 x 28mm<\/li>\n<li style='margin-bottom: 5px;'>1 A\u00f1o de Garant\u00eda<\/li>\n<li style='margin-bottom: 5px;'>Las chapas se encuentran abiertas y as\u00ed permanecen hasta que son programadas<\/li>\n<\/ul><\/div>\n<div style='flex: 1 1 300px; min-width: 280px;'>\n<h3 style='font-size: 22px; border-bottom: 2px solid currentColor; padding-bottom: 5px; margin-top: 0; color: inherit; opacity: 0.8;'>Caracter\u00edsticas Especiales<\/h3>\n<ul style='padding-left: 20px; font-size: 15px; color: inherit;'>\n<li style='margin-bottom: 5px;'>Mecanismo de Apertura de Emergencia por Llave<\/li>\n<li style='margin-bottom: 5px;'>Requiere Codificador de Tarjetas USB modelo EncoderPRO<\/li>\n<li style='margin-bottom: 5px;'>Interruptor de Energ\u00eda para Habitaci\u00f3n modelo SwitchPRO Opcional<\/li>\n<li style='margin-bottom: 5px; font-weight: bold;'>Requiere Software ZKBioCVsecurity 6.5.0 [SmartLock] No incluido<\/li>\n<\/ul><\/div>\n<\/p><\/div>\n<p> <!-- Tarjetas recomendadas --> <\/p>\n<div style='margin-bottom: 30px;'>\n<h3 style='font-size: 22px; border-bottom: 2px solid currentColor; padding-bottom: 5px; margin-top: 0; color: inherit; opacity: 0.8;'>Tarjetas recomendadas<\/h3>\n<p style='font-size: 15px; color: inherit; margin: 15px 0;'>Tarjetas recomendadas: <strong>ACCESSCARM1K&comma; ACCESSCARDM4K&comma; ACCESKFBM1K&comma; ACCESSWB65M1K&comma; ACCESSWB74M1K.<\/strong> <a href='https:\/\/www.syscom.mx\/principal\/promociones\/tarjetas_mifare-7359.html?ordenar=Relevancia&#038;pag=1' style='color: inherit; text-decoration: underline;'>Ver aqu\u00ed<\/a><\/p>\n<\/p><\/div>\n<p> <!-- Nota --> <\/p>\n<div style='margin-bottom: 30px;'>\n<h3 style='font-size: 22px; border-bottom: 2px solid currentColor; padding-bottom: 5px; margin-top: 0; color: inherit; opacity: 0.8;'>Nota<\/h3>\n<p style='font-size: 15px; color: inherit; margin: 15px 0;'>Solo se da soporte al software suministrado con el equipo o proporcionado por SYSCOM y siempre y cuando se utilice el mismo motor de base de datos que se incluye. Cualquier otra implementaci\u00f3n hacia otro software u otra versi\u00f3n de base de datos&comma; es responsabilidad del integrador o desarrollador a cargo.<\/p>\n<\/p><\/div>\n<p> <!-- Video --> <\/p>\n<div style='margin-bottom: 30px;'>\n<div style='position: relative; padding-bottom: 56.25%; height: 0; overflow: hidden; margin-bottom: 30px;'>   <\/div>\n<\/p><\/div>\n<p> <!-- Im\u00e1genes adicionales --> <\/p>\n<div style='display: flex; flex-wrap: wrap; gap: 20px; margin-bottom: 30px; justify-content: center;'> <img style='width: 100%; max-width: 860px; height: auto; border: 1px solid rgba(150&comma;150&comma;150&comma;0.3); border-radius: 8px;' src='http:\/\/ftp3.syscom.mx\/usuarios\/fsanora\/ZKTeco\/Sentido%20cerraduras.png' alt=''> <img style='width: 100%; max-width: 660px; height: auto; border: 1px solid rgba(150&comma;150&comma;150&comma;0.3); border-radius: 8px;' src='http:\/\/ftp3.syscom.mx\/usuarios\/fotos\/recursos\/IMG_20140130_120703.png' alt=''> <img style='width: 100%; max-width: 721px; height: auto; border: 1px solid rgba(150&comma;150&comma;150&comma;0.3); border-radius: 8px;' src='http:\/\/ftp3.syscom.mx\/usuarios\/fotos\/recursos\/Chapas-LOCKPRO-identificar-izquierda-o-derecha.jpg' alt='Diagrama 2'> <img style='width: 100%; max-width: 660px; height: auto; border: 1px solid rgba(150&comma;150&comma;150&comma;0.3); border-radius: 8px;' src='http:\/\/ftp3.syscom.mx\/usuarios\/fotos\/recursos\/338.jpg' alt='Accesorios'> <\/div>\n<p> <!-- Gu\u00eda de instalaci\u00f3n --> <\/p>\n<div style='margin-bottom: 30px;'>\n<h3 style='font-size: 22px; border-bottom: 2px solid currentColor; padding-bottom: 5px; margin-top: 0; color: inherit; opacity: 0.8;'>Gu\u00eda R\u00e1pida de Instalaci\u00f3n<\/h3>\n<div style='display: flex; flex-wrap: wrap; gap: 15px; margin-top: 20px; justify-content: center;'> <img style='width: 100%; max-width: 440px; height: auto; border: 1px solid rgba(150&comma;150&comma;150&comma;0.3); border-radius: 8px;' src='http:\/\/ftp3.syscom.mx\/usuarios\/fotos\/recursos\/353.jpg' alt='Paso 1'> <img style='width: 100%; max-width: 440px; height: auto; border: 1px solid rgba(150&comma;150&comma;150&comma;0.3); border-radius: 8px;' src='http:\/\/ftp3.syscom.mx\/usuarios\/fotos\/recursos\/354.jpg' alt='Paso 2'> <img style='width: 100%; max-width: 660px; height: auto; border: 1px solid rgba(150&comma;150&comma;150&comma;0.3); border-radius: 8px;' src='http:\/\/ftp3.syscom.mx\/usuarios\/fotos\/recursos\/355.jpg' alt='Paso 3'> <img style='width: 100%; max-width: 660px; height: auto; border: 1px solid rgba(150&comma;150&comma;150&comma;0.3); border-radius: 8px;' src='http:\/\/ftp3.syscom.mx\/usuarios\/fotos\/recursos\/358.jpg' alt='Paso 4'> <img style='width: 100%; max-width: 440px; height: auto; border: 1px solid rgba(150&comma;150&comma;150&comma;0.3); border-radius: 8px;' src='http:\/\/ftp3.syscom.mx\/usuarios\/fotos\/recursos\/356.jpg' alt='Paso 5'> <img style='width: 100%; max-width: 440px; height: auto; border: 1px solid rgba(150&comma;150&comma;150&comma;0.3); border-radius: 8px;' src='http:\/\/ftp3.syscom.mx\/usuarios\/fotos\/recursos\/357.jpg' alt='Paso 6'> <img style='width: 100%; max-width: 440px; height: auto; border: 1px solid rgba(150&comma;150&comma;150&comma;0.3); border-radius: 8px;' src='http:\/\/ftp3.syscom.mx\/usuarios\/fotos\/recursos\/359.jpg' alt='Paso 7'> <img style='width: 100%; max-width: 440px; height: auto; border: 1px solid rgba(150&comma;150&comma;150&comma;0.3); border-radius: 8px;' src='http:\/\/ftp3.syscom.mx\/usuarios\/fotos\/recursos\/360.jpg' alt='Paso 8'> <\/div>\n<\/p><\/div>\n<\/p><\/div>\n","protected":false},"excerpt":{"rendered":"<p>Chapa izquierda para hoteles con tecnolog\u00eda MIFARE\u00ae \/ Sentido Configurable<\/p>\n","protected":false},"featured_media":30199,"comment_status":"open","ping_status":"closed","template":"","meta":[],"product_brand":[],"product_cat":[397],"product_tag":[398,62,952],"class_list":{"0":"post-30200","1":"product","2":"type-product","3":"status-publish","4":"has-post-thumbnail","6":"product_cat-todos-administracion-de-hoteles","7":"product_tag-administracion-de-hoteles","8":"product_tag-todos","9":"product_tag-zkteco-accesspro","11":"first","12":"instock","13":"sale","14":"shipping-taxable","15":"purchasable","16":"product-type-simple"},"_links":{"self":[{"href":"https:\/\/soydeaqui.ddns.net\/pachuca\/index.php\/wp-json\/wp\/v2\/product\/30200","targetHints":{"allow":["GET"]}}],"collection":[{"href":"https:\/\/soydeaqui.ddns.net\/pachuca\/index.php\/wp-json\/wp\/v2\/product"}],"about":[{"href":"https:\/\/soydeaqui.ddns.net\/pachuca\/index.php\/wp-json\/wp\/v2\/types\/product"}],"replies":[{"embeddable":true,"href":"https:\/\/soydeaqui.ddns.net\/pachuca\/index.php\/wp-json\/wp\/v2\/comments?post=30200"}],"wp:featuredmedia":[{"embeddable":true,"href":"https:\/\/soydeaqui.ddns.net\/pachuca\/index.php\/wp-json\/wp\/v2\/media\/30199"}],"wp:attachment":[{"href":"https:\/\/soydeaqui.ddns.net\/pachuca\/index.php\/wp-json\/wp\/v2\/media?parent=30200"}],"wp:term":[{"taxonomy":"product_brand","embeddable":true,"href":"https:\/\/soydeaqui.ddns.net\/pachuca\/index.php\/wp-json\/wp\/v2\/product_brand?post=30200"},{"taxonomy":"product_cat","embeddable":true,"href":"https:\/\/soydeaqui.ddns.net\/pachuca\/index.php\/wp-json\/wp\/v2\/product_cat?post=30200"},{"taxonomy":"product_tag","embeddable":true,"href":"https:\/\/soydeaqui.ddns.net\/pachuca\/index.php\/wp-json\/wp\/v2\/product_tag?post=30200"}],"curies":[{"name":"wp","href":"https:\/\/api.w.org\/{rel}","templated":true}]}}