{"id":30178,"date":"2026-03-18T13:41:26","date_gmt":"2026-03-18T13:41:26","guid":{"rendered":"https:\/\/soydeaqui.ddns.net\/pachuca\/index.php\/producto\/operador-para-puertas-corredizas-de-hasta-3500-kg-y-hasta-17-metros-de-largo-ideal-para-puertas-de-grandes-dimensiones\/"},"modified":"2026-03-18T13:41:26","modified_gmt":"2026-03-18T13:41:26","slug":"operador-para-puertas-corredizas-de-hasta-3500-kg-y-hasta-17-metros-de-largo-ideal-para-puertas-de-grandes-dimensiones","status":"publish","type":"product","link":"https:\/\/soydeaqui.ddns.net\/pachuca\/index.php\/producto\/operador-para-puertas-corredizas-de-hasta-3500-kg-y-hasta-17-metros-de-largo-ideal-para-puertas-de-grandes-dimensiones\/","title":{"rendered":"Operador para Puertas Corredizas de hasta 3500 kg y Hasta 17 Metros de Largo \/ Ideal para Puertas de Grandes Dimensiones"},"content":{"rendered":"<div style='width: 100%; max-width: 1200px; margin: 0 auto; font-family: sans-serif; line-height: 1.6; color: inherit; background-color: transparent;'>\n<div style='display: flex; flex-wrap: wrap; gap: 30px; margin-bottom: 30px;'>\n<div style='flex: 1 1 300px; min-width: 280px;'>\n<h3 style='font-size: 22px; border-bottom: 2px solid currentColor; padding-bottom: 5px; margin-top: 0; color: inherit; opacity: 0.8;'>Caracter\u00edsticas principales<\/h3>\n<ul style='padding-left: 20px; font-size: 15px; color: inherit;'>\n<li style='margin-bottom: 5px;'>Para puertas de hasta 3500 kg<\/li>\n<li style='margin-bottom: 5px;'>Longitud m\u00e1xima de la hoja 17 m<\/li>\n<li style='margin-bottom: 5px;'>Hasta 14 ciclos por hora<\/li>\n<li style='margin-bottom: 5px;'>Empuje m\u00e1ximo 3500N<\/li>\n<\/ul><\/div>\n<div style='flex: 1 1 300px; min-width: 280px;'>\n<h3 style='font-size: 22px; border-bottom: 2px solid currentColor; padding-bottom: 5px; margin-top: 0; color: inherit; opacity: 0.8;'>Caracter\u00edsticas F\u00edsicas y El\u00e9ctricas<\/h3>\n<ul style='padding-left: 20px; font-size: 15px; color: inherit;'>\n<li style='margin-bottom: 5px;'>Voltaje de operaci\u00f3n 230\/400 VAC Trif\u00e1sica<\/li>\n<li style='margin-bottom: 5px;'>Potencia de 1000W<\/li>\n<li style='margin-bottom: 5px;'>Corriente absorbida 2A<\/li>\n<li style='margin-bottom: 5px;'>Alimentaci\u00f3n de la tarjeta 24VAC<\/li>\n<\/ul><\/div>\n<div style='flex: 1 1 300px; min-width: 280px;'>\n<h3 style='font-size: 22px; border-bottom: 2px solid currentColor; padding-bottom: 5px; margin-top: 0; color: inherit; opacity: 0.8;'>Caracter\u00edsticas Adicionales<\/h3>\n<ul style='padding-left: 20px; font-size: 15px; color: inherit;'>\n<li style='margin-bottom: 5px;'>Temperatura de operaci\u00f3n -20 a 55\u00b0C.<\/li>\n<li style='margin-bottom: 5px;'>Velocidad de maniobra 10.5 m\/min<\/li>\n<li style='margin-bottom: 5px;'>Protecci\u00f3n t\u00e9rmica a 140\u00b0C<\/li>\n<li style='margin-bottom: 5px;'>Grado de protecci\u00f3n IP54<\/li>\n<\/ul><\/div>\n<\/p><\/div>\n<hr style='border: 0; border-top: 1px solid rgba(150&comma; 150&comma; 150&comma; 0.3); margin: 30px 0;'>\n<div style='display: flex; flex-wrap: wrap; gap: 30px; margin-bottom: 30px;'>\n<div style='flex: 1 1 400px; min-width: 280px;'>\n<h3 style='font-size: 22px; border-bottom: 2px solid currentColor; padding-bottom: 5px; margin-top: 0; color: inherit; opacity: 0.8;'>Operador para puertas industriales de grandes dimensiones<\/h3>\n<h3 style='font-size: 20px; margin-top: 25px; margin-bottom: 15px; color: inherit; opacity: 0.8;'>Contenido del modelo:<\/h3>\n<ul style='padding-left: 20px; font-size: 15px; color: inherit;'>\n<li style='margin-bottom: 5px;'><strong>001BY3500T<\/strong> Operador para puertas de hasta 3500 kg<\/li>\n<\/ul>\n<h3 style='font-size: 20px; margin-top: 25px; margin-bottom: 15px; color: inherit; opacity: 0.8;'>Accesorios adicionales (No incluidos):<\/h3>\n<ul style='padding-left: 20px; font-size: 15px; color: inherit;'>\n<li style='margin-bottom: 5px;'><strong>009-CGZ6<\/strong> Cremallera m\u00f3dulo 6 (Se vende por metro&comma; la cantidad depende del tama\u00f1o de la puerta)<\/li>\n<li style='margin-bottom: 5px;'><strong>001-DIR10<\/strong> Fotocelda de seguridad para 10 metros de alcance<\/li>\n<li style='margin-bottom: 5px;'><strong>001AF-43S<\/strong> Tarjeta de radiofrecuencia para agregar controles<\/li>\n<li style='margin-bottom: 5px;'><strong>001-TOP432EE<\/strong> Control remoto inal\u00e1mbrico<\/li>\n<li style='margin-bottom: 5px;'><strong>XBSSW01<\/strong> Botonera triple de uso rudo<\/li>\n<\/ul>\n<h3 style='font-size: 20px; margin-top: 25px; margin-bottom: 15px; color: inherit; opacity: 0.8;'>Notas adicionales:<\/h3>\n<ul style='padding-left: 20px; font-size: 15px; color: inherit;'>\n<li style='margin-bottom: 5px;'>Equipo con un a\u00f1o de garant\u00eda contra defectos de fabricaci\u00f3n<\/li>\n<li style='margin-bottom: 5px;'>La puerta debe de estar perfectamente nivelada&comma; libre de fricci\u00f3n y movimiento libre<\/li>\n<li style='margin-bottom: 5px;'>Pi\u00f1\u00f3n del motor modulo 6<\/li>\n<\/ul><\/div>\n<div style='flex: 1 1 400px; min-width: 280px;'> <img style='width: 100%; height: auto; border: 1px solid rgba(150&comma;150&comma;150&comma;0.3); border-radius: 8px;' src='https:\/\/ftp3.syscom.mx\/usuarios\/fotos\/001BY3500T\/68348-001by3500t.png' alt=''> <\/div>\n<\/p><\/div>\n<hr style='border: 0; border-top: 1px solid rgba(150&comma; 150&comma; 150&comma; 0.3); margin: 30px 0;'> <\/div>\n","protected":false},"excerpt":{"rendered":"<p>Operador para Puertas Corredizas de hasta 3500 kg y Hasta 17 Metros de Largo \/ Ideal para Puertas de Grandes Dimensiones<\/p>\n","protected":false},"featured_media":30177,"comment_status":"open","ping_status":"closed","template":"","meta":[],"product_brand":[],"product_cat":[860],"product_tag":[401,779,861],"class_list":{"0":"post-30178","1":"product","2":"type-product","3":"status-publish","4":"has-post-thumbnail","6":"product_cat-puertas-corredizas","7":"product_tag-acceso-vehicular","8":"product_tag-came","9":"product_tag-puertas-corredizas","11":"first","12":"instock","13":"sale","14":"shipping-taxable","15":"purchasable","16":"product-type-simple"},"_links":{"self":[{"href":"https:\/\/soydeaqui.ddns.net\/pachuca\/index.php\/wp-json\/wp\/v2\/product\/30178","targetHints":{"allow":["GET"]}}],"collection":[{"href":"https:\/\/soydeaqui.ddns.net\/pachuca\/index.php\/wp-json\/wp\/v2\/product"}],"about":[{"href":"https:\/\/soydeaqui.ddns.net\/pachuca\/index.php\/wp-json\/wp\/v2\/types\/product"}],"replies":[{"embeddable":true,"href":"https:\/\/soydeaqui.ddns.net\/pachuca\/index.php\/wp-json\/wp\/v2\/comments?post=30178"}],"wp:featuredmedia":[{"embeddable":true,"href":"https:\/\/soydeaqui.ddns.net\/pachuca\/index.php\/wp-json\/wp\/v2\/media\/30177"}],"wp:attachment":[{"href":"https:\/\/soydeaqui.ddns.net\/pachuca\/index.php\/wp-json\/wp\/v2\/media?parent=30178"}],"wp:term":[{"taxonomy":"product_brand","embeddable":true,"href":"https:\/\/soydeaqui.ddns.net\/pachuca\/index.php\/wp-json\/wp\/v2\/product_brand?post=30178"},{"taxonomy":"product_cat","embeddable":true,"href":"https:\/\/soydeaqui.ddns.net\/pachuca\/index.php\/wp-json\/wp\/v2\/product_cat?post=30178"},{"taxonomy":"product_tag","embeddable":true,"href":"https:\/\/soydeaqui.ddns.net\/pachuca\/index.php\/wp-json\/wp\/v2\/product_tag?post=30178"}],"curies":[{"name":"wp","href":"https:\/\/api.w.org\/{rel}","templated":true}]}}