{"id":3014,"date":"2026-03-18T06:03:33","date_gmt":"2026-03-18T06:03:33","guid":{"rendered":"https:\/\/soydeaqui.ddns.net\/pachuca\/index.php\/producto\/radiora3-botonera-sunnata-blanco-3-escenas-y-2-botones-subir-bajar-para-radio-ra3-programe-escenas-diferentes-en-cada-boton-5\/"},"modified":"2026-03-18T06:03:37","modified_gmt":"2026-03-18T06:03:37","slug":"radiora3-botonera-sunnata-blanco-3-escenas-y-2-botones-subir-bajar-para-radio-ra3-programe-escenas-diferentes-en-cada-boton-5","status":"publish","type":"product","link":"https:\/\/soydeaqui.ddns.net\/pachuca\/index.php\/producto\/radiora3-botonera-sunnata-blanco-3-escenas-y-2-botones-subir-bajar-para-radio-ra3-programe-escenas-diferentes-en-cada-boton-5\/","title":{"rendered":"(RadioRa3) Botonera Sunnata Blanco 3 escenas y 2 botones subir\/bajar para Radio RA3, programe escenas diferentes en cada bot\u00f3n."},"content":{"rendered":"<div style='width: 100%; max-width: 1200px; margin: 0 auto; font-family: sans-serif; line-height: 1.6; color: inherit; background-color: transparent;'> <!-- Secci\u00f3n de caracter\u00edsticas principales --> <\/p>\n<div style='display: flex; flex-wrap: wrap; gap: 30px; margin-bottom: 30px;'>\n<div style='flex: 1 1 300px; min-width: 280px;'>\n<h3 style='font-size: 22px; border-bottom: 2px solid currentColor; padding-bottom: 5px; margin-top: 0; color: inherit; opacity: 0.8;'>Caracter\u00edsticas Principales<\/h3>\n<ul style='padding-left: 20px; font-size: 15px; color: inherit;'>\n<li style='margin-bottom: 5px;'>3 escenas programables con botones individualizados<\/li>\n<li style='margin-bottom: 5px;'>Control de luces y cortinas en escenas predefinidas<\/li>\n<li style='margin-bottom: 5px;'>Botones retroiluminados para f\u00e1cil uso nocturno<\/li>\n<li style='margin-bottom: 5px;'>Compatible con hub RadioRA3 RRPROC3KIT<\/li>\n<li style='margin-bottom: 5px;'>Instalaci\u00f3n en caja de pared est\u00e1ndar<\/li>\n<\/ul><\/div>\n<\/p><\/div>\n<p> <!-- Secci\u00f3n de especificaciones t\u00e9cnicas --> <\/p>\n<div style='display: flex; flex-wrap: wrap; gap: 20px; margin-bottom: 30px;'>\n<div style='flex: 1 1 250px; border: 1px solid rgba(150&comma; 150&comma; 150&comma; 0.4); border-radius: 8px; overflow: hidden; display: flex; flex-direction: column;'>\n<div style='padding: 15px; border-bottom: 1px solid rgba(150&comma; 150&comma; 150&comma; 0.2); font-weight: bold; font-size: 18px; color: inherit;'>Especificaciones T\u00e9cnicas<\/div>\n<div style='padding: 15px; color: inherit;'>\n<ul style='padding-left: 20px; margin: 0; font-size: 14px; list-style-type: disc;'>\n<li style='margin-bottom: 5px;'><strong>Tipo:<\/strong> Teclado de 3 botones con funciones de subir\/bajar<\/li>\n<li style='margin-bottom: 5px;'><strong>Modelo:<\/strong> RRSTW3RLSW<\/li>\n<li style='margin-bottom: 5px;'><strong>Color:<\/strong> Blanco<\/li>\n<li style='margin-bottom: 5px;'><strong>Compatibilidad:<\/strong> Sistema RadioRA 3<\/li>\n<li style='margin-bottom: 5px;'><strong>Alimentaci\u00f3n:<\/strong> 120V~<\/li>\n<li style='margin-bottom: 5px;'><strong>Instalaci\u00f3n:<\/strong> Caja de pared est\u00e1ndar<\/li>\n<li style='margin-bottom: 5px;'><strong>Material:<\/strong> Acabado satinado<\/li>\n<\/ul><\/div>\n<\/p><\/div>\n<p> <!-- Secci\u00f3n de funciones y aplicaciones --> <\/p>\n<div style='flex: 1 1 250px; border: 1px solid rgba(150&comma; 150&comma; 150&comma; 0.4); border-radius: 8px; overflow: hidden; display: flex; flex-direction: column;'>\n<div style='padding: 15px; border-bottom: 1px solid rgba(150&comma; 150&comma; 150&comma; 0.2); font-weight: bold; font-size: 18px; color: inherit;'>Funciones y Aplicaciones<\/div>\n<div style='padding: 15px; color: inherit;'>\n<ul style='padding-left: 20px; margin: 0; font-size: 14px; list-style-type: disc;'>\n<li style='margin-bottom: 5px;'>Programaci\u00f3n de escenas diferentes en cada bot\u00f3n<\/li>\n<li style='margin-bottom: 5px;'>Control de m\u00faltiples dispositivos (atenuadores&comma; interruptores de luz&comma; ventiladores de techo&comma; persianas autom\u00e1ticas)<\/li>\n<li style='margin-bottom: 5px;'>Barra de luz integrada para localizaci\u00f3n en la oscuridad<\/li>\n<li style='margin-bottom: 5px;'>Nivel de luz de la barra personalizable<\/li>\n<li style='margin-bottom: 5px;'>Dise\u00f1o contempor\u00e1neo con tecnolog\u00eda t\u00e1ctil capacitiva<\/li>\n<\/ul><\/div>\n<\/p><\/div>\n<p> <!-- Secci\u00f3n de compatibilidad y accesorios --> <\/p>\n<div style='flex: 1 1 250px; border: 1px solid rgba(150&comma; 150&comma; 150&comma; 0.4); border-radius: 8px; overflow: hidden; display: flex; flex-direction: column;'>\n<div style='padding: 15px; border-bottom: 1px solid rgba(150&comma; 150&comma; 150&comma; 0.2); font-weight: bold; font-size: 18px; color: inherit;'>Compatibilidad y Accesorios<\/div>\n<div style='padding: 15px; color: inherit;'>\n<ul style='padding-left: 20px; margin: 0; font-size: 14px; list-style-type: disc;'>\n<li style='margin-bottom: 5px;'><strong>Requiere:<\/strong> HUB RadioRa3 RRPROC3KIT<\/li>\n<li style='margin-bottom: 5px;'><strong>Accesorio recomendado:<\/strong> Tapa modelo SC1MN<\/li>\n<li style='margin-bottom: 5px;'><strong>Compatibilidad:<\/strong> Sistemas de audio integrados<\/li>\n<li style='margin-bottom: 5px;'><strong>Integraci\u00f3n:<\/strong> Persianas autom\u00e1ticas y dispositivos motorizados<\/li>\n<\/ul><\/div>\n<\/p><\/div>\n<\/p><\/div>\n<p> <!-- Separador --> <\/p>\n<hr style='border: 0; border-top: 1px solid rgba(150&comma; 150&comma; 150&comma; 0.3); margin: 30px 0;'> <\/div>\n","protected":false},"excerpt":{"rendered":"<p>(RadioRa3) Botonera Sunnata Blanco 3 escenas y 2 botones subir\/bajar para Radio RA3, programe escenas diferentes en cada bot\u00f3n.<\/p>\n","protected":false},"featured_media":3013,"comment_status":"open","ping_status":"closed","template":"","meta":[],"product_brand":[],"product_cat":[34],"product_tag":[30,35,55],"class_list":{"0":"post-3014","1":"product","2":"type-product","3":"status-publish","4":"has-post-thumbnail","6":"product_cat-lutron","7":"product_tag-automatizacion-casa-inteligente","8":"product_tag-lutron","9":"product_tag-lutron-radiora-3","11":"first","12":"instock","13":"sale","14":"shipping-taxable","15":"purchasable","16":"product-type-simple"},"_links":{"self":[{"href":"https:\/\/soydeaqui.ddns.net\/pachuca\/index.php\/wp-json\/wp\/v2\/product\/3014","targetHints":{"allow":["GET"]}}],"collection":[{"href":"https:\/\/soydeaqui.ddns.net\/pachuca\/index.php\/wp-json\/wp\/v2\/product"}],"about":[{"href":"https:\/\/soydeaqui.ddns.net\/pachuca\/index.php\/wp-json\/wp\/v2\/types\/product"}],"replies":[{"embeddable":true,"href":"https:\/\/soydeaqui.ddns.net\/pachuca\/index.php\/wp-json\/wp\/v2\/comments?post=3014"}],"wp:featuredmedia":[{"embeddable":true,"href":"https:\/\/soydeaqui.ddns.net\/pachuca\/index.php\/wp-json\/wp\/v2\/media\/3013"}],"wp:attachment":[{"href":"https:\/\/soydeaqui.ddns.net\/pachuca\/index.php\/wp-json\/wp\/v2\/media?parent=3014"}],"wp:term":[{"taxonomy":"product_brand","embeddable":true,"href":"https:\/\/soydeaqui.ddns.net\/pachuca\/index.php\/wp-json\/wp\/v2\/product_brand?post=3014"},{"taxonomy":"product_cat","embeddable":true,"href":"https:\/\/soydeaqui.ddns.net\/pachuca\/index.php\/wp-json\/wp\/v2\/product_cat?post=3014"},{"taxonomy":"product_tag","embeddable":true,"href":"https:\/\/soydeaqui.ddns.net\/pachuca\/index.php\/wp-json\/wp\/v2\/product_tag?post=3014"}],"curies":[{"name":"wp","href":"https:\/\/api.w.org\/{rel}","templated":true}]}}