{"id":30119,"date":"2026-03-18T13:40:11","date_gmt":"2026-03-18T13:40:11","guid":{"rendered":"https:\/\/soydeaqui.ddns.net\/pachuca\/index.php\/producto\/prometag-tag-ceramico-rfid-ultra-pequeno-adherible-compatible-con-pro12rf\/"},"modified":"2026-03-18T13:40:12","modified_gmt":"2026-03-18T13:40:12","slug":"prometag-tag-ceramico-rfid-ultra-pequeno-adherible-compatible-con-pro12rf","status":"publish","type":"product","link":"https:\/\/soydeaqui.ddns.net\/pachuca\/index.php\/producto\/prometag-tag-ceramico-rfid-ultra-pequeno-adherible-compatible-con-pro12rf\/","title":{"rendered":"PROMETAG \/ Tag Cer\u00e1mico RFID \/ Ultra Peque\u00f1o \/ Adherible \/ Compatible con PRO12RF"},"content":{"rendered":"<div style='width: 100%; max-width: 1200px; margin: 0 auto; font-family: sans-serif; line-height: 1.6; color: inherit; background-color: transparent;'>\n<div style='display: flex; flex-wrap: wrap; gap: 30px; margin-bottom: 30px;'>\n<div style='flex: 1 1 300px; min-width: 280px;'> <img style='width: 100%; height: auto; border: 1px solid rgba(150&comma;150&comma;150&comma;0.3); border-radius: 8px;' src='https:\/\/ftp3.syscom.mx\/usuarios\/fotos\/PRO800B\/67296-access-pro.png' alt=''> <\/div>\n<div style='flex: 1 1 300px; min-width: 280px;'>\n<h3 style='font-size: 22px; border-bottom: 2px solid currentColor; padding-bottom: 5px; margin-top: 0; color: inherit; opacity: 0.8;'>Tag de uso Universal para lectores PRO12RF<\/h3>\n<h4 style='font-size: 18px; color: inherit; margin-top: 0; opacity: 0.7;'>Caracter\u00edsticas:<\/h4>\n<ul style='padding-left: 20px; font-size: 15px; color: inherit;'>\n<li style='margin-bottom: 5px;'>Protocolo EPCGEN2<\/li>\n<li style='margin-bottom: 5px;'>Tag Encriptado compatible con el firmware m\u00e1s reciente de las antenas PRO12RF y PRO6RF<\/li>\n<li style='margin-bottom: 5px;'>26bits<\/li>\n<li style='margin-bottom: 5px;'>Temperatura de operaci\u00f3n 0-50 \u00b0C.<\/li>\n<li style='margin-bottom: 5px;'>Para superficies met\u00e1licas.<\/li>\n<li style='margin-bottom: 5px;'>Compatible con PRO12RF (Hasta 10 metros de alcance) y PRO6RF (Hasta 4 metros de alcance)<\/li>\n<li style='margin-bottom: 5px;'>Dimensiones 50 x 10 x 4 mm.<\/li>\n<li style='margin-bottom: 5px;'>1 A\u00f1o de Garant\u00eda<\/li>\n<\/ul><\/div>\n<\/p><\/div>\n<div style='display: flex; flex-wrap: wrap; gap: 20px; margin-bottom: 30px;'>\n<div style='flex: 1 1 250px; border: 1px solid rgba(150&comma; 150&comma; 150&comma; 0.4); border-radius: 8px; overflow: hidden; display: flex; flex-direction: column;'>\n<div style='padding: 15px; border-bottom: 1px solid rgba(150&comma; 150&comma; 150&comma; 0.2); font-weight: bold; font-size: 18px; color: inherit;'>Notas de Instalaci\u00f3n<\/div>\n<div style='padding: 15px; color: inherit;'>\n<ul style='padding-left: 20px; margin: 0; font-size: 14px; list-style-type: disc;'>\n<li style='margin-bottom: 5px;'>En la parte de atras viene el C\u00f3digo de Sitio y N\u00famero de tarjeta impreso&comma; antes de remover la etiqueta para su instalaci\u00f3n favor de apuntar el n\u00famero para poder darlo de alta.<\/li>\n<li style='margin-bottom: 5px;'>Con esta herramienta se puede obtener el n\u00famero interno. <a href='https:\/\/soporte.syscom.mx\/es\/articles\/1465823-zkteco-zkaccess3-5-agregar-numero-interno-de-tarjeta-a-usuario' target='_blank' style='color: inherit; text-decoration: underline;' rel='noopener'>Tip T\u00e9cnico<\/a><\/li>\n<li style='margin-bottom: 5px;'>Para uso con lectores de largo alcance debe considerar una p\u00e9rdida de alcance&comma; para mayores detalles consulte al dpto de Ingenier\u00eda<\/li>\n<\/ul><\/div>\n<\/p><\/div>\n<\/p><\/div>\n<hr style='border: 0; border-top: 1px solid rgba(150&comma; 150&comma; 150&comma; 0.3); margin: 30px 0;'> <\/div>\n","protected":false},"excerpt":{"rendered":"<p>PROMETAG \/ Tag Cer\u00e1mico RFID \/ Ultra Peque\u00f1o \/ Adherible \/ Compatible con PRO12RF<\/p>\n","protected":false},"featured_media":30118,"comment_status":"open","ping_status":"closed","template":"","meta":[],"product_brand":[],"product_cat":[831],"product_tag":[234,466,832],"class_list":{"0":"post-30119","1":"product","2":"type-product","3":"status-publish","4":"has-post-thumbnail","6":"product_cat-uhf-rfid","7":"product_tag-accesspro","8":"product_tag-lectoras-y-tarjetas","9":"product_tag-uhf-rfid","11":"first","12":"outofstock","13":"sale","14":"shipping-taxable","15":"purchasable","16":"product-type-simple"},"_links":{"self":[{"href":"https:\/\/soydeaqui.ddns.net\/pachuca\/index.php\/wp-json\/wp\/v2\/product\/30119","targetHints":{"allow":["GET"]}}],"collection":[{"href":"https:\/\/soydeaqui.ddns.net\/pachuca\/index.php\/wp-json\/wp\/v2\/product"}],"about":[{"href":"https:\/\/soydeaqui.ddns.net\/pachuca\/index.php\/wp-json\/wp\/v2\/types\/product"}],"replies":[{"embeddable":true,"href":"https:\/\/soydeaqui.ddns.net\/pachuca\/index.php\/wp-json\/wp\/v2\/comments?post=30119"}],"wp:featuredmedia":[{"embeddable":true,"href":"https:\/\/soydeaqui.ddns.net\/pachuca\/index.php\/wp-json\/wp\/v2\/media\/30118"}],"wp:attachment":[{"href":"https:\/\/soydeaqui.ddns.net\/pachuca\/index.php\/wp-json\/wp\/v2\/media?parent=30119"}],"wp:term":[{"taxonomy":"product_brand","embeddable":true,"href":"https:\/\/soydeaqui.ddns.net\/pachuca\/index.php\/wp-json\/wp\/v2\/product_brand?post=30119"},{"taxonomy":"product_cat","embeddable":true,"href":"https:\/\/soydeaqui.ddns.net\/pachuca\/index.php\/wp-json\/wp\/v2\/product_cat?post=30119"},{"taxonomy":"product_tag","embeddable":true,"href":"https:\/\/soydeaqui.ddns.net\/pachuca\/index.php\/wp-json\/wp\/v2\/product_tag?post=30119"}],"curies":[{"name":"wp","href":"https:\/\/api.w.org\/{rel}","templated":true}]}}