{"id":30113,"date":"2026-03-18T13:40:04","date_gmt":"2026-03-18T13:40:04","guid":{"rendered":"https:\/\/soydeaqui.ddns.net\/pachuca\/index.php\/producto\/lector-rfid-de-largo-alcance-para-control-de-acceso-vehicular-distancia-regulable-3-12-m-lineales-de-cobertura-uhf-902-928mhz\/"},"modified":"2026-03-18T13:40:10","modified_gmt":"2026-03-18T13:40:10","slug":"lector-rfid-de-largo-alcance-para-control-de-acceso-vehicular-distancia-regulable-3-12-m-lineales-de-cobertura-uhf-902-928mhz","status":"publish","type":"product","link":"https:\/\/soydeaqui.ddns.net\/pachuca\/index.php\/producto\/lector-rfid-de-largo-alcance-para-control-de-acceso-vehicular-distancia-regulable-3-12-m-lineales-de-cobertura-uhf-902-928mhz\/","title":{"rendered":"Lector RFID de Largo Alcance para Control de Acceso Vehicular \/ Distancia Regulable 3 &#8211; 12 m Lineales de Cobertura \/ UHF 902-928MHz"},"content":{"rendered":"<div style='width: 100%; max-width: 1200px; margin: 0 auto; font-family: sans-serif; line-height: 1.6; color: inherit; background-color: transparent;'>\n<div style='display: flex; flex-wrap: wrap; gap: 30px; margin-bottom: 30px;'>\n<div style='flex: 1 1 300px; min-width: 280px;'>\n<h3 style='font-size: 22px; border-bottom: 2px solid currentColor; padding-bottom: 5px; margin-top: 0; color: inherit; opacity: 0.8;'>Nueva versi\u00f3n de lectora<\/h3>\n<p style='font-size: 16px; color: inherit; margin-bottom: 15px;'><strong style='color: #f1c40f; font-family: 'Arial Black'&comma; sans-serif;'>VERSION2<\/strong> (compatible solo con protocolo EPCGEN2)<\/p>\n<\/p><\/div>\n<\/p><\/div>\n<div style='display: flex; flex-wrap: wrap; gap: 30px; margin-bottom: 30px;'>\n<div style='flex: 1 1 300px; min-width: 280px;'>\n<h3 style='font-size: 22px; border-bottom: 2px solid currentColor; padding-bottom: 5px; margin-top: 0; color: inherit; opacity: 0.8;'>Descripci\u00f3n<\/h3>\n<p style='font-size: 16px; color: inherit; margin-bottom: 15px;'><strong>Lector de Largo Alcance RFID (UHF)<\/strong><\/p>\n<p style='font-size: 16px; color: inherit; margin-bottom: 15px;'>Ideal para estacionamientos&comma; conjuntos residenciales&comma; corporativos y cualquier lugar de paso vehicular.<\/p>\n<p style='font-size: 16px; color: inherit; margin-bottom: 15px;'>Verifique c\u00f3mo debe configurar su lectora: <a style='color: #005cb9; text-decoration: none; font-weight: 600;' href='https:\/\/soporte.syscom.mx\/es\/articles\/2644109-accesspro-configuracion-pro12rf-pro6rf-epc-gen-2' target='_blank' rel='noopener'>AQU\u00cd<\/a><\/p>\n<\/p><\/div>\n<\/p><\/div>\n<div style='display: flex; flex-wrap: wrap; gap: 20px; margin-bottom: 30px;'>\n<div style='flex: 1 1 250px; border: 1px solid rgba(150&comma; 150&comma; 150&comma; 0.4); border-radius: 8px; overflow: hidden; display: flex; flex-direction: column;'>\n<div style='padding: 15px; border-bottom: 1px solid rgba(150&comma; 150&comma; 150&comma; 0.2); font-weight: bold; font-size: 18px; color: inherit;'>Caracter\u00edsticas t\u00e9cnicas<\/div>\n<div style='padding: 15px; color: inherit;'>\n<ul style='padding-left: 20px; margin: 0; font-size: 14px; list-style-type: disc;'>\n<li style='margin-bottom: 5px;'>Frecuencia de operaci\u00f3n de 902-928 Mhz.<\/li>\n<li style='margin-bottom: 5px;'>Modo de operaci\u00f3n FHSS.<\/li>\n<li style='margin-bottom: 5px;'>Tecnolog\u00eda compatible: Protocolo <strong>EPC C1 GEN2<\/strong> (similar al REPUVE)<\/li>\n<li style='margin-bottom: 5px;'><strong>Hasta 12m lineales y regulables<\/strong> de alcance con tags EPCC1GEN2<\/li>\n<li style='margin-bottom: 5px;'>Se recomienda utilizar tarjetas o tags ACCESSPRO.<\/li>\n<li style='margin-bottom: 5px;'>Salida <strong>Wiegand de 26 bits<\/strong> para tags EPCGEN2.<\/li>\n<li style='margin-bottom: 5px;'>Comunicaci\u00f3n TCP\/IP.<\/li>\n<li style='margin-bottom: 5px;'>Potencia programable de 0-30Dbm.<\/li>\n<li style='margin-bottom: 5px;'>Antena integrada de 12 dBi.<\/li>\n<li style='margin-bottom: 5px;'>Temperatura de operaci\u00f3n de -20 a 80 \u00baC.<\/li>\n<li style='margin-bottom: 5px;'>Alimentaci\u00f3n: <strong>12Vcc&comma; 2.5 A<\/strong> (incluida).<\/li>\n<li style='margin-bottom: 5px;'>Dimensiones de 440 x 440 x 50 mm.<\/li>\n<li style='margin-bottom: 5px;'>Peso de 2 kg.<\/li>\n<\/ul><\/div>\n<\/p><\/div>\n<div style='flex: 1 1 250px; border: 1px solid rgba(150&comma; 150&comma; 150&comma; 0.4); border-radius: 8px; overflow: hidden; display: flex; flex-direction: column;'>\n<div style='padding: 15px; border-bottom: 1px solid rgba(150&comma; 150&comma; 150&comma; 0.2); font-weight: bold; font-size: 18px; color: inherit;'>Requisitos<\/div>\n<div style='padding: 15px; color: inherit;'>\n<ul style='padding-left: 20px; margin: 0; font-size: 14px; list-style-type: disc;'>\n<li style='margin-bottom: 5px;'><strong>Requiere un Controlador de Acceso.<\/strong><\/li>\n<li style='margin-bottom: 5px;'>Compatible con ROSSLARE&comma; HIKVISION&comma; SUPREMA y Serie AccessPRO de SYSCOM o cualquier otro sistema que soporte Wiegand est\u00e1ndar a 26 \/ 34 Bits.<\/li>\n<\/ul><\/div>\n<\/p><\/div>\n<\/p><\/div>\n<div style='display: flex; flex-wrap: wrap; gap: 30px; margin-bottom: 30px;'>\n<div style='flex: 1 1 300px; min-width: 280px;'>\n<h3 style='font-size: 22px; border-bottom: 2px solid currentColor; padding-bottom: 5px; margin-top: 0; color: inherit; opacity: 0.8;'>Notas importantes<\/h3>\n<ol style='padding-left: 20px; font-size: 14px; color: inherit;'>\n<li style='margin-bottom: 5px;'>Puede variar la distancia seg\u00fan las condiciones del lugar o sitio y por el tipo de tag.<\/li>\n<li style='margin-bottom: 5px;'>Debe considerar que otros Tags instalados en el veh\u00edculo pueden interferir en la lectura&comma; es importante calibrar antes de instalar.<\/li>\n<li style='margin-bottom: 5px;'>Debe considerar que en una instalaci\u00f3n t\u00edpica podr\u00eda requerir diferentes tipos de tags de acuerdo al veh\u00edculo.<\/li>\n<li style='margin-bottom: 5px;'>Las lectoras y tags de ACCESSPRO&comma; pueden no tener compatibilidad con otros tags o lectores de otras marcas.<\/li>\n<li style='margin-bottom: 5px;'>Las lectoras m\u00e1s recientes son de segunda Generaci\u00f3n y se identifican en la etiqueta con la leyenda de <strong>Version2<\/strong>&comma; estas nuevas lectoras solo puede leer EPCGEN2. ya no soporta <strong>ISO18000B<\/strong>.<\/li>\n<li style='margin-bottom: 5px;'>Se recomienda el uso de caja de conexiones para evitar empates y adhesiones queden expuestas en el exterior&comma; Puede utilizar los montajes RFSOP y RFSOPT que incluyen caja de conexi\u00f3n.<\/li>\n<li style='margin-bottom: 5px; font-size: 10pt; font-family: Arial&comma; sans-serif;'>Solo se da soporte al software suministrado con el equipo o proporcionado por SYSCOM y siempre y cuando se utilice el mismo motor de base de datos que se incluye. Cualquier otra implementaci\u00f3n hacia otro software u otra versi\u00f3n de base de datos&comma; es responsabilidad del integrador o desarrollador a cargo.<\/li>\n<\/ol><\/div>\n<\/p><\/div>\n<div style='display: flex; flex-wrap: wrap; gap: 30px; margin-bottom: 30px;'>\n<div style='flex: 1 1 300px; min-width: 280px;'>\n<h3 style='font-size: 22px; border-bottom: 2px solid currentColor; padding-bottom: 5px; margin-top: 0; color: inherit; opacity: 0.8;'>Accesorios recomendados<\/h3>\n<p style='font-size: 16px; color: inherit; margin-bottom: 15px; text-align: center;'><strong>RFSOP<\/strong> Montaje para piso para PRO12RF<\/p>\n<\/p><\/div>\n<\/p><\/div>\n<div style='display: flex; flex-wrap: wrap; gap: 30px; margin-bottom: 30px;'>\n<div style='flex: 1 1 300px; min-width: 280px;'>\n<h3 style='font-size: 22px; border-bottom: 2px solid currentColor; padding-bottom: 5px; margin-top: 0; color: inherit; opacity: 0.8;'>Configuraci\u00f3n<\/h3>\n<p style='font-size: 16px; color: inherit; margin-bottom: 15px;'>Antes de Instalar es necesario activar la antena y configurarla. Su IP por defecto es la 192.168.1.200. De favor&comma; colocar los mismos valores siguientes:<\/p>\n<p style='text-align: center; margin-bottom: 15px;'><a style='color: #3598db; text-decoration: none; font-family: Impact&comma; sans-serif; font-size: 16px;' href='https:\/\/ftp3.syscom.mx\/usuarios\/fespinoza\/ACCESSPRO\/PRO12RF\/EPCG2.png' target='_blank' rel='noopener'>link aqui<\/a><\/p>\n<p style='font-size: 16px; color: #e74c3c; margin-bottom: 15px; text-align: center;'>Para compatibilidad con otros sistemas existentes solicite asesor\u00eda al departamento de Ingenier\u00eda de Syscom.<\/p>\n<\/p><\/div>\n<\/p><\/div>\n<div style='display: flex; flex-wrap: wrap; gap: 30px; margin-bottom: 30px;'>\n<div style='flex: 1 1 300px; min-width: 280px;'>\n<h3 style='font-size: 22px; border-bottom: 2px solid currentColor; padding-bottom: 5px; margin-top: 0; color: inherit; opacity: 0.8;'>Documentaci\u00f3n<\/h3>\n<p style='text-align: center; margin-bottom: 15px;'><a style='color: #18a085; text-decoration: none; font-family: Impact&comma; sans-serif; font-size: 16px;' href='https:\/\/soporte.syscom.mx\/es\/articles\/4757766-control-de-acceso-vehicular-con-tags-uhf-con-barreras-accesspro' target='_blank' rel='noopener'>Control de acceso vehicular con tags UHF con barreras AccessPro<\/a><\/p>\n<p style='text-align: center; margin-bottom: 15px;'><a style='color: #3598db; text-decoration: none; font-family: Impact&comma; sans-serif; font-size: 12px;' href='https:\/\/soporte.syscom.mx\/es\/?q=Soluci%C3%B3n+para+barreras+y+lector+UHF+cuando+no+hay+caseta.' target='_blank' rel='noopener'>link aqui<\/a><\/p>\n<\/p><\/div>\n<\/p><\/div>\n<div style='display: flex; flex-wrap: wrap; gap: 30px; margin-bottom: 30px;'>\n<div style='flex: 1 1 300px; min-width: 280px;'>\n<h3 style='font-size: 22px; border-bottom: 2px solid currentColor; padding-bottom: 5px; margin-top: 0; color: inherit; opacity: 0.8;'>Advertencias<\/h3>\n<p style='font-size: 16px; color: inherit; margin-bottom: 15px;'>&#8211; En caso de actualizaciones de Firmware contacte al departamento de Ingenier\u00eda&comma; ya que cada antena requiere de un firmware espec\u00edfico y en caso de cargar uno err\u00f3neo la antena puede quedar inutilizable.<\/p>\n<p style='margin-bottom: 15px;'><img style='width: 100%; height: auto; border: 1px solid rgba(150&comma;150&comma;150&comma;0.3); border-radius: 8px;' src='blob:http:\/\/erp.syscom.mx\/e2707189-7794-4146-a5c3-452532c1beb3' alt=''><\/p>\n<\/p><\/div>\n<\/p><\/div>\n<hr style='border: 0; border-top: 1px solid rgba(150&comma; 150&comma; 150&comma; 0.3); margin: 30px 0;'> <\/div>\n","protected":false},"excerpt":{"rendered":"<p>Lector RFID de Largo Alcance para Control de Acceso Vehicular \/ Distancia Regulable 3 &#8211; 12 m Lineales de Cobertura \/ UHF 902-928MHz<\/p>\n","protected":false},"featured_media":30112,"comment_status":"open","ping_status":"closed","template":"","meta":[],"product_brand":[],"product_cat":[777],"product_tag":[401,93,234],"class_list":{"0":"post-30113","1":"product","2":"type-product","3":"status-publish","4":"has-post-thumbnail","6":"product_cat-accesorios-acceso-vehicular","7":"product_tag-acceso-vehicular","8":"product_tag-accesorios","9":"product_tag-accesspro","11":"first","12":"instock","13":"sale","14":"shipping-taxable","15":"purchasable","16":"product-type-simple"},"_links":{"self":[{"href":"https:\/\/soydeaqui.ddns.net\/pachuca\/index.php\/wp-json\/wp\/v2\/product\/30113","targetHints":{"allow":["GET"]}}],"collection":[{"href":"https:\/\/soydeaqui.ddns.net\/pachuca\/index.php\/wp-json\/wp\/v2\/product"}],"about":[{"href":"https:\/\/soydeaqui.ddns.net\/pachuca\/index.php\/wp-json\/wp\/v2\/types\/product"}],"replies":[{"embeddable":true,"href":"https:\/\/soydeaqui.ddns.net\/pachuca\/index.php\/wp-json\/wp\/v2\/comments?post=30113"}],"wp:featuredmedia":[{"embeddable":true,"href":"https:\/\/soydeaqui.ddns.net\/pachuca\/index.php\/wp-json\/wp\/v2\/media\/30112"}],"wp:attachment":[{"href":"https:\/\/soydeaqui.ddns.net\/pachuca\/index.php\/wp-json\/wp\/v2\/media?parent=30113"}],"wp:term":[{"taxonomy":"product_brand","embeddable":true,"href":"https:\/\/soydeaqui.ddns.net\/pachuca\/index.php\/wp-json\/wp\/v2\/product_brand?post=30113"},{"taxonomy":"product_cat","embeddable":true,"href":"https:\/\/soydeaqui.ddns.net\/pachuca\/index.php\/wp-json\/wp\/v2\/product_cat?post=30113"},{"taxonomy":"product_tag","embeddable":true,"href":"https:\/\/soydeaqui.ddns.net\/pachuca\/index.php\/wp-json\/wp\/v2\/product_tag?post=30113"}],"curies":[{"name":"wp","href":"https:\/\/api.w.org\/{rel}","templated":true}]}}