{"id":30109,"date":"2026-03-18T13:39:59","date_gmt":"2026-03-18T13:39:59","guid":{"rendered":"https:\/\/soydeaqui.ddns.net\/pachuca\/index.php\/producto\/lector-largo-alcance-2-4-ghz\/"},"modified":"2026-03-18T13:40:00","modified_gmt":"2026-03-18T13:40:00","slug":"lector-largo-alcance-2-4-ghz","status":"publish","type":"product","link":"https:\/\/soydeaqui.ddns.net\/pachuca\/index.php\/producto\/lector-largo-alcance-2-4-ghz\/","title":{"rendered":"LECTOR LARGO ALCANCE 2.4 GHZ"},"content":{"rendered":"<div style='width: 100%; max-width: 1200px; margin: 0 auto; font-family: sans-serif; line-height: 1.6; color: inherit; background-color: transparent;'> <!-- Secci\u00f3n de caracter\u00edsticas principales --> <\/p>\n<div style='display: flex; flex-wrap: wrap; gap: 30px; margin-bottom: 30px;'>\n<div style='flex: 1 1 300px; min-width: 280px;'>\n<h3 style='font-size: 22px; border-bottom: 2px solid currentColor; padding-bottom: 5px; margin-top: 0; color: inherit; opacity: 0.8;'>Caracter\u00edsticas Principales<\/h3>\n<ul style='padding-left: 20px; font-size: 15px; color: inherit;'>\n<li style='margin-bottom: 5px;'>Frecuencia 2.4-2.5 GHz en banda ISM microondas<\/li>\n<li style='margin-bottom: 5px;'>Rango de detecci\u00f3n hasta 80 metros con tags<\/li>\n<li style='margin-bottom: 5px;'>Velocidad de detecci\u00f3n hasta 80 km\/h<\/li>\n<li style='margin-bottom: 5px;'>Anti-colisi\u00f3n para hasta 200 tags simult\u00e1neos<\/li>\n<li style='margin-bottom: 5px;'>Comunicaci\u00f3n RS232\/485 y Wiegand<\/li>\n<\/ul><\/div>\n<\/p><\/div>\n<p> <!-- Secci\u00f3n de especificaciones t\u00e9cnicas --> <\/p>\n<div style='display: flex; flex-wrap: wrap; gap: 20px; margin-bottom: 30px;'>\n<div style='flex: 1 1 250px; border: 1px solid rgba(150&comma; 150&comma; 150&comma; 0.4); border-radius: 8px; overflow: hidden; display: flex; flex-direction: column;'>\n<div style='padding: 15px; border-bottom: 1px solid rgba(150&comma; 150&comma; 150&comma; 0.2); font-weight: bold; font-size: 18px; color: inherit;'>Especificaciones T\u00e9cnicas<\/div>\n<div style='padding: 15px; color: inherit;'>\n<ul style='padding-left: 20px; margin: 0; font-size: 14px; list-style-type: disc;'>\n<li style='margin-bottom: 5px;'><strong>Frecuencia:<\/strong> 2.4-2.5 GHz ISM Microwave Band<\/li>\n<li style='margin-bottom: 5px;'><strong>Comunicaci\u00f3n:<\/strong> Modo din\u00e1mico encriptado<\/li>\n<li style='margin-bottom: 5px;'><strong>Rango de transmisi\u00f3n:<\/strong> 1 Mbps<\/li>\n<li style='margin-bottom: 5px;'><strong>Rango de detecci\u00f3n:<\/strong> 0-80 metros seg\u00fan el tipo de Tag<\/li>\n<li style='margin-bottom: 5px;'><strong>Velocidad de detecci\u00f3n:<\/strong> hasta 80 Km\/H<\/li>\n<li style='margin-bottom: 5px;'><strong>Anti Colisi\u00f3n:<\/strong> igual o menor de 200 tags al mismo tiempo<\/li>\n<li style='margin-bottom: 5px;'><strong>Comunicaci\u00f3n:<\/strong> RS232\/485 y Wiegand<\/li>\n<li style='margin-bottom: 5px;'><strong>Alimentaci\u00f3n:<\/strong> 12 Vcc&comma; 2.5 A<\/li>\n<li style='margin-bottom: 5px;'><strong>Temperatura de Operaci\u00f3n:<\/strong> -40\uff5e85\u2103<\/li>\n<li style='margin-bottom: 5px;'><strong>Peso:<\/strong> 2 Kg<\/li>\n<li style='margin-bottom: 5px;'><strong>Dimensiones:<\/strong> 28.5 X 20.5 X 7.7 cm<\/li>\n<\/ul><\/div>\n<\/p><\/div>\n<\/p><\/div>\n<p> <!-- Secci\u00f3n de introducci\u00f3n --> <\/p>\n<div style='margin-bottom: 30px;'>\n<h3 style='font-size: 22px; border-bottom: 2px solid currentColor; padding-bottom: 5px; margin-top: 0; color: inherit; opacity: 0.8;'>Introducci\u00f3n<\/h3>\n<p style='font-size: 15px; color: inherit; margin-bottom: 15px;'>El lector de RFID modelo MR3004A&comma; es la nueva generaci\u00f3n de lectoras de 2.4 GHz&comma; desarrollado con tecnolog\u00eda novedosa&comma; combina el avance de la tecnolog\u00eda RFID y la experiencia de varios a\u00f1os de aplicaci\u00f3n. Esta lectora es muy estable y puede ser utilizada en varias aplicaciones.<\/p>\n<\/p><\/div>\n<p> <!-- Separador --> <\/p>\n<hr style='border: 0; border-top: 1px solid rgba(150&comma; 150&comma; 150&comma; 0.3); margin: 30px 0;'> <\/div>\n","protected":false},"excerpt":{"rendered":"<p>LECTOR LARGO ALCANCE 2.4 GHZ<\/p>\n","protected":false},"featured_media":30108,"comment_status":"open","ping_status":"closed","template":"","meta":[],"product_brand":[],"product_cat":[940],"product_tag":[234,842,466],"class_list":{"0":"post-30109","1":"product","2":"type-product","3":"status-publish","4":"has-post-thumbnail","6":"product_cat-enroladores-y-lectores-usb-lectoras-y-tarjetas","7":"product_tag-accesspro","8":"product_tag-enroladores-y-lectores-usb","9":"product_tag-lectoras-y-tarjetas","11":"first","12":"outofstock","13":"sale","14":"shipping-taxable","15":"purchasable","16":"product-type-simple"},"_links":{"self":[{"href":"https:\/\/soydeaqui.ddns.net\/pachuca\/index.php\/wp-json\/wp\/v2\/product\/30109","targetHints":{"allow":["GET"]}}],"collection":[{"href":"https:\/\/soydeaqui.ddns.net\/pachuca\/index.php\/wp-json\/wp\/v2\/product"}],"about":[{"href":"https:\/\/soydeaqui.ddns.net\/pachuca\/index.php\/wp-json\/wp\/v2\/types\/product"}],"replies":[{"embeddable":true,"href":"https:\/\/soydeaqui.ddns.net\/pachuca\/index.php\/wp-json\/wp\/v2\/comments?post=30109"}],"wp:featuredmedia":[{"embeddable":true,"href":"https:\/\/soydeaqui.ddns.net\/pachuca\/index.php\/wp-json\/wp\/v2\/media\/30108"}],"wp:attachment":[{"href":"https:\/\/soydeaqui.ddns.net\/pachuca\/index.php\/wp-json\/wp\/v2\/media?parent=30109"}],"wp:term":[{"taxonomy":"product_brand","embeddable":true,"href":"https:\/\/soydeaqui.ddns.net\/pachuca\/index.php\/wp-json\/wp\/v2\/product_brand?post=30109"},{"taxonomy":"product_cat","embeddable":true,"href":"https:\/\/soydeaqui.ddns.net\/pachuca\/index.php\/wp-json\/wp\/v2\/product_cat?post=30109"},{"taxonomy":"product_tag","embeddable":true,"href":"https:\/\/soydeaqui.ddns.net\/pachuca\/index.php\/wp-json\/wp\/v2\/product_tag?post=30109"}],"curies":[{"name":"wp","href":"https:\/\/api.w.org\/{rel}","templated":true}]}}