{"id":301,"date":"2026-03-18T05:38:17","date_gmt":"2026-03-18T05:38:17","guid":{"rendered":"https:\/\/soydeaqui.ddns.net\/pachuca\/index.php\/producto\/unifi-siren-poe-sirena-para-exteriores-todo-clima-con-alarma-de-110-db-e-iluminacion-led-de-emergencia-alimentada-por-poe\/"},"modified":"2026-03-18T05:38:22","modified_gmt":"2026-03-18T05:38:22","slug":"unifi-siren-poe-sirena-para-exteriores-todo-clima-con-alarma-de-110-db-e-iluminacion-led-de-emergencia-alimentada-por-poe","status":"publish","type":"product","link":"https:\/\/soydeaqui.ddns.net\/pachuca\/index.php\/producto\/unifi-siren-poe-sirena-para-exteriores-todo-clima-con-alarma-de-110-db-e-iluminacion-led-de-emergencia-alimentada-por-poe\/","title":{"rendered":"UniFi Siren PoE \u2013 Sirena para Exteriores Todo Clima con Alarma de 110 dB e Iluminaci\u00f3n LED de Emergencia Alimentada por PoE"},"content":{"rendered":"<div style='width: 100%; max-width: 1200px; margin: 0 auto; font-family: sans-serif; line-height: 1.6; color: inherit; background-color: transparent;'> <!-- Secci\u00f3n de video y texto --> <\/p>\n<div style='display: flex; flex-wrap: wrap; gap: 30px; margin-bottom: 30px;'>\n<div style='flex: 1 1 300px; min-width: 280px;'> <!-- Video con fallback a imagen --> <\/p>\n<div style='position: relative; padding-bottom: 56.25%; height: 0; overflow: hidden; margin-bottom: 30px;'> <video style='position: absolute; top: 0; left: 0; width: 100%; height: 100%; border: 1px solid rgba(150&comma;150&comma;150&comma;0.3); border-radius: 8px; background-color: transparent;' autoplay muted loop playsinline><source src='https:\/\/ftp3.syscom.mx\/usuarios\/adiaz\/Ubiquiti\/Imagenes\/UPSIREN\/special.mp4' type='video\/mp4'><!-- Fallback a imagen si el video no carga --> <img style='width: 100%; height: auto; border: 1px solid rgba(150&comma;150&comma;150&comma;0.3); border-radius: 8px;' src='https:\/\/ftp3.syscom.mx\/usuarios\/adiaz\/Ubiquiti\/Imagenes\/UPSIREN\/up-siren-poe-1.png' alt='Ubiquiti UCG-Fiber'><\/video> <\/div>\n<\/p><\/div>\n<div style='flex: 1 1 360px; min-width: 280px;'>\n<h2 style='font-size: 24px; margin: 0 0 10px; color: inherit;'>Siren PoE<\/h2>\n<div style='margin: 0 0 15px; color: inherit; font-weight: bold; opacity: 0.85;'>Modelo: <span style='font-weight: bold; opacity: 1;'>UP-Siren-PoE<\/span><\/div>\n<p style='margin: 0; color: inherit;'>Sirena para todo clima que ofrece una alarma de 110 dB e iluminaci\u00f3n LED de emergencia alimentada mediante entrada PoE.<\/p>\n<\/p><\/div>\n<\/p><\/div>\n<p> <!-- Secci\u00f3n de especificaciones --> <\/p>\n<div style='text-align: center; margin: 40px 0 20px;'>\n<h2 style='font-size: 22px; margin: 0; padding: 0; color: inherit; font-weight: bold;'>Especificaciones<\/h2>\n<\/p><\/div>\n<p> <!-- Grid de tarjetas --> <\/p>\n<div style='display: flex; flex-wrap: wrap; gap: 20px; margin-bottom: 30px;'> <!-- Card: Caracter\u00edsticas principales --> <\/p>\n<div style='flex: 1 1 250px; border: 1px solid rgba(150&comma;150&comma;150&comma;0.4); border-radius: 8px; overflow: hidden; display: flex; flex-direction: column;'>\n<div style='padding: 15px; border-bottom: 1px solid rgba(150&comma;150&comma;150&comma;0.2); font-weight: bold; font-size: 18px; color: inherit;'>Caracter\u00edsticas principales<\/div>\n<div style='padding: 15px; color: inherit;'>\n<ul style='padding-left: 20px; margin: 0; font-size: 14px; list-style-type: disc; color: inherit;'>\n<li style='margin-bottom: 5px;'>Sirena PoE: 110 dB&comma; resistente&comma; alarmas audibles para todo tipo de clima<\/li>\n<li style='margin-bottom: 5px;'>Resistente a la intemperie IP56<\/li>\n<\/ul><\/div>\n<\/p><\/div>\n<p> <!-- Card: F\u00edsicas y el\u00e9ctricas --> <\/p>\n<div style='flex: 1 1 250px; border: 1px solid rgba(150&comma;150&comma;150&comma;0.4); border-radius: 8px; overflow: hidden; display: flex; flex-direction: column;'>\n<div style='padding: 15px; border-bottom: 1px solid rgba(150&comma;150&comma;150&comma;0.2); font-weight: bold; font-size: 18px; color: inherit;'>Caracter\u00edsticas f\u00edsicas y el\u00e9ctricas<\/div>\n<div style='padding: 15px; color: inherit;'>\n<ul style='padding-left: 20px; margin: 0; font-size: 14px; list-style-type: disc; color: inherit;'>\n<li style='margin-bottom: 5px;'><strong>Dimensiones<\/strong>: 139.9 x 139.9 x 35 mm (5.5 x 5.5 x 1.4&#8242;)<\/li>\n<li style='margin-bottom: 5px;'><strong>Montaje<\/strong>: Placa de montaje en pared y techo (incluida)<\/li>\n<li style='margin-bottom: 5px;'><strong>Peso<\/strong>: 308 g (10.9 oz)<\/li>\n<li style='margin-bottom: 5px;'><strong>Material de la carcasa<\/strong>: Aleaci\u00f3n de aluminio&comma; policarbonato.<\/li>\n<li style='margin-bottom: 5px;'><strong>Alimentaci\u00f3n<\/strong>: PoE&comma; 5 W<\/li>\n<li style='margin-bottom: 5px;'><strong>Temperatura de operaci\u00f3n<\/strong>: -30 a 50 \u00b0C (-22 a 122 \u00b0F)<\/li>\n<li style='margin-bottom: 5px;'><strong>Humedad de operaci\u00f3n<\/strong>: 5\u201390% sin condensaci\u00f3n<\/li>\n<\/ul><\/div>\n<\/p><\/div>\n<\/p><\/div>\n<p> <!-- Contenido del paquete --> <\/p>\n<div style='border: 1px solid rgba(150&comma;150&comma;150&comma;0.4); border-radius: 8px; padding: 20px; margin-top: 30px; text-align: center; display: flex; flex-direction: column; align-items: center;'>\n<h3 style='font-size: 18px; margin: 0 0 15px; color: inherit; font-weight: bold;'>Contenido del Paquete<\/h3>\n<p> <img style='width: 100%; height: auto; border: 1px solid rgba(150&comma;150&comma;150&comma;0.3); border-radius: 8px;' src='https:\/\/ftp3.syscom.mx\/usuarios\/adiaz\/Ubiquiti\/Imagenes\/UPSIREN\/contenido.png' alt='Contenido del paquete UP-Siren-PoE'> <\/div>\n<p> <!-- Separador --> <\/p>\n<hr style='border: 0; border-top: 1px solid rgba(150&comma; 150&comma; 150&comma; 0.3); margin: 40px 0;'> <\/div>\n","protected":false},"excerpt":{"rendered":"<p>UniFi Siren PoE \u2013 Sirena para Exteriores Todo Clima con Alarma de 110 dB e Iluminaci\u00f3n LED de Emergencia Alimentada por PoE<\/p>\n","protected":false},"featured_media":300,"comment_status":"open","ping_status":"closed","template":"","meta":[],"product_brand":[],"product_cat":[146],"product_tag":[93,147,166],"class_list":{"0":"post-301","1":"product","2":"type-product","3":"status-publish","4":"has-post-thumbnail","6":"product_cat-sirenas-y-estrobos","7":"product_tag-accesorios","8":"product_tag-sirenas-y-estrobos","9":"product_tag-ubiquiti","11":"first","12":"instock","13":"sale","14":"shipping-taxable","15":"purchasable","16":"product-type-simple"},"_links":{"self":[{"href":"https:\/\/soydeaqui.ddns.net\/pachuca\/index.php\/wp-json\/wp\/v2\/product\/301","targetHints":{"allow":["GET"]}}],"collection":[{"href":"https:\/\/soydeaqui.ddns.net\/pachuca\/index.php\/wp-json\/wp\/v2\/product"}],"about":[{"href":"https:\/\/soydeaqui.ddns.net\/pachuca\/index.php\/wp-json\/wp\/v2\/types\/product"}],"replies":[{"embeddable":true,"href":"https:\/\/soydeaqui.ddns.net\/pachuca\/index.php\/wp-json\/wp\/v2\/comments?post=301"}],"wp:featuredmedia":[{"embeddable":true,"href":"https:\/\/soydeaqui.ddns.net\/pachuca\/index.php\/wp-json\/wp\/v2\/media\/300"}],"wp:attachment":[{"href":"https:\/\/soydeaqui.ddns.net\/pachuca\/index.php\/wp-json\/wp\/v2\/media?parent=301"}],"wp:term":[{"taxonomy":"product_brand","embeddable":true,"href":"https:\/\/soydeaqui.ddns.net\/pachuca\/index.php\/wp-json\/wp\/v2\/product_brand?post=301"},{"taxonomy":"product_cat","embeddable":true,"href":"https:\/\/soydeaqui.ddns.net\/pachuca\/index.php\/wp-json\/wp\/v2\/product_cat?post=301"},{"taxonomy":"product_tag","embeddable":true,"href":"https:\/\/soydeaqui.ddns.net\/pachuca\/index.php\/wp-json\/wp\/v2\/product_tag?post=301"}],"curies":[{"name":"wp","href":"https:\/\/api.w.org\/{rel}","templated":true}]}}