{"id":30070,"date":"2026-03-18T13:39:06","date_gmt":"2026-03-18T13:39:06","guid":{"rendered":"https:\/\/soydeaqui.ddns.net\/pachuca\/index.php\/producto\/tarjeta-para-anadir-respaldo-con-baterias-a-las-barreras-gard4-g3750-came-con-tarjeta-zl38\/"},"modified":"2026-03-18T13:39:11","modified_gmt":"2026-03-18T13:39:11","slug":"tarjeta-para-anadir-respaldo-con-baterias-a-las-barreras-gard4-g3750-came-con-tarjeta-zl38","status":"publish","type":"product","link":"https:\/\/soydeaqui.ddns.net\/pachuca\/index.php\/producto\/tarjeta-para-anadir-respaldo-con-baterias-a-las-barreras-gard4-g3750-came-con-tarjeta-zl38\/","title":{"rendered":"Tarjeta para a\u00f1adir respaldo con bater\u00edas a las barreras GARD4 \/ G3750 CAME con Tarjeta ZL38"},"content":{"rendered":"<div style='width: 100%; max-width: 1200px; margin: 0 auto; font-family: sans-serif; line-height: 1.6; color: inherit; background-color: transparent;'>\n<div style='display: flex; flex-wrap: wrap; gap: 30px; margin-bottom: 30px;'>\n<div style='flex: 1 1 300px; min-width: 280px;'>\n<h3 style='font-size: 22px; border-bottom: 2px solid currentColor; padding-bottom: 5px; margin-top: 0; color: inherit; opacity: 0.8;'>Caracter\u00edsticas principales<\/h3>\n<ul style='padding-left: 20px; font-size: 15px; color: inherit;'>\n<li style='margin-bottom: 5px;'>Requiere 3 bater\u00edas de 12 Vcc &#8211; 7 Ah<\/li>\n<li style='margin-bottom: 5px;'>Compatible con modelo de bater\u00eda PL712<\/li>\n<li style='margin-bottom: 5px;'>Compatibilidad extendida con tarjeta ZL38<\/li>\n<li style='margin-bottom: 5px;'>Soporte para sistemas cr\u00edticos de energ\u00eda<\/li>\n<li style='margin-bottom: 5px;'>Ideal para redundancia en aplicaciones industriales<\/li>\n<\/ul><\/div>\n<div style='flex: 1 1 300px; min-width: 280px;'>\n<h3 style='font-size: 22px; border-bottom: 2px solid currentColor; padding-bottom: 5px; margin-top: 0; color: inherit; opacity: 0.8;'>Especificaciones t\u00e9cnicas<\/h3>\n<ul style='padding-left: 20px; font-size: 15px; color: inherit;'>\n<li style='margin-bottom: 5px;'><strong>Tensi\u00f3n de carga:<\/strong> 24 V: 27 V<\/li>\n<p> <strong>Corriente de carga:<\/strong> 100 mA m\u00e1x <\/p>\n<li style='margin-bottom: 5px;'><strong>Consumo en reposo:<\/strong> 180 mA<\/li>\n<li style='margin-bottom: 5px;'><strong>Temperatura de funcionamiento:<\/strong> -20\u00b0 \u00f7 55\u00b0<\/li>\n<li style='margin-bottom: 5px;'><strong>Tipo de cable:<\/strong> FROR CEI 20-22 CEI EN 50267-2-1 3&#215;1&comma;5 mm\u00b2<\/li>\n<\/ul><\/div>\n<div style='flex: 1 1 300px; min-width: 280px;'>\n<h3 style='font-size: 22px; border-bottom: 2px solid currentColor; padding-bottom: 5px; margin-top: 0; color: inherit; opacity: 0.8;'>Indicadores LED<\/h3>\n<ul style='padding-left: 20px; font-size: 15px; color: inherit;'>\n<li style='margin-bottom: 5px;'><strong>LED amarillo:<\/strong> Funcionamiento con bater\u00edas<\/li>\n<li style='margin-bottom: 5px;'><strong>LED rojo:<\/strong> Bater\u00edas descargadas<\/li>\n<li style='margin-bottom: 5px;'><strong>LED verde:<\/strong> Tensi\u00f3n de l\u00ednea presente<\/li>\n<\/ul><\/div>\n<\/p><\/div>\n<div style='display: flex; flex-wrap: wrap; gap: 20px; margin-bottom: 30px;'>\n<div style='flex: 1 1 250px; border: 1px solid rgba(150&comma; 150&comma; 150&comma; 0.4); border-radius: 8px; overflow: hidden; display: flex; flex-direction: column;'>\n<div style='padding: 15px; border-bottom: 1px solid rgba(150&comma; 150&comma; 150&comma; 0.2); font-weight: bold; font-size: 18px; color: inherit;'>Conexi\u00f3n de bater\u00edas<\/div>\n<div style='padding: 15px; color: inherit;'>\n<ul style='padding-left: 20px; margin: 0; font-size: 14px; list-style-type: disc;'>\n<li style='margin-bottom: 5px;'>Requiere 3 bater\u00edas de 12 V-6 Ah<\/li>\n<li style='margin-bottom: 5px;'>2 bater\u00edas para accesorios<\/li>\n<li style='margin-bottom: 5px;'>1 bater\u00eda para el motor<\/li>\n<\/ul><\/div>\n<\/p><\/div>\n<div style='flex: 1 1 250px; border: 1px solid rgba(150&comma; 150&comma; 150&comma; 0.4); border-radius: 8px; overflow: hidden; display: flex; flex-direction: column;'>\n<div style='padding: 15px; border-bottom: 1px solid rgba(150&comma; 150&comma; 150&comma; 0.2); font-weight: bold; font-size: 18px; color: inherit;'>Conexiones<\/div>\n<div style='padding: 15px; color: inherit;'>\n<ul style='padding-left: 20px; margin: 0; font-size: 14px; list-style-type: disc;'>\n<li style='margin-bottom: 5px;'>Cable de conexi\u00f3n a tarjeta ZL38<\/li>\n<li style='margin-bottom: 5px;'>Fusible de 630 mA<\/li>\n<li style='margin-bottom: 5px;'>Morsetiera de conexi\u00f3n de bater\u00edas<\/li>\n<\/ul><\/div>\n<\/p><\/div>\n<div style='flex: 1 1 250px; border: 1px solid rgba(150&comma; 150&comma; 150&comma; 0.4); border-radius: 8px; overflow: hidden; display: flex; flex-direction: column;'>\n<div style='padding: 15px; border-bottom: 1px solid rgba(150&comma; 150&comma; 150&comma; 0.2); font-weight: bold; font-size: 18px; color: inherit;'>Instalaci\u00f3n<\/div>\n<div style='padding: 150px; color: inherit;'>\n<ul style='padding-left: 20px; margin: 0; font-size: 14px; list-style-type: disc;'>\n<li style='margin-bottom: 5px;'>Soporte \u24d0 G02805 en posici\u00f3n central<\/li>\n<li style='margin-bottom: 5px;'>Soporte \u24d1 G03751 en lado opuesto a las resortes<\/li>\n<li style='margin-bottom: 5px;'>Cable rojo = \u2295 \/ Negro = \u2296<\/li>\n<\/ul><\/div>\n<\/p><\/div>\n<\/p><\/div>\n<hr style='border: 0; border-top: 1px solid rgba(150&comma; 150&comma; 150&comma; 0.3); margin: 30px 0;'>\n<div style='margin-bottom: 30px;'>\n<h3 style='font-size: 22px; border-bottom: 2px solid currentColor; padding-bottom: 5px; margin-top: 0; color: inherit; opacity: 0.8;'>Notas importantes<\/h3>\n<ul style='padding-left: 20px; font-size: 15px; color: inherit;'>\n<li style='margin-bottom: 5px;'>Desconectar la tensi\u00f3n de l\u00ednea antes de cualquier operaci\u00f3n<\/li>\n<li style='margin-bottom: 5px;'>Componentes de embalaje reciclables como residuos urbanos<\/li>\n<li style='margin-bottom: 5px;'>Tarjetas electr\u00f3nicas y bater\u00edas deben entregarse a empresas autorizadas<\/li>\n<li style='margin-bottom: 5px;'>Cumple con directiva 2006\/95\/CE<\/li>\n<\/ul><\/div>\n<\/p><\/div>\n","protected":false},"excerpt":{"rendered":"<p>Tarjeta para a\u00f1adir respaldo con bater\u00edas a las barreras GARD4 \/ G3750 CAME con Tarjeta ZL38<\/p>\n","protected":false},"featured_media":30069,"comment_status":"open","ping_status":"closed","template":"","meta":[],"product_brand":[],"product_cat":[777],"product_tag":[401,93,779],"class_list":{"0":"post-30070","1":"product","2":"type-product","3":"status-publish","4":"has-post-thumbnail","6":"product_cat-accesorios-acceso-vehicular","7":"product_tag-acceso-vehicular","8":"product_tag-accesorios","9":"product_tag-came","11":"first","12":"instock","13":"sale","14":"shipping-taxable","15":"purchasable","16":"product-type-simple"},"_links":{"self":[{"href":"https:\/\/soydeaqui.ddns.net\/pachuca\/index.php\/wp-json\/wp\/v2\/product\/30070","targetHints":{"allow":["GET"]}}],"collection":[{"href":"https:\/\/soydeaqui.ddns.net\/pachuca\/index.php\/wp-json\/wp\/v2\/product"}],"about":[{"href":"https:\/\/soydeaqui.ddns.net\/pachuca\/index.php\/wp-json\/wp\/v2\/types\/product"}],"replies":[{"embeddable":true,"href":"https:\/\/soydeaqui.ddns.net\/pachuca\/index.php\/wp-json\/wp\/v2\/comments?post=30070"}],"wp:featuredmedia":[{"embeddable":true,"href":"https:\/\/soydeaqui.ddns.net\/pachuca\/index.php\/wp-json\/wp\/v2\/media\/30069"}],"wp:attachment":[{"href":"https:\/\/soydeaqui.ddns.net\/pachuca\/index.php\/wp-json\/wp\/v2\/media?parent=30070"}],"wp:term":[{"taxonomy":"product_brand","embeddable":true,"href":"https:\/\/soydeaqui.ddns.net\/pachuca\/index.php\/wp-json\/wp\/v2\/product_brand?post=30070"},{"taxonomy":"product_cat","embeddable":true,"href":"https:\/\/soydeaqui.ddns.net\/pachuca\/index.php\/wp-json\/wp\/v2\/product_cat?post=30070"},{"taxonomy":"product_tag","embeddable":true,"href":"https:\/\/soydeaqui.ddns.net\/pachuca\/index.php\/wp-json\/wp\/v2\/product_tag?post=30070"}],"curies":[{"name":"wp","href":"https:\/\/api.w.org\/{rel}","templated":true}]}}