{"id":30068,"date":"2026-03-18T13:39:01","date_gmt":"2026-03-18T13:39:01","guid":{"rendered":"https:\/\/soydeaqui.ddns.net\/pachuca\/index.php\/producto\/kit-de-operadores-para-puertas-abatibles-de-hasta-3-metros-y-400-kg-ati-3024-uso-semi-intensivo\/"},"modified":"2026-03-18T13:39:02","modified_gmt":"2026-03-18T13:39:02","slug":"kit-de-operadores-para-puertas-abatibles-de-hasta-3-metros-y-400-kg-ati-3024-uso-semi-intensivo","status":"publish","type":"product","link":"https:\/\/soydeaqui.ddns.net\/pachuca\/index.php\/producto\/kit-de-operadores-para-puertas-abatibles-de-hasta-3-metros-y-400-kg-ati-3024-uso-semi-intensivo\/","title":{"rendered":"Kit de Operadores para Puertas Abatibles de hasta 3 Metros y 400 Kg ATI 3024  \/ Uso Semi-Intensivo"},"content":{"rendered":"<div style='width: 100%; max-width: 1200px; margin: 0 auto; font-family: sans-serif; line-height: 1.6; color: inherit; background-color: transparent;'>\n<div style='display: flex; flex-wrap: wrap; gap: 30px; margin-bottom: 30px;'>\n<div style='flex: 1 1 300px; min-width: 280px;'>\n<h3 style='font-size: 22px; border-bottom: 2px solid currentColor; padding-bottom: 5px; margin-top: 0; color: inherit; opacity: 0.8;'>Caracter\u00edsticas principales:<\/h3>\n<ul style='padding-left: 20px; font-size: 15px; color: inherit;'>\n<li style='margin-bottom: 5px;'>Longitud maxima de la puerta 3m<\/li>\n<li style='margin-bottom: 5px;'>Peso maximo de la hoja 400kg<\/li>\n<li style='margin-bottom: 5px;'>Uso semi-intensivo<\/li>\n<\/ul><\/div>\n<div style='flex: 1 1 300px; min-width: 280px;'>\n<h3 style='font-size: 22px; border-bottom: 2px solid currentColor; padding-bottom: 5px; margin-top: 0; color: inherit; opacity: 0.8;'>Caracter\u00edsticas F\u00edsicas y El\u00e9ctricas:<\/h3>\n<ul style='padding-left: 20px; font-size: 15px; color: inherit;'>\n<li style='margin-bottom: 5px;'>Alimentaci\u00f3n del cuadro de mando 110Vac<\/li>\n<li style='margin-bottom: 5px;'>Alimentaci\u00f3n de los pistones 24Vcc<\/li>\n<li style='margin-bottom: 5px;'>Potencia maxima 300 W<\/li>\n<\/ul><\/div>\n<div style='flex: 1 1 300px; min-width: 280px;'>\n<h3 style='font-size: 22px; border-bottom: 2px solid currentColor; padding-bottom: 5px; margin-top: 0; color: inherit; opacity: 0.8;'>Caracter\u00edsticas Destacadas:<\/h3>\n<ul style='padding-left: 20px; font-size: 15px; color: inherit;'>\n<li style='margin-bottom: 5px;'>Grado de proteccioin IP44<\/li>\n<li style='margin-bottom: 5px;'>Temperatura de operacion -20 a 55\u00b0C<\/li>\n<li style='margin-bottom: 5px;'>Apertura de hasta 90\u00b0.<\/li>\n<\/ul><\/div>\n<\/p><\/div>\n<hr style='border: 0; border-top: 1px solid rgba(150&comma; 150&comma; 150&comma; 0.3); margin: 30px 0;'>\n<div style='display: flex; flex-wrap: wrap; gap: 30px; margin-bottom: 30px;'>\n<div style='flex: 2 1 400px; min-width: 280px;'>\n<h2 style='font-size: 20px; margin-top: 0; color: inherit;'>Kit de operadores para puertas abatibles de 3 metros y hasta 400Kg.<\/h2>\n<h2 style='font-size: 20px; margin-top: 20px; color: inherit;'>Contenido del kit:<\/h2>\n<ul style='padding-left: 20px; font-size: 15px; color: inherit;'>\n<li style='margin-bottom: 5px;'>2 x <strong>001A3024N<\/strong> Operador ATI para puertas abatibles de hasta 3m<\/li>\n<li style='margin-bottom: 5px;'>1 x <strong>002ZL180110<\/strong> Cuadro de mando para operadores ATI de 24V.<\/li>\n<li style='margin-bottom: 5px;'>1 x <strong>001AF43S<\/strong> Tarjeta de radiofrecuencia para equipos CAME<\/li>\n<li style='margin-bottom: 5px;'>2 x <strong>001TOP432EE<\/strong> Transmisor bicanal para equipos CAME<\/li>\n<li style='margin-bottom: 5px;'>1 x Juego de accesorios de instalacion para brazos<\/li>\n<\/ul>\n<h2 style='font-size: 20px; margin-top: 20px; color: inherit;'>Notas adicionales:<\/h2>\n<ul style='padding-left: 20px; font-size: 15px; color: inherit;'>\n<li style='margin-bottom: 5px;'>Equipos con un a\u00f1o de garantia contra defectos de fabricaci\u00f3n<\/li>\n<li style='margin-bottom: 5px;'>Siempre es necesario colocar topes fisicos para el cierre de las puertas.<\/li>\n<li style='margin-bottom: 5px;'>Para puertas mayores a 150 kg es necesario colocar topes fisicos para apertura y cierre.<\/li>\n<\/ul><\/div>\n<div style='flex: 1 1 300px; min-width: 280px;'> <img style='width: 100%; height: auto; border: 1px solid rgba(150&comma;150&comma;150&comma;0.3); border-radius: 8px;' src='https:\/\/ftp3.syscom.mx\/usuarios\/fotos\/BancoFotografiasSyscom\/CAME\/001U7136\/001U7136-p.PNG' alt=''> <\/div>\n<\/p><\/div>\n<hr style='border: 0; border-top: 1px solid rgba(150&comma; 150&comma; 150&comma; 0.3); margin: 30px 0;'>\n<div style='display: flex; flex-wrap: wrap; gap: 30px; margin-bottom: 30px;'>\n<div style='flex: 1 1 300px; min-width: 280px;'> <img style='width: 100%; height: auto; border: 1px solid rgba(150&comma;150&comma;150&comma;0.3); border-radius: 8px;' src='https:\/\/ftp3.syscom.mx\/usuarios\/fotos\/BancoFotografiasSyscom\/CAME\/002ZL180110\/002ZL180110-p.PNG' alt=''> <\/div>\n<div style='flex: 2 1 400px; min-width: 280px;'>\n<h2 style='font-size: 20px; margin-top: 0; color: inherit;'>Accesorios adicionales (No incluidos) para una instalaci\u00f3n:<\/h2>\n<ul style='padding-left: 20px; font-size: 15px; color: inherit;'>\n<li style='margin-bottom: 5px;'><strong>001-DIR-10<\/strong> Juego de fotoceldas con alcance de hasta 10 metros<\/li>\n<li style='margin-bottom: 5px;'><strong>001-DIR-CG<\/strong> Base de PVC para fotoceldas CAME 001-DIR-10<\/li>\n<li style='margin-bottom: 5px;'><strong>001-TOPA-433N<\/strong> Antena receptora para mayor alcance de transmisores<\/li>\n<li style='margin-bottom: 5px;'><strong>001-KLED-24<\/strong> Lampara de se\u00f1alizacion de accesos vehiculares<\/li>\n<li style='margin-bottom: 5px;'><strong>10-MATRIXD-1224<\/strong> Sensor de masa bicanal (Para opciones de seguridad)<\/li>\n<li style='margin-bottom: 5px;'><strong>SYSLM6<\/strong> Lazo magnetico de 6 metros<\/li>\n<li style='margin-bottom: 5px;'><strong>10LZRH100<\/strong> Sensor laser de seguridad para accesos de hasta 10 metros<\/li>\n<li style='margin-bottom: 5px;'><strong>ESIM320IP<\/strong> Controlador 3G para aperturas mediante APP.<\/li>\n<li style='margin-bottom: 5px;'><strong>001-LOCK-82<\/strong> Electrocerradura de doble cilindro CAME.<\/li>\n<li style='margin-bottom: 5px;'><strong>002-LB180<\/strong> Tarjeta para respaldo de baterias en caso de perdida de energia (No incluye baterias).<\/li>\n<\/ul>\n<p style='margin-top: 20px; font-size: 15px; color: inherit;'>ATI es la automatizacion perfecta para puertas abatibles&comma; ofreciendo el maximo de la potencia en cada maniobra&comma; todos sus componentes tienen una funcion precisa y cada detalle es cuidado al maximo&comma; conjugando esencialidad y estetica&comma; para la utilizacion en instalaciones comunitarias y ambientes colectivos.<\/p>\n<\/p><\/div>\n<\/p><\/div>\n<hr style='border: 0; border-top: 1px solid rgba(150&comma; 150&comma; 150&comma; 0.3); margin: 30px 0;'>\n<div style='display: flex; flex-wrap: wrap; gap: 30px; margin-bottom: 30px;'>\n<div style='flex: 1 1 300px; min-width: 280px;'> <img style='width: 100%; height: auto; border: 1px solid rgba(150&comma;150&comma;150&comma;0.3); border-radius: 8px;' src='https:\/\/ftp3.syscom.mx\/usuarios\/fotos\/001U7136\/67433-piston_ati_m.jpg' alt=''> <\/div>\n<div style='flex: 1 1 300px; min-width: 280px;'> <img style='width: 100%; height: auto; border: 1px solid rgba(150&comma;150&comma;150&comma;0.3); border-radius: 8px;' src='https:\/\/ftp3.syscom.mx\/usuarios\/fotos\/001U7136\/67433-cuaddro_de_mando_m.jpg' alt=''> <\/div>\n<\/p><\/div>\n<hr style='border: 0; border-top: 1px solid rgba(150&comma; 150&comma; 150&comma; 0.3); margin: 30px 0;'>\n<div style='margin: 30px 0; padding: 20px; border-left: 5px solid #0091ff; background-color: rgba(0&comma;0&comma;0&comma;0.05);'>\n<p style='font-size: 15px; margin: 0; color: inherit; text-align: center;'>Es importante tener en cuenta la resistencia que el viento puede generar en los portones sin ranuras de ventilaci\u00f3n al operar los motores en apertura y cierre de puertas abatibles. Recomendamos considerar la instalaci\u00f3n de rejillas que permitan la adecuada ventilaci\u00f3n para facilitar el correcto funcionamiento de los dispositivos.<\/p>\n<\/p><\/div>\n<\/p><\/div>\n","protected":false},"excerpt":{"rendered":"<p>Kit de Operadores para Puertas Abatibles de hasta 3 Metros y 400 Kg ATI 3024  \/ Uso Semi-Intensivo<\/p>\n","protected":false},"featured_media":30067,"comment_status":"open","ping_status":"closed","template":"","meta":[],"product_brand":[],"product_cat":[821],"product_tag":[401,779,822],"class_list":{"0":"post-30068","1":"product","2":"type-product","3":"status-publish","4":"has-post-thumbnail","6":"product_cat-puertas-abatibles","7":"product_tag-acceso-vehicular","8":"product_tag-came","9":"product_tag-puertas-abatibles","11":"first","12":"instock","13":"sale","14":"shipping-taxable","15":"purchasable","16":"product-type-simple"},"_links":{"self":[{"href":"https:\/\/soydeaqui.ddns.net\/pachuca\/index.php\/wp-json\/wp\/v2\/product\/30068","targetHints":{"allow":["GET"]}}],"collection":[{"href":"https:\/\/soydeaqui.ddns.net\/pachuca\/index.php\/wp-json\/wp\/v2\/product"}],"about":[{"href":"https:\/\/soydeaqui.ddns.net\/pachuca\/index.php\/wp-json\/wp\/v2\/types\/product"}],"replies":[{"embeddable":true,"href":"https:\/\/soydeaqui.ddns.net\/pachuca\/index.php\/wp-json\/wp\/v2\/comments?post=30068"}],"wp:featuredmedia":[{"embeddable":true,"href":"https:\/\/soydeaqui.ddns.net\/pachuca\/index.php\/wp-json\/wp\/v2\/media\/30067"}],"wp:attachment":[{"href":"https:\/\/soydeaqui.ddns.net\/pachuca\/index.php\/wp-json\/wp\/v2\/media?parent=30068"}],"wp:term":[{"taxonomy":"product_brand","embeddable":true,"href":"https:\/\/soydeaqui.ddns.net\/pachuca\/index.php\/wp-json\/wp\/v2\/product_brand?post=30068"},{"taxonomy":"product_cat","embeddable":true,"href":"https:\/\/soydeaqui.ddns.net\/pachuca\/index.php\/wp-json\/wp\/v2\/product_cat?post=30068"},{"taxonomy":"product_tag","embeddable":true,"href":"https:\/\/soydeaqui.ddns.net\/pachuca\/index.php\/wp-json\/wp\/v2\/product_tag?post=30068"}],"curies":[{"name":"wp","href":"https:\/\/api.w.org\/{rel}","templated":true}]}}