{"id":30045,"date":"2026-03-18T13:38:33","date_gmt":"2026-03-18T13:38:33","guid":{"rendered":"https:\/\/soydeaqui.ddns.net\/pachuca\/index.php\/producto\/operador-para-puertas-corredizas-de-hasta-800-kg-y-10-metros-de-longitud-para-uso-residencial\/"},"modified":"2026-03-18T13:38:40","modified_gmt":"2026-03-18T13:38:40","slug":"operador-para-puertas-corredizas-de-hasta-800-kg-y-10-metros-de-longitud-para-uso-residencial","status":"publish","type":"product","link":"https:\/\/soydeaqui.ddns.net\/pachuca\/index.php\/producto\/operador-para-puertas-corredizas-de-hasta-800-kg-y-10-metros-de-longitud-para-uso-residencial\/","title":{"rendered":"Operador para Puertas Corredizas de Hasta 800 Kg y 10 metros de Longitud \/ Para Uso Residencial"},"content":{"rendered":"<div style='width: 100%; max-width: 1200px; margin: 0 auto; font-family: sans-serif; line-height: 1.6; color: inherit; background-color: transparent;'> <!-- Secci\u00f3n de caracter\u00edsticas principales --> <\/p>\n<div style='display: flex; flex-wrap: wrap; gap: 30px; margin-bottom: 30px;'>\n<div style='flex: 1 1 300px; min-width: 280px;'>\n<h3 style='font-size: 22px; border-bottom: 2px solid currentColor; padding-bottom: 5px; margin-top: 0; color: inherit; opacity: 0.8;'>Caracter\u00edsticas principales:<\/h3>\n<ul style='padding-left: 20px; font-size: 15px; color: inherit;'>\n<li style='margin-bottom: 5px;'>Operador de puerta corrediza<\/li>\n<li style='margin-bottom: 5px;'>Peso m\u00e1ximo de la puerta: 800 kg<\/li>\n<li style='margin-bottom: 5px;'>M\u00f3dulo de pi\u00f1\u00f3n #4<\/li>\n<\/ul><\/div>\n<div style='flex: 1 1 300px; min-width: 280px;'>\n<h3 style='font-size: 22px; border-bottom: 2px solid currentColor; padding-bottom: 5px; margin-top: 0; color: inherit; opacity: 0.8;'>Caracter\u00edsticas F\u00edsicas y El\u00e9ctricas:<\/h3>\n<ul style='padding-left: 20px; font-size: 15px; color: inherit;'>\n<li style='margin-bottom: 5px;'>Alimentaci\u00f3n para el motor 110 Vca<\/li>\n<li style='margin-bottom: 5px;'>Potencia 420 W<\/li>\n<li style='margin-bottom: 5px;'>Protecci\u00f3n t\u00e9rmica del motor 150\u00b0C<\/li>\n<\/ul><\/div>\n<div style='flex: 1 1 300px; min-width: 280px;'>\n<h3 style='font-size: 22px; border-bottom: 2px solid currentColor; padding-bottom: 5px; margin-top: 0; color: inherit; opacity: 0.8;'>Caracter\u00edsticas Destacadas:<\/h3>\n<ul style='padding-left: 20px; font-size: 15px; color: inherit;'>\n<li style='margin-bottom: 5px;'>Grado de protecci\u00f3n IP44<\/li>\n<li style='margin-bottom: 5px;'>Velocidad de apertura 10 m\/min<\/li>\n<li style='margin-bottom: 5px;'>Peso del dispositivo 15 Kg<\/li>\n<\/ul><\/div>\n<\/p><\/div>\n<p> <!-- Separador --> <\/p>\n<hr style='border: 0; border-top: 1px solid rgba(150&comma; 150&comma; 150&comma; 0.3); margin: 30px 0;'> <!-- Secci\u00f3n de especificaciones detalladas --> <\/p>\n<div style='display: flex; flex-wrap: wrap; gap: 30px; margin-bottom: 30px;'>\n<div style='flex: 1 1 400px; min-width: 280px;'>\n<h3 style='font-size: 22px; border-bottom: 2px solid currentColor; padding-bottom: 5px; margin-top: 0; color: inherit; opacity: 0.8;'>Caracter\u00edsticas:<\/h3>\n<ul style='padding-left: 20px; font-size: 15px; color: inherit;'>\n<li style='margin-bottom: 5px;'><strong>M\u00e1xima fuerza de arrastre:<\/strong> 20 kgf<\/li>\n<li style='margin-bottom: 5px;'><strong>Intensidad de Uso:<\/strong> Semi-intensivo (30\/70)<\/li>\n<li style='margin-bottom: 5px;'><strong>Incluye receptor inal\u00e1mbrico<\/strong> 001AF43S y 2 controles 001TOP432EE<\/li>\n<li style='margin-bottom: 5px;'><strong>Tiempo de apertura:<\/strong> Regulable<\/li>\n<li style='margin-bottom: 5px;'>M\u00ednimo mantenimiento<\/li>\n<li style='margin-bottom: 5px;'>Detecci\u00f3n de obst\u00e1culos (reversible)<\/li>\n<li style='margin-bottom: 5px;'><strong>Consumo en Stand by<\/strong> 2.4 W<\/li>\n<li style='margin-bottom: 5px;'><strong>Temperatura de operaci\u00f3n:<\/strong> -20\u00b0C a 55\u00b0C<\/li>\n<li style='margin-bottom: 5px;'><strong>Fuerza de empuje<\/strong> 800 N<\/li>\n<\/ul>\n<h3 style='font-size: 22px; border-bottom: 2px solid currentColor; padding-bottom: 5px; margin-top: 25px; margin-bottom: 15px; color: inherit; opacity: 0.8;'>Requiere:<\/h3>\n<ul style='padding-left: 20px; font-size: 15px; color: inherit;'>\n<li style='margin-bottom: 5px;'><strong>Cremallera m\u00f3dulo 4<\/strong> 009CGZ&comma; No incluida<\/li>\n<li style='margin-bottom: 5px;'>Cantidad depende del tama\u00f1o de la puerta<\/li>\n<li style='margin-bottom: 5px;'>Se vende por tramos de 1m<\/li>\n<\/ul><\/div>\n<div style='flex: 1 1 400px; min-width: 280px;'> <img style='width: 100%; height: auto; border: 1px solid rgba(150&comma;150&comma;150&comma;0.3); border-radius: 8px;' src='https:\/\/ftp3.syscom.mx\/usuarios\/anavarrete\/Came\/001U2646.jpg' alt=''> <\/div>\n<\/p><\/div>\n<p> <!-- Separador --> <\/p>\n<hr style='border: 0; border-top: 1px solid rgba(150&comma; 150&comma; 150&comma; 0.3); margin: 30px 0;'> <!-- Secci\u00f3n de videos --> <\/p>\n<div style='display: flex; flex-wrap: wrap; gap: 30px; justify-content: center; margin-bottom: 30px;'>\n<div style='flex: 1 1 300px; min-width: 280px; position: relative; padding-bottom: 56.25%; height: 0; overflow: hidden;'>   <\/div>\n<div style='flex: 1 1 300px; min-width: 280px; position: relative; padding-bottom: 56.25%; height: 0; overflow: hidden;'>   <\/div>\n<div style='flex: 1 1 300px; min-width: 280px; position: relative; padding-bottom: 56.25%; height: 0; overflow: hidden;'>   <\/div>\n<\/p><\/div>\n<p> <!-- Separador --> <\/p>\n<hr style='border: 0; border-top: 1px solid rgba(150&comma; 150&comma; 150&comma; 0.3); margin: 30px 0;'> <!-- Secci\u00f3n de descripci\u00f3n general --> <\/p>\n<div style='margin-bottom: 30px;'>\n<p style='text-align: center; font-size: 15px; color: inherit; margin: 0 0 20px 0;'>La serie BX es la soluci\u00f3n ideal para la automatizaci\u00f3n de puertas corrediza. Gracias a la alta eficiencia y a la seguridad que ofrece&comma; se adapta a m\u00faltiples aplicaciones tanto residenciales como de multi-apartamentos. Ideado para durar a lo largo del tiempo&comma; la elevada resistencia de todos los componentes permite la m\u00e1xima resistencia a los agentes atmosf\u00e9ricos.<\/p>\n<\/p><\/div>\n<p> <!-- Separador --> <\/p>\n<hr style='border: 0; border-top: 1px solid rgba(150&comma; 150&comma; 150&comma; 0.3); margin: 30px 0;'> <!-- Secci\u00f3n de notas importantes --> <\/p>\n<div style='margin-bottom: 30px;'>\n<h3 style='text-align: center; font-size: 18px; margin-bottom: 15px; color: inherit; opacity: 0.8;'>NOTAS IMPORTANTES:<\/h3>\n<ul style='padding-left: 20px; font-size: 15px; color: inherit; list-style: none; text-align: center;'>\n<li style='margin-bottom: 8px;'><strong>No incluye la cremallera&comma; especificar longitud.<\/strong><\/li>\n<li style='margin-bottom: 8px;'><strong>La puerta corrediza debe estar perfectamente nivelada.<\/strong><\/li>\n<li style='margin-bottom: 8px;'><strong>El motor solo soporta 20 Kgf de carga\/arrastre.<\/strong><\/li>\n<li style='margin-bottom: 8px;'><strong>El equipo cuenta con un a\u00f1o de garant\u00eda contra defectos de f\u00e1brica.<\/strong><\/li>\n<\/ul><\/div>\n<\/p><\/div>\n","protected":false},"excerpt":{"rendered":"<p>Operador para Puertas Corredizas de Hasta 800 Kg y 10 metros de Longitud \/ Para Uso Residencial<\/p>\n","protected":false},"featured_media":30044,"comment_status":"open","ping_status":"closed","template":"","meta":[],"product_brand":[],"product_cat":[860],"product_tag":[401,779,861],"class_list":{"0":"post-30045","1":"product","2":"type-product","3":"status-publish","4":"has-post-thumbnail","6":"product_cat-puertas-corredizas","7":"product_tag-acceso-vehicular","8":"product_tag-came","9":"product_tag-puertas-corredizas","11":"first","12":"instock","13":"sale","14":"shipping-taxable","15":"purchasable","16":"product-type-simple"},"_links":{"self":[{"href":"https:\/\/soydeaqui.ddns.net\/pachuca\/index.php\/wp-json\/wp\/v2\/product\/30045","targetHints":{"allow":["GET"]}}],"collection":[{"href":"https:\/\/soydeaqui.ddns.net\/pachuca\/index.php\/wp-json\/wp\/v2\/product"}],"about":[{"href":"https:\/\/soydeaqui.ddns.net\/pachuca\/index.php\/wp-json\/wp\/v2\/types\/product"}],"replies":[{"embeddable":true,"href":"https:\/\/soydeaqui.ddns.net\/pachuca\/index.php\/wp-json\/wp\/v2\/comments?post=30045"}],"wp:featuredmedia":[{"embeddable":true,"href":"https:\/\/soydeaqui.ddns.net\/pachuca\/index.php\/wp-json\/wp\/v2\/media\/30044"}],"wp:attachment":[{"href":"https:\/\/soydeaqui.ddns.net\/pachuca\/index.php\/wp-json\/wp\/v2\/media?parent=30045"}],"wp:term":[{"taxonomy":"product_brand","embeddable":true,"href":"https:\/\/soydeaqui.ddns.net\/pachuca\/index.php\/wp-json\/wp\/v2\/product_brand?post=30045"},{"taxonomy":"product_cat","embeddable":true,"href":"https:\/\/soydeaqui.ddns.net\/pachuca\/index.php\/wp-json\/wp\/v2\/product_cat?post=30045"},{"taxonomy":"product_tag","embeddable":true,"href":"https:\/\/soydeaqui.ddns.net\/pachuca\/index.php\/wp-json\/wp\/v2\/product_tag?post=30045"}],"curies":[{"name":"wp","href":"https:\/\/api.w.org\/{rel}","templated":true}]}}