{"id":29980,"date":"2026-03-18T13:37:01","date_gmt":"2026-03-18T13:37:01","guid":{"rendered":"https:\/\/soydeaqui.ddns.net\/pachuca\/index.php\/producto\/sistema-de-control-para-4-bolardos-neumaticos-simultaneamente\/"},"modified":"2026-03-18T13:37:02","modified_gmt":"2026-03-18T13:37:02","slug":"sistema-de-control-para-4-bolardos-neumaticos-simultaneamente","status":"publish","type":"product","link":"https:\/\/soydeaqui.ddns.net\/pachuca\/index.php\/producto\/sistema-de-control-para-4-bolardos-neumaticos-simultaneamente\/","title":{"rendered":"Sistema de Control Para 4 Bolardos Neum\u00e1ticos Simult\u00e1neamente"},"content":{"rendered":"<div style='width: 100%; max-width: 1200px; margin: 0 auto; font-family: sans-serif; line-height: 1.6; color: inherit; background-color: transparent;'>\n<div style='display: flex; flex-wrap: wrap; gap: 30px; margin-bottom: 30px;'>\n<div style='flex: 1 1 300px; min-width: 280px;'>\n<h3 style='font-size: 22px; border-bottom: 2px solid currentColor; padding-bottom: 5px; margin-top: 0; color: inherit; opacity: 0.8;'>Caracter\u00edsticas<\/h3>\n<ul style='padding-left: 20px; font-size: 15px; color: inherit;'>\n<li style='margin-bottom: 5px;'>Incluye sistema neum\u00e1tico para manipular simult\u00e1neamente hasta 4 bolardos. Revise la compatibilidad de bolardos (Se adquieren por separado)<\/li>\n<li style='margin-bottom: 5px;'>Sistema abierto en caso de falla el\u00e9ctrica<\/li>\n<li style='margin-bottom: 5px;'>Consumo de corriente de arranque de 20A<\/li>\n<li style='margin-bottom: 5px;'>Consumo de corriente nominal 7A<\/li>\n<li style='margin-bottom: 5px;'>Alimentaci\u00f3n a 110VCA<\/li>\n<li style='margin-bottom: 5px;'>Gabinete en color beige<\/li>\n<li style='margin-bottom: 5px;'>Medidas 820 x 770 x 560 mm<\/li>\n<\/ul><\/div>\n<div style='flex: 1 1 300px; min-width: 280px;'> <img style='width: 100%; height: auto; border: 1px solid rgba(150&comma;150&comma;150&comma;0.3); border-radius: 8px;' src='https:\/\/ftp3.syscom.mx\/usuarios\/fotos\/BancoFotografiasSyscom\/ACCESSPRO\/XCONTROLBOX\/XCONTROLBOX-p.PNG' alt=''> <\/div>\n<\/p><\/div>\n<div style='display: flex; flex-wrap: wrap; gap: 20px; margin-bottom: 30px;'>\n<div style='flex: 1 1 250px; border: 1px solid rgba(150&comma; 150&comma; 150&comma; 0.4); border-radius: 8px; overflow: hidden; display: flex; flex-direction: column;'>\n<div style='padding: 15px; border-bottom: 1px solid rgba(150&comma; 150&comma; 150&comma; 0.2); font-weight: bold; font-size: 18px; color: inherit;'>Compatibilidad<\/div>\n<div style='padding: 15px; color: inherit;'>\n<ul style='padding-left: 20px; margin: 0; font-size: 14px; list-style-type: disc;'>\n<li style='margin-bottom: 5px;'><strong style='color: inherit;'>XB220<\/strong> Bolardo de acero inoxidable de 220 mm de di\u00e1metro.<\/li>\n<li style='margin-bottom: 5px;'><strong style='color: inherit;'>XB275<\/strong> Bolardo de acero inoxidable de 275 mm de di\u00e1metro.<\/li>\n<li style='margin-bottom: 5px;'><strong style='color: inherit;'>XB220C<\/strong> Bolardo de acero al carb\u00f3n pintado de 220 mm de di\u00e1metro.<\/li>\n<li style='margin-bottom: 5px;'><strong style='color: inherit;'>XB275C<\/strong> Bolardo de acero al carb\u00f3n pintado de 275 mm de di\u00e1metro.<\/li>\n<\/ul><\/div>\n<\/p><\/div>\n<\/p><\/div>\n<div style='margin-bottom: 30px;'>\n<div style='display: flex; flex-wrap: wrap; gap: 20px; justify-content: center;'>\n<div style='flex: 1 1 300px; min-width: 250px;'>\n<div style='border: 1px solid rgba(150&comma; 150&comma; 150&comma; 0.4); border-radius: 8px; padding: 20px; text-align: center;'>\n<h3 style='font-size: 18px; margin-top: 0; color: inherit; opacity: 0.8;'>Notas adicionales<\/h3>\n<p style='margin: 10px 0; font-size: 14px; color: inherit;'>Equipo con un a\u00f1o de garant\u00eda contra defectos de fabricaci\u00f3n.<\/p>\n<p style='margin: 10px 0; font-size: 14px; color: inherit;'>Las mangueras neum\u00e1ticas se adquieren por separado&comma; las caracter\u00edsticas de esta son 10 mm de di\u00e1metro exterior&comma; 8 mm de diametro interior y debe de soportar una presi\u00f3n de 150 PSI.<\/p>\n<\/p><\/div>\n<\/p><\/div>\n<\/p><\/div>\n<\/p><\/div>\n<div style='margin-bottom: 30px;'>\n<div style='display: flex; flex-wrap: wrap; gap: 20px; justify-content: center;'>\n<div style='flex: 1 1 300px; min-width: 250px;'>\n<div style='border: 1px solid rgba(150&comma; 150&comma; 150&comma; 0.4); border-radius: 8px; padding: 20px; text-align: center;'>\n<h3 style='font-size: 18px; margin-top: 0; color: inherit; opacity: 0.8;'>Requerimientos para cotizar un sistema<\/h3>\n<p style='margin: 10px 0; font-size: 14px; color: inherit;'><strong style='color: inherit;'>XCONTROLBOX<\/strong> Controlador de bolardos neum\u00e1ticos<\/p>\n<p style='margin: 10px 0; font-size: 14px; color: inherit;'><strong style='color: inherit;'>XB220 o XB275<\/strong> Bolardos neum\u00e1ticos (M\u00e1ximo 4 piezas por controlador)<\/p>\n<p style='margin: 10px 0; font-size: 14px; color: inherit;'><strong style='color: inherit;'>XBSW01<\/strong> Botonera triple de uso rudo<\/p>\n<p style='margin: 10px 0; font-size: 14px; color: inherit;'><strong style='color: inherit;'>XBSRR16<\/strong> Fotocelda de seguridad<\/p>\n<p style='margin: 10px 0; font-size: 14px; color: inherit;'>Las mangueras para conexi\u00f3n no se comercializan en Syscom<\/p>\n<\/p><\/div>\n<\/p><\/div>\n<\/p><\/div>\n<\/p><\/div>\n<hr style='border: 0; border-top: 1px solid rgba(150&comma; 150&comma; 150&comma; 0.3); margin: 30px 0;'> <\/div>\n","protected":false},"excerpt":{"rendered":"<p>Sistema de Control Para 4 Bolardos Neum\u00e1ticos Simult\u00e1neamente<\/p>\n","protected":false},"featured_media":29979,"comment_status":"open","ping_status":"closed","template":"","meta":[],"product_brand":[],"product_cat":[883],"product_tag":[401,234,884],"class_list":{"0":"post-29980","1":"product","2":"type-product","3":"status-publish","4":"has-post-thumbnail","6":"product_cat-pilonas-o-bolardos","7":"product_tag-acceso-vehicular","8":"product_tag-accesspro","9":"product_tag-pilonas-o-bolardos","11":"first","12":"instock","13":"sale","14":"shipping-taxable","15":"purchasable","16":"product-type-simple"},"_links":{"self":[{"href":"https:\/\/soydeaqui.ddns.net\/pachuca\/index.php\/wp-json\/wp\/v2\/product\/29980","targetHints":{"allow":["GET"]}}],"collection":[{"href":"https:\/\/soydeaqui.ddns.net\/pachuca\/index.php\/wp-json\/wp\/v2\/product"}],"about":[{"href":"https:\/\/soydeaqui.ddns.net\/pachuca\/index.php\/wp-json\/wp\/v2\/types\/product"}],"replies":[{"embeddable":true,"href":"https:\/\/soydeaqui.ddns.net\/pachuca\/index.php\/wp-json\/wp\/v2\/comments?post=29980"}],"wp:featuredmedia":[{"embeddable":true,"href":"https:\/\/soydeaqui.ddns.net\/pachuca\/index.php\/wp-json\/wp\/v2\/media\/29979"}],"wp:attachment":[{"href":"https:\/\/soydeaqui.ddns.net\/pachuca\/index.php\/wp-json\/wp\/v2\/media?parent=29980"}],"wp:term":[{"taxonomy":"product_brand","embeddable":true,"href":"https:\/\/soydeaqui.ddns.net\/pachuca\/index.php\/wp-json\/wp\/v2\/product_brand?post=29980"},{"taxonomy":"product_cat","embeddable":true,"href":"https:\/\/soydeaqui.ddns.net\/pachuca\/index.php\/wp-json\/wp\/v2\/product_cat?post=29980"},{"taxonomy":"product_tag","embeddable":true,"href":"https:\/\/soydeaqui.ddns.net\/pachuca\/index.php\/wp-json\/wp\/v2\/product_tag?post=29980"}],"curies":[{"name":"wp","href":"https:\/\/api.w.org\/{rel}","templated":true}]}}