{"id":2997,"date":"2026-03-18T06:03:18","date_gmt":"2026-03-18T06:03:18","guid":{"rendered":"https:\/\/soydeaqui.ddns.net\/pachuca\/index.php\/producto\/cinta-electrica-stronghold-para-aislar-de-caucho-epr-autofusionable-uso-industrial-en-uniones-de-alto-voltaje-y-temperatura-grosor-0-76mm-30-mil-ancho-19mm-y-9-1m-largo-color-negro\/"},"modified":"2026-03-18T06:03:24","modified_gmt":"2026-03-18T06:03:24","slug":"cinta-electrica-stronghold-para-aislar-de-caucho-epr-autofusionable-uso-industrial-en-uniones-de-alto-voltaje-y-temperatura-grosor-0-76mm-30-mil-ancho-19mm-y-9-1m-largo-color-negro","status":"publish","type":"product","link":"https:\/\/soydeaqui.ddns.net\/pachuca\/index.php\/producto\/cinta-electrica-stronghold-para-aislar-de-caucho-epr-autofusionable-uso-industrial-en-uniones-de-alto-voltaje-y-temperatura-grosor-0-76mm-30-mil-ancho-19mm-y-9-1m-largo-color-negro\/","title":{"rendered":"Cinta El\u00e9ctrica STRONGHOLD para Aislar de Caucho EPR, Autofusionable, Uso Industrial en Uniones de Alto Voltaje y Temperatura, Grosor 0.76mm (30 mil), Ancho 19mm, y 9.1m Largo, Color Negro."},"content":{"rendered":"<div style='width: 100%; max-width: 1200px; margin: 0 auto; font-family: sans-serif; line-height: 1.6; color: inherit; background-color: transparent;'> <!-- Descripci\u00f3n principal --> <\/p>\n<div style='margin-bottom: 30px; font-size: 15px; color: inherit;'>\n<p style='margin-bottom: 15px;'>La cinta de caucho de alto voltaje de la serie ST23 de StrongHold con revestimiento&comma; es de etileno propileno de 30 mil (0&comma;76 mm)&comma; autofusionable para alto voltaje en aislamiento y empalmes de revestimiento de hasta 69 kV. Se amalgama r\u00e1pidamente&comma; lo que produce una acumulaci\u00f3n el\u00e9ctricamente estable y sin huecos&comma; y es ideal para sellado.<\/p>\n<p style='margin-bottom: 15px;'>Cumple con las normas ASTM D-4388&comma; HH-I-553C\/Grado A&comma; MIL-I3825B. Permite el aislamiento y el revestimiento en cables de alimentaci\u00f3n de 600 a 69&comma;000 V. Proporciona un sello contra la humedad para todas las necesidades.<\/p>\n<p style='margin-bottom: 0;'>Debido a sus propiedades mec\u00e1nicas y qu\u00edmicas altamente estables&comma; la cinta de la serie ST23 es ideal para la reparaci\u00f3n y restauraci\u00f3n de forros de cables.<\/p>\n<\/p><\/div>\n<p> <!-- Secci\u00f3n de especificaciones --> <\/p>\n<div style='display: flex; flex-wrap: wrap; gap: 20px; margin-bottom: 30px;'>\n<div style='flex: 1 1 250px; border: 1px solid rgba(150&comma; 150&comma; 150&comma; 0.4); border-radius: 8px; overflow: hidden; display: flex; flex-direction: column;'>\n<div style='padding: 15px; border-bottom: 1px solid rgba(150&comma; 150&comma; 150&comma; 0.2); font-weight: bold; font-size: 18px; color: inherit;'>Especificaciones T\u00e9cnicas<\/div>\n<div style='padding: 15px; color: inherit;'>\n<ul style='padding-left: 20px; margin: 0; font-size: 14px; list-style-type: disc;'>\n<li style='margin-bottom: 5px;'><strong>Color:<\/strong> Negro<\/li>\n<li style='margin-bottom: 5px;'><strong>Material:<\/strong> EPR<\/li>\n<li style='margin-bottom: 5px;'><strong>Grosor total (mm):<\/strong> 0.76<\/li>\n<li style='margin-bottom: 5px;'><strong>Ancho total (mm):<\/strong> 19<\/li>\n<li style='margin-bottom: 5px;'><strong>Longitud total (m):<\/strong> 9.1<\/li>\n<li style='margin-bottom: 5px;'><strong>Temperatura m\u00e1xima de funcionamiento (\u00b0C):<\/strong> 90<\/li>\n<\/ul><\/div>\n<\/p><\/div>\n<div style='flex: 1 1 250px; border: 1px solid rgba(150&comma; 150&comma; 150&comma; 0.4); border-radius: 8px; overflow: hidden; display: flex; flex-direction: column;'>\n<div style='padding: 15px; border-bottom: 1px solid rgba(150&comma; 150&comma; 150&comma; 0.2); font-weight: bold; font-size: 18px; color: inherit;'>Certificaciones y Caracter\u00edsticas<\/div>\n<div style='padding: 15px; color: inherit;'>\n<ul style='padding-left: 20px; margin: 0; font-size: 14px; list-style-type: disc;'>\n<li style='margin-bottom: 5px;'>Cumple con ROH&comma; cumple con REACH&comma; sin plomo<\/li>\n<li style='margin-bottom: 5px;'>Resistente a los rayos UV<\/li>\n<li style='margin-bottom: 5px;'>Uso Interior\/Exterior<\/li>\n<\/ul><\/div>\n<\/p><\/div>\n<\/p><\/div>\n<p> <!-- Separador --> <\/p>\n<hr style='border: 0; border-top: 1px solid rgba(150&comma; 150&comma; 150&comma; 0.3); margin: 30px 0;'> <\/div>\n","protected":false},"excerpt":{"rendered":"<p>Cinta El\u00e9ctrica STRONGHOLD para Aislar de Caucho EPR, Autofusionable, Uso Industrial en Uniones de Alto Voltaje y Temperatura, Grosor 0.76mm (30 mil), Ancho 19mm, y 9.1m Largo, Color Negro.<\/p>\n","protected":false},"featured_media":2996,"comment_status":"open","ping_status":"closed","template":"","meta":[],"product_brand":[],"product_cat":[130],"product_tag":[25,131,445],"class_list":{"0":"post-2997","1":"product","2":"type-product","3":"status-publish","4":"has-post-thumbnail","6":"product_cat-herramientas-electricas","7":"product_tag-herramientas","8":"product_tag-herramientas-electricas","9":"product_tag-panduit","11":"first","12":"instock","13":"sale","14":"shipping-taxable","15":"purchasable","16":"product-type-simple"},"_links":{"self":[{"href":"https:\/\/soydeaqui.ddns.net\/pachuca\/index.php\/wp-json\/wp\/v2\/product\/2997","targetHints":{"allow":["GET"]}}],"collection":[{"href":"https:\/\/soydeaqui.ddns.net\/pachuca\/index.php\/wp-json\/wp\/v2\/product"}],"about":[{"href":"https:\/\/soydeaqui.ddns.net\/pachuca\/index.php\/wp-json\/wp\/v2\/types\/product"}],"replies":[{"embeddable":true,"href":"https:\/\/soydeaqui.ddns.net\/pachuca\/index.php\/wp-json\/wp\/v2\/comments?post=2997"}],"wp:featuredmedia":[{"embeddable":true,"href":"https:\/\/soydeaqui.ddns.net\/pachuca\/index.php\/wp-json\/wp\/v2\/media\/2996"}],"wp:attachment":[{"href":"https:\/\/soydeaqui.ddns.net\/pachuca\/index.php\/wp-json\/wp\/v2\/media?parent=2997"}],"wp:term":[{"taxonomy":"product_brand","embeddable":true,"href":"https:\/\/soydeaqui.ddns.net\/pachuca\/index.php\/wp-json\/wp\/v2\/product_brand?post=2997"},{"taxonomy":"product_cat","embeddable":true,"href":"https:\/\/soydeaqui.ddns.net\/pachuca\/index.php\/wp-json\/wp\/v2\/product_cat?post=2997"},{"taxonomy":"product_tag","embeddable":true,"href":"https:\/\/soydeaqui.ddns.net\/pachuca\/index.php\/wp-json\/wp\/v2\/product_tag?post=2997"}],"curies":[{"name":"wp","href":"https:\/\/api.w.org\/{rel}","templated":true}]}}