{"id":29896,"date":"2026-03-18T13:35:15","date_gmt":"2026-03-18T13:35:15","guid":{"rendered":"https:\/\/soydeaqui.ddns.net\/pachuca\/index.php\/producto\/software-de-administracion-para-video-monitoreo-de-solo-4-camaras\/"},"modified":"2026-03-18T13:35:15","modified_gmt":"2026-03-18T13:35:15","slug":"software-de-administracion-para-video-monitoreo-de-solo-4-camaras","status":"publish","type":"product","link":"https:\/\/soydeaqui.ddns.net\/pachuca\/index.php\/producto\/software-de-administracion-para-video-monitoreo-de-solo-4-camaras\/","title":{"rendered":"Software de Administraci\u00f3n para Video. Monitoreo de S\u00f3lo 4 C\u00e1maras."},"content":{"rendered":"<div style='width: 100%; max-width: 1200px; margin: 0 auto; font-family: sans-serif; line-height: 1.6; color: inherit;'>\n<div style='display: flex; flex-wrap: wrap; gap: 30px; margin-bottom: 30px;'>\n<div style='flex: 1 1 300px; min-width: 280px;'>\n<h3 style='font-size: 22px; border-bottom: 2px solid currentColor; padding-bottom: 5px; margin-top: 0; color: inherit; opacity: 0.8;'>Caracter\u00edsticas<\/h3>\n<ul style='padding-left: 20px; font-size: 15px; color: inherit;'>\n<li style='margin-bottom: 5px;'>Software VITRAX en espa\u00f1ol\/ingl\u00e9s<\/li>\n<li style='margin-bottom: 5px;'>Tambi\u00e9n puede trabajar en modo Standalone<\/li>\n<li style='margin-bottom: 5px;'>Compatible con Windows XP&comma; NT y 7 Profesional<\/li>\n<li style='margin-bottom: 5px;'>Enlace con software AXTRAX NG<\/li>\n<li style='margin-bottom: 5px;'>Acepta diversas c\u00e1maras IP (HIKVISION&comma; SONY&comma; AXIS&comma; PANASONIC&comma; PIXORD&comma; etc.)<\/li>\n<li style='margin-bottom: 5px;'>Funciona como cliente\/servidor<\/li>\n<li style='margin-bottom: 5px;'>Grabaci\u00f3n en disco duro local de la PC<\/li>\n<li style='margin-bottom: 5px;'>Funci\u00f3n de watchdog<\/li>\n<li style='margin-bottom: 5px;'>Programaci\u00f3n de niveles de operador<\/li>\n<li style='margin-bottom: 5px;'>Monitoreo en tiempo real<\/li>\n<li style='margin-bottom: 5px;'>Respaldo de la programaci\u00f3n manual y autom\u00e1tico<\/li>\n<li style='margin-bottom: 5px;'>Capacidad de mapas virtuales<\/li>\n<\/ul><\/div>\n<\/p><\/div>\n<div style='display: flex; flex-wrap: wrap; gap: 20px; margin-bottom: 30px;'>\n<div style='flex: 1 1 250px; border: 1px solid rgba(150&comma; 150&comma; 150&comma; 0.4); border-radius: 8px; overflow: hidden; display: flex; flex-direction: column;'>\n<div style='padding: 15px; border-bottom: 1px solid rgba(150&comma; 150&comma; 150&comma; 0.2); font-weight: bold; font-size: 18px; color: inherit;'>Informaci\u00f3n Adicional<\/div>\n<div style='padding: 15px; color: inherit;'>\n<p style='margin: 0 0 15px 0; font-size: 14px;'>*La venta de estos equipos requiere curso de certificaci\u00f3n impartido por SYSCOM.<\/p>\n<p style='margin: 0 0 15px 0; font-size: 14px;'>*Software de Nivel 2 al 5 son sobre pedido.<\/p>\n<\/p><\/div>\n<\/p><\/div>\n<div style='flex: 1 1 250px; border: 1px solid rgba(150&comma; 150&comma; 150&comma; 0.4); border-radius: 8px; overflow: hidden; display: flex; flex-direction: column;'>\n<div style='padding: 15px; border-bottom: 1px solid rgba(150&comma; 150&comma; 150&comma; 0.2); font-weight: bold; font-size: 18px; color: inherit;'>Notas<\/div>\n<div style='padding: 15px; color: inherit;'>\n<p style='margin: 0; font-size: 14px;'>Solo se da soporte del software suministrado con el equipo o proporcionado por SYSCOM&comma; siempre y cuando se utilice el motor de base de datos que incluye&comma; ya que solo as\u00ed se puede garantizar la operaci\u00f3n correcta del software. Cualquier otra implementaci\u00f3n hacia otro software o con otras versiones de base de datos&comma; es responsabilidad del integrador o desarrollador a cargo.<\/p>\n<\/p><\/div>\n<\/p><\/div>\n<\/p><\/div>\n<hr style='border: 0; border-top: 1px solid rgba(150&comma; 150&comma; 150&comma; 0.3); margin: 30px 0;'> <\/div>\n","protected":false},"excerpt":{"rendered":"<p>Software de Administraci\u00f3n para Video. Monitoreo de S\u00f3lo 4 C\u00e1maras.<\/p>\n","protected":false},"featured_media":29895,"comment_status":"open","ping_status":"closed","template":"","meta":[],"product_brand":[],"product_cat":[801],"product_tag":[802,784,563],"class_list":{"0":"post-29896","1":"product","2":"type-product","3":"status-publish","4":"has-post-thumbnail","6":"product_cat-licencias-y-softwares","7":"product_tag-licencias-y-softwares","8":"product_tag-paneles-de-control-de-acceso","9":"product_tag-rosslare-security-products","11":"first","12":"outofstock","13":"sale","14":"shipping-taxable","15":"purchasable","16":"product-type-simple"},"_links":{"self":[{"href":"https:\/\/soydeaqui.ddns.net\/pachuca\/index.php\/wp-json\/wp\/v2\/product\/29896","targetHints":{"allow":["GET"]}}],"collection":[{"href":"https:\/\/soydeaqui.ddns.net\/pachuca\/index.php\/wp-json\/wp\/v2\/product"}],"about":[{"href":"https:\/\/soydeaqui.ddns.net\/pachuca\/index.php\/wp-json\/wp\/v2\/types\/product"}],"replies":[{"embeddable":true,"href":"https:\/\/soydeaqui.ddns.net\/pachuca\/index.php\/wp-json\/wp\/v2\/comments?post=29896"}],"wp:featuredmedia":[{"embeddable":true,"href":"https:\/\/soydeaqui.ddns.net\/pachuca\/index.php\/wp-json\/wp\/v2\/media\/29895"}],"wp:attachment":[{"href":"https:\/\/soydeaqui.ddns.net\/pachuca\/index.php\/wp-json\/wp\/v2\/media?parent=29896"}],"wp:term":[{"taxonomy":"product_brand","embeddable":true,"href":"https:\/\/soydeaqui.ddns.net\/pachuca\/index.php\/wp-json\/wp\/v2\/product_brand?post=29896"},{"taxonomy":"product_cat","embeddable":true,"href":"https:\/\/soydeaqui.ddns.net\/pachuca\/index.php\/wp-json\/wp\/v2\/product_cat?post=29896"},{"taxonomy":"product_tag","embeddable":true,"href":"https:\/\/soydeaqui.ddns.net\/pachuca\/index.php\/wp-json\/wp\/v2\/product_tag?post=29896"}],"curies":[{"name":"wp","href":"https:\/\/api.w.org\/{rel}","templated":true}]}}