{"id":2985,"date":"2026-03-18T06:03:11","date_gmt":"2026-03-18T06:03:11","guid":{"rendered":"https:\/\/soydeaqui.ddns.net\/pachuca\/index.php\/producto\/control-remoto-5-canales-para-motores-de-persiana-somfy-con-senal-inalambrica-instrucciones-sube-baja-y-detener-con-posicion-favorita-programada\/"},"modified":"2026-03-18T06:03:14","modified_gmt":"2026-03-18T06:03:14","slug":"control-remoto-5-canales-para-motores-de-persiana-somfy-con-senal-inalambrica-instrucciones-sube-baja-y-detener-con-posicion-favorita-programada","status":"publish","type":"product","link":"https:\/\/soydeaqui.ddns.net\/pachuca\/index.php\/producto\/control-remoto-5-canales-para-motores-de-persiana-somfy-con-senal-inalambrica-instrucciones-sube-baja-y-detener-con-posicion-favorita-programada\/","title":{"rendered":"Control remoto 5 canales para motores de persiana Somfy con se\u00f1al inal\u00e1mbrica, instrucciones: sube, baja y detener, con posici\u00f3n favorita programada."},"content":{"rendered":"<div style='width: 100%; max-width: 1200px; margin: 0 auto; font-family: sans-serif; line-height: 1.6; color: inherit; background-color: transparent;'> <!-- Secci\u00f3n de descripci\u00f3n --> <\/p>\n<div style='margin-bottom: 30px;'>\n<p style='font-size: 16px; margin-bottom: 15px; color: inherit;'>Control remoto RTS para 5 canales.<\/p>\n<ul style='padding-left: 20px; font-size: 15px; color: inherit;'>\n<li style='margin-bottom: 8px;'>Controles remotos Situo RTS<\/li>\n<li style='margin-bottom: 8px;'>En versiones monocanal y multicanal de radiofrecuencia.<\/li>\n<li style='margin-bottom: 8px;'>Emite instrucciones: subir&comma; bajar y detener&comma; con posici\u00f3n favorita programada \u00abmy\u00bb.<\/li>\n<li style='margin-bottom: 8px;'>Bot\u00f3n de programaci\u00f3n ubicado en la parte trasera del control remoto que permite memorizar la programaci\u00f3n del transmisor en uno o varios receptores.<\/li>\n<li style='margin-bottom: 8px;'>Compatible con todos los motores con Radiotecnolog\u00eda Somfy (RTS) integrada.<\/li>\n<\/ul><\/div>\n<p> <!-- Secci\u00f3n de especificaciones --> <\/p>\n<div style='margin-bottom: 30px;'>\n<h3 style='font-size: 22px; border-bottom: 2px solid currentColor; padding-bottom: 5px; margin-top: 0; margin-bottom: 15px; color: inherit; opacity: 0.8;'>Especificaciones t\u00e9cnicas<\/h3>\n<ul style='padding-left: 20px; font-size: 15px; color: inherit;'>\n<li style='margin-bottom: 8px;'><strong>Material:<\/strong> ABS&comma; SEBS.<\/li>\n<li style='margin-bottom: 8px;'><strong>Colores:<\/strong> Pure&comma; Silver&comma; Gold y Rose Gold.<\/li>\n<li style='margin-bottom: 8px;'><strong>Dimensiones:<\/strong> 135 x 42 x 14 mm.<\/li>\n<li style='margin-bottom: 8px;'><strong>\u00cdndice de protecci\u00f3n (IP):<\/strong> 30 (uso para interiores).<\/li>\n<li style='margin-bottom: 8px;'><strong>Alimentaci\u00f3n:<\/strong> 3V (proporcionada por bater\u00eda CR2430).<\/li>\n<li style='margin-bottom: 8px;'><strong>Protocolo de comunicaci\u00f3n:<\/strong> RTS.<\/li>\n<li style='margin-bottom: 8px;'><strong>Radiofrecuencia:<\/strong> 433.42 MHz.<\/li>\n<li style='margin-bottom: 8px;'><strong>Temperatura de operaci\u00f3n:<\/strong> -20 a 60 \u00b0C.<\/li>\n<li style='margin-bottom: 8px;'><strong>Rango de transmisi\u00f3n:<\/strong> 200 m al aire libre.<\/li>\n<li style='margin-bottom: 8px;'><strong>Compatibilidad:<\/strong> Compatible con todos los motores RTS y con receptores externos RTS.<\/li>\n<\/ul><\/div>\n<p> <!-- Separador --> <\/p>\n<hr style='border: 0; border-top: 1px solid rgba(150&comma; 150&comma; 150&comma; 0.3); margin: 30px 0;'> <\/div>\n","protected":false},"excerpt":{"rendered":"<p>Control remoto 5 canales para motores de persiana Somfy con se\u00f1al inal\u00e1mbrica, instrucciones: sube, baja y detener, con posici\u00f3n favorita programada.<\/p>\n","protected":false},"featured_media":2984,"comment_status":"open","ping_status":"closed","template":"","meta":[],"product_brand":[],"product_cat":[29],"product_tag":[30,31,46],"class_list":{"0":"post-2985","1":"product","2":"type-product","3":"status-publish","4":"has-post-thumbnail","6":"product_cat-persianas-y-cortineros","7":"product_tag-automatizacion-casa-inteligente","8":"product_tag-persianas-y-cortineros","9":"product_tag-somfy","11":"first","12":"instock","13":"sale","14":"shipping-taxable","15":"purchasable","16":"product-type-simple"},"_links":{"self":[{"href":"https:\/\/soydeaqui.ddns.net\/pachuca\/index.php\/wp-json\/wp\/v2\/product\/2985","targetHints":{"allow":["GET"]}}],"collection":[{"href":"https:\/\/soydeaqui.ddns.net\/pachuca\/index.php\/wp-json\/wp\/v2\/product"}],"about":[{"href":"https:\/\/soydeaqui.ddns.net\/pachuca\/index.php\/wp-json\/wp\/v2\/types\/product"}],"replies":[{"embeddable":true,"href":"https:\/\/soydeaqui.ddns.net\/pachuca\/index.php\/wp-json\/wp\/v2\/comments?post=2985"}],"wp:featuredmedia":[{"embeddable":true,"href":"https:\/\/soydeaqui.ddns.net\/pachuca\/index.php\/wp-json\/wp\/v2\/media\/2984"}],"wp:attachment":[{"href":"https:\/\/soydeaqui.ddns.net\/pachuca\/index.php\/wp-json\/wp\/v2\/media?parent=2985"}],"wp:term":[{"taxonomy":"product_brand","embeddable":true,"href":"https:\/\/soydeaqui.ddns.net\/pachuca\/index.php\/wp-json\/wp\/v2\/product_brand?post=2985"},{"taxonomy":"product_cat","embeddable":true,"href":"https:\/\/soydeaqui.ddns.net\/pachuca\/index.php\/wp-json\/wp\/v2\/product_cat?post=2985"},{"taxonomy":"product_tag","embeddable":true,"href":"https:\/\/soydeaqui.ddns.net\/pachuca\/index.php\/wp-json\/wp\/v2\/product_tag?post=2985"}],"curies":[{"name":"wp","href":"https:\/\/api.w.org\/{rel}","templated":true}]}}