{"id":29824,"date":"2026-03-18T13:33:36","date_gmt":"2026-03-18T13:33:36","guid":{"rendered":"https:\/\/soydeaqui.ddns.net\/pachuca\/index.php\/producto\/controlador-para-2-lectoras-y-2-entradas-de-video-con-gabinete-y-fuente\/"},"modified":"2026-03-18T13:33:37","modified_gmt":"2026-03-18T13:33:37","slug":"controlador-para-2-lectoras-y-2-entradas-de-video-con-gabinete-y-fuente","status":"publish","type":"product","link":"https:\/\/soydeaqui.ddns.net\/pachuca\/index.php\/producto\/controlador-para-2-lectoras-y-2-entradas-de-video-con-gabinete-y-fuente\/","title":{"rendered":"Controlador para 2 Lectoras y 2 Entradas de Video. Con Gabinete y Fuente."},"content":{"rendered":"<div style='width: 100%; max-width: 1200px; margin: 0 auto; font-family: sans-serif; line-height: 1.6; color: inherit; background-color: transparent;'> <!-- Secci\u00f3n de introducci\u00f3n --> <\/p>\n<div style='margin-bottom: 30px;'>\n<p style='font-size: 15px; color: inherit; margin-bottom: 15px;'>Con la nueva serie de controladores de acceso avanzado y software de video&comma; Ud. tiene en sus manos la verdadera integraci\u00f3n de un completo sistema de seguridad. El software AXTRAX en conjunto con el software VITRAX le permitir\u00e1n tener el control del personal y la evidencia en video.<\/p>\n<\/p><\/div>\n<p> <!-- Secci\u00f3n de software --> <\/p>\n<div style='display: flex; flex-wrap: wrap; gap: 30px; margin-bottom: 30px;'>\n<div style='flex: 1 1 300px; min-width: 280px;'>\n<h3 style='font-size: 22px; border-bottom: 2px solid currentColor; padding-bottom: 5px; margin-top: 0; color: inherit; opacity: 0.8;'>Software<\/h3>\n<ul style='padding-left: 20px; font-size: 15px; color: inherit;'>\n<li style='margin-bottom: 5px;'>Software <strong>AXTRAX NG (nivel 0)<\/strong> en espa\u00f1ol\/ingl\u00e9s.<\/li>\n<li style='margin-bottom: 5px;'><strong>Integraci\u00f3n de video con software VITRAX.<\/strong><\/li>\n<li style='margin-bottom: 5px;'>Requiere Windows 7 Profesional.<\/li>\n<li style='margin-bottom: 5px;'><strong>Base de Datos en SQL Server.<\/strong><\/li>\n<li style='margin-bottom: 5px;'>Funciona como cliente\/servidor.<\/li>\n<li style='margin-bottom: 5px;'>Capacidad de administrar hasta 1023 puertas (Con licencias*).<\/li>\n<li style='margin-bottom: 5px;'>Programaci\u00f3n de niveles de operador.<\/li>\n<li style='margin-bottom: 5px;'>Soporta hasta 64 controladores (gratuito).<\/li>\n<li style='margin-bottom: 5px;'>32 horarios.<\/li>\n<li style='margin-bottom: 5px;'>128 Grupos de autorizaci\u00f3n.<\/li>\n<li style='margin-bottom: 5px;'>Monitoreo en tiempo real.<\/li>\n<li style='margin-bottom: 5px;'>Capacidad de incorporar fotograf\u00edas.<\/li>\n<li style='margin-bottom: 5px;'>Funci\u00f3n de Antipassback y Antipassback global.<\/li>\n<li style='margin-bottom: 5px;'>Reportes amigables por usuario y por departamento.<\/li>\n<li style='margin-bottom: 5px;'>Respaldo de la programaci\u00f3n manual y autom\u00e1tico.<\/li>\n<li style='margin-bottom: 5px;'>Capacidad de mapas.<\/li>\n<li style='margin-bottom: 5px;'>V\u00ednculos de grabaci\u00f3n por cualquier evento generado en el controlador (s\u00f3lo con el uso de las c\u00e1maras conectadas al controlador).<\/li>\n<\/ul><\/div>\n<\/p><\/div>\n<p> <!-- Secci\u00f3n de comunicaci\u00f3n --> <\/p>\n<div style='display: flex; flex-wrap: wrap; gap: 30px; margin-bottom: 30px;'>\n<div style='flex: 1 1 300px; min-width: 280px;'>\n<h3 style='font-size: 22px; border-bottom: 2px solid currentColor; padding-bottom: 5px; margin-top: 0; color: inherit; opacity: 0.8;'>Comunicaci\u00f3n<\/h3>\n<ul style='padding-left: 20px; font-size: 15px; color: inherit;'>\n<li style='margin-bottom: 5px;'>RS485 <strong>(Utilizar MD14)<\/strong>.<\/li>\n<li style='margin-bottom: 5px;'>TCP\/IP Inclu\u00eddo.<\/li>\n<\/ul><\/div>\n<\/p><\/div>\n<p> <!-- Secci\u00f3n de controlador --> <\/p>\n<div style='display: flex; flex-wrap: wrap; gap: 30px; margin-bottom: 30px;'>\n<div style='flex: 1 1 300px; min-width: 280px;'>\n<h3 style='font-size: 22px; border-bottom: 2px solid currentColor; padding-bottom: 5px; margin-top: 0; color: inherit; opacity: 0.8;'>Controlador<\/h3>\n<ul style='padding-left: 20px; font-size: 15px; color: inherit;'>\n<li style='margin-bottom: 5px;'><strong>30&comma;000 tarjetas.<\/strong><\/li>\n<li style='margin-bottom: 5px;'><strong>20&comma;000 registros.<\/strong><\/li>\n<li style='margin-bottom: 5px;'>Entrada de 2 lectoras (Wiegand) 26 bits.<\/li>\n<li style='margin-bottom: 5px;'><strong>Expansi\u00f3n de otras 2 lectoras utilizando el MDD02&comma; en el mismo panel.<\/strong><\/li>\n<li style='margin-bottom: 5px;'><strong>2 entradas de video en BNC<\/strong> (servidor incorporado para uso con software VITRAX).<\/li>\n<li style='margin-bottom: 5px;'><strong>Expansi\u00f3n hasta 256 paneles a trav\u00e9s de RS-485 y TCP\/IP<\/strong> (un total de 1023 puertas).<\/li>\n<li style='margin-bottom: 5px;'><strong>Entrada de USB para grabaci\u00f3n local<\/strong> (soporta conectar memoria de hasta 8 GB).<\/li>\n<li style='margin-bottom: 5px;'>2 relevadores para apertura de la puerta.<\/li>\n<li style='margin-bottom: 5px;'>2 Entradas de sensor de estado de puerta.<\/li>\n<li style='margin-bottom: 5px;'>2 relevadores auxiliares (programables).<\/li>\n<li style='margin-bottom: 5px;'>Bocina de alarma incorporada.<\/li>\n<li style='margin-bottom: 5px;'>Terminales desmontables de tornillo.<\/li>\n<li style='margin-bottom: 5px;'>Gabinete con fuente (entrada 110 Vca&comma; salida 12 Vcc&comma; 3 A) con cargador de bater\u00eda (bater\u00eda no incluida).<\/li>\n<li style='margin-bottom: 5px;'>Dimensiones: 326 x 263 x 97 mm.<\/li>\n<li style='margin-bottom: 5px;'>Peso 2.4 kg.<\/li>\n<\/ul><\/div>\n<\/p><\/div>\n<p> <!-- Secci\u00f3n de MD-D02 --> <\/p>\n<div style='display: flex; flex-wrap: wrap; gap: 30px; margin-bottom: 30px;'>\n<div style='flex: 1 1 300px; min-width: 280px;'>\n<h3 style='font-size: 22px; border-bottom: 2px solid currentColor; padding-bottom: 5px; margin-top: 0; color: inherit; opacity: 0.8;'>MD-D02 (opcional)<\/h3>\n<ul style='padding-left: 20px; font-size: 15px; color: inherit;'>\n<li style='margin-bottom: 5px;'><strong>Expansor para 2 lectoras adicionales en el mismo panel.<\/strong><\/li>\n<li style='margin-bottom: 5px;'>Entrada de 2 lectoras Wiegand 26 bits.<\/li>\n<li style='margin-bottom: 5px;'>2 relevadores para apertura de la puerta.<\/li>\n<\/ul><\/div>\n<\/p><\/div>\n<p> <!-- Nota de pedido --> <\/p>\n<div style='margin-bottom: 30px;'>\n<p style='font-size: 15px; color: inherit; margin: 0;'><strong>*Producto sobre Pedido.<\/strong><\/p>\n<\/p><\/div>\n<\/p><\/div>\n","protected":false},"excerpt":{"rendered":"<p>Controlador para 2 Lectoras y 2 Entradas de Video. Con Gabinete y Fuente.<\/p>\n","protected":false},"featured_media":29823,"comment_status":"open","ping_status":"closed","template":"","meta":[],"product_brand":[],"product_cat":[783],"product_tag":[785,784,563],"class_list":{"0":"post-29824","1":"product","2":"type-product","3":"status-publish","4":"has-post-thumbnail","6":"product_cat-controladores-de-acceso","7":"product_tag-controladores-de-acceso","8":"product_tag-paneles-de-control-de-acceso","9":"product_tag-rosslare-security-products","11":"first","12":"outofstock","13":"sale","14":"shipping-taxable","15":"purchasable","16":"product-type-simple"},"_links":{"self":[{"href":"https:\/\/soydeaqui.ddns.net\/pachuca\/index.php\/wp-json\/wp\/v2\/product\/29824","targetHints":{"allow":["GET"]}}],"collection":[{"href":"https:\/\/soydeaqui.ddns.net\/pachuca\/index.php\/wp-json\/wp\/v2\/product"}],"about":[{"href":"https:\/\/soydeaqui.ddns.net\/pachuca\/index.php\/wp-json\/wp\/v2\/types\/product"}],"replies":[{"embeddable":true,"href":"https:\/\/soydeaqui.ddns.net\/pachuca\/index.php\/wp-json\/wp\/v2\/comments?post=29824"}],"wp:featuredmedia":[{"embeddable":true,"href":"https:\/\/soydeaqui.ddns.net\/pachuca\/index.php\/wp-json\/wp\/v2\/media\/29823"}],"wp:attachment":[{"href":"https:\/\/soydeaqui.ddns.net\/pachuca\/index.php\/wp-json\/wp\/v2\/media?parent=29824"}],"wp:term":[{"taxonomy":"product_brand","embeddable":true,"href":"https:\/\/soydeaqui.ddns.net\/pachuca\/index.php\/wp-json\/wp\/v2\/product_brand?post=29824"},{"taxonomy":"product_cat","embeddable":true,"href":"https:\/\/soydeaqui.ddns.net\/pachuca\/index.php\/wp-json\/wp\/v2\/product_cat?post=29824"},{"taxonomy":"product_tag","embeddable":true,"href":"https:\/\/soydeaqui.ddns.net\/pachuca\/index.php\/wp-json\/wp\/v2\/product_tag?post=29824"}],"curies":[{"name":"wp","href":"https:\/\/api.w.org\/{rel}","templated":true}]}}