{"id":29765,"date":"2026-03-18T13:32:23","date_gmt":"2026-03-18T13:32:23","guid":{"rendered":"https:\/\/soydeaqui.ddns.net\/pachuca\/index.php\/producto\/arco-detector-de-metales-de-18-zonas-con-anclaje-para-fijarse-al-piso-incluye-sensor-ir-para-evitar-falsas-alarmas-certificado-por-la-administracion-federal-de-aviacion-de-ee-uu-faa\/"},"modified":"2026-03-18T13:32:28","modified_gmt":"2026-03-18T13:32:28","slug":"arco-detector-de-metales-de-18-zonas-con-anclaje-para-fijarse-al-piso-incluye-sensor-ir-para-evitar-falsas-alarmas-certificado-por-la-administracion-federal-de-aviacion-de-ee-uu-faa","status":"publish","type":"product","link":"https:\/\/soydeaqui.ddns.net\/pachuca\/index.php\/producto\/arco-detector-de-metales-de-18-zonas-con-anclaje-para-fijarse-al-piso-incluye-sensor-ir-para-evitar-falsas-alarmas-certificado-por-la-administracion-federal-de-aviacion-de-ee-uu-faa\/","title":{"rendered":"Arco Detector de Metales de 18 Zonas con Anclaje para Fijarse al Piso. Incluye Sensor IR para evitar falsas Alarmas \/ Certificado por la Administraci\u00f3n Federal de Aviaci\u00f3n de EE. UU. (FAA)"},"content":{"rendered":"<div style='width: 100%; max-width: 1200px; margin: 0 auto; font-family: sans-serif; line-height: 1.6; color: inherit; background-color: transparent;'> <!-- Imagen principal --> <\/p>\n<div style='width: 100%; text-align: center; margin-bottom: 30px;'> <img style='width: 100%; max-width: 586px; height: auto; border: 1px solid rgba(150&comma;150&comma;150&comma;0.3); border-radius: 8px;' src='https:\/\/ftp3.syscom.mx\/usuarios\/vestrada\/IngenieroVictor\/Ranger.jpg' alt=''> <\/div>\n<p> <!-- Descripci\u00f3n general --> <\/p>\n<div style='margin-bottom: 30px;'>\n<h2 style='font-size: 24px; color: inherit; opacity: 0.8; margin-top: 0; margin-bottom: 15px;'><strong>Descripci\u00f3n General<\/strong><\/h2>\n<p style='font-size: 14px; color: inherit; margin-bottom: 15px;'>El Ranger Intelliscan Eight-Zone utiliza un sensor m\u00faltiple de onda continua \u00fanico&comma; un procesador integrado analiza los datos de varios sensores individualmente. Cuenta con un panel de visualizaci\u00f3n de alarmas el cual muestra la apertura del arco&comma; mostrando seis zonas de detecci\u00f3n separadas. El Intelliscan Eight-Zone usa autodiagn\u00f3sticos que monitorean la electr\u00f3nica ambiental&comma; condiciones de interferencia y sobrecarga de metal. El panel de visualizaci\u00f3n de alarmas incluye un gr\u00e1fico de barras de fuerza de se\u00f1al de doce segmentos que proporciona una indicaci\u00f3n del tama\u00f1o y la fuerza del objeto. Intelliscan elimina los problemas comunes de los detectores&comma; como falsas alarmas&comma; detecci\u00f3n desigual&comma; interferencia externa y funcionamiento inconsistente.<\/p>\n<\/p><\/div>\n<p> <!-- Secci\u00f3n de caracter\u00edsticas --> <\/p>\n<div style='display: flex; flex-wrap: wrap; gap: 20px; margin-bottom: 30px;'>\n<div style='flex: 1 1 300px; min-width: 280px;'>\n<div style='border-left: 5px solid #c0392b; padding: 15px; border-radius: 8px; background-color: rgba(192&comma; 57&comma; 43&comma; 0.05); margin-bottom: 20px;'>\n<h3 style='font-size: 18px; margin-top: 0; margin-bottom: 15px; color: #c0392b;'><strong>Caracter\u00edsticas principales:<\/strong><\/h3>\n<ul style='padding-left: 20px; font-size: 14px; color: inherit; list-style-type: disc;'>\n<li style='margin-bottom: 8px;'>Ajuste de zonas independientes.<\/li>\n<li style='margin-bottom: 8px;'>T\u00e9cnica de medici\u00f3n por onda continua.<\/li>\n<li style='margin-bottom: 8px;'>Sistema de autodiagn\u00f3stico.<\/li>\n<li style='margin-bottom: 8px;'>Teclado para programaci\u00f3n.<\/li>\n<li style='margin-bottom: 8px;'>Base para fijarse al piso.<\/li>\n<li style='margin-bottom: 8px;'>Llave de encendido y apagado.<\/li>\n<li style='margin-bottom: 8px;'>C\u00f3digo maestro para acceso a programaci\u00f3n.<\/li>\n<li style='margin-bottom: 8px;'>LED de estatus del sistema operativo.<\/li>\n<li style='margin-bottom: 8px;'>Sensor infrarrojo para evitar falsas alarmas.<\/li>\n<\/ul><\/div>\n<\/p><\/div>\n<div style='flex: 1 1 300px; min-width: 280px;'>\n<div style='border-left: 5px solid #c0392b; padding: 15px; border-radius: 8px; background-color: rgba(192&comma; 57&comma; 43&comma; 0.05); margin-bottom: 20px;'>\n<h3 style='font-size: 18px; margin-top: 0; margin-bottom: 15px; color: #c0392b;'><strong>Caracter\u00edsticas F\u00edsicas y El\u00e9ctricas:<\/strong><\/h3>\n<ul style='padding-left: 20px; font-size: 14px; color: inherit; list-style-type: disc;'>\n<li style='margin-bottom: 8px;'>Temperatura de operaci\u00f3n de 0 a 55 \u00baC<\/li>\n<li style='margin-bottom: 8px;'>Humedad 95% no condensada.<\/li>\n<li style='margin-bottom: 8px;'>Alimentaci\u00f3n: 110 Vca<\/li>\n<li style='margin-bottom: 8px;'>Consumo: 12 W.<\/li>\n<li style='margin-bottom: 8px;'>Dimensiones: 90 x 220 x 58 cm.<\/li>\n<li style='margin-bottom: 8px;'>Peso: 65.45 kg.<\/li>\n<\/ul><\/div>\n<\/p><\/div>\n<div style='flex: 1 1 300px; min-width: 280px;'>\n<div style='border-left: 5px solid #c0392b; padding: 15px; border-radius: 8px; background-color: rgba(192&comma; 57&comma; 43&comma; 0.05); margin-bottom: 20px;'>\n<h3 style='font-size: 18px; margin-top: 0; margin-bottom: 15px; color: #c0392b;'><strong>Est\u00e1ndares regulatorios:<\/strong><\/h3>\n<p style='font-size: 14px; color: inherit; margin-bottom: 15px;'>El Intelliscan Eight-Zone est\u00e1 certificado por la Administraci\u00f3n Federal de Aviaci\u00f3n de EE. UU. Y cumple o excede todos los requisitos del Instituto Nacional de Aplicaci\u00f3n de la Ley y est\u00e1ndar de Justicia Criminal (N.I.L.E.C.J.) 0601.00 niveles de seguridad 1-5.<\/p>\n<h4 style='font-size: 16px; margin-top: 20px; margin-bottom: 10px; color: inherit;'><strong>Aplicaciones:<\/strong><\/h4>\n<p style='font-size: 14px; color: inherit; margin-bottom: 15px;'>Muy \u00fatil en aeropuertos&comma; negocios&comma; tiendas&comma; escuelas&comma; hoteles&comma; hospitales&comma; industrias&comma; exposiciones&comma; casinos y actos c\u00edvicos. Principalmente detecci\u00f3n de armas y protecci\u00f3n de sus activos de metal.<\/p>\n<\/p><\/div>\n<\/p><\/div>\n<\/p><\/div>\n<p> <!-- Opciones disponibles --> <\/p>\n<div style='margin-bottom: 30px;'>\n<h3 style='font-size: 18px; color: #c0392b; margin-top: 0; margin-bottom: 15px;'><strong>Opciones disponibles<\/strong><\/h3>\n<p style='font-size: 14px; color: inherit; margin-bottom: 15px;'>Opciones sobre pedido&comma; agregue los siguientes modelos a la cotizaci\u00f3n:<\/p>\n<ul style='padding-left: 20px; font-size: 14px; color: inherit; list-style-type: disc; margin-bottom: 20px;'>\n<li style='margin-bottom: 8px;'><strong>Opci\u00f3n BU<\/strong> Respaldo de energ\u00eda con bater\u00eda incluida (Hasta 8 horas).<\/li>\n<li style='margin-bottom: 8px;'><strong>Opci\u00f3n W<\/strong> Dise\u00f1o para intemperie&comma; soporta lluvia torrencial.<\/li>\n<li style='margin-bottom: 8px;'><strong>Opci\u00f3n R<\/strong> Kit de Ruedas para f\u00e1cil movilidad.<\/li>\n<li style='margin-bottom: 8px;'><strong>Opci\u00f3n EJ<\/strong> Dise\u00f1o ejecutivo con acabados de madera de Encino (Colores Cherry o vainilla).<\/li>\n<li style='margin-bottom: 8px;'><strong>Opci\u00f3n CD<\/strong> Contador de entrada de personas.<\/li>\n<li style='margin-bottom: 8px;'><strong>Opci\u00f3n CDD<\/strong> Contador de entradas y salidas de personas.<\/li>\n<li style='margin-bottom: 8px;'><strong>Opci\u00f3n DR<\/strong> Pantalla remota para Monitoreo a Distancia (hasta 30 m).<\/li>\n<li style='margin-bottom: 8px;'><strong>Opci\u00f3n SW<\/strong> (requiere opci\u00f3n N). Sofware RANGERNET para monitoreo para PC.<\/li>\n<li style='margin-bottom: 8px;'><strong>Opci\u00f3n N<\/strong> Incluye conexi\u00f3n RJ45 para conexi\u00f3n a Red LAN.<\/li>\n<\/ul>\n<p style='font-size: 14px; color: inherit; margin-bottom: 15px;'>Unidades equipadas para al intemperie pueden estar en la lluvia&comma; polvo&comma; y temperaturas frias y calientes.<\/p>\n<\/p><\/div>\n<p> <!-- Garant\u00eda y nota --> <\/p>\n<div style='margin-bottom: 30px;'>\n<h3 style='font-size: 18px; color: #c0392b; margin-top: 0; margin-bottom: 15px;'><strong>2 A\u00f1os de Garant\u00eda<\/strong><\/h3>\n<p style='font-size: 14px; color: inherit; margin-bottom: 15px;'>\u00a1Para m\u00e1s informaci\u00f3n Ll\u00e1menos!<\/p>\n<p style='font-size: 14px; color: inherit; margin-bottom: 15px;'>Pregunte al depto. de ingenier\u00eda por Niveles de Detenci\u00f3n que soportan.<\/p>\n<\/p><\/div>\n<p> <!-- Imagen secundaria --> <\/p>\n<div style='width: 100%; text-align: center; margin-bottom: 30px;'> <img style='width: 100%; max-width: 586px; height: auto; border: 1px solid rgba(150&comma;150&comma;150&comma;0.3); border-radius: 8px;' src='https:\/\/ftp3.syscom.mx\/usuarios\/vestrada\/IngenieroVictor\/Intelliscan.png' alt=''> <\/div>\n<p> <!-- Nota importante --> <\/p>\n<div style='background-color: rgba(255&comma; 0&comma; 0&comma; 0.05); border-left: 4px solid #ff0000; padding: 15px; border-radius: 8px;'>\n<p style='font-size: 14px; color: #ff0000; margin: 0;'><strong>NOTA:<\/strong> AL MOMENTO DE INSTALAR VERIFICAR LOS NUMEROS DE SERIE DE LOS LATERALES CON EL CEREBRO&comma; ESTOS DEBER\u00c1N COINCIDIR PARA EL CORRECTO FUNCIONAMIENTO DEL EQUIPO.<\/p>\n<\/p><\/div>\n<\/p><\/div>\n","protected":false},"excerpt":{"rendered":"<p>Arco Detector de Metales de 18 Zonas con Anclaje para Fijarse al Piso. Incluye Sensor IR para evitar falsas Alarmas \/ Certificado por la Administraci\u00f3n Federal de Aviaci\u00f3n de EE. UU. (FAA)<\/p>\n","protected":false},"featured_media":29764,"comment_status":"open","ping_status":"closed","template":"","meta":[],"product_brand":[],"product_cat":[826],"product_tag":[827,904],"class_list":{"0":"post-29765","1":"product","2":"type-product","3":"status-publish","4":"has-post-thumbnail","6":"product_cat-detectores-de-metal-detectores-de-metal","7":"product_tag-detectores-de-metal","8":"product_tag-ranger-security-detectors","10":"first","11":"instock","12":"sale","13":"shipping-taxable","14":"purchasable","15":"product-type-simple"},"_links":{"self":[{"href":"https:\/\/soydeaqui.ddns.net\/pachuca\/index.php\/wp-json\/wp\/v2\/product\/29765","targetHints":{"allow":["GET"]}}],"collection":[{"href":"https:\/\/soydeaqui.ddns.net\/pachuca\/index.php\/wp-json\/wp\/v2\/product"}],"about":[{"href":"https:\/\/soydeaqui.ddns.net\/pachuca\/index.php\/wp-json\/wp\/v2\/types\/product"}],"replies":[{"embeddable":true,"href":"https:\/\/soydeaqui.ddns.net\/pachuca\/index.php\/wp-json\/wp\/v2\/comments?post=29765"}],"wp:featuredmedia":[{"embeddable":true,"href":"https:\/\/soydeaqui.ddns.net\/pachuca\/index.php\/wp-json\/wp\/v2\/media\/29764"}],"wp:attachment":[{"href":"https:\/\/soydeaqui.ddns.net\/pachuca\/index.php\/wp-json\/wp\/v2\/media?parent=29765"}],"wp:term":[{"taxonomy":"product_brand","embeddable":true,"href":"https:\/\/soydeaqui.ddns.net\/pachuca\/index.php\/wp-json\/wp\/v2\/product_brand?post=29765"},{"taxonomy":"product_cat","embeddable":true,"href":"https:\/\/soydeaqui.ddns.net\/pachuca\/index.php\/wp-json\/wp\/v2\/product_cat?post=29765"},{"taxonomy":"product_tag","embeddable":true,"href":"https:\/\/soydeaqui.ddns.net\/pachuca\/index.php\/wp-json\/wp\/v2\/product_tag?post=29765"}],"curies":[{"name":"wp","href":"https:\/\/api.w.org\/{rel}","templated":true}]}}