{"id":29761,"date":"2026-03-18T13:32:17","date_gmt":"2026-03-18T13:32:17","guid":{"rendered":"https:\/\/soydeaqui.ddns.net\/pachuca\/index.php\/producto\/arco-detector-de-metales-de-6-zonas-con-base-para-fijarse-al-piso\/"},"modified":"2026-03-18T13:32:18","modified_gmt":"2026-03-18T13:32:18","slug":"arco-detector-de-metales-de-6-zonas-con-base-para-fijarse-al-piso","status":"publish","type":"product","link":"https:\/\/soydeaqui.ddns.net\/pachuca\/index.php\/producto\/arco-detector-de-metales-de-6-zonas-con-base-para-fijarse-al-piso\/","title":{"rendered":"Arco Detector de Metales de 6 Zonas con Base para Fijarse al Piso."},"content":{"rendered":"<div style='width: 100%; max-width: 1200px; margin: 0 auto; font-family: sans-serif; line-height: 1.6; color: inherit; background-color: transparent;'> <!-- Secci\u00f3n de caracter\u00edsticas --> <\/p>\n<div style='display: flex; flex-wrap: wrap; gap: 30px; margin-bottom: 30px;'>\n<div style='flex: 1 1 300px; min-width: 280px;'>\n<h3 style='font-size: 22px; border-bottom: 2px solid currentColor; padding-bottom: 5px; margin-top: 0; color: inherit; opacity: 0.8;'>Caracter\u00edsticas Principales<\/h3>\n<ul style='padding-left: 20px; font-size: 15px; color: inherit;'>\n<li style='margin-bottom: 5px;'>Tecnolog\u00eda de m\u00faltiples zonas independientes<\/li>\n<li style='margin-bottom: 5px;'>T\u00e9cnica de medici\u00f3n por onda continua<\/li>\n<li style='margin-bottom: 5px;'>Sistema de autodiagn\u00f3stico<\/li>\n<li style='margin-bottom: 5px;'>Cumple con la Administraci\u00f3n de Aviaci\u00f3n Federal de los Estados Unidos (FAA) con notas perfectas en cuanto a ex\u00e1menes de evaluaci\u00f3n y desempe\u00f1o<\/li>\n<li style='margin-bottom: 5px;'>Teclado para programaci\u00f3n<\/li>\n<li style='margin-bottom: 5px;'>Pantalla alfanum\u00e9rica para programaci\u00f3n<\/li>\n<li style='margin-bottom: 5px;'>Ajuste de zonas independientes<\/li>\n<li style='margin-bottom: 5px;'>C\u00f3digo maestro para acceso a programaci\u00f3n<\/li>\n<li style='margin-bottom: 5px;'>Detecci\u00f3n de metales ferrosos y no ferrosos<\/li>\n<li style='margin-bottom: 5px;'>24 programas de detecci\u00f3n para aplicaciones (Versi\u00f3n 9.9\u00ba superior)<\/li>\n<li style='margin-bottom: 5px;'>200 niveles de sensibilidad (Versi\u00f3n 9.10 o superior)<\/li>\n<li style='margin-bottom: 5px;'>Base para fijarse al piso<\/li>\n<\/ul><\/div>\n<div style='flex: 1 1 300px; min-width: 280px;'>\n<h3 style='font-size: 22px; border-bottom: 2px solid currentColor; padding-bottom: 5px; margin-top: 0; color: inherit; opacity: 0.8;'>Especificaciones T\u00e9cnicas<\/h3>\n<ul style='padding-left: 20px; font-size: 15px; color: inherit;'>\n<li style='margin-bottom: 5px;'>M\u00faltiples frecuencias para operaci\u00f3n de detectores en el mismo sitio<\/li>\n<li style='margin-bottom: 5px;'>Barra de Luz de nivel de intensidad de metales<\/li>\n<li style='margin-bottom: 5px;'>Llave de encendido y apagado<\/li>\n<li style='margin-bottom: 5px;'>LED de estatus del sistema operativo<\/li>\n<li style='margin-bottom: 5px;'>M\u00e1s de 50 inspecciones por minuto<\/li>\n<li style='margin-bottom: 5px;'>Inmunidad a interferencias<\/li>\n<li style='margin-bottom: 5px;'>Temperatura de operaci\u00f3n de 0 a 55 \u00baC&comma; humedad 95% no condensada<\/li>\n<li style='margin-bottom: 5px;'>Consumo: 12 W. Alimentaci\u00f3n: 110 Vca<\/li>\n<li style='margin-bottom: 5px;'>Dimensiones: 90 x 220 x 58 cm<\/li>\n<li style='margin-bottom: 5px;'>Peso: 65.45 kg<\/li>\n<\/ul><\/div>\n<\/p><\/div>\n<p> <!-- Secci\u00f3n de serie y aplicaciones --> <\/p>\n<div style='display: flex; flex-wrap: wrap; gap: 30px; margin-bottom: 30px;'>\n<div style='flex: 1 1 300px; min-width: 280px;'>\n<h3 style='font-size: 22px; border-bottom: 2px solid currentColor; padding-bottom: 5px; margin-top: 0; color: inherit; opacity: 0.8;'>Serie INTELLISCAN<\/h3>\n<ul style='padding-left: 20px; font-size: 15px; color: inherit;'>\n<li style='margin-bottom: 5px;'>Display que muestra la ubicaci\u00f3n del metal o arma<\/li>\n<li style='margin-bottom: 5px;'>Capacidad de 6&comma; 18 y 33 zonas por separado<\/li>\n<li style='margin-bottom: 5px;'>Barras de luces laterales indicadoras de la ubicaci\u00f3n del metal o arma<\/li>\n<\/ul><\/div>\n<div style='flex: 1 1 300px; min-width: 280px;'>\n<h3 style='font-size: 22px; border-bottom: 2px solid currentColor; padding-bottom: 5px; margin-top: 0; color: inherit; opacity: 0.8;'>Aplicaciones<\/h3>\n<ul style='padding-left: 20px; font-size: 15px; color: inherit;'>\n<li style='margin-bottom: 5px;'>Muy \u00fatil en aeropuertos&comma; negocios&comma; tiendas&comma; escuelas&comma; hoteles&comma; hospitales&comma; industrias&comma; exposiciones&comma; casinos y actos c\u00edvicos<\/li>\n<li style='margin-bottom: 5px;'>Principalmente detecci\u00f3n de armas y protecci\u00f3n de sus activos de metal<\/li>\n<\/ul><\/div>\n<\/p><\/div>\n<p> <!-- Secci\u00f3n de observaciones --> <\/p>\n<div style='margin-bottom: 30px;'>\n<div style='padding: 15px; border: 1px solid rgba(150&comma; 150&comma; 150&comma; 0.4); border-radius: 8px; color: inherit; font-size: 14px;'>\n<p style='margin-bottom: 10px;'><strong>Nota:<\/strong> El volumen&comma; aislamiento y peso de los metales depender\u00e1 para la detecci\u00f3n correcta. Pregunte al Depto. de Ingenier\u00eda<\/p>\n<p style='margin-bottom: 10px;'>2 A\u00f1os de Garant\u00eda<\/p>\n<\/p><\/div>\n<\/p><\/div>\n<p> <!-- Secci\u00f3n de opciones sobre pedido --> <\/p>\n<div style='margin-bottom: 30px;'>\n<h3 style='font-size: 22px; border-bottom: 2px solid currentColor; padding-bottom: 5px; margin-top: 0; color: inherit; opacity: 0.8;'>Opciones sobre pedido<\/h3>\n<p style='margin-bottom: 10px;'><strong>Gu\u00eda para selecci\u00f3n de opciones sobre pedido:<\/strong> Agregue los siguientes sufijos a los modelos:<\/p>\n<ul style='padding-left: 20px; font-size: 15px; color: inherit;'>\n<li style='margin-bottom: 5px;'><strong>BU:<\/strong> Respaldo de energ\u00eda con bater\u00eda incluida (Hasta 8 horas)<\/li>\n<li style='margin-bottom: 5px;'><strong>IR:<\/strong> Sensor infrarrojo para evitar falsas alarmas<\/li>\n<li style='margin-bottom: 5px;'><strong>W:<\/strong> Dise\u00f1o para intemperie&comma; soporta lluvia torrencial<\/li>\n<li style='margin-bottom: 5px;'><strong>R:<\/strong> Kit de Ruedas para f\u00e1cil movilidad<\/li>\n<li style='margin-bottom: 5px;'><strong>EJ:<\/strong> Elegante dise\u00f1o ejecutivo&comma; con acabados de madera de Encino (Colores Cherry o vainilla)<\/li>\n<li style='margin-bottom: 5px;'><strong>CD:<\/strong> Controlador de entrada de personas<\/li>\n<li style='margin-bottom: 5px;'><strong>CDD:<\/strong> Controlador de entradas y salidas de personas<\/li>\n<li style='margin-bottom: 5px;'><strong>DR:<\/strong> Pantalla remota para Monitoreo a Distancia (hasta 30 m)<\/li>\n<li style='margin-bottom: 5px;'><strong>SW:<\/strong> (requiere opci\u00f3n N). Software RANGERNET para monitoreo para PC<\/li>\n<li style='margin-bottom: 5px;'><strong>N:<\/strong> Incluye conexi\u00f3n RJ45 para conexi\u00f3n a Red LAN<\/li>\n<\/ul><\/div>\n<p> <!-- Informaci\u00f3n de contacto --> <\/p>\n<div style='margin-bottom: 30px;'>\n<div style='padding: 15px; border: 1px solid rgba(150&comma; 150&comma; 150&comma; 0.4); border-radius: 8px; color: inherit; font-size: 14px;'>\n<p style='margin: 0;'><strong>\u00a1Para m\u00e1s informaci\u00f3n Ll\u00e1menos!<\/strong><br \/>Pregunte al depto. de ingenier\u00eda por Niveles de Detenci\u00f3n que soportan<\/p>\n<\/p><\/div>\n<\/p><\/div>\n<p> <!-- Separador --> <\/p>\n<hr style='border: 0; border-top: 1px solid rgba(150&comma; 150&comma; 150&comma; 0.3); margin: 30px 0;'> <\/div>\n","protected":false},"excerpt":{"rendered":"<p>Arco Detector de Metales de 6 Zonas con Base para Fijarse al Piso.<\/p>\n","protected":false},"featured_media":29760,"comment_status":"open","ping_status":"closed","template":"","meta":[],"product_brand":[],"product_cat":[826],"product_tag":[827,904],"class_list":{"0":"post-29761","1":"product","2":"type-product","3":"status-publish","4":"has-post-thumbnail","6":"product_cat-detectores-de-metal-detectores-de-metal","7":"product_tag-detectores-de-metal","8":"product_tag-ranger-security-detectors","10":"first","11":"outofstock","12":"sale","13":"shipping-taxable","14":"purchasable","15":"product-type-simple"},"_links":{"self":[{"href":"https:\/\/soydeaqui.ddns.net\/pachuca\/index.php\/wp-json\/wp\/v2\/product\/29761","targetHints":{"allow":["GET"]}}],"collection":[{"href":"https:\/\/soydeaqui.ddns.net\/pachuca\/index.php\/wp-json\/wp\/v2\/product"}],"about":[{"href":"https:\/\/soydeaqui.ddns.net\/pachuca\/index.php\/wp-json\/wp\/v2\/types\/product"}],"replies":[{"embeddable":true,"href":"https:\/\/soydeaqui.ddns.net\/pachuca\/index.php\/wp-json\/wp\/v2\/comments?post=29761"}],"wp:featuredmedia":[{"embeddable":true,"href":"https:\/\/soydeaqui.ddns.net\/pachuca\/index.php\/wp-json\/wp\/v2\/media\/29760"}],"wp:attachment":[{"href":"https:\/\/soydeaqui.ddns.net\/pachuca\/index.php\/wp-json\/wp\/v2\/media?parent=29761"}],"wp:term":[{"taxonomy":"product_brand","embeddable":true,"href":"https:\/\/soydeaqui.ddns.net\/pachuca\/index.php\/wp-json\/wp\/v2\/product_brand?post=29761"},{"taxonomy":"product_cat","embeddable":true,"href":"https:\/\/soydeaqui.ddns.net\/pachuca\/index.php\/wp-json\/wp\/v2\/product_cat?post=29761"},{"taxonomy":"product_tag","embeddable":true,"href":"https:\/\/soydeaqui.ddns.net\/pachuca\/index.php\/wp-json\/wp\/v2\/product_tag?post=29761"}],"curies":[{"name":"wp","href":"https:\/\/api.w.org\/{rel}","templated":true}]}}