{"id":29745,"date":"2026-03-18T13:31:58","date_gmt":"2026-03-18T13:31:58","guid":{"rendered":"https:\/\/soydeaqui.ddns.net\/pachuca\/index.php\/producto\/contador-digital-para-arcos-ranger-intelliscan-solo-para-equipos-bajo-pedido-no-compatible-con-arcos-ya-instalados-o-fabricados\/"},"modified":"2026-03-18T13:31:59","modified_gmt":"2026-03-18T13:31:59","slug":"contador-digital-para-arcos-ranger-intelliscan-solo-para-equipos-bajo-pedido-no-compatible-con-arcos-ya-instalados-o-fabricados","status":"publish","type":"product","link":"https:\/\/soydeaqui.ddns.net\/pachuca\/index.php\/producto\/contador-digital-para-arcos-ranger-intelliscan-solo-para-equipos-bajo-pedido-no-compatible-con-arcos-ya-instalados-o-fabricados\/","title":{"rendered":"Contador Digital Para Arcos Ranger INTELLISCAN Solo Para Equipos Bajo Pedido \/ No Compatible con Arcos ya Instalados o Fabricados"},"content":{"rendered":"<div style='width: 100%; max-width: 1200px; margin: 0 auto; font-family: sans-serif; line-height: 1.6; color: inherit; background-color: transparent;'> <!-- Imagen principal --> <\/p>\n<div style='width: 100%; text-align: center; margin: 20px 0;'> <img style='width: 100%; max-width: 600px; height: auto; border: 1px solid rgba(150&comma;150&comma;150&comma;0.3); border-radius: 8px;' src='https:\/\/ftp3.syscom.mx\/usuarios\/vestrada\/IngenieroVictor\/Ranger.jpg' alt=''> <\/div>\n<p> <!-- Cualidades Opcionales --> <\/p>\n<div style='margin: 30px 0;'>\n<h3 style='font-size: 22px; border-bottom: 2px solid currentColor; padding-bottom: 5px; margin-top: 0; color: inherit; opacity: 0.8;'>Cualidades opcionales disponibles<\/h3>\n<p style='margin-top: 15px; margin-bottom: 15px; color: inherit; font-size: 15px;'>Opciones sobre pedido&comma; agregue los siguientes sufijos a los modelos INTELLISCAN:<\/p>\n<ul style='padding-left: 20px; font-size: 15px; color: inherit; list-style-type: disc;'>\n<li style='margin-bottom: 8px;'><strong style='color: inherit;'>IR<\/strong> Sensor infrarrojo para evitar falsas alarmas.<\/li>\n<li style='margin-bottom: 8px;'><strong style='color: inherit;'>BU<\/strong> Respaldo de energ\u00eda con bater\u00eda incluida (Hasta 8 horas).<\/li>\n<li style='margin-bottom: 8px;'><strong style='color: inherit;'>W<\/strong> Dise\u00f1o para intemperie&comma; soporta lluvia torrencial.<\/li>\n<li style='margin-bottom: 8px;'><strong style='color: inherit;'>R<\/strong> Kit de Ruedas para f\u00e1cil movilidad.<\/li>\n<li style='margin-bottom: 8px;'><strong style='color: inherit;'>EJ<\/strong> Elegante dise\u00f1o ejecutivo&comma; con acabados de madera de Encino (Colores Cherry o vainilla).<\/li>\n<li style='margin-bottom: 8px;'><strong style='color: inherit;'>CD<\/strong> Contador de entrada de personas.<\/li>\n<li style='margin-bottom: 8px;'><strong style='color: inherit;'>CDD<\/strong> Contador de entradas y salidas de personas.<\/li>\n<li style='margin-bottom: 8px;'><strong style='color: inherit;'>DR<\/strong> Pantalla remota para Monitoreo a Distancia (hasta 30 m).<\/li>\n<li style='margin-bottom: 8px;'><strong style='color: inherit;'>SW<\/strong> (requiere opci\u00f3n N). Sofware RANGERNET para monitoreo para PC.<\/li>\n<li style='margin-bottom: 8px;'><strong style='color: inherit;'>N<\/strong> Incluye conexi\u00f3n RJ45 para conexi\u00f3n a Red LAN.<\/li>\n<\/ul>\n<p style='margin-top: 15px; margin-bottom: 15px; color: inherit; font-size: 15px;'>Unidades equipadas para al intemperie pueden estar en la lluvia&comma; polvo&comma; y temperaturas frias y calientes.<\/p>\n<\/p><\/div>\n<p> <!-- Separador --> <\/p>\n<hr style='border: 0; border-top: 1px solid rgba(150&comma; 150&comma; 150&comma; 0.3); margin: 30px 0;'> <!-- Notas Adicionales --> <\/p>\n<div style='margin: 30px 0;'>\n<h3 style='font-size: 20px; border-bottom: 2px solid currentColor; padding-bottom: 5px; margin-top: 0; color: inherit; opacity: 0.8; text-align: center;'>NOTAS ADICIONALES<\/h3>\n<div style='margin-top: 20px;'>\n<p style='text-align: center; margin: 8px 0; color: inherit; font-size: 15px;'> <strong style='color: inherit;'>NO compatible con modelos SAFETY-ZONE<\/strong> <\/p>\n<p style='text-align: center; margin: 8px 0; color: inherit; font-size: 18px;'> <strong style='color: inherit;'>2 A\u00f1os de Garant\u00eda<\/strong> <\/p>\n<p style='text-align: center; margin: 8px 0; color: inherit; font-size: 15px;'> <strong style='color: inherit;'>\u00a1Para m\u00e1s informaci\u00f3n Ll\u00e1menos!<\/strong> <\/p>\n<p style='text-align: center; margin: 8px 0; color: inherit; font-size: 15px;'> <strong style='color: inherit;'>Pregunte al depto. de ingenier\u00eda por Niveles de Detenci\u00f3n que soportan.<\/strong> <\/p>\n<p style='text-align: center; margin: 8px 0; color: inherit; font-size: 14px;'> <strong style='color: inherit;'>Para tener esta opci\u00f3n es necesario que el arco detector sea fabricada con ella&comma; NO se puede agregar despues de su fabricaci\u00f3n.<\/strong> <\/p>\n<\/p><\/div>\n<\/p><\/div>\n<p> <!-- Separador final --> <\/p>\n<hr style='border: 0; border-top: 1px solid rgba(150&comma;150&comma;150&comma;0.3); margin: 30px 0;'> <\/div>\n","protected":false},"excerpt":{"rendered":"<p>Contador Digital Para Arcos Ranger INTELLISCAN Solo Para Equipos Bajo Pedido \/ No Compatible con Arcos ya Instalados o Fabricados<\/p>\n","protected":false},"featured_media":29744,"comment_status":"open","ping_status":"closed","template":"","meta":[],"product_brand":[],"product_cat":[936],"product_tag":[93,827,904],"class_list":{"0":"post-29745","1":"product","2":"type-product","3":"status-publish","4":"has-post-thumbnail","6":"product_cat-accesorios-detectores-de-metal","7":"product_tag-accesorios","8":"product_tag-detectores-de-metal","9":"product_tag-ranger-security-detectors","11":"first","12":"outofstock","13":"sale","14":"shipping-taxable","15":"purchasable","16":"product-type-simple"},"_links":{"self":[{"href":"https:\/\/soydeaqui.ddns.net\/pachuca\/index.php\/wp-json\/wp\/v2\/product\/29745","targetHints":{"allow":["GET"]}}],"collection":[{"href":"https:\/\/soydeaqui.ddns.net\/pachuca\/index.php\/wp-json\/wp\/v2\/product"}],"about":[{"href":"https:\/\/soydeaqui.ddns.net\/pachuca\/index.php\/wp-json\/wp\/v2\/types\/product"}],"replies":[{"embeddable":true,"href":"https:\/\/soydeaqui.ddns.net\/pachuca\/index.php\/wp-json\/wp\/v2\/comments?post=29745"}],"wp:featuredmedia":[{"embeddable":true,"href":"https:\/\/soydeaqui.ddns.net\/pachuca\/index.php\/wp-json\/wp\/v2\/media\/29744"}],"wp:attachment":[{"href":"https:\/\/soydeaqui.ddns.net\/pachuca\/index.php\/wp-json\/wp\/v2\/media?parent=29745"}],"wp:term":[{"taxonomy":"product_brand","embeddable":true,"href":"https:\/\/soydeaqui.ddns.net\/pachuca\/index.php\/wp-json\/wp\/v2\/product_brand?post=29745"},{"taxonomy":"product_cat","embeddable":true,"href":"https:\/\/soydeaqui.ddns.net\/pachuca\/index.php\/wp-json\/wp\/v2\/product_cat?post=29745"},{"taxonomy":"product_tag","embeddable":true,"href":"https:\/\/soydeaqui.ddns.net\/pachuca\/index.php\/wp-json\/wp\/v2\/product_tag?post=29745"}],"curies":[{"name":"wp","href":"https:\/\/api.w.org\/{rel}","templated":true}]}}