{"id":29705,"date":"2026-03-18T13:31:01","date_gmt":"2026-03-18T13:31:01","guid":{"rendered":"https:\/\/soydeaqui.ddns.net\/pachuca\/index.php\/producto\/equipo-portatil-para-deteccion-de-metales-para-areas-silenciosas-tiene-vibrador-interconstruido\/"},"modified":"2026-03-18T13:31:09","modified_gmt":"2026-03-18T13:31:09","slug":"equipo-portatil-para-deteccion-de-metales-para-areas-silenciosas-tiene-vibrador-interconstruido","status":"publish","type":"product","link":"https:\/\/soydeaqui.ddns.net\/pachuca\/index.php\/producto\/equipo-portatil-para-deteccion-de-metales-para-areas-silenciosas-tiene-vibrador-interconstruido\/","title":{"rendered":"Equipo port\u00e1til para detecci\u00f3n de metales para areas silenciosas, tiene vibrador interconstru\u00eddo"},"content":{"rendered":"<div style='width: 100%; max-width: 1200px; margin: 0 auto; font-family: sans-serif; line-height: 1.6; color: inherit; background-color: transparent;'>\n<div style='width: 100%; margin-bottom: 30px;'> <img style='width: 100%; height: auto; border: 1px solid rgba(150&comma;150&comma;150&comma;0.3); border-radius: 8px;' src='https:\/\/ftp3.syscom.mx\/usuarios\/vestrada\/IngenieroVictor\/Ranger.jpg' alt='' width='586' height='173' \/> <\/div>\n<h2 style='font-size: 24px; color: inherit; margin-top: 0; margin-bottom: 20px; border-bottom: 2px solid currentColor; padding-bottom: 5px; opacity: 0.8;'>Descripcion General<\/h2>\n<p>Su esc\u00e1ner corporal \/ detector de metales Ranger es ideal para su uso en aeropuertos&comma; sitios industriales&comma; edificios gubernamentales&comma; escuelas&comma; hospitales&comma; reuniones&comma; atletismo eventos&comma; o en cualquier lugar donde necesite seguridad adicional sin inconvenientes indebidos a cualquiera que entre en la zona. Es lo suficientemente sensible como para detectar objetos met\u00e1licos del tama\u00f1o de una moneda de 50 centavos&comma; por lo que puede usarla para aplicaciones especiales&comma; como ubicar un dispositivo de escucha en una habitaci\u00f3n. El Body Scanner emite un tono agudo cada vez que detecta metal; un tono m\u00e1s largo para objetos m\u00e1s grandes&comma; y uno m\u00e1s corto para objetos m\u00e1s peque\u00f1os.<\/p>\n<div style='display: flex; flex-wrap: wrap; gap: 30px; margin-top: 30px;'>\n<div style='flex: 1 1 300px; min-width: 280px;'>\n<div style='border-left: 5px solid #c0392b; border-radius: 8px; padding: 15px; box-shadow: 0 2px 8px rgba(200&comma;200&comma;200&comma;0.2); background-color: rgba(255&comma;255&comma;255&comma;0.02);'>\n<h3 style='font-size: 18px; margin-top: 0; margin-bottom: 15px; color: inherit; opacity: 0.9;'>Caracter\u00edsticas principales:<\/h3>\n<ul style='padding-left: 20px; font-size: 15px; color: inherit; margin: 0;'>\n<li style='margin-bottom: 8px;'>Ajuste de sensibilidad.<\/li>\n<li style='margin-bottom: 8px;'>Alarma audible.<\/li>\n<li style='margin-bottom: 8px;'>Bot\u00f3n de encendido y apagado.<\/li>\n<li style='margin-bottom: 8px;'>Agarre liviano y c\u00f3modo.<\/li>\n<li style='margin-bottom: 8px;'>Gran \u00e1rea de escaneo.<\/li>\n<li style='margin-bottom: 8px;'>Funda opcional disponible<\/li>\n<li style='margin-bottom: 8px;'>Alarma de vibraci\u00f3n silenciosa en el modelo 15000<\/li>\n<\/ul><\/div>\n<\/p><\/div>\n<div style='flex: 1 1 300px; min-width: 280px;'>\n<div style='border-left: 5px solid #c0392b; border-radius: 8px; padding: 15px; box-shadow: 0 2px 8px rgba(200&comma;200&comma;200&comma;0.2); background-color: rgba(255&comma;255&comma;255&comma;0.02);'>\n<h3 style='font-size: 18px; margin-top: 0; margin-bottom: 15px; color: inherit; opacity: 0.9;'>Caracter\u00edsticas F\u00edsicas y El\u00e9ctricas:<\/h3>\n<ul style='padding-left: 20px; font-size: 15px; color: inherit; margin: 0;'>\n<li style='margin-bottom: 8px;'>Alimentaci\u00f3n: 1 bater\u00eda alcalina 9 V (No incluida).<\/li>\n<li style='margin-bottom: 8px;'>Peso: 400gr<\/li>\n<li style='margin-bottom: 8px;'>Dimensiones: Altura(78mm) Largo(406mm) Ancho(35mm)<\/li>\n<\/ul><\/div>\n<\/p><\/div>\n<div style='flex: 1 1 300px; min-width: 280px;'>\n<div style='border-left: 5px solid #c0392b; border-radius: 8px; padding: 15px; box-shadow: 0 2px 8px rgba(200&comma;200&comma;200&comma;0.2); background-color: rgba(255&comma;255&comma;255&comma;0.02);'>\n<h3 style='font-size: 18px; margin-top: 0; margin-bottom: 15px; color: inherit; opacity: 0.9;'>Caracter\u00edsticas Destacadas:<\/h3>\n<p style='margin: 0; font-size: 15px; color: inherit;'>Electr\u00f3nica: el circuito de transmisi\u00f3n \/ recepci\u00f3n de sintonizaci\u00f3n autom\u00e1tica avanzada est\u00e1 alojado en una carcasa de pl\u00e1stico ABS resistente de alto impacto y detecta todos los metales y aleaciones. La funci\u00f3n de desensibilidad de la unidad y un patr\u00f3n de detecci\u00f3n ajustado ayudan a reducir las falsas alarmas cuando se realiza la detecci\u00f3n a la altura del tobillo en las proximidades de los pisos con barras de refuerzo. Los ajustes de sensibilidad se realizan a trav\u00e9s de un orificio de acceso con destornillador en la carcasa&comma; lo que reduce la posibilidad de alteraciones o ajustes involuntarios.<\/p>\n<\/p><\/div>\n<\/p><\/div>\n<\/p><\/div>\n<\/p><\/div>\n","protected":false},"excerpt":{"rendered":"<p>Equipo port\u00e1til para detecci\u00f3n de metales para areas silenciosas, tiene vibrador interconstru\u00eddo<\/p>\n","protected":false},"featured_media":29704,"comment_status":"open","ping_status":"closed","template":"","meta":[],"product_brand":[],"product_cat":[826],"product_tag":[827,904],"class_list":{"0":"post-29705","1":"product","2":"type-product","3":"status-publish","4":"has-post-thumbnail","6":"product_cat-detectores-de-metal-detectores-de-metal","7":"product_tag-detectores-de-metal","8":"product_tag-ranger-security-detectors","10":"first","11":"instock","12":"sale","13":"shipping-taxable","14":"purchasable","15":"product-type-simple"},"_links":{"self":[{"href":"https:\/\/soydeaqui.ddns.net\/pachuca\/index.php\/wp-json\/wp\/v2\/product\/29705","targetHints":{"allow":["GET"]}}],"collection":[{"href":"https:\/\/soydeaqui.ddns.net\/pachuca\/index.php\/wp-json\/wp\/v2\/product"}],"about":[{"href":"https:\/\/soydeaqui.ddns.net\/pachuca\/index.php\/wp-json\/wp\/v2\/types\/product"}],"replies":[{"embeddable":true,"href":"https:\/\/soydeaqui.ddns.net\/pachuca\/index.php\/wp-json\/wp\/v2\/comments?post=29705"}],"wp:featuredmedia":[{"embeddable":true,"href":"https:\/\/soydeaqui.ddns.net\/pachuca\/index.php\/wp-json\/wp\/v2\/media\/29704"}],"wp:attachment":[{"href":"https:\/\/soydeaqui.ddns.net\/pachuca\/index.php\/wp-json\/wp\/v2\/media?parent=29705"}],"wp:term":[{"taxonomy":"product_brand","embeddable":true,"href":"https:\/\/soydeaqui.ddns.net\/pachuca\/index.php\/wp-json\/wp\/v2\/product_brand?post=29705"},{"taxonomy":"product_cat","embeddable":true,"href":"https:\/\/soydeaqui.ddns.net\/pachuca\/index.php\/wp-json\/wp\/v2\/product_cat?post=29705"},{"taxonomy":"product_tag","embeddable":true,"href":"https:\/\/soydeaqui.ddns.net\/pachuca\/index.php\/wp-json\/wp\/v2\/product_tag?post=29705"}],"curies":[{"name":"wp","href":"https:\/\/api.w.org\/{rel}","templated":true}]}}