{"id":297,"date":"2026-03-18T05:38:09","date_gmt":"2026-03-18T05:38:09","guid":{"rendered":"https:\/\/soydeaqui.ddns.net\/pachuca\/index.php\/producto\/motor-para-cortinas-movelite-wirefree-rts-bateria-recargable-2000-mah-capacidad-35-kg-control-rts-433-42-mhz-ip30-hasta-10-m-de-riel-touch-motion-compatible-con-app-inteo-somfy\/"},"modified":"2026-03-18T05:38:12","modified_gmt":"2026-03-18T05:38:12","slug":"motor-para-cortinas-movelite-wirefree-rts-bateria-recargable-2000-mah-capacidad-35-kg-control-rts-433-42-mhz-ip30-hasta-10-m-de-riel-touch-motion-compatible-con-app-inteo-somfy","status":"publish","type":"product","link":"https:\/\/soydeaqui.ddns.net\/pachuca\/index.php\/producto\/motor-para-cortinas-movelite-wirefree-rts-bateria-recargable-2000-mah-capacidad-35-kg-control-rts-433-42-mhz-ip30-hasta-10-m-de-riel-touch-motion-compatible-con-app-inteo-somfy\/","title":{"rendered":"Motor para Cortinas Movelite WireFree RTS \/ Bater\u00eda Recargable 2000 mAh \/ Capacidad 35 kg \/ Control RTS 433.42 MHz \/ IP30 \/ Hasta 10 m de Riel \/ Touch Motion \/ Compatible con App Inteo Somfy"},"content":{"rendered":"<div style='width: 100%; max-width: 1200px; margin: 0 auto; font-family: sans-serif; line-height: 1.6; color: inherit; background-color: transparent;'>\n<div style='display: flex; flex-direction: column; gap: 20px;'>\n<div>\n<h2 style='font-size: 22px; border-bottom: 2px solid currentColor; padding-bottom: 5px; margin-top: 0; color: inherit; opacity: 0.8;'>Motor para Cortinas Somfy Movelite\u2122 WireFree RTS<\/h2>\n<p style='font-size: 15px; margin-bottom: 15px; color: inherit;'>El <strong>Movelite\u2122 WireFree RTS<\/strong> de Somfy es una soluci\u00f3n motorizada inal\u00e1mbrica de alto nivel&comma; dise\u00f1ada para automatizar cortinas con elegancia&comma; silencio y facilidad de instalaci\u00f3n. Combina el estilo franc\u00e9s con ingenier\u00eda avanzada&comma; ofreciendo una experiencia accesible&comma; discreta y confiable para proyectos residenciales y comerciales.<\/p>\n<\/p><\/div>\n<div style='border: 1px solid rgba(150&comma; 150&comma; 150&comma; 0.3); border-radius: 8px; padding: 15px; background-color: rgba(150&comma; 150&comma; 150&comma; 0.1);'>\n<h3 style='font-size: 18px; margin-top: 0; color: inherit; opacity: 0.8;'>Caracter\u00edsticas principales<\/h3>\n<ul style='padding-left: 20px; margin: 0; font-size: 14px; color: inherit;'>\n<li style='margin-bottom: 5px;'>Motor inal\u00e1mbrico con bater\u00eda recargable integrada.<\/li>\n<li style='margin-bottom: 5px;'>Capacidad de carga de hasta <strong>35 kg<\/strong>.<\/li>\n<li style='margin-bottom: 5px;'>Longitud de riel compatible de hasta <strong>4 metros con el riel retr\u00e1ctil&comma; modelo:<a href='https:\/\/www.syscom.mx\/products\/246356' style='color: inherit; text-decoration: underline;'>RIELRETRACURTAIN<\/a><\/strong><\/li>\n<li style='margin-bottom: 5px;'>Longitud de riel compatible de hasta<strong> 10 metros (Bajo pedido)<\/strong>.<\/li>\n<li style='margin-bottom: 5px;'>Funcionamiento silencioso y dise\u00f1o compacto.<\/li>\n<li style='margin-bottom: 5px;'>Compatible con m\u00faltiples formas de riel y amplia gama de accesorios.<\/li>\n<li style='margin-bottom: 5px;'>Tecnolog\u00eda <strong>Touch Motion\u2122<\/strong> para activaci\u00f3n manual sin control.<\/li>\n<li style='margin-bottom: 5px;'>Funci\u00f3n de posici\u00f3n favorita programable.<\/li>\n<li style='margin-bottom: 5px;'>Garant\u00eda Somfy de <strong>5 a\u00f1os<\/strong>.<\/li>\n<\/ul><\/div>\n<div style='display: flex; flex-wrap: wrap; gap: 30px;'>\n<div style='flex: 1 1 300px; min-width: 280px;'>\n<h3 style='font-size: 18px; border-bottom: 1px solid rgba(150&comma; 150&comma; 150&comma; 0.3); padding-bottom: 5px; margin-top: 0; color: inherit; opacity: 0.8;'>NOTA<\/h3>\n<p style='font-size: 14px; color: inherit;'>Para lograr una cortina motorizada completa y funcional&comma; es indispensable complementar el motor con el riel retr\u00e1ctil modelo: <a href='https:\/\/www.syscom.mx\/products\/246356' style='color: inherit; text-decoration: underline;'>RIELRETRACURTAIN<\/a>. Este riel est\u00e1 dise\u00f1ado para trabajar de forma compatible con el sistema de motorizaci\u00f3n&comma; permitiendo un desplazamiento suave&comma; preciso y seguro de la cortina.<\/p>\n<\/p><\/div>\n<div style='flex: 1 1 300px; min-width: 280px;'> <img style='width: 100%; height: auto; border: 1px solid rgba(150&comma;150&comma;150&comma;0.3); border-radius: 8px;' src='http:\/\/ftp3.syscom.mx\/usuarios\/amuela\/MoveliteWF\/Somfy Movelite Wirefree RTS.png' alt=''> <\/div>\n<\/p><\/div>\n<div style='display: flex; flex-direction: column; gap: 10px;'>\n<h3 style='font-size: 18px; color: inherit; opacity: 0.8;'>Compatibilidad y control<\/h3>\n<p style='font-size: 14px; color: inherit;'>Compatible con todo tipo de cortinas como <strong>cl\u00e1sica plisada&comma; francesa y Ripplefold<\/strong>. Puede controlarse mediante interruptores de pared <strong>Smoove<\/strong>&comma; controles remotos <strong><a href='https:\/\/www.syscom.mx\/products\/218495' style='color: inherit; text-decoration: underline;'>SITUO1RTSPURE<\/a><\/strong> o a trav\u00e9s de la app <strong>Inteo Somfy<\/strong> <a href='https:\/\/www.syscom.mx\/products\/200364' style='color: inherit; text-decoration: underline;'>9027166<\/a>.<\/p>\n<\/p><\/div>\n<div style='display: flex; flex-wrap: wrap; gap: 20px;'>\n<div style='flex: 1 1 300px; min-width: 280px;'> <img style='width: 100%; height: auto; border: 1px solid rgba(150&comma;150&comma;150&comma;0.3); border-radius: 8px;' src='http:\/\/ftp3.syscom.mx\/usuarios\/amuela\/MoveliteWF\/Compatibles.png' alt=''> <\/div>\n<\/p><\/div>\n<div style='display: flex; flex-wrap: wrap; gap: 20px;'>\n<div style='flex: 1 1 300px; min-width: 280px;'>\n<div style='border: 1px solid rgba(150&comma; 150&comma; 150&comma; 0.4); border-radius: 8px; overflow: hidden; display: flex; flex-direction: column; height: 100%;'>\n<div style='padding: 15px; border-bottom: 1px solid rgba(150&comma; 150&comma; 150&comma; 0.2); font-weight: bold; font-size: 18px; color: inherit;'>Especificaciones t\u00e9cnicas<\/div>\n<div style='padding: 15px; color: inherit; flex-grow: 1;'>\n<ul style='padding-left: 20px; margin: 0; font-size: 14px; list-style-type: disc; color: inherit;'>\n<li style='margin-bottom: 5px;'><strong>Voltaje nominal:<\/strong> DC 12 V<\/li>\n<li style='margin-bottom: 5px;'><strong>\u00cdndice de protecci\u00f3n:<\/strong> IP30<\/li>\n<li style='margin-bottom: 5px;'><strong>Torque nominal:<\/strong> 0.6 Nm<\/li>\n<li style='margin-bottom: 5px;'><strong>Velocidad nominal:<\/strong> 105 rpm<\/li>\n<li style='margin-bottom: 5px;'><strong>Nivel de ruido:<\/strong> 41 dB(A)<\/li>\n<li style='margin-bottom: 5px;'><strong>Frecuencia de radio:<\/strong> 433.42 MHz (RTS)<\/li>\n<li style='margin-bottom: 5px;'><strong>Alcance de radio:<\/strong> Hasta 200 m en espacio abierto<\/li>\n<li style='margin-bottom: 5px;'><strong>Peso aproximado:<\/strong> 1&comma;024 g<\/li>\n<\/ul><\/div>\n<\/p><\/div>\n<\/p><\/div>\n<div style='flex: 1 1 300px; min-width: 280px;'>\n<div style='border: 1px solid rgba(150&comma; 150&comma; 150&comma; 0.4); border-radius: 8px; overflow: hidden; display: flex; flex-direction: column; height: 100%;'>\n<div style='padding: 15px; border-bottom: 1px solid rgba(150&comma; 150&comma; 150&comma; 0.2); font-weight: bold; font-size: 18px; color: inherit;'>Bater\u00eda recargable<\/div>\n<div style='padding: 15px; color: inherit; flex-grow: 1;'>\n<ul style='padding-left: 20px; margin: 0; font-size: 14px; list-style-type: disc; color: inherit;'>\n<li style='margin-bottom: 5px;'><strong>Capacidad:<\/strong> 2000 mAh<\/li>\n<li style='margin-bottom: 5px;'><strong>Autonom\u00eda:<\/strong> Hasta 6 meses por carga (dependiendo del uso)<\/li>\n<li style='margin-bottom: 5px;'><strong>Tiempo de carga:<\/strong> Menor a 9 horas<\/li>\n<li style='margin-bottom: 5px;'><strong>M\u00e9todo de carga:<\/strong> Conector USB Micro-B<\/li>\n<li style='margin-bottom: 5px;'><strong>Indicador:<\/strong> LED de estado de carga integrado<\/li>\n<\/ul><\/div>\n<\/p><\/div>\n<\/p><\/div>\n<\/p><\/div>\n<div style='border-top: 1px solid rgba(150&comma; 150&comma; 150&comma; 0.3); padding-top: 10px; font-size: 12px; color: inherit;'>\n<p style='margin: 0; color: inherit;'><strong>Aplicaci\u00f3n:<\/strong> Uso en interiores<\/p>\n<p style='margin: 0; color: inherit;'><strong>Marca:<\/strong> Somfy<\/p>\n<\/p><\/div>\n<\/p><\/div>\n<\/p><\/div>\n","protected":false},"excerpt":{"rendered":"<p>Motor para Cortinas Movelite WireFree RTS \/ Bater\u00eda Recargable 2000 mAh \/ Capacidad 35 kg \/ Control RTS 433.42 MHz \/ IP30 \/ Hasta 10 m de Riel \/ Touch Motion \/ Compatible con App Inteo Somfy<\/p>\n","protected":false},"featured_media":296,"comment_status":"open","ping_status":"closed","template":"","meta":[],"product_brand":[],"product_cat":[29],"product_tag":[30,31,46],"class_list":{"0":"post-297","1":"product","2":"type-product","3":"status-publish","4":"has-post-thumbnail","6":"product_cat-persianas-y-cortineros","7":"product_tag-automatizacion-casa-inteligente","8":"product_tag-persianas-y-cortineros","9":"product_tag-somfy","11":"first","12":"instock","13":"sale","14":"shipping-taxable","15":"purchasable","16":"product-type-simple"},"_links":{"self":[{"href":"https:\/\/soydeaqui.ddns.net\/pachuca\/index.php\/wp-json\/wp\/v2\/product\/297","targetHints":{"allow":["GET"]}}],"collection":[{"href":"https:\/\/soydeaqui.ddns.net\/pachuca\/index.php\/wp-json\/wp\/v2\/product"}],"about":[{"href":"https:\/\/soydeaqui.ddns.net\/pachuca\/index.php\/wp-json\/wp\/v2\/types\/product"}],"replies":[{"embeddable":true,"href":"https:\/\/soydeaqui.ddns.net\/pachuca\/index.php\/wp-json\/wp\/v2\/comments?post=297"}],"wp:featuredmedia":[{"embeddable":true,"href":"https:\/\/soydeaqui.ddns.net\/pachuca\/index.php\/wp-json\/wp\/v2\/media\/296"}],"wp:attachment":[{"href":"https:\/\/soydeaqui.ddns.net\/pachuca\/index.php\/wp-json\/wp\/v2\/media?parent=297"}],"wp:term":[{"taxonomy":"product_brand","embeddable":true,"href":"https:\/\/soydeaqui.ddns.net\/pachuca\/index.php\/wp-json\/wp\/v2\/product_brand?post=297"},{"taxonomy":"product_cat","embeddable":true,"href":"https:\/\/soydeaqui.ddns.net\/pachuca\/index.php\/wp-json\/wp\/v2\/product_cat?post=297"},{"taxonomy":"product_tag","embeddable":true,"href":"https:\/\/soydeaqui.ddns.net\/pachuca\/index.php\/wp-json\/wp\/v2\/product_tag?post=297"}],"curies":[{"name":"wp","href":"https:\/\/api.w.org\/{rel}","templated":true}]}}