{"id":29658,"date":"2026-03-18T13:29:55","date_gmt":"2026-03-18T13:29:55","guid":{"rendered":"https:\/\/soydeaqui.ddns.net\/pachuca\/index.php\/producto\/cartera-de-piel-para-10-eventos-diseno-ligero-y-compacto-compatible-con-lector-digitool-gc-01\/"},"modified":"2026-03-18T13:29:56","modified_gmt":"2026-03-18T13:29:56","slug":"cartera-de-piel-para-10-eventos-diseno-ligero-y-compacto-compatible-con-lector-digitool-gc-01","status":"publish","type":"product","link":"https:\/\/soydeaqui.ddns.net\/pachuca\/index.php\/producto\/cartera-de-piel-para-10-eventos-diseno-ligero-y-compacto-compatible-con-lector-digitool-gc-01\/","title":{"rendered":"Cartera de Piel Para 10 Eventos, Dise\u00f1o Ligero y Compacto, Compatible con Lector DigiTool GC-01"},"content":{"rendered":"<div style='width: 100%; max-width: 1200px; margin: 0 auto; font-family: sans-serif; line-height: 1.6; color: inherit; background-color: transparent;'>\n<div style='display: flex; flex-wrap: wrap; gap: 30px; margin-bottom: 30px;'>\n<div style='flex: 1 1 300px; min-width: 280px;'>\n<h3 style='font-size: 22px; border-bottom: 2px solid currentColor; padding-bottom: 5px; margin-top: 0; color: inherit; opacity: 0.8;'>Descripci\u00f3n<\/h3>\n<p style='font-size: 15px; color: inherit; margin-bottom: 15px;'>La cartera de eventos DigiTool\u00ae GA-02 de Rosslare es parte del sistema de patrulla de guardia DigiTool\u00ae de Rosslare que abarca una gama completa de productos profesionales&comma; de vanguardia&comma; de alta calidad y alto rendimiento para los sectores p\u00fablico y privado. La cartera compacta de dise\u00f1o atractivo es f\u00e1cil de transportar y usar.<\/p>\n<p style='font-size: 15px; color: inherit; margin-bottom: 15px;'>Cuando se usa con las etiquetas de identificaci\u00f3n de ubicaci\u00f3n o llavero de DigiTool\u00ae&comma; el GA-02 permite un monitoreo r\u00e1pido y sin problemas de la condici\u00f3n y el registro de fallas de eventos tales como una ventana abierta&comma; vidrios rotos&comma; autom\u00f3vil abandonado&comma; puerta cerrada o incendio. Extintor de baja presi\u00f3n. Es la respuesta para los usuarios con m\u00faltiples necesidades de recopilaci\u00f3n de datos.<\/p>\n<\/p><\/div>\n<\/p><\/div>\n<div style='display: flex; flex-wrap: wrap; gap: 20px; margin-bottom: 30px;'>\n<div style='flex: 1 1 250px; border: 1px solid rgba(150&comma; 150&comma; 150&comma; 0.4); border-radius: 8px; overflow: hidden; display: flex; flex-direction: column;'>\n<div style='padding: 15px; border-bottom: 1px solid rgba(150&comma; 150&comma; 150&comma; 0.2); font-weight: bold; font-size: 18px; color: inherit;'>Caracter\u00edsticas Principales<\/div>\n<div style='padding: 15px; color: inherit;'>\n<ul style='padding-left: 20px; margin: 0; font-size: 14px; list-style-type: disc;'>\n<li style='margin-bottom: 5px;'>10 variaciones de eventos<\/li>\n<li style='margin-bottom: 5px;'>Dise\u00f1o ligero y compacto para f\u00e1cil transporte<\/li>\n<li style='margin-bottom: 5px;'>Hecho a la medida para resistir el uso y el desgaste con cuero resistente de larga duraci\u00f3n<\/li>\n<\/ul><\/div>\n<\/p><\/div>\n<div style='flex: 1 1 250px; border: 1px solid rgba(150&comma; 150&comma; 150&comma; 0.4); border-radius: 8px; overflow: hidden; display: flex; flex-direction: column;'>\n<div style='padding: 15px; border-bottom: 1px solid rgba(150&comma; 150&comma; 150&comma; 0.2); font-weight: bold; font-size: 18px; color: inherit;'>Caracter\u00edsticas Profesionales<\/div>\n<div style='padding: 15px; color: inherit;'>\n<ul style='padding-left: 20px; margin: 0; font-size: 14px; list-style-type: disc;'>\n<li style='margin-bottom: 5px;'>F\u00e1cilmente interconectado con equipo de PC est\u00e1ndar para prop\u00f3sitos de administraci\u00f3n (requiere el software GS-02)<\/li>\n<li style='margin-bottom: 5px;'>Altamente integrado con la otra familia DigiTool\u00ae de productos Guard Patrol<\/li>\n<\/ul><\/div>\n<\/p><\/div>\n<\/p><\/div>\n<hr style='border: 0; border-top: 1px solid rgba(150&comma; 150&comma; 150&comma; 0.3); margin: 30px 0;'> <\/div>\n","protected":false},"excerpt":{"rendered":"<p>Cartera de Piel Para 10 Eventos, Dise\u00f1o Ligero y Compacto, Compatible con Lector DigiTool GC-01<\/p>\n","protected":false},"featured_media":29657,"comment_status":"open","ping_status":"closed","template":"","meta":[],"product_brand":[],"product_cat":[473],"product_tag":[474,563,62],"class_list":{"0":"post-29658","1":"product","2":"type-product","3":"status-publish","4":"has-post-thumbnail","6":"product_cat-todos-control-de-rondas-para-vigilantes","7":"product_tag-control-de-rondas-para-vigilantes","8":"product_tag-rosslare-security-products","9":"product_tag-todos","11":"first","12":"outofstock","13":"sale","14":"shipping-taxable","15":"purchasable","16":"product-type-simple"},"_links":{"self":[{"href":"https:\/\/soydeaqui.ddns.net\/pachuca\/index.php\/wp-json\/wp\/v2\/product\/29658","targetHints":{"allow":["GET"]}}],"collection":[{"href":"https:\/\/soydeaqui.ddns.net\/pachuca\/index.php\/wp-json\/wp\/v2\/product"}],"about":[{"href":"https:\/\/soydeaqui.ddns.net\/pachuca\/index.php\/wp-json\/wp\/v2\/types\/product"}],"replies":[{"embeddable":true,"href":"https:\/\/soydeaqui.ddns.net\/pachuca\/index.php\/wp-json\/wp\/v2\/comments?post=29658"}],"wp:featuredmedia":[{"embeddable":true,"href":"https:\/\/soydeaqui.ddns.net\/pachuca\/index.php\/wp-json\/wp\/v2\/media\/29657"}],"wp:attachment":[{"href":"https:\/\/soydeaqui.ddns.net\/pachuca\/index.php\/wp-json\/wp\/v2\/media?parent=29658"}],"wp:term":[{"taxonomy":"product_brand","embeddable":true,"href":"https:\/\/soydeaqui.ddns.net\/pachuca\/index.php\/wp-json\/wp\/v2\/product_brand?post=29658"},{"taxonomy":"product_cat","embeddable":true,"href":"https:\/\/soydeaqui.ddns.net\/pachuca\/index.php\/wp-json\/wp\/v2\/product_cat?post=29658"},{"taxonomy":"product_tag","embeddable":true,"href":"https:\/\/soydeaqui.ddns.net\/pachuca\/index.php\/wp-json\/wp\/v2\/product_tag?post=29658"}],"curies":[{"name":"wp","href":"https:\/\/api.w.org\/{rel}","templated":true}]}}