{"id":2962,"date":"2026-03-18T06:02:55","date_gmt":"2026-03-18T06:02:55","guid":{"rendered":"https:\/\/soydeaqui.ddns.net\/pachuca\/index.php\/producto\/kit-de-10-comunicadores-de-alarma-mn01ltem-con-antena-4gltem-and-5g-incluyen-2-anos-de-cobertura-aplicacion-gratuita-cero-configuracion-compatible-honeywell-dsc-crow-pima\/"},"modified":"2026-03-18T06:02:55","modified_gmt":"2026-03-18T06:02:55","slug":"kit-de-10-comunicadores-de-alarma-mn01ltem-con-antena-4gltem-and-5g-incluyen-2-anos-de-cobertura-aplicacion-gratuita-cero-configuracion-compatible-honeywell-dsc-crow-pima","status":"publish","type":"product","link":"https:\/\/soydeaqui.ddns.net\/pachuca\/index.php\/producto\/kit-de-10-comunicadores-de-alarma-mn01ltem-con-antena-4gltem-and-5g-incluyen-2-anos-de-cobertura-aplicacion-gratuita-cero-configuracion-compatible-honeywell-dsc-crow-pima\/","title":{"rendered":"KIt de 10 Comunicadores de Alarma MN01LTEM con Antena 4GLTEM and 5G \/ Incluyen 2 A\u00f1os de Cobertura \/ Aplicaci\u00f3n Gratuita \/ Cero Configuraci\u00f3n \/ Compatible Honeywell\/DSC\/CROW\/PIMA"},"content":{"rendered":"<div style='width: 100%; max-width: 1200px; margin: 0 auto; font-family: sans-serif; line-height: 1.6; color: inherit; background-color: transparent;'>\n<div style='display: flex; flex-direction: column; align-items: center; text-align: center; margin-bottom: 30px;'> <img style='width: 100%; height: auto; border: 1px solid rgba(150&comma;150&comma;150&comma;0.3); border-radius: 8px;' src='https:\/\/ftp3.syscom.mx\/usuarios\/vvega\/M2M\/mn01ltem\/mn01ltem_encabezado.jpg' alt=''> <\/div>\n<div style='display: flex; flex-direction: column; align-items: center; text-align: center; margin-bottom: 30px;'> <img style='width: 300px; height: auto; border: 1px solid rgba(150&comma;150&comma;150&comma;0.3); border-radius: 8px;' src='https:\/\/ftp3.syscom.mx\/usuarios\/vvega\/M2M\/mn01ltem\/mn01ltem.jpg' alt=''> <\/div>\n<div style='text-align: center; margin-bottom: 30px;'>\n<h3 style='font-size: 24px; border-bottom: 2px solid currentColor; padding-bottom: 5px; color: inherit; opacity: 0.8; display: inline-block; margin: 0 auto 20px;'> Comunicador de Alarma UNIVERSAL 4GLTEM \/ 5G <\/h3>\n<p style='font-size: 16px; color: inherit; margin: 0 auto 20px; max-width: 800px;'> Comunicador Multimarca \u00fanico en el mercado extremadamente peque\u00f1o compatible con el 99% de paneles de alarma para el env\u00edo de eventos y poder armar y desarmar&comma; todo desde una sola aplicaci\u00f3n (RCONTROL)&comma; ideal para convertir tu panel de alarma en un equipo inteligente! <\/p>\n<\/p><\/div>\n<div style='text-align: center; margin: 30px 0;'>\n<p style='font-size: 16px; color: inherit; font-weight: bold;'> ESTE KIT INCLUYE 10 COMUNICADORES MODELO MN01LTEM <\/p>\n<\/p><\/div>\n<div style='text-align: center; margin: 30px 0;'>\n<p style='font-size: 16px; color: inherit;'> <a title='M2M - Configuraciones' href='https:\/\/sites.google.com\/syscom.mx\/m2m-services\/inicio?authuser=0' target='_blank' rel='noopener' style='color: inherit; text-decoration: underline;'> Para Configuraciones generales de este y m\u00e1s equipos de M2M favor de dar clic AQUI <\/a> <\/p>\n<\/p><\/div>\n<div style='display: flex; flex-wrap: wrap; gap: 30px; margin-bottom: 40px;'>\n<div style='flex: 1 1 300px; min-width: 280px;'> <img style='width: 100%; height: auto; border: 1px solid rgba(150&comma;150&comma;150&comma;0.3); border-radius: 8px;' src='https:\/\/ftp3.syscom.mx\/usuarios\/vvega\/M2M\/mn01ltem\/MN01-LTE-M.png' alt=''> <\/p>\n<div style='margin-top: 15px; border-top: 5px solid #DF001D; padding: 15px; background-color: rgba(222&comma; 0&comma; 29&comma; 0.05);'>\n<h3 style='font-size: 20px; color: inherit; margin-top: 0; margin-bottom: 10px;'>A prueba del Futuro&comma; Red 5G<\/h3>\n<h4 style='font-size: 16px; color: gray; margin-top: 0; margin-bottom: 15px;'>Principales<\/h4>\n<ul style='padding-left: 20px; margin: 0; font-size: 14px; color: inherit;'>\n<li style='margin-bottom: 5px;'>Extremo Alta Seguridad.<\/li>\n<li style='margin-bottom: 5px;'>SIM Multicarrier incluido (Telcel&comma; Movistar&comma; AT&#038;T&comma; Iusacell).<\/li>\n<li style='margin-bottom: 5px;'>Incluye 2 A\u00d1OS servicio 4GLTEM\/5G sin Costo.<\/li>\n<li style='margin-bottom: 5px;'>A\u00f1o adicional agregando <a href='https:\/\/www.syscom.mx\/principal\/searchcont?route=VOUCHERLTEM-M2M-SERVICES-188046&#038;autodetect=voucherltem' target='_blank' rel='noopener' style='color: inherit; text-decoration: underline;'>VOUCHERLTEM.<\/a><\/li>\n<li style='margin-bottom: 5px;'><strong style='color: inherit;'>NOTA:<\/strong> <em style='color: inherit;'>Si el voucher no es renovado dentro del mes correspondiente&comma; el equipo pasara a suspendido y se tendra que adquirir un REACTIVAM2M + VOUCHERLTEM<\/em><\/li>\n<\/ul><\/div>\n<\/p><\/div>\n<div style='flex: 1 1 300px; min-width: 280px;'> <img style='width: 100%; height: auto; border: 1px solid rgba(150&comma;150&comma;150&comma;0.3); border-radius: 8px;' src='https:\/\/ftp3.syscom.mx\/usuarios\/vvega\/M2M\/mn02ltem\/MN02LTEM - RControl.png' alt=''> <\/p>\n<div style='margin-top: 15px; border-top: 5px solid #DF001D; padding: 15px; background-color: rgba(222&comma; 0&comma; 29&comma; 0.05);'>\n<h3 style='font-size: 20px; color: inherit; margin-top: 0; margin-bottom: 10px;'>2 A\u00f1os de Servicio GRATIS<\/h3>\n<h4 style='font-size: 16px; color: gray; margin-top: 0; margin-bottom: 15px;'>Aplicacion y Plataforma<\/h4>\n<ul style='padding-left: 20px; margin: 0; font-size: 14px; color: inherit;'>\n<li style='margin-bottom: 5px;'><strong style='color: inherit;'>LOGO<\/strong> Directo en la aplicacion GRATIS!<\/li>\n<li style='margin-bottom: 5px;'>Soporta <strong style='color: inherit;'>PARTICIONES<\/strong>*<\/li>\n<li style='margin-bottom: 5px;'><strong style='color: inherit;'>Estatus y Bypass<\/strong> de Zonas*.<\/li>\n<li style='margin-bottom: 5px;'><strong style='color: inherit;'>Armado Total \/ Parcial*<\/strong> y Desarmado desde la APP.<\/li>\n<li style='margin-bottom: 5px;'>Identificacion de usuarios y posibilidad de etiquetado de zonas.<\/li>\n<li style='margin-bottom: 5px;'>Soporta hasta 100 usuarios en la APP con identificacion (quien armo \/desarmo)<\/li>\n<li style='margin-bottom: 5px;'>1 a\u00f1o de Historial de Eventos<\/li>\n<li style='margin-bottom: 5px;'><em style='color: inherit;'>*Ver modelos compatibles mas abajo<\/em>.<\/li>\n<\/ul><\/div>\n<\/p><\/div>\n<div style='flex: 1 1 300px; min-width: 280px;'> <img style='width: 100%; height: auto; border: 1px solid rgba(150&comma;150&comma;150&comma;0.3); border-radius: 8px;' src='https:\/\/ftp3.syscom.mx\/usuarios\/vvega\/M2M\/mn01ltem\/MN01-LTE-M.png' alt=''> <\/p>\n<div style='margin-top: 15px; border-top: 5px solid #DF001D; padding: 15px; background-color: rgba(222&comma; 0&comma; 29&comma; 0.05);'>\n<h3 style='font-size: 20px; color: inherit; margin-top: 0; margin-bottom: 10px;'>Peque\u00f1o y Ligero<\/h3>\n<h4 style='font-size: 16px; color: gray; margin-top: 0; margin-bottom: 15px;'>Especificaciones Tecnicas<\/h4>\n<ul style='padding-left: 20px; margin: 0; font-size: 14px; color: inherit;'>\n<li style='margin-bottom: 5px;'>Multibanda LTE-M<\/li>\n<li style='margin-bottom: 5px;'>Fuente Principal de 12 a 17 Vcc<\/li>\n<li style='margin-bottom: 5px;'>Consumo: 15 mA en espera&comma; pico 200 mA<\/li>\n<li style='margin-bottom: 5px;'>Soporta ContactID \/ SIA<\/li>\n<li style='margin-bottom: 5px;'>Antena: SMA&comma; 50 ohms<\/li>\n<li style='margin-bottom: 5px;'>Dimensiones: 4.4 x 3 x 1.7 cms<\/li>\n<li style='margin-bottom: 5px;'>Peso sin Antena: 28 gr<\/li>\n<\/ul><\/div>\n<\/p><\/div>\n<\/p><\/div>\n<div style='text-align: center; margin: 30px 0;'>\n<p style='font-size: 14px; color: inherit;'> <strong style='color: inherit;'>NOTA: Estos dispositivos trabajan sobre redes celulares por lo que su operatividad depende de la estabilidad de estos servicios.<\/strong> <\/p>\n<\/p><\/div>\n<div style='display: flex; flex-direction: column; align-items: center; text-align: center; margin: 40px 0;'> <img style='width: 100%; height: auto; border: 1px solid rgba(150&comma;150&comma;150&comma;0.3); border-radius: 8px;' src='https:\/\/ftp3.syscom.mx\/usuarios\/vvega\/M2M\/mn01ltem\/mn01ltem_dt42.jpg' alt=''> <\/div>\n<div style='text-align: center; margin: 30px 0;'>\n<h2 style='font-size: 22px; background-color: rgba(192&comma; 57&comma; 43&comma; 0.1); color: #c0392b; padding: 10px; border-radius: 8px; display: inline-block;'> Evite traslados Innecesarios con Programaci\u00f3n Remota <\/h2>\n<\/p><\/div>\n<div style='margin: 30px 0;'>\n<p style='font-size: 16px; color: inherit; margin-bottom: 15px;'><strong style='color: inherit;'>Programaci\u00f3n Remota (Compatible con Honeywell<sup>\u00ae<\/sup> y DSC)<\/strong><\/p>\n<ul style='padding-left: 20px; margin: 0 0 20px 0; font-size: 14px; color: inherit;'>\n<li style='margin-bottom: 5px;'>Realizar configuraciones en el panel sin tener que ir al lugar donde est\u00e1 instalado.<\/li>\n<li style='margin-bottom: 5px;'>El t\u00e9cnico \u00fanicamente reemplaza o instala equipos pero la configuraci\u00f3n se realiza remotamente desde la Central (mayor seguridad).<\/li>\n<\/ul>\n<p style='font-size: 14px; color: inherit; margin-bottom: 10px;'>Para la programacion remota se requiere:<\/p>\n<ul style='padding-left: 20px; margin: 0 0 20px 0; font-size: 14px; color: inherit;'>\n<li style='margin-bottom: 5px;'><a href='https:\/\/www.syscom.mx\/producto\/SW-MODEM-M2M-M2M-SERVICES-205065.html' target='_blank' rel='noopener' style='color: inherit; text-decoration: underline;'>SW-MODEM-M2M<\/a>: Licencia Anual para conexiones ilimitadas a paneles de alarma.<\/li>\n<li style='margin-bottom: 5px;'><a href='https:\/\/www.syscom.mx\/producto\/MN-01RNGR-M2M-SERVICES-143761.html' target='_blank' rel='noopener' style='color: inherit; text-decoration: underline;'>MN01RNGR<\/a>: Se requiere uno por panel de alarma&comma; es un accesorio del MN01LTEM.<\/li>\n<li style='margin-bottom: 5px;'><strong style='color: inherit;'><em style='color: inherit;'>NOTA: Para mas informacion dirigirse a esta <a href='https:\/\/ftp3.syscom.mx\/usuarios\/vvega\/M2M\/programacion\/M2M_Software_Modem_v02_ESP.pdf' style='color: inherit; text-decoration: underline;'>LIGA<\/a><\/em><\/strong><\/li>\n<\/ul><\/div>\n<div style='display: flex; flex-direction: column; align-items: center; text-align: center; margin: 40px 0;'> <img style='width: 100%; height: auto; border: 1px solid rgba(150&comma;150&comma;150&comma;0.3); border-radius: 8px; max-width: 480px;' src='https:\/\/ftp3.syscom.mx\/usuarios\/vvega\/M2M\/MN02LTEM_CompatibilidadBusDatos.jpg' alt=''> <\/div>\n<div style='margin: 30px 0;'>\n<p style='font-size: 14px; color: inherit; margin-bottom: 10px;'><strong style='color: inherit;'>IMPORTANTE<\/strong>&comma; Solo los siguientes paneles de alarma son compatibles para utilizar la conexion del Bus de Datos&comma; con lo que podras ver particiones&comma; zonas y realizar armados parciales y bypass de zonas<\/p>\n<p style='font-size: 14px; color: inherit;'><strong style='color: inherit;'>Para el resto de los paneles se puede utilizar la conexion a zona llave (KEY SWITCH) para pode realizar el armado \/ desarmado remoto.<\/strong><\/p>\n<\/p><\/div>\n<div style='text-align: center; margin: 30px 0;'>\n<p style='font-size: 14px; color: inherit;'> <strong style='color: inherit;'>NOTA: Estos dispositivos trabajan sobre redes celulares por lo que su operatividad depende de la estabilidad de estos servicios.<\/strong> <\/p>\n<\/p><\/div>\n<div style='text-align: center; margin: 30px 0;'>\n<p style='font-size: 14px; color: inherit;'> <em style='color: inherit;'>*NOTA: Estos equipos adquiridos en cualquier categoria de &#8216;asterisco&#8217; pueden variar los meses de servicio<\/em> <\/p>\n<\/p><\/div>\n<\/p><\/div>\n","protected":false},"excerpt":{"rendered":"<p>KIt de 10 Comunicadores de Alarma MN01LTEM con Antena 4GLTEM and 5G \/ Incluyen 2 A\u00f1os de Cobertura \/ Aplicaci\u00f3n Gratuita \/ Cero Configuraci\u00f3n \/ Compatible Honeywell\/DSC\/CROW\/PIMA<\/p>\n","protected":false},"featured_media":2961,"comment_status":"open","ping_status":"closed","template":"","meta":[],"product_brand":[],"product_cat":[386],"product_tag":[40,207,188],"class_list":{"0":"post-2962","1":"product","2":"type-product","3":"status-publish","4":"has-post-thumbnail","6":"product_cat-comunicadores-centrales-de-monitoreo","7":"product_tag-centrales-de-monitoreo","8":"product_tag-comunicadores","9":"product_tag-m2m-services","11":"first","12":"instock","13":"sale","14":"shipping-taxable","15":"purchasable","16":"product-type-simple"},"_links":{"self":[{"href":"https:\/\/soydeaqui.ddns.net\/pachuca\/index.php\/wp-json\/wp\/v2\/product\/2962","targetHints":{"allow":["GET"]}}],"collection":[{"href":"https:\/\/soydeaqui.ddns.net\/pachuca\/index.php\/wp-json\/wp\/v2\/product"}],"about":[{"href":"https:\/\/soydeaqui.ddns.net\/pachuca\/index.php\/wp-json\/wp\/v2\/types\/product"}],"replies":[{"embeddable":true,"href":"https:\/\/soydeaqui.ddns.net\/pachuca\/index.php\/wp-json\/wp\/v2\/comments?post=2962"}],"wp:featuredmedia":[{"embeddable":true,"href":"https:\/\/soydeaqui.ddns.net\/pachuca\/index.php\/wp-json\/wp\/v2\/media\/2961"}],"wp:attachment":[{"href":"https:\/\/soydeaqui.ddns.net\/pachuca\/index.php\/wp-json\/wp\/v2\/media?parent=2962"}],"wp:term":[{"taxonomy":"product_brand","embeddable":true,"href":"https:\/\/soydeaqui.ddns.net\/pachuca\/index.php\/wp-json\/wp\/v2\/product_brand?post=2962"},{"taxonomy":"product_cat","embeddable":true,"href":"https:\/\/soydeaqui.ddns.net\/pachuca\/index.php\/wp-json\/wp\/v2\/product_cat?post=2962"},{"taxonomy":"product_tag","embeddable":true,"href":"https:\/\/soydeaqui.ddns.net\/pachuca\/index.php\/wp-json\/wp\/v2\/product_tag?post=2962"}],"curies":[{"name":"wp","href":"https:\/\/api.w.org\/{rel}","templated":true}]}}