{"id":29605,"date":"2026-03-18T13:28:45","date_gmt":"2026-03-18T13:28:45","guid":{"rendered":"https:\/\/soydeaqui.ddns.net\/pachuca\/index.php\/producto\/detector-de-metales-en-boca-espalda-asiento-y-piernas\/"},"modified":"2026-03-18T13:28:46","modified_gmt":"2026-03-18T13:28:46","slug":"detector-de-metales-en-boca-espalda-asiento-y-piernas","status":"publish","type":"product","link":"https:\/\/soydeaqui.ddns.net\/pachuca\/index.php\/producto\/detector-de-metales-en-boca-espalda-asiento-y-piernas\/","title":{"rendered":"Detector de Metales en Boca, Espalda, Asiento y Piernas."},"content":{"rendered":"<div style='width: 100%; max-width: 1200px; margin: 0 auto; font-family: sans-serif; line-height: 1.6; color: inherit; background-color: transparent;'> <!-- Imagen principal --> <\/p>\n<div style='width: 100%; text-align: center; margin-bottom: 20px;'> <img style='width: 100%; max-width: 586px; height: auto; border: 1px solid rgba(150&comma;150&comma;150&comma;0.3); border-radius: 8px; display: inline-block;' src='https:\/\/ftp3.syscom.mx\/usuarios\/vestrada\/IngenieroVictor\/Ranger.jpg' alt=''> <\/div>\n<p> <!-- T\u00edtulo --> <\/p>\n<h2 style='font-size: 24px; color: #c0392b; margin-bottom: 20px; text-align: center;'>Descripci\u00f3n General<\/h2>\n<p> <!-- Descripci\u00f3n general --> <\/p>\n<div style='margin-bottom: 30px; font-size: 14px; color: #000000;'>\n<p>B.O.S.S IIIs es un sistema de escaneo r\u00e1pido&comma; confiable&comma; f\u00e1cil de usar y no intrusivo dise\u00f1ado para detectar armas peque\u00f1as u objetos met\u00e1licos de contrabando ocultos en la cavidad abdominal&comma; la cavidad rectal-vaginal y el \u00e1rea de la espinilla. Alta precisi\u00f3n&comma; sensores de medici\u00f3n sin contacto est\u00e1n alojados en el marco de robusta madera de abedul b\u00e1ltico que est\u00e1 recubierta con pintura resistente a RF para rechazo mejorado de EMI. Los sensores proporcionan instant\u00e1neas&comma; detecci\u00f3n de alta sensibilidad&comma; la mayor\u00eda de metales ferrosos y no ferrosos y se detectan aleaciones.<\/p>\n<\/p><\/div>\n<p> <!-- Caracter\u00edsticas en grid --> <\/p>\n<div style='display: flex; flex-wrap: wrap; gap: 20px; margin-bottom: 30px;'>\n<div style='flex: 1 1 300px; min-width: 280px;'>\n<div style='border-left: 5px solid #c0392b; border-radius: 5px; padding: 15px; box-shadow: 2px 2px 10px rgba(216&comma;216&comma;216&comma;0.5);'>\n<h3 style='font-size: 18px; margin-top: 0; color: inherit;'>Caracter\u00edsticas principales:<\/h3>\n<ul style='padding-left: 20px; margin: 15px 0; font-size: 14px;'>\n<li style='margin-bottom: 8px;'>5 Sensores para: Boca&comma; Abdomen \/ Espalda&comma; Asiento&comma; Pierna y Pie.<\/li>\n<li style='margin-bottom: 8px;'>Sensibilidad ajustable por sensor seleccionable de 0% a 99%.<\/li>\n<li style='margin-bottom: 8px;'>Eficaz probada en las c\u00e1rceles m\u00e1s duras de Estados Unidos.<\/li>\n<li style='margin-bottom: 8px;'>R\u00e1pido&comma; inofensivo&comma; seguro y sanitario.<\/li>\n<li style='margin-bottom: 8px;'>F\u00e1cil de operar y mantener.<\/li>\n<li style='margin-bottom: 8px;'>Alarmas visuales y sonoras.<\/li>\n<li style='margin-bottom: 8px;'>Juego de ruedas para facilitar la movilidad.<\/li>\n<li style='margin-bottom: 8px;'>Evite las responsabilidades de las demandas.<\/li>\n<\/ul><\/div>\n<\/p><\/div>\n<div style='flex: 1 1 300px; min-width: 280px;'>\n<div style='border-left: 5px solid #c0392b; border-radius: 5px; padding: 15px; box-shadow: 2px 2px 10px rgba(216&comma;216&comma;216&comma;0.5);'>\n<h3 style='font-size: 18px; margin-top: 0; color: inherit;'>Caracter\u00edsticas F\u00edsicas y El\u00e9ctricas:<\/h3>\n<ul style='padding-left: 20px; margin: 15px 0; font-size: 14px;'>\n<li style='margin-bottom: 8px;'>Temperatura de operaci\u00f3n de 0 a 55 \u00baC<\/li>\n<li style='margin-bottom: 8px;'>Humedad 95% no condensada.<\/li>\n<li style='margin-bottom: 8px;'>Alimentaci\u00f3n: 110-240Vca<\/li>\n<li style='margin-bottom: 8px;'>Consumo: 12 W.<\/li>\n<li style='margin-bottom: 8px;'>Dimensiones: 91.4x104x55 cm.<\/li>\n<li style='margin-bottom: 8px;'>Peso: 122 kg.<\/li>\n<\/ul><\/div>\n<\/p><\/div>\n<div style='flex: 1 1 300px; min-width: 280px;'>\n<div style='border-left: 5px solid #c0392b; border-radius: 5px; padding: 15px; box-shadow: 2px 2px 10px rgba(216&comma;216&comma;216&comma;0.5);'>\n<h3 style='font-size: 18px; margin-top: 0; color: inherit;'>Caracter\u00edsticas Destacadas:<\/h3>\n<p style='margin-top: 10px; margin-bottom: 15px; font-size: 14px;'>B.O.S.S IIIs tambi\u00e9n se pueden utilizar en aplicaciones de prevenci\u00f3n de p\u00e9rdidas. Detecta elementos como disparos de oro&comma; anillos&comma; relojes y componentes micro-electr\u00f3nicos. Las mediciones de la masa met\u00e1lica permiten realizar pruebas comparativas precisas a medida que las personas entran y salen de un \u00e1rea de producci\u00f3n segura.<\/p>\n<h4 style='font-size: 16px; margin-top: 15px; margin-bottom: 10px; color: inherit;'>Aplicaciones:<\/h4>\n<p style='margin-top: 10px; margin-bottom: 15px; font-size: 14px;'>Muy \u00fatil en Prisiones&comma; c\u00e1rceles y centros de detecci\u00f3n&comma; instalaciones de Aduanas y patrulla fronteriza&comma; minas y refiner\u00edas de metales preciosos&comma; industrias de fabricaci\u00f3n de joyas y relojes&comma; fabricaci\u00f3n de electr\u00f3nica<\/p>\n<\/p><\/div>\n<\/p><\/div>\n<\/p><\/div>\n<p> <!-- Video y descripci\u00f3n --> <\/p>\n<div style='display: flex; flex-wrap: wrap; gap: 20px; margin-bottom: 30px;'>\n<div style='flex: 1 1 500px; min-width: 300px;'>\n<div style='position: relative; padding-bottom: 56.25%; height: 0; overflow: hidden;'>   <\/div>\n<\/p><\/div>\n<div style='flex: 1 1 500px; min-width: 300px;'>\n<h3 style='font-size: 20px; color: inherit; margin-top: 0;'>B.O.S.S IIIs<\/h3>\n<p style='font-size: 14px; color: inherit;'>Detector de alta sensibilidad dise\u00f1ado para ubicar objetos ocultos en las cavidades del cuerpo. Se utiliza com\u00fanmente para scanear armas de metal y objetos de contrabando escondidos en cualquier parte del cuerpo&comma; cavidades nasales y bucales. El procedimiento de b\u00fasqueda es seguro&comma; r\u00e1pido y eficiente. La persona se sienta moment\u00e1neamente en la silla. Los sensores de campo magn\u00e9tico buscan autom\u00e1ticamente la presencia de metal. Las alarmas audibles y visuales se activan cuando el metal es escondido dentro del campo magn\u00e9tico.<\/p>\n<\/p><\/div>\n<\/p><\/div>\n<p> <!-- Notas importantes --> <\/p>\n<div style='margin-bottom: 30px;'>\n<div style='margin-bottom: 15px; border-bottom: 5px solid #c0392b; border-radius: 5px; padding: 10px; box-shadow: 2px 2px 10px rgba(216&comma;216&comma;216&comma;0.5);'> <strong>* 2 A\u00f1os de Garant\u00eda.<\/strong> <\/div>\n<div style='margin-bottom: 15px; border-bottom: 5px solid #c0392b; border-radius: 5px; padding: 10px; box-shadow: 2px 2px 10px rgba(216&comma;216&comma;216&comma;0.5);'> <strong>* La zona de instalaci\u00f3n tiene que estar libre de cualquier metal al menos a 1 metro de distancia.<\/strong> <\/div>\n<div style='margin-bottom: 15px; border-bottom: 5px solid #c0392b; border-radius: 5px; padding: 10px; box-shadow: 2px 2px 10px rgba(216&comma;216&comma;216&comma;0.5);'> <strong>* Equipo sobre pedido.<\/strong> <\/div>\n<\/p><\/div>\n<\/p><\/div>\n","protected":false},"excerpt":{"rendered":"<p>Detector de Metales en Boca, Espalda, Asiento y Piernas.<\/p>\n","protected":false},"featured_media":29604,"comment_status":"open","ping_status":"closed","template":"","meta":[],"product_brand":[],"product_cat":[826],"product_tag":[827,904],"class_list":{"0":"post-29605","1":"product","2":"type-product","3":"status-publish","4":"has-post-thumbnail","6":"product_cat-detectores-de-metal-detectores-de-metal","7":"product_tag-detectores-de-metal","8":"product_tag-ranger-security-detectors","10":"first","11":"outofstock","12":"sale","13":"shipping-taxable","14":"purchasable","15":"product-type-simple"},"_links":{"self":[{"href":"https:\/\/soydeaqui.ddns.net\/pachuca\/index.php\/wp-json\/wp\/v2\/product\/29605","targetHints":{"allow":["GET"]}}],"collection":[{"href":"https:\/\/soydeaqui.ddns.net\/pachuca\/index.php\/wp-json\/wp\/v2\/product"}],"about":[{"href":"https:\/\/soydeaqui.ddns.net\/pachuca\/index.php\/wp-json\/wp\/v2\/types\/product"}],"replies":[{"embeddable":true,"href":"https:\/\/soydeaqui.ddns.net\/pachuca\/index.php\/wp-json\/wp\/v2\/comments?post=29605"}],"wp:featuredmedia":[{"embeddable":true,"href":"https:\/\/soydeaqui.ddns.net\/pachuca\/index.php\/wp-json\/wp\/v2\/media\/29604"}],"wp:attachment":[{"href":"https:\/\/soydeaqui.ddns.net\/pachuca\/index.php\/wp-json\/wp\/v2\/media?parent=29605"}],"wp:term":[{"taxonomy":"product_brand","embeddable":true,"href":"https:\/\/soydeaqui.ddns.net\/pachuca\/index.php\/wp-json\/wp\/v2\/product_brand?post=29605"},{"taxonomy":"product_cat","embeddable":true,"href":"https:\/\/soydeaqui.ddns.net\/pachuca\/index.php\/wp-json\/wp\/v2\/product_cat?post=29605"},{"taxonomy":"product_tag","embeddable":true,"href":"https:\/\/soydeaqui.ddns.net\/pachuca\/index.php\/wp-json\/wp\/v2\/product_tag?post=29605"}],"curies":[{"name":"wp","href":"https:\/\/api.w.org\/{rel}","templated":true}]}}