{"id":29568,"date":"2026-03-18T13:27:54","date_gmt":"2026-03-18T13:27:54","guid":{"rendered":"https:\/\/soydeaqui.ddns.net\/pachuca\/index.php\/producto\/chapa-magnetica-1500-lbs-ultra-compacta-ul-alta-resistencia-de-violacion\/"},"modified":"2026-03-18T13:28:03","modified_gmt":"2026-03-18T13:28:03","slug":"chapa-magnetica-1500-lbs-ultra-compacta-ul-alta-resistencia-de-violacion","status":"publish","type":"product","link":"https:\/\/soydeaqui.ddns.net\/pachuca\/index.php\/producto\/chapa-magnetica-1500-lbs-ultra-compacta-ul-alta-resistencia-de-violacion\/","title":{"rendered":"Chapa Magn\u00e9tica 1500 lbs \/ Ultra Compacta \/ UL \/Alta resistencia de violaci\u00f3n"},"content":{"rendered":"<div style='width: 100%; max-width: 1200px; margin: 0 auto; font-family: sans-serif; line-height: 1.6; color: inherit; background-color: transparent;'>\n<div style='display: flex; flex-wrap: wrap; gap: 30px; margin-bottom: 30px;'>\n<div style='flex: 1 1 300px; min-width: 280px;'>\n<div style='font-size: 22px; border-bottom: 2px solid currentColor; padding-bottom: 5px; margin-top: 0; color: inherit; opacity: 0.8;'>Descripci\u00f3n<\/div>\n<div style='font-size: 15px; color: inherit;'>\n<p><img style='width: 100%; height: auto; border: 1px solid rgba(150&comma;150&comma;150&comma;0.3); border-radius: 8px;' src='http:\/\/ftp3.syscom.mx\/usuarios\/ftp\/2017\/03\/02\/f97ed\/RCI_logo-plus-DOKAEndorsement_4C.jpg' alt='' \/><\/p>\n<p>La innovadora chapa EM-MAG1500 (mec\u00e1nica\/electro-magn\u00e9tica) ha sido dise\u00f1ada para aplicaciones donde un nivel alto de seguridad y est\u00e9tica son indispensables. Su patentada tecnolog\u00eda incorpora principios mec\u00e1nicos y magn\u00e9ticos para asegurar una fuerza de sujeci\u00f3n de 1500 lbs en <strong>un tama\u00f1o 75% menor<\/strong> que una chapa de 1200 lbs convencional.<\/p>\n<\/p><\/div>\n<\/p><\/div>\n<\/p><\/div>\n<div style='display: flex; flex-wrap: wrap; gap: 20px; margin-bottom: 30px;'>\n<div style='flex: 1 1 250px; border: 1px solid rgba(150&comma; 150&comma; 150&comma; 0.4); border-radius: 8px; overflow: hidden; display: flex; flex-direction: column;'>\n<div style='padding: 15px; border-bottom: 1px solid rgba(150&comma; 150&comma; 150&comma; 0.2); font-weight: bold; font-size: 18px; color: inherit;'>Caracter\u00edsticas<\/div>\n<div style='padding: 15px; color: inherit;'>\n<ul style='padding-left: 20px; margin: 0; font-size: 14px; list-style-type: disc;'>\n<li style='margin-bottom: 5px;'>Sensor de estado de chapa<\/li>\n<li style='margin-bottom: 5px;'>Sensor de estado de puerta<\/li>\n<li style='margin-bottom: 5px;'>Fuerza de sujeci\u00f3n 1500 lbs<\/li>\n<li style='margin-bottom: 5px;'>LED de estado de puerta<\/li>\n<li style='margin-bottom: 5px;'>Acabado en aluminio<\/li>\n<li style='margin-bottom: 5px;'><strong>Libre de magnetismo residual<\/strong><\/li>\n<li style='margin-bottom: 5px;'><strong>Cumple con Certificaciones:<\/strong> CE&comma; EN 61000-6-3:2001&comma; EN 50130-1995+A1:1998+A2:2003&comma; y BS 476 Fire<\/li>\n<li style='margin-bottom: 5px;'>Bajo consumo de energ\u00eda: &#8211; 120mA a 24Vcc. &#8211; 240mA a 12Vcc<\/li>\n<li style='margin-bottom: 5px;'>Dimensiones del im\u00e1n: 35.6 x 30 x 158 mm<\/li>\n<li style='margin-bottom: 5px;'>Dimensiones de la placa: 120 x 30 x 13 mm<\/li>\n<li style='margin-bottom: 5px;'>1 A\u00f1o de Garant\u00eda<\/li>\n<\/ul><\/div>\n<\/p><\/div>\n<\/p><\/div>\n<div style='display: flex; flex-wrap: wrap; gap: 30px; margin-bottom: 30px;'>\n<div style='flex: 1 1 300px; min-width: 280px;'>\n<div style='font-size: 15px; color: inherit;'>\n<p><strong>Producto sobre pedido<\/strong><\/p>\n<\/p><\/div>\n<\/p><\/div>\n<\/p><\/div>\n<div style='display: flex; flex-wrap: wrap; gap: 30px; margin-bottom: 30px;'>\n<div style='flex: 1 1 300px; min-width: 280px;'> <img style='width: 100%; height: auto; border: 1px solid rgba(150&comma;150&comma;150&comma;0.3); border-radius: 8px;' src='http:\/\/ftp3.syscom.mx\/usuarios\/fotos\/chapas.gif' alt='' \/> <\/div>\n<\/p><\/div>\n<div style='display: flex; flex-wrap: wrap; gap: 30px; margin-bottom: 30px;'>\n<div style='flex: 1 1 300px; min-width: 280px;'>\n<div style='position: relative; padding-bottom: 56.25%; height: 0; overflow: hidden; margin-bottom: 30px;'>   <\/div>\n<\/p><\/div>\n<\/p><\/div>\n<div style='display: flex; flex-wrap: wrap; gap: 30px; margin-bottom: 30px;'>\n<div style='flex: 1 1 300px; min-width: 280px;'>\n<div style='position: relative; padding-bottom: 56.25%; height: 0; overflow: hidden; margin-bottom: 30px;'>   <\/div>\n<\/p><\/div>\n<\/p><\/div>\n<div style='display: flex; flex-wrap: wrap; gap: 30px; margin-bottom: 30px;'>\n<div style='flex: 1 1 300px; min-width: 280px;'>\n<div style='position: relative; padding-bottom: 56.25%; height: 0; overflow: hidden; margin-bottom: 30px;'>   <\/div>\n<\/p><\/div>\n<\/p><\/div>\n<hr style='border: 0; border-top: 1px solid rgba(150&comma; 150&comma; 150&comma; 0.3); margin: 30px 0;'> <\/div>\n","protected":false},"excerpt":{"rendered":"<p>Chapa Magn\u00e9tica 1500 lbs \/ Ultra Compacta \/ UL \/Alta resistencia de violaci\u00f3n<\/p>\n","protected":false},"featured_media":29567,"comment_status":"open","ping_status":"closed","template":"","meta":[],"product_brand":[],"product_cat":[761],"product_tag":[87,762,453],"class_list":{"0":"post-29568","1":"product","2":"type-product","3":"status-publish","4":"has-post-thumbnail","6":"product_cat-chapas-magneticas","7":"product_tag-cerraduras","8":"product_tag-chapas-magneticas","9":"product_tag-rci-dormakaba","11":"first","12":"outofstock","13":"sale","14":"shipping-taxable","15":"purchasable","16":"product-type-simple"},"_links":{"self":[{"href":"https:\/\/soydeaqui.ddns.net\/pachuca\/index.php\/wp-json\/wp\/v2\/product\/29568","targetHints":{"allow":["GET"]}}],"collection":[{"href":"https:\/\/soydeaqui.ddns.net\/pachuca\/index.php\/wp-json\/wp\/v2\/product"}],"about":[{"href":"https:\/\/soydeaqui.ddns.net\/pachuca\/index.php\/wp-json\/wp\/v2\/types\/product"}],"replies":[{"embeddable":true,"href":"https:\/\/soydeaqui.ddns.net\/pachuca\/index.php\/wp-json\/wp\/v2\/comments?post=29568"}],"wp:featuredmedia":[{"embeddable":true,"href":"https:\/\/soydeaqui.ddns.net\/pachuca\/index.php\/wp-json\/wp\/v2\/media\/29567"}],"wp:attachment":[{"href":"https:\/\/soydeaqui.ddns.net\/pachuca\/index.php\/wp-json\/wp\/v2\/media?parent=29568"}],"wp:term":[{"taxonomy":"product_brand","embeddable":true,"href":"https:\/\/soydeaqui.ddns.net\/pachuca\/index.php\/wp-json\/wp\/v2\/product_brand?post=29568"},{"taxonomy":"product_cat","embeddable":true,"href":"https:\/\/soydeaqui.ddns.net\/pachuca\/index.php\/wp-json\/wp\/v2\/product_cat?post=29568"},{"taxonomy":"product_tag","embeddable":true,"href":"https:\/\/soydeaqui.ddns.net\/pachuca\/index.php\/wp-json\/wp\/v2\/product_tag?post=29568"}],"curies":[{"name":"wp","href":"https:\/\/api.w.org\/{rel}","templated":true}]}}