{"id":29536,"date":"2026-03-18T13:27:12","date_gmt":"2026-03-18T13:27:12","guid":{"rendered":"https:\/\/soydeaqui.ddns.net\/pachuca\/index.php\/producto\/c3200-panel-de-control-de-acceso-para-2-puertas-facil-administracion-30000-tarjetas-incluye-gabinete-y-fuente-de-alimentacion-12vcc-3a-software-gratis\/"},"modified":"2026-03-18T13:27:18","modified_gmt":"2026-03-18T13:27:18","slug":"c3200-panel-de-control-de-acceso-para-2-puertas-facil-administracion-30000-tarjetas-incluye-gabinete-y-fuente-de-alimentacion-12vcc-3a-software-gratis","status":"publish","type":"product","link":"https:\/\/soydeaqui.ddns.net\/pachuca\/index.php\/producto\/c3200-panel-de-control-de-acceso-para-2-puertas-facil-administracion-30000-tarjetas-incluye-gabinete-y-fuente-de-alimentacion-12vcc-3a-software-gratis\/","title":{"rendered":"C3200 Panel de Control de Acceso para 2 Puertas \/ F\u00e1cil Administraci\u00f3n \/ 30,000 Tarjetas \/ Incluye Gabinete y Fuente de Alimentaci\u00f3n 12Vcc\/3A \/ Software GRATIS"},"content":{"rendered":"<div style='width: 100%; max-width: 1200px; margin: 0 auto; font-family: sans-serif; line-height: 1.6; color: inherit; background-color: transparent;'> <!-- Secci\u00f3n de caracter\u00edsticas principales --> <\/p>\n<div style='display: flex; flex-wrap: wrap; gap: 30px; margin-bottom: 30px;'>\n<div style='flex: 1 1 300px; min-width: 280px;'>\n<h3 style='font-size: 22px; border-bottom: 2px solid currentColor; padding-bottom: 5px; margin-top: 0; color: inherit; opacity: 0.8;'>Caracter\u00edsticas principales<\/h3>\n<ul style='padding-left: 20px; font-size: 15px; color: inherit;'>\n<li style='margin-bottom: 5px;'>Tarjetas: 30&comma;000<\/li>\n<li style='margin-bottom: 5px;'>Contrase\u00f1as: 30&comma;000<\/li>\n<li style='margin-bottom: 5px;'>Eventos: 100&comma;000<br \/>(Memoria de Eventos Expandible con Memoria SD&comma; hasta 32GB)<\/li>\n<li style='margin-bottom: 5px;'>No soporta dispositivo biometr\u00eda (huella)<\/li>\n<li style='margin-bottom: 5px;'>No soporta rs485 para dispositivos adicionales.<\/li>\n<\/ul><\/div>\n<div style='flex: 1 1 300px; min-width: 280px;'>\n<h3 style='font-size: 22px; border-bottom: 2px solid currentColor; padding-bottom: 5px; margin-top: 0; color: inherit; opacity: 0.8;'>Caracter\u00edsticas F\u00edsicas y El\u00e9ctricas<\/h3>\n<ul style='padding-left: 20px; font-size: 15px; color: inherit;'>\n<li style='margin-bottom: 5px;'>12Vcc \/ 100mA<\/li>\n<li style='margin-bottom: 5px;'>Incluye Fuente de 12Vcc \/ 3A con Cargador de Bater\u00eda (Bater\u00eda no incluida)<\/li>\n<\/ul><\/div>\n<div style='flex: 1 1 300px; min-width: 280px;'>\n<h3 style='font-size: 22px; border-bottom: 2px solid currentColor; padding-bottom: 5px; margin-top: 0; color: inherit; opacity: 0.8;'>Caracter\u00edsticas Destacadas<\/h3>\n<ul style='padding-left: 20px; font-size: 15px; color: inherit;'>\n<li style='margin-bottom: 5px;'>Software compatible <span style='color: #1d4e8f; font-family: Satoshi-Variable&comma; sans-serif; font-size: 16px; font-weight: bold; background-color: #ffffff;'>ZK-ACCESS3.5 <span style='color: #000000; font-family: 'Times New Roman'; font-size: medium; font-weight: 400;'>y<\/span> <\/span><span style='color: #1d4e8f; font-family: Satoshi-Variable&comma; sans-serif; font-size: 16px; font-weight: bold; background-color: #ffffff;'>ZKBIOCVACCESS<\/span><\/li>\n<\/ul><\/div>\n<\/p><\/div>\n<p> <!-- Separador --> <\/p>\n<hr style='border: 0; border-top: 1px solid rgba(150&comma; 150&comma; 150&comma; 0.3); margin: 30px 0;'> <!-- Caracter\u00edsticas adicionales y notas --> <\/p>\n<div style='display: flex; flex-wrap: wrap; gap: 30px; margin-bottom: 30px;'>\n<div style='flex: 1 1 300px; min-width: 280px;'>\n<h3 style='font-size: 22px; border-bottom: 2px solid currentColor; padding-bottom: 5px; margin-top: 0; color: inherit; opacity: 0.8;'>Caracter\u00edsticas adicionales<\/h3>\n<ul style='padding-left: 20px; font-size: 15px; color: inherit;'>\n<li style='margin-bottom: 5px;'>2 Salidas de Relevador NC\/NO\/COM Para Chapas<\/li>\n<li style='margin-bottom: 5px;'>2 Salidas de Relevador Auxiliares NC\/NO\/COM<\/li>\n<li style='margin-bottom: 5px;'>2 Entradas Auxiliares<\/li>\n<li style='margin-bottom: 5px;'>Bot\u00f3n de Salida y Sensor Magn\u00e9tico por Puerta<\/li>\n<\/ul>\n<h3 style='font-size: 22px; border-bottom: 2px solid currentColor; padding-bottom: 5px; margin-top: 30px; color: inherit; opacity: 0.8;'>Notas adicionales<\/h3>\n<ul style='padding-left: 20px; font-size: 15px; color: inherit;'>\n<li style='margin-bottom: 5px;'>Este panel no es compatible con biometr\u00eda<\/li>\n<li style='margin-bottom: 5px;'>Solo se da soporte al software suministrado con el equipo o proporcionado por SYSCOM y siempre y cuando se utilice el mismo motor de base de datos que se incluye. Cualquier otra implementaci\u00f3n hacia otro software u otra versi\u00f3n de base de datos&comma; es responsabilidad del integrador o desarrollador a cargo.<\/li>\n<\/ul><\/div>\n<div style='flex: 1 1 300px; min-width: 280px;'> <!-- Espacio vac\u00edo para mantener el dise\u00f1o responsive --> <\/div>\n<\/p><\/div>\n<p> <!-- Separador --> <\/p>\n<hr style='border: 0; border-top: 1px solid rgba(150&comma; 150&comma; 150&comma; 0.3); margin: 30px 0;'> <!-- Componentes adicionales --> <\/p>\n<div style='margin-bottom: 30px;'>\n<h2 style='font-size: 20px; margin-top: 0; color: inherit; opacity: 0.9;'>\u00bfQu\u00e9 componentes adicionales debe cotizar para armar un sistema completo de control de acceso para 2 puertas?<\/h2>\n<h3 style='font-size: 18px; margin-top: 20px; color: inherit; opacity: 0.8;'>Paso 1<\/h3>\n<ul style='padding-left: 20px; font-size: 15px; color: inherit;'>\n<li style='margin-bottom: 10px;'><em>Elegir las lectoras:<\/em>\n<ul style='padding-left: 20px; margin-top: 5px;'>\n<li style='margin-bottom: 5px;'><strong>Lector de proximidad:<\/strong> <span style='color: #1d4e8f; font-family: Satoshi-Variable&comma; sans-serif; font-size: 16px; font-weight: bold; background-color: #ffffff;'>SYS-KR600-E<\/span><\/li>\n<li style='margin-bottom: 5px;'><strong>Lector de QR con teclado:<\/strong> <span style='color: #1d4e8f; font-family: Satoshi-Variable&comma; sans-serif; font-size: 16px; font-weight: bold; background-color: #ffffff;'>QR-600-HKE<\/span><\/li>\n<li style='margin-bottom: 5px;'><strong>Lector de tarjeta Prox con QR<\/strong> <span style='color: #1d4e8f; font-family: Satoshi-Variable&comma; sans-serif; font-size: 16px; font-weight: bold; background-color: #ffffff;'>QR600VE<\/span><\/li>\n<li style='margin-bottom: 5px;'><strong>Lector de facial<\/strong> <span style='color: #1d4e8f; font-family: Satoshi-Variable&comma; sans-serif; font-size: 16px; font-weight: bold; background-color: #ffffff;'>KF-1000<\/span><\/li>\n<\/ul>\n<\/li>\n<\/ul>\n<h3 style='font-size: 18px; margin-top: 20px; color: inherit; opacity: 0.8;'>Paso 2<\/h3>\n<ul style='padding-left: 20px; font-size: 15px; color: inherit;'>\n<li style='margin-bottom: 10px;'><em>Elegir los componentes opcionales:<\/em>\n<ul style='padding-left: 20px; margin-top: 5px;'>\n<li style='margin-bottom: 5px;'><strong>Chapa Magn\u00e9tica<\/strong> <span style='color: #1d4e8f; font-family: Satoshi-Variable&comma; sans-serif; font-size: 16px; font-weight: bold; background-color: #ffffff;'>MAG600NLED<\/span><\/li>\n<li style='margin-bottom: 5px;'><strong>Montaje para chapa<\/strong> <span style='color: #1d4e8f; font-family: Satoshi-Variable&comma; sans-serif; font-size: 16px; font-weight: bold; background-color: #ffffff;'>BZL600N<\/span><\/li>\n<li style='margin-bottom: 5px;'><strong>Bot\u00f3n sin contacto<\/strong> <span style='color: #1d4e8f; font-family: Satoshi-Variable&comma; sans-serif; font-size: 16px; font-weight: bold; background-color: #ffffff;'>ACCESSK1<\/span><\/li>\n<li style='margin-bottom: 5px;'><strong>Cable calibre 18 (recomendado)<\/strong> <a style='color: #1d4e8f; font-family: Satoshi-Variable&comma; sans-serif; font-size: 15px; font-weight: 600; background-color: #ffffff; text-decoration: none;' href='https:\/\/www.syscom.mx\/principal\/searchcont?route=ACCESS-184\/500-AccessPRO-166995&#038;autodetect=4*18'>ACCESS-184\/500<\/a><\/li>\n<\/ul>\n<\/li>\n<\/ul><\/div>\n<\/p><\/div>\n","protected":false},"excerpt":{"rendered":"<p>C3200 Panel de Control de Acceso para 2 Puertas \/ F\u00e1cil Administraci\u00f3n \/ 30,000 Tarjetas \/ Incluye Gabinete y Fuente de Alimentaci\u00f3n 12Vcc\/3A \/ Software GRATIS<\/p>\n","protected":false},"featured_media":29535,"comment_status":"open","ping_status":"closed","template":"","meta":[],"product_brand":[],"product_cat":[783],"product_tag":[785,784,952],"class_list":{"0":"post-29536","1":"product","2":"type-product","3":"status-publish","4":"has-post-thumbnail","6":"product_cat-controladores-de-acceso","7":"product_tag-controladores-de-acceso","8":"product_tag-paneles-de-control-de-acceso","9":"product_tag-zkteco-accesspro","11":"first","12":"instock","13":"sale","14":"shipping-taxable","15":"purchasable","16":"product-type-simple"},"_links":{"self":[{"href":"https:\/\/soydeaqui.ddns.net\/pachuca\/index.php\/wp-json\/wp\/v2\/product\/29536","targetHints":{"allow":["GET"]}}],"collection":[{"href":"https:\/\/soydeaqui.ddns.net\/pachuca\/index.php\/wp-json\/wp\/v2\/product"}],"about":[{"href":"https:\/\/soydeaqui.ddns.net\/pachuca\/index.php\/wp-json\/wp\/v2\/types\/product"}],"replies":[{"embeddable":true,"href":"https:\/\/soydeaqui.ddns.net\/pachuca\/index.php\/wp-json\/wp\/v2\/comments?post=29536"}],"wp:featuredmedia":[{"embeddable":true,"href":"https:\/\/soydeaqui.ddns.net\/pachuca\/index.php\/wp-json\/wp\/v2\/media\/29535"}],"wp:attachment":[{"href":"https:\/\/soydeaqui.ddns.net\/pachuca\/index.php\/wp-json\/wp\/v2\/media?parent=29536"}],"wp:term":[{"taxonomy":"product_brand","embeddable":true,"href":"https:\/\/soydeaqui.ddns.net\/pachuca\/index.php\/wp-json\/wp\/v2\/product_brand?post=29536"},{"taxonomy":"product_cat","embeddable":true,"href":"https:\/\/soydeaqui.ddns.net\/pachuca\/index.php\/wp-json\/wp\/v2\/product_cat?post=29536"},{"taxonomy":"product_tag","embeddable":true,"href":"https:\/\/soydeaqui.ddns.net\/pachuca\/index.php\/wp-json\/wp\/v2\/product_tag?post=29536"}],"curies":[{"name":"wp","href":"https:\/\/api.w.org\/{rel}","templated":true}]}}