{"id":29524,"date":"2026-03-18T13:26:57","date_gmt":"2026-03-18T13:26:57","guid":{"rendered":"https:\/\/soydeaqui.ddns.net\/pachuca\/index.php\/producto\/lazo-magnetico-para-deteccion-de-vehiculos-1-20-x-0-5-metros-ideal-para-deteccion-de-vehiculos-compactos\/"},"modified":"2026-03-18T13:26:58","modified_gmt":"2026-03-18T13:26:58","slug":"lazo-magnetico-para-deteccion-de-vehiculos-1-20-x-0-5-metros-ideal-para-deteccion-de-vehiculos-compactos","status":"publish","type":"product","link":"https:\/\/soydeaqui.ddns.net\/pachuca\/index.php\/producto\/lazo-magnetico-para-deteccion-de-vehiculos-1-20-x-0-5-metros-ideal-para-deteccion-de-vehiculos-compactos\/","title":{"rendered":"Lazo magn\u00e9tico para detecci\u00f3n de veh\u00edculos \/ 1.20 x 0.5 metros \/ Ideal para deteccion de veh\u00edculos compactos"},"content":{"rendered":"<div style='width: 100%; max-width: 1200px; margin: 0 auto; font-family: sans-serif; line-height: 1.6; color: inherit; background-color: transparent;'> <!-- Secci\u00f3n de descripci\u00f3n principal --> <\/p>\n<div style='margin-bottom: 30px; font-size: 15px;'>\n<p style='margin: 0 0 15px 0; color: inherit;'>El lazo magn\u00e9tico SYSLM4 en conjunto con el Detector de Masa Met\u00e1lica XBALDET&comma; es un dispositivo de seguridad que evita que el brazo de la barrera baje si se encuentra un veh\u00edculo debajo de ella&comma; es adem\u00e1s el encargado de enviar la orden de cierre a la barrera una vez que el veh\u00edculo ha pasado.<\/p>\n<div style='margin: 20px 0; padding: 15px; background-color: rgba(255&comma; 255&comma; 255&comma; 0.05); border-left: 4px solid rgba(255&comma; 255&comma; 255&comma; 0.2); color: inherit;'> <strong style='color: inherit;'>Nota:<\/strong> Los Lazos <strong style='color: inherit;'>SYSLM6<\/strong>&comma; <strong style='color: inherit;'>SYSLM4<\/strong> y los Detectores <strong style='color: inherit;'>XBSSLDET<\/strong> o <strong style='color: inherit;'>MATRIXD1224<\/strong> est\u00e1n Dise\u00f1ados para Aplicaciones con Veh\u00edculos y Camionetas Est\u00e1ndar. Para Aplicaciones con Trailers&comma; Camiones de Carga y Similares Consulte al Departamento de Ingenier\u00eda. <\/div>\n<p style='margin: 15px 0 0 0; color: inherit;'>*El color puede variar.<\/p>\n<\/p><\/div>\n<p> <!-- Secci\u00f3n de caracter\u00edsticas --> <\/p>\n<div style='display: flex; flex-wrap: wrap; gap: 30px; margin-bottom: 30px;'>\n<div style='flex: 1 1 300px; min-width: 280px;'>\n<h3 style='font-size: 22px; border-bottom: 2px solid currentColor; padding-bottom: 5px; margin-top: 0; color: inherit; opacity: 0.8;'>Caracter\u00edsticas principales<\/h3>\n<ul style='padding-left: 20px; font-size: 15px; color: inherit;'>\n<li style='margin-bottom: 5px;'>Detecci\u00f3n de masa met\u00e1lica para seguridad vehicular<\/li>\n<li style='margin-bottom: 5px;'>Compatible con veh\u00edculos y camionetas est\u00e1ndar<\/li>\n<li style='margin-bottom: 5px;'>Sistema evita descenso de barrera accidental<\/li>\n<li style='margin-bottom: 5px;'>Env\u00eda orden de cierre tras cruce vehicular<\/li>\n<li style='margin-bottom: 5px;'>Compatible con detectores SYS y XB series<\/li>\n<\/ul><\/div>\n<\/p><\/div>\n<p> <!-- Secci\u00f3n de video --> <\/p>\n<div style='margin-bottom: 30px;'>\n<h3 style='font-size: 22px; border-bottom: 2px solid currentColor; padding-bottom: 5px; margin-top: 0; color: inherit; opacity: 0.8;'>V\u00eddeo de instalaci\u00f3n del lazo magn\u00e9tico<\/h3>\n<div style='position: relative; padding-bottom: 56.25%; height: 0; overflow: hidden; margin-top: 15px;'>   <\/div>\n<\/p><\/div>\n<\/p><\/div>\n","protected":false},"excerpt":{"rendered":"<p>Lazo magn\u00e9tico para detecci\u00f3n de veh\u00edculos \/ 1.20 x 0.5 metros \/ Ideal para deteccion de veh\u00edculos compactos<\/p>\n","protected":false},"featured_media":29523,"comment_status":"open","ping_status":"closed","template":"","meta":[],"product_brand":[],"product_cat":[777],"product_tag":[401,93,234],"class_list":{"0":"post-29524","1":"product","2":"type-product","3":"status-publish","4":"has-post-thumbnail","6":"product_cat-accesorios-acceso-vehicular","7":"product_tag-acceso-vehicular","8":"product_tag-accesorios","9":"product_tag-accesspro","11":"first","12":"instock","13":"sale","14":"shipping-taxable","15":"purchasable","16":"product-type-simple"},"_links":{"self":[{"href":"https:\/\/soydeaqui.ddns.net\/pachuca\/index.php\/wp-json\/wp\/v2\/product\/29524","targetHints":{"allow":["GET"]}}],"collection":[{"href":"https:\/\/soydeaqui.ddns.net\/pachuca\/index.php\/wp-json\/wp\/v2\/product"}],"about":[{"href":"https:\/\/soydeaqui.ddns.net\/pachuca\/index.php\/wp-json\/wp\/v2\/types\/product"}],"replies":[{"embeddable":true,"href":"https:\/\/soydeaqui.ddns.net\/pachuca\/index.php\/wp-json\/wp\/v2\/comments?post=29524"}],"wp:featuredmedia":[{"embeddable":true,"href":"https:\/\/soydeaqui.ddns.net\/pachuca\/index.php\/wp-json\/wp\/v2\/media\/29523"}],"wp:attachment":[{"href":"https:\/\/soydeaqui.ddns.net\/pachuca\/index.php\/wp-json\/wp\/v2\/media?parent=29524"}],"wp:term":[{"taxonomy":"product_brand","embeddable":true,"href":"https:\/\/soydeaqui.ddns.net\/pachuca\/index.php\/wp-json\/wp\/v2\/product_brand?post=29524"},{"taxonomy":"product_cat","embeddable":true,"href":"https:\/\/soydeaqui.ddns.net\/pachuca\/index.php\/wp-json\/wp\/v2\/product_cat?post=29524"},{"taxonomy":"product_tag","embeddable":true,"href":"https:\/\/soydeaqui.ddns.net\/pachuca\/index.php\/wp-json\/wp\/v2\/product_tag?post=29524"}],"curies":[{"name":"wp","href":"https:\/\/api.w.org\/{rel}","templated":true}]}}