{"id":29519,"date":"2026-03-18T13:26:49","date_gmt":"2026-03-18T13:26:49","guid":{"rendered":"https:\/\/soydeaqui.ddns.net\/pachuca\/index.php\/producto\/lazo-magnetico-para-deteccion-de-vehiculos-2m-x-1m-ideal-para-deteccion-de-vehiculos-de-tamano-medio\/"},"modified":"2026-03-18T13:26:54","modified_gmt":"2026-03-18T13:26:54","slug":"lazo-magnetico-para-deteccion-de-vehiculos-2m-x-1m-ideal-para-deteccion-de-vehiculos-de-tamano-medio","status":"publish","type":"product","link":"https:\/\/soydeaqui.ddns.net\/pachuca\/index.php\/producto\/lazo-magnetico-para-deteccion-de-vehiculos-2m-x-1m-ideal-para-deteccion-de-vehiculos-de-tamano-medio\/","title":{"rendered":"Lazo magn\u00e9tico para detecci\u00f3n de veh\u00edculos \/ 2M x 1M \/ Ideal para detecci\u00f3n de veh\u00edculos de tama\u00f1o medio"},"content":{"rendered":"<div style='width: 100%; max-width: 1200px; margin: 0 auto; font-family: sans-serif; line-height: 1.6; color: inherit; background-color: transparent;'>\n<div style='display: flex; flex-wrap: wrap; gap: 30px; margin-bottom: 30px;'>\n<div style='flex: 1 1 300px; min-width: 280px;'>\n<h3 style='font-size: 22px; border-bottom: 2px solid currentColor; padding-bottom: 5px; margin-top: 0; color: inherit; opacity: 0.8;'>Descripci\u00f3n<\/h3>\n<p style='font-size: 15px; color: inherit;'>El lazo magn\u00e9tico SYSLM6 en conjunto con el Detector de Masa Met\u00e1lica XBALDET&comma; es un dispositivo de seguridad que evita que el brazo de la barrera baje si se encuentra un veh\u00edculo debajo de ella&comma; es adem\u00e1s el encargado de enviar la orden de cierre a la barrera una vez que el veh\u00edculo ha pasado.<\/p>\n<p style='font-size: 15px; color: inherit;'><strong>Nota:<\/strong> Los Lazos <strong>SYSLM6<\/strong>&comma; <strong>SYSLM4<\/strong> y los Detectores <strong>XBSSLDET o MATRIXD1224<\/strong> est\u00e1n Dise\u00f1ados para Aplicaciones con Veh\u00edculos y Camionetas Est\u00e1ndar. Para Aplicaciones con Trailers&comma; Camiones de Carga y Similares Consulte al Departamento de Ingenier\u00eda.<\/p>\n<p style='font-size: 15px; color: inherit;'>*El color puede variar.<\/p>\n<\/p><\/div>\n<\/p><\/div>\n<hr style='border: 0; border-top: 1px solid rgba(150&comma; 150&comma; 150&comma; 0.3); margin: 30px 0;'>\n<div style='display: flex; flex-wrap: wrap; gap: 30px; margin-bottom: 30px;'>\n<div style='flex: 1 1 300px; min-width: 280px;'>\n<h3 style='font-size: 22px; border-bottom: 2px solid currentColor; padding-bottom: 5px; margin-top: 0; color: inherit; opacity: 0.8;'>Instalaci\u00f3n<\/h3>\n<p style='font-size: 15px; color: inherit;'><strong>V\u00eddeo de la instalaci\u00f3n del lazo magn\u00e9tico:<\/strong><\/p>\n<div style='position: relative; padding-bottom: 56.25%; height: 0; overflow: hidden; margin-bottom: 30px;'>   <\/div>\n<\/p><\/div>\n<\/p><\/div>\n<\/p><\/div>\n","protected":false},"excerpt":{"rendered":"<p>Lazo magn\u00e9tico para detecci\u00f3n de veh\u00edculos \/ 2M x 1M \/ Ideal para detecci\u00f3n de veh\u00edculos de tama\u00f1o medio<\/p>\n","protected":false},"featured_media":29518,"comment_status":"open","ping_status":"closed","template":"","meta":[],"product_brand":[],"product_cat":[777],"product_tag":[401,93,234],"class_list":{"0":"post-29519","1":"product","2":"type-product","3":"status-publish","4":"has-post-thumbnail","6":"product_cat-accesorios-acceso-vehicular","7":"product_tag-acceso-vehicular","8":"product_tag-accesorios","9":"product_tag-accesspro","11":"first","12":"instock","13":"sale","14":"shipping-taxable","15":"purchasable","16":"product-type-simple"},"_links":{"self":[{"href":"https:\/\/soydeaqui.ddns.net\/pachuca\/index.php\/wp-json\/wp\/v2\/product\/29519","targetHints":{"allow":["GET"]}}],"collection":[{"href":"https:\/\/soydeaqui.ddns.net\/pachuca\/index.php\/wp-json\/wp\/v2\/product"}],"about":[{"href":"https:\/\/soydeaqui.ddns.net\/pachuca\/index.php\/wp-json\/wp\/v2\/types\/product"}],"replies":[{"embeddable":true,"href":"https:\/\/soydeaqui.ddns.net\/pachuca\/index.php\/wp-json\/wp\/v2\/comments?post=29519"}],"wp:featuredmedia":[{"embeddable":true,"href":"https:\/\/soydeaqui.ddns.net\/pachuca\/index.php\/wp-json\/wp\/v2\/media\/29518"}],"wp:attachment":[{"href":"https:\/\/soydeaqui.ddns.net\/pachuca\/index.php\/wp-json\/wp\/v2\/media?parent=29519"}],"wp:term":[{"taxonomy":"product_brand","embeddable":true,"href":"https:\/\/soydeaqui.ddns.net\/pachuca\/index.php\/wp-json\/wp\/v2\/product_brand?post=29519"},{"taxonomy":"product_cat","embeddable":true,"href":"https:\/\/soydeaqui.ddns.net\/pachuca\/index.php\/wp-json\/wp\/v2\/product_cat?post=29519"},{"taxonomy":"product_tag","embeddable":true,"href":"https:\/\/soydeaqui.ddns.net\/pachuca\/index.php\/wp-json\/wp\/v2\/product_tag?post=29519"}],"curies":[{"name":"wp","href":"https:\/\/api.w.org\/{rel}","templated":true}]}}