{"id":2949,"date":"2026-03-18T06:02:45","date_gmt":"2026-03-18T06:02:45","guid":{"rendered":"https:\/\/soydeaqui.ddns.net\/pachuca\/index.php\/producto\/hikfire-detector-de-humo-optico-hikvision-tecnologia-avanzada-de-deteccion-de-incendios-alarma-temprana-y-fiabilidad-certificada-soporta-salida-de-alarma\/"},"modified":"2026-03-18T06:02:47","modified_gmt":"2026-03-18T06:02:47","slug":"hikfire-detector-de-humo-optico-hikvision-tecnologia-avanzada-de-deteccion-de-incendios-alarma-temprana-y-fiabilidad-certificada-soporta-salida-de-alarma","status":"publish","type":"product","link":"https:\/\/soydeaqui.ddns.net\/pachuca\/index.php\/producto\/hikfire-detector-de-humo-optico-hikvision-tecnologia-avanzada-de-deteccion-de-incendios-alarma-temprana-y-fiabilidad-certificada-soporta-salida-de-alarma\/","title":{"rendered":"(HikFire) Detector de Humo \u00d3ptico Hikvision \/ Tecnolog\u00eda Avanzada de Detecci\u00f3n de Incendios \/ Alarma Temprana y Fiabilidad Certificada \/ Soporta Salida de Alarma"},"content":{"rendered":"<div style='width: 100%; max-width: 1200px; margin: 0 auto; font-family: sans-serif; line-height: 1.6; color: inherit; background-color: transparent;'> <!-- Logo --> <\/p>\n<div style='text-align: center; margin: 20px 0;'> <img style='width: 45%; height: auto; border: 1px solid rgba(150&comma;150&comma;150&comma;0.3); border-radius: 8px;' src='https:\/\/ftp3.syscom.mx\/usuarios\/jsosa\/HIKVISION\/imagenes\/logo\/hikvision%20see%20far.png' alt='Logo Hikvision'> <\/div>\n<p> <!-- Consideraciones --> <\/p>\n<div style='margin-bottom: 30px;'>\n<div style='background: #df001e; border-bottom: 1px solid #a80000; padding: 10px 15px; border-radius: 8px 8px 0 0;'> <span style='color: white; font-weight: bold; font-size: 18px; background: #df001e; opacity: 0.9;'>Consideraciones:<\/span> <\/div>\n<div style='border: 1px solid rgba(150&comma; 150&comma; 150&comma; 0.4); border-top: none; border-radius: 0 0 8px 8px; padding: 15px;'>\n<ul style='padding-left: 20px; font-size: 14px; color: inherit; list-style-type: disc;'>\n<li style='margin-bottom: 8px;'>El detector de humo fotoel\u00e9ctrico HF-S2 es ideal para detectar humo y fuego&comma; y emite se\u00f1ales de alarma sonoras y visuales&comma; siendo ampliamente utilizado en tiendas&comma; residencias&comma; hoteles y otros escenarios independientes.<\/li>\n<li style='margin-bottom: 8px;'>El detector es aut\u00f3nomo&comma; no requiere un panel.<\/li>\n<li style='margin-bottom: 8px;'>Incorpora funciones de autocomprobaci\u00f3n para verificar si el dispositivo funciona correctamente&comma; as\u00ed como funciones de silencio y reinicio local.<\/li>\n<li style='margin-bottom: 8px;'><strong>Certificaci\u00f3n EN14604:2005<\/strong><\/li>\n<\/ul><\/div>\n<\/p><\/div>\n<p> <!-- Separador --> <\/p>\n<hr style='border: 0; border-top: 1px solid rgba(150&comma; 150&comma; 150&comma; 0.3); margin: 30px 0;'> <!-- Especificaciones --> <\/p>\n<div style='text-align: center; margin: 30px 0 20px;'>\n<h1 style='color: #232a6f; font-size: 24px; margin: 0; font-family: sans-serif; opacity: 0.9;'>Especificaciones<\/h1>\n<\/p><\/div>\n<p> <!-- Cards de especificaciones --> <\/p>\n<div style='display: flex; flex-wrap: wrap; gap: 20px; margin-bottom: 30px;'>\n<div style='flex: 1 1 300px; min-width: 280px; border: 1px solid rgba(150&comma; 150&comma; 150&comma; 0.4); border-radius: 8px; overflow: hidden; display: flex; flex-direction: column;'>\n<div style='padding: 15px; background: #df001e; border-bottom: 1px solid #a80000; font-weight: bold; font-size: 18px; color: white; opacity: 0.9;'>Caracter\u00edsticas Principales:<\/div>\n<div style='padding: 15px; color: inherit;'>\n<ul style='padding-left: 20px; margin: 0; font-size: 14px; list-style-type: disc;'>\n<li style='margin-bottom: 5px;'>Alarma sonora \u2265 85dB a 3 metros.<\/li>\n<li style='margin-bottom: 5px;'>Soporta salida de alarma.<\/li>\n<li style='margin-bottom: 5px;'>Corriente de alarma 11.5 mA.<\/li>\n<li style='margin-bottom: 5px;'>Humedad de operaci\u00f3n: \u2264 95% sin condensaci\u00f3n.<\/li>\n<\/ul><\/div>\n<\/p><\/div>\n<div style='flex: 1 1 300px; min-width: 280px; border: 1px solid rgba(150&comma; 150&comma; 150&comma; 0.4); border-radius: 8px; overflow: hidden; display: flex; flex-direction: column;'>\n<div style='padding: 15px; background: #df001e; border-bottom: 1px solid #a80000; font-weight: bold; font-size: 18px; color: white; opacity: 0.9;'>Caracter\u00edsticas F\u00edsicas y El\u00e9ctricas:<\/div>\n<div style='padding: 15px; color: inherit;'>\n<ul style='padding-left: 20px; margin: 0; font-size: 14px; list-style-type: disc;'>\n<li style='margin-bottom: 5px;'>Dimensiones del producto: 100 mm x 70 mm.<\/li>\n<li style='margin-bottom: 5px;'>Vida \u00fatil de la bater\u00eda: 3 a\u00f1os (2 bater\u00edas AA incluidas&comma; f\u00e1ciles de reemplazar).<\/li>\n<li style='margin-bottom: 5px;'>Temperatura de operaci\u00f3n: -10\u00b0C a 55\u00b0C (14 \u00b0F a 131 \u00b0F).<\/li>\n<li style='margin-bottom: 5px;'>Peso del producto: 161.4 gramos.<\/li>\n<li style='margin-bottom: 5px;'>Capacidad de la bater\u00eda: 2900 mAh.<\/li>\n<\/ul><\/div>\n<\/p><\/div>\n<\/p><\/div>\n<p> <!-- Separador --> <\/p>\n<hr style='border: 0; border-top: 1px solid rgba(150&comma; 150&comma; 150&comma; 0.3); margin: 30px 0;'> <!-- Videos --> <\/p>\n<div style='display: flex; flex-wrap: wrap; gap: 20px; justify-content: center; margin-bottom: 30px;'>\n<div style='flex: 1 1 300px; min-width: 280px; max-width: 370px;'>\n<h4 style='text-align: center; margin-top: 0; font-size: 16px; color: inherit;'><strong>Sensores de Humo HikFire<\/strong><\/h4>\n<div style='position: relative; padding-bottom: 56.25%; height: 0; overflow: hidden; margin-bottom: 15px;'>   <\/div>\n<\/p><\/div>\n<div style='flex: 1 1 300px; min-width: 280px; max-width: 370px;'>\n<h4 style='text-align: center; margin-top: 0; font-size: 16px; color: inherit;'><strong>Unboxing HF-S2<\/strong><\/h4>\n<div style='position: relative; padding-bottom: 56.25%; height: 0; overflow: hidden; margin-bottom: 15px;'>   <\/div>\n<\/p><\/div>\n<div style='flex: 1 1 300px; min-width: 280px; max-width: 370px;'>\n<h4 style='text-align: center; margin-top: 0; font-size: 16px; color: inherit;'><strong>Soluci\u00f3n Aut\u00f3noma<\/strong><\/h4>\n<div style='position: relative; padding-bottom: 56.25%; height: 0; overflow: hidden; margin-bottom: 15px;'>   <\/div>\n<\/p><\/div>\n<\/p><\/div>\n<p> <!-- Separador --> <\/p>\n<hr style='border: 0; border-top: 1px solid rgba(150&comma; 150&comma; 150&comma; 0.3); margin: 30px 0;'> <!-- Banner --> <\/p>\n<div style='margin: 20px 0;'> <a title='HikFire' href='https:\/\/www.syscom.mx\/principal\/listado_producto\/incendio-hikfire-by-hikvision-dispositivos-standalone-66706.html?ordenar=Precio_de_Menor_a_Mayor&#038;pag=1' target='_blank' rel='noopener'> <img style='width: 100%; height: auto; border: 1px solid rgba(150&comma;150&comma;150&comma;0.3); border-radius: 8px;' src='https:\/\/ftp3.syscom.mx\/usuarios\/jsosa\/HIKVISION\/HikFire\/banners\/LINKEDIN%201200%20x%20627%20-%20Solucion%20Hikfire%20s.png' alt='Banner HikFire'> <\/a> <\/div>\n<\/p><\/div>\n","protected":false},"excerpt":{"rendered":"<p>(HikFire) Detector de Humo \u00d3ptico Hikvision \/ Tecnolog\u00eda Avanzada de Detecci\u00f3n de Incendios \/ Alarma Temprana y Fiabilidad Certificada \/ Soporta Salida de Alarma<\/p>\n","protected":false},"featured_media":2948,"comment_status":"open","ping_status":"closed","template":"","meta":[],"product_brand":[],"product_cat":[382],"product_tag":[19,54,383],"class_list":{"0":"post-2949","1":"product","2":"type-product","3":"status-publish","4":"has-post-thumbnail","6":"product_cat-humo","7":"product_tag-detectores-sensores","8":"product_tag-hikvision","9":"product_tag-humo","11":"first","12":"instock","13":"sale","14":"shipping-taxable","15":"purchasable","16":"product-type-simple"},"_links":{"self":[{"href":"https:\/\/soydeaqui.ddns.net\/pachuca\/index.php\/wp-json\/wp\/v2\/product\/2949","targetHints":{"allow":["GET"]}}],"collection":[{"href":"https:\/\/soydeaqui.ddns.net\/pachuca\/index.php\/wp-json\/wp\/v2\/product"}],"about":[{"href":"https:\/\/soydeaqui.ddns.net\/pachuca\/index.php\/wp-json\/wp\/v2\/types\/product"}],"replies":[{"embeddable":true,"href":"https:\/\/soydeaqui.ddns.net\/pachuca\/index.php\/wp-json\/wp\/v2\/comments?post=2949"}],"wp:featuredmedia":[{"embeddable":true,"href":"https:\/\/soydeaqui.ddns.net\/pachuca\/index.php\/wp-json\/wp\/v2\/media\/2948"}],"wp:attachment":[{"href":"https:\/\/soydeaqui.ddns.net\/pachuca\/index.php\/wp-json\/wp\/v2\/media?parent=2949"}],"wp:term":[{"taxonomy":"product_brand","embeddable":true,"href":"https:\/\/soydeaqui.ddns.net\/pachuca\/index.php\/wp-json\/wp\/v2\/product_brand?post=2949"},{"taxonomy":"product_cat","embeddable":true,"href":"https:\/\/soydeaqui.ddns.net\/pachuca\/index.php\/wp-json\/wp\/v2\/product_cat?post=2949"},{"taxonomy":"product_tag","embeddable":true,"href":"https:\/\/soydeaqui.ddns.net\/pachuca\/index.php\/wp-json\/wp\/v2\/product_tag?post=2949"}],"curies":[{"name":"wp","href":"https:\/\/api.w.org\/{rel}","templated":true}]}}